{"id":4868,"date":"2025-03-09T13:34:33","date_gmt":"2025-03-09T13:34:33","guid":{"rendered":"https:\/\/artstella-elixirs-floraux.com\/product\/alpine-arnica-alas-f-sup\/"},"modified":"2025-04-09T14:35:47","modified_gmt":"2025-04-09T14:35:47","slug":"alpine-arnica-alas-f-sup","status":"publish","type":"product","link":"https:\/\/artstella-elixirs-floraux.com\/fr_fr\/produit\/alpine-arnica-alas-f-sup\/","title":{"rendered":"ALPINE ARNICA ALAS F SUP"},"content":{"rendered":"<p>Des qualit\u00e9s qui gu\u00e9rissent : \u00e9claire la relation entre vieux d\u00e9s\u00e9quilibres \u00e9motionnels et mentaux et la douleur que nous ressentons dans notre corps ; nous aide \u00e0 l\u00e2cher prise de notre accumulation derni\u00e8res blessant sans passer par chaque d\u00e9tail de ce qui s&rsquo;est pass\u00e9 et pourquoi ; favorise la facilit\u00e9, profond\u00e9ment calme et \u00e9quilibre.<\/p>\n","protected":false},"excerpt":{"rendered":"<h1 class=\"title\"><span style=\"font-size: 12pt;\">Alpine Arnica<\/span><\/h1>\n<div><\/div>\n<div>Indications : au cours de l&rsquo;identification avec les traumatismes \u00e9motionnels et les blessures du pass\u00e9 ; douleur sans comprendre.<\/div>\n","protected":false},"featured_media":4869,"template":"","meta":[],"product_brand":[],"product_cat":[115],"product_tag":[],"class_list":{"0":"post-4868","1":"product","2":"type-product","3":"status-publish","4":"has-post-thumbnail","6":"product_cat-les-elixirs-de-fleurs-supplementaires","8":"first","9":"instock","10":"taxable","11":"shipping-taxable","12":"purchasable","13":"product-type-variable"},"etheme_brands":{"errors":{"invalid_taxonomy":["Taxonomie non valide."]},"error_data":[]},"jetpack_sharing_enabled":true,"jetpack-related-posts":[{"id":5548,"url":"https:\/\/artstella-elixirs-floraux.com\/fr_fr\/produit\/cornouillier-dog-wood-sylfos-15-ml\/","url_meta":{"origin":4868,"position":0},"title":"CORNOUILLIER DOG WOOD SYLFOS 15 ML","author":"eveapprill","date":"9 mars 2025","format":false,"excerpt":"Cornouiller du Pacifique Cornus nuttallii\u00a0\u00a0\u00a0 Pacific Dogwood Lib\u00e9ration des douleurs \u00e9motionnelles\u00a0 Trop de peines. Abus. Traumatismes du pass\u00e9.\u00a0","rel":"","context":"Article similaire","block_context":{"text":"Article similaire","link":""},"img":{"alt_text":"","src":"","width":0,"height":0},"classes":[]},{"id":3191,"url":"https:\/\/artstella-elixirs-floraux.com\/fr_fr\/produit\/arnica-15-ml-phi\/","url_meta":{"origin":4868,"position":1},"title":"ARNICA 15 ML PHI","author":"eveapprill","date":"9 mars 2025","format":false,"excerpt":"Arnica (Arnica montana) (Arnika) L'\u00e9lixir est un rem\u00e8de de base dans tous les cas de \u00ab\u00a0blessures\u00a0\u00bb ou de chocs. Il ouvre le chemin pour nous ressentir \u00e0 nouveau entier.","rel":"","context":"Article similaire","block_context":{"text":"Article similaire","link":""},"img":{"alt_text":"","src":"https:\/\/i0.wp.com\/artstella-elixirs-floraux.com\/wp-content\/uploads\/2025\/03\/wp-image379.png?resize=350%2C200&ssl=1","width":350,"height":200},"classes":[]},{"id":5627,"url":"https:\/\/artstella-elixirs-floraux.com\/fr_fr\/produit\/arnica-15-ml\/","url_meta":{"origin":4868,"position":2},"title":"Arnica 15 ml","author":"eveapprill","date":"9 mars 2025","format":false,"excerpt":"Arnica R\u00e9g\u00e9n\u00e9ration, r\u00e9confort. Supprime les blocages \u00e9nerg\u00e9tiques. Maintient ou r\u00e9tablit la connexion avec le \u00abMoi sup\u00e9rieur\u201d.","rel":"","context":"Article similaire","block_context":{"text":"Article similaire","link":""},"img":{"alt_text":"","src":"https:\/\/i0.wp.com\/artstella-elixirs-floraux.com\/wp-content\/uploads\/2025\/03\/wp-image1816.png?resize=350%2C200&ssl=1","width":350,"height":200},"classes":[]},{"id":4519,"url":"https:\/\/artstella-elixirs-floraux.com\/fr_fr\/produit\/arnica\/","url_meta":{"origin":4868,"position":3},"title":"Arnica","author":"eveapprill","date":"9 mars 2025","format":false,"excerpt":"Arnica (arnica montana) Egalement dans la gamme des fleurs sauvages, nous relie \u00e0 notre \u00ab\u00a0moi sup\u00e9rieur\u00a0\u00bb. Une longue prise de drogues, un accident ou une narcose peuvent ab\u00eemer ce lien et nous perdons alors le sens de notre vie,","rel":"","context":"Article similaire","block_context":{"text":"Article similaire","link":""},"img":{"alt_text":"","src":"","width":0,"height":0},"classes":[]},{"id":2617,"url":"https:\/\/artstella-elixirs-floraux.com\/fr_fr\/produit\/alpine-mint-bush-15ml\/","url_meta":{"origin":4868,"position":4},"title":"ALPINE MINT BUSH 15ml","author":"eveapprill","date":"9 mars 2025","format":false,"excerpt":"Alpine Mint Bush Epuisement mental et \u00e9motionnel, manque de joie de vivre, poids des responsabilit\u00e9s. Vitalit\u00e9, joie, reprise des forces.","rel":"","context":"Article similaire","block_context":{"text":"Article similaire","link":""},"img":{"alt_text":"","src":"https:\/\/i0.wp.com\/artstella-elixirs-floraux.com\/wp-content\/uploads\/2025\/03\/wp-image239.png?resize=350%2C200&ssl=1","width":350,"height":200},"classes":[]},{"id":5032,"url":"https:\/\/artstella-elixirs-floraux.com\/fr_fr\/produit\/amazonite-7-5-ml-alas-gem-sup\/","url_meta":{"origin":4868,"position":5},"title":"AMAZONITE 7.5 ML ALAS GEM SUP","author":"eveapprill","date":"9 mars 2025","format":false,"excerpt":"Amazonite \u00a0 Indications : congestion \u00e9motionnelle ; traitement des difficult\u00e9s et en lib\u00e9rant les \u00e9motions d'un pass\u00e9 lointain ; attitude d\u00e9faitiste ; sentiment accabl\u00e9 par la vie.","rel":"","context":"Article similaire","block_context":{"text":"Article similaire","link":""},"img":{"alt_text":"","src":"https:\/\/i0.wp.com\/artstella-elixirs-floraux.com\/wp-content\/uploads\/2025\/03\/wp-image1370.png?resize=350%2C200&ssl=1","width":350,"height":200},"classes":[]}],"_links":{"self":[{"href":"https:\/\/artstella-elixirs-floraux.com\/fr_fr\/wp-json\/wp\/v2\/product\/4868","targetHints":{"allow":["GET"]}}],"collection":[{"href":"https:\/\/artstella-elixirs-floraux.com\/fr_fr\/wp-json\/wp\/v2\/product"}],"about":[{"href":"https:\/\/artstella-elixirs-floraux.com\/fr_fr\/wp-json\/wp\/v2\/types\/product"}],"version-history":[{"count":0,"href":"https:\/\/artstella-elixirs-floraux.com\/fr_fr\/wp-json\/wp\/v2\/product\/4868\/revisions"}],"wp:featuredmedia":[{"embeddable":true,"href":"https:\/\/artstella-elixirs-floraux.com\/fr_fr\/wp-json\/wp\/v2\/media\/4869"}],"wp:attachment":[{"href":"https:\/\/artstella-elixirs-floraux.com\/fr_fr\/wp-json\/wp\/v2\/media?parent=4868"}],"wp:term":[{"taxonomy":"product_brand","embeddable":true,"href":"https:\/\/artstella-elixirs-floraux.com\/fr_fr\/wp-json\/wp\/v2\/product_brand?post=4868"},{"taxonomy":"product_cat","embeddable":true,"href":"https:\/\/artstella-elixirs-floraux.com\/fr_fr\/wp-json\/wp\/v2\/product_cat?post=4868"},{"taxonomy":"product_tag","embeddable":true,"href":"https:\/\/artstella-elixirs-floraux.com\/fr_fr\/wp-json\/wp\/v2\/product_tag?post=4868"}],"curies":[{"name":"wp","href":"https:\/\/api.w.org\/{rel}","templated":true}]}}