{"id":4872,"date":"2025-03-09T13:34:37","date_gmt":"2025-03-09T13:34:37","guid":{"rendered":"https:\/\/artstella-elixirs-floraux.com\/product\/angelica-alas-f-sup\/"},"modified":"2025-04-09T14:34:19","modified_gmt":"2025-04-09T14:34:19","slug":"angelica-alas-f-sup","status":"publish","type":"product","link":"https:\/\/artstella-elixirs-floraux.com\/fr_fr\/produit\/angelica-alas-f-sup\/","title":{"rendered":"ANGELICA ALAS F SUP"},"content":{"rendered":"<p>Des qualit\u00e9s qui gu\u00e9rissent : nous relie aux \u00e9nergies protecteurs du Royaume Ang\u00e9lique ; favorise l&rsquo;acceptation du soutien spirituel dans toutes les situations ; nous aide \u00e0 vivre la protection comme provenant d&rsquo;une certitude de notre nature Divine.<\/p>\n","protected":false},"excerpt":{"rendered":"<div><strong><span style=\"font-size: 14pt;\">Angelica<\/span><\/strong><\/div>\n<p>Indications : se sentir perdus ou abandonn\u00e9s et sans protection spirituelle ; isol\u00e9 dans son anxi\u00e9t\u00e9 ; d\u00e9bord\u00e9s par la vie.<\/p>\n","protected":false},"featured_media":4873,"template":"","meta":[],"product_brand":[],"product_cat":[115],"product_tag":[],"class_list":{"0":"post-4872","1":"product","2":"type-product","3":"status-publish","4":"has-post-thumbnail","6":"product_cat-les-elixirs-de-fleurs-supplementaires","8":"first","9":"instock","10":"taxable","11":"shipping-taxable","12":"purchasable","13":"product-type-variable"},"etheme_brands":{"errors":{"invalid_taxonomy":["Taxonomie non valide."]},"error_data":[]},"jetpack_sharing_enabled":true,"jetpack-related-posts":[{"id":5420,"url":"https:\/\/artstella-elixirs-floraux.com\/fr_fr\/produit\/angelique-engelwortel-10ml\/","url_meta":{"origin":4872,"position":0},"title":"Ang\u00e9lique ENGELWORTEL 10ML","author":"eveapprill","date":"9 mars 2025","format":false,"excerpt":"Angelica archangelica(Ang\u00e9lique)\u00a0Engelwortel Apporte la protection des royaumes spirituels et l\u2019aide des forces b\u00e9n\u00e9fiques d\u2019en haut, la protection des \u201canges\u201d, et notamment dans des situations o\u00f9 l\u2019on traverse la s\u00e9paration avec \u00ab\u00a0l\u2019autre c\u00f4t\u00e9\u00a0\u00bb","rel":"","context":"Article similaire","block_context":{"text":"Article similaire","link":""},"img":{"alt_text":"","src":"","width":0,"height":0},"classes":[]},{"id":3699,"url":"https:\/\/artstella-elixirs-floraux.com\/fr_fr\/produit\/angelic-canopy-blue-spray\/","url_meta":{"origin":4872,"position":1},"title":"ANGELIC CANOPY BLUE SPRAY","author":"eveapprill","date":"5 septembre 2025","format":false,"excerpt":"Angelic canopy (La canop\u00e9e des Anges) Un spray tr\u00e8s puissant pour nettoyer l\u2019aura, mais aussi les espaces de vie et de travail. Profond\u00e9ment rassurant, il agit comme un baume pour l\u2019\u00e2me troubl\u00e9e. Nourrit ceux qui sont en grande peine, ont perdu l\u2019espoir. Peut \u00eatre donn\u00e9 aux animaux. Permet de mieux\u2026","rel":"","context":"Article similaire","block_context":{"text":"Article similaire","link":""},"img":{"alt_text":"","src":"https:\/\/i0.wp.com\/artstella-elixirs-floraux.com\/wp-content\/uploads\/2025\/03\/Angelic-Canopy-Blue-500.jpg?resize=350%2C200&ssl=1","width":350,"height":200},"classes":[]},{"id":2763,"url":"https:\/\/artstella-elixirs-floraux.com\/fr_fr\/produit\/angelic-angelique-bush-white-light\/","url_meta":{"origin":4872,"position":2},"title":"ANGELIC (Ang\u00e9lique) BUSH WHITE LIGHT","author":"eveapprill","date":"9 mars 2025","format":false,"excerpt":"L'\u00c9LIXIR ANG\u00c9LIQUE (ANGELIC ESSENCE) a \u00e9t\u00e9 cr\u00e9\u00e9 au P\u00e9rou, au sommet de la montagne sacr\u00e9e Putucusi, directement en face du Machu Picchu. Il aide \u00e0 s'ouvrir pour recevoir d'en haut les vibrations ang\u00e9liques d'inspiration, d\u2019amour, d'\u00e9veil, de communication, de guidanc...","rel":"","context":"Article similaire","block_context":{"text":"Article similaire","link":""},"img":{"alt_text":"","src":"https:\/\/i0.wp.com\/artstella-elixirs-floraux.com\/wp-content\/uploads\/2025\/03\/1cc5f192-dd2a-4e65-b324-54165c532471.jpg?resize=350%2C200&ssl=1","width":350,"height":200,"srcset":"https:\/\/i0.wp.com\/artstella-elixirs-floraux.com\/wp-content\/uploads\/2025\/03\/1cc5f192-dd2a-4e65-b324-54165c532471.jpg?resize=350%2C200&ssl=1 1x, https:\/\/i0.wp.com\/artstella-elixirs-floraux.com\/wp-content\/uploads\/2025\/03\/1cc5f192-dd2a-4e65-b324-54165c532471.jpg?resize=525%2C300&ssl=1 1.5x, https:\/\/i0.wp.com\/artstella-elixirs-floraux.com\/wp-content\/uploads\/2025\/03\/1cc5f192-dd2a-4e65-b324-54165c532471.jpg?resize=700%2C400&ssl=1 2x"},"classes":[]},{"id":2684,"url":"https:\/\/artstella-elixirs-floraux.com\/fr_fr\/produit\/calling-all-angels\/","url_meta":{"origin":4872,"position":3},"title":"CALLING ALL ANGELS","author":"eveapprill","date":"9 mars 2025","format":false,"excerpt":"Calling all angels (Appeler tous les anges) existe en gouttes et en\u00a0 spray.\u00a0 Contient: Angelica . Chalice Well Chiming Bells\u00a0 Permet d\u2019entrer en contact avec l\u2019amour, la guidance et la protection du royaume ang\u00e9lique. Elle apporte une \u00e9nergie tr\u00e8s douce, d\u2019amour et de s\u00e9r\u00e9nit\u00e9 dans le c\u0153ur, mais aussi au\u2026","rel":"","context":"Article similaire","block_context":{"text":"Article similaire","link":""},"img":{"alt_text":"","src":"https:\/\/i0.wp.com\/artstella-elixirs-floraux.com\/wp-content\/uploads\/2025\/03\/7e939754-d789-483b-a32f-953a566601f4.jpg?resize=350%2C200&ssl=1","width":350,"height":200,"srcset":"https:\/\/i0.wp.com\/artstella-elixirs-floraux.com\/wp-content\/uploads\/2025\/03\/7e939754-d789-483b-a32f-953a566601f4.jpg?resize=350%2C200&ssl=1 1x, https:\/\/i0.wp.com\/artstella-elixirs-floraux.com\/wp-content\/uploads\/2025\/03\/7e939754-d789-483b-a32f-953a566601f4.jpg?resize=525%2C300&ssl=1 1.5x, https:\/\/i0.wp.com\/artstella-elixirs-floraux.com\/wp-content\/uploads\/2025\/03\/7e939754-d789-483b-a32f-953a566601f4.jpg?resize=700%2C400&ssl=1 2x"},"classes":[]},{"id":3536,"url":"https:\/\/artstella-elixirs-floraux.com\/fr_fr\/produit\/2-angelic-canopy-ltoe-15-ml\/","url_meta":{"origin":4872,"position":4},"title":"Canop\u00e9e des Anges 15 ml LTOE","author":"eveapprill","date":"9 mars 2025","format":false,"excerpt":"Canop\u00e9e des Anges - Vo\u00fbte c\u00e9leste\/Angelic Canopy (Laeliocattleya Angel Love) Si vous ne devez choisir qu\u2019un seul \u00e9lixir d\u2019orchid\u00e9e LT, optez pour celui-ci. D\u2019une grande utilit\u00e9 de nos jours, il apaise l\u2019\u00e2me troubl\u00e9e et r\u00e9conforte ceux qui vivent le deuil ou le d\u00e9sespoir.","rel":"","context":"Article similaire","block_context":{"text":"Article similaire","link":""},"img":{"alt_text":"","src":"https:\/\/i0.wp.com\/artstella-elixirs-floraux.com\/wp-content\/uploads\/2025\/03\/e6b1cb9c-1802-4ed0-a9ee-518561491ee4.jpg?resize=350%2C200&ssl=1","width":350,"height":200,"srcset":"https:\/\/i0.wp.com\/artstella-elixirs-floraux.com\/wp-content\/uploads\/2025\/03\/e6b1cb9c-1802-4ed0-a9ee-518561491ee4.jpg?resize=350%2C200&ssl=1 1x, https:\/\/i0.wp.com\/artstella-elixirs-floraux.com\/wp-content\/uploads\/2025\/03\/e6b1cb9c-1802-4ed0-a9ee-518561491ee4.jpg?resize=525%2C300&ssl=1 1.5x, https:\/\/i0.wp.com\/artstella-elixirs-floraux.com\/wp-content\/uploads\/2025\/03\/e6b1cb9c-1802-4ed0-a9ee-518561491ee4.jpg?resize=700%2C400&ssl=1 2x"},"classes":[]},{"id":5482,"url":"https:\/\/artstella-elixirs-floraux.com\/fr_fr\/produit\/protection-bescherming-30ml-bloesem-remedies\/","url_meta":{"origin":4872,"position":5},"title":"PROTECTION (Bescherming)Bloesem Remedies","author":"eveapprill","date":"9 mars 2025","format":false,"excerpt":"Protection\u00a0 Bloesem Remedies 30ml (Bescherming) (Achill\u00e9e, Ch\u00e9lidoine, Rue, Sensitive) am\u00e9liore la protection \u00e9motionnelle et spirituelle. Permet de rester centr\u00e9 dans la tension","rel":"","context":"Article similaire","block_context":{"text":"Article similaire","link":""},"img":{"alt_text":"","src":"","width":0,"height":0},"classes":[]}],"_links":{"self":[{"href":"https:\/\/artstella-elixirs-floraux.com\/fr_fr\/wp-json\/wp\/v2\/product\/4872","targetHints":{"allow":["GET"]}}],"collection":[{"href":"https:\/\/artstella-elixirs-floraux.com\/fr_fr\/wp-json\/wp\/v2\/product"}],"about":[{"href":"https:\/\/artstella-elixirs-floraux.com\/fr_fr\/wp-json\/wp\/v2\/types\/product"}],"version-history":[{"count":0,"href":"https:\/\/artstella-elixirs-floraux.com\/fr_fr\/wp-json\/wp\/v2\/product\/4872\/revisions"}],"wp:featuredmedia":[{"embeddable":true,"href":"https:\/\/artstella-elixirs-floraux.com\/fr_fr\/wp-json\/wp\/v2\/media\/4873"}],"wp:attachment":[{"href":"https:\/\/artstella-elixirs-floraux.com\/fr_fr\/wp-json\/wp\/v2\/media?parent=4872"}],"wp:term":[{"taxonomy":"product_brand","embeddable":true,"href":"https:\/\/artstella-elixirs-floraux.com\/fr_fr\/wp-json\/wp\/v2\/product_brand?post=4872"},{"taxonomy":"product_cat","embeddable":true,"href":"https:\/\/artstella-elixirs-floraux.com\/fr_fr\/wp-json\/wp\/v2\/product_cat?post=4872"},{"taxonomy":"product_tag","embeddable":true,"href":"https:\/\/artstella-elixirs-floraux.com\/fr_fr\/wp-json\/wp\/v2\/product_tag?post=4872"}],"curies":[{"name":"wp","href":"https:\/\/api.w.org\/{rel}","templated":true}]}}