{"id":4884,"date":"2025-03-09T13:34:49","date_gmt":"2025-03-09T13:34:49","guid":{"rendered":"https:\/\/artstella-elixirs-floraux.com\/product\/bog-candle-alaskan-sup\/"},"modified":"2025-04-09T14:29:41","modified_gmt":"2025-04-09T14:29:41","slug":"bog-candle-alaskan-sup","status":"publish","type":"product","link":"https:\/\/artstella-elixirs-floraux.com\/fr_fr\/produit\/bog-candle-alaskan-sup\/","title":{"rendered":"BOG CANDLE ALASKAN SUP"},"content":{"rendered":"<p>Healing Qualities: support for cycles of initiation, death and rebirth; enables us to emerge from a deep experience of transformation with a new sense of wisdom; helps us bring discarded aspects of ourselves back to the embrace of Divine love.<\/p>\n","protected":false},"excerpt":{"rendered":"<p><strong><span style=\"font-size: 12pt;\">BOG CANDLE<\/span><\/strong><\/p>\n<p>Indications : pris dans la confusion, honte, la peur et la culpabilit\u00e9 ; tendances sujettes aux destructeurs ou d\u00e9gradant ; extr\u00eamement faible estime de soi.<\/p>\n","protected":false},"featured_media":4885,"template":"","meta":[],"product_brand":[],"product_cat":[115],"product_tag":[],"class_list":{"0":"post-4884","1":"product","2":"type-product","3":"status-publish","4":"has-post-thumbnail","6":"product_cat-les-elixirs-de-fleurs-supplementaires","8":"first","9":"instock","10":"taxable","11":"shipping-taxable","12":"purchasable","13":"product-type-variable"},"etheme_brands":{"errors":{"invalid_taxonomy":["Taxonomie non valide."]},"error_data":[]},"jetpack_sharing_enabled":true,"jetpack-related-posts":[{"id":2102,"url":"https:\/\/artstella-elixirs-floraux.com\/fr_fr\/produit\/bog-rosemary-alaska\/","url_meta":{"origin":4884,"position":0},"title":"BOG ROSEMARY ALASKA","author":"eveapprill","date":"9 mars 2025","format":false,"excerpt":"BOG ROSEMARY ALASKA Pour le manque de confiance, la peur paralysante de l'inconnu, l'incapacit\u00e9 de prendre des risques. lib\u00e8re de la peur et de la r\u00e9sistance \u00e0 avancer. Renforce la foi.","rel":"","context":"Article similaire","block_context":{"text":"Article similaire","link":""},"img":{"alt_text":"","src":"https:\/\/i0.wp.com\/artstella-elixirs-floraux.com\/wp-content\/uploads\/2025\/03\/wp-image45.png?resize=350%2C200&ssl=1","width":350,"height":200},"classes":[]},{"id":2422,"url":"https:\/\/artstella-elixirs-floraux.com\/fr_fr\/produit\/bog-marecage\/","url_meta":{"origin":4884,"position":1},"title":"BOG &#8211; MARECAGE","author":"eveapprill","date":"9 mars 2025","format":false,"excerpt":"BOG, Mar\u00e9cage soutient la r\u00e9alisation du potentiel ainsi que la capacit\u00e9 \u00e0 conserver du potentiel pour une cr\u00e9ation nouvelle. Il est particuli\u00e8rement recommand\u00e9 aux femmes, pour les aider \u00e0 conserver leur part f\u00e9minine tel un calice matrice de vie nouvelle.","rel":"","context":"Article similaire","block_context":{"text":"Article similaire","link":""},"img":{"alt_text":"","src":"https:\/\/i0.wp.com\/artstella-elixirs-floraux.com\/wp-content\/uploads\/2025\/03\/Bog_1024x1024.jpg?resize=350%2C200&ssl=1","width":350,"height":200},"classes":[]},{"id":2098,"url":"https:\/\/artstella-elixirs-floraux.com\/fr_fr\/produit\/bog-blueberry-alaskan\/","url_meta":{"origin":4884,"position":2},"title":"Bog Blueberry Alaskan","author":"eveapprill","date":"9 mars 2025","format":false,"excerpt":"Bog Blueberry Conception \u00ab donnant-donnant \u00bb de l'abondance, trop attach\u00e9 \u00e0 la forme mat\u00e9rielle de la manifestation de la vie.Permet de neutraliser les croyances limitant l'abondance sur tous les niveaux, encourage \u00e0 s'ouvrir \u00e0 l'abondance qui s'offre avec acceptation et gratitude.","rel":"","context":"Article similaire","block_context":{"text":"Article similaire","link":""},"img":{"alt_text":"","src":"https:\/\/i0.wp.com\/artstella-elixirs-floraux.com\/wp-content\/uploads\/2025\/03\/wp-image44.png?resize=350%2C200&ssl=1","width":350,"height":200},"classes":[]},{"id":2170,"url":"https:\/\/artstella-elixirs-floraux.com\/fr_fr\/produit\/green-bog-orchid-alaskan\/","url_meta":{"origin":4884,"position":3},"title":"Green bog orchid Alaskan","author":"eveapprill","date":"9 mars 2025","format":false,"excerpt":"Green bog orchid. Platanthera obtusata Sensibilit\u00e9 bloqu\u00e9e par des exp\u00e9riences douloureuses ou effrayantes contenues au niveau du c\u0153ur. GREEN BOG ORCHID ALASKA 7.5 ML","rel":"","context":"Article similaire","block_context":{"text":"Article similaire","link":""},"img":{"alt_text":"","src":"https:\/\/i0.wp.com\/artstella-elixirs-floraux.com\/wp-content\/uploads\/2025\/03\/wp-image538.png?resize=350%2C200&ssl=1","width":350,"height":200},"classes":[]},{"id":4880,"url":"https:\/\/artstella-elixirs-floraux.com\/fr_fr\/produit\/blue-poppy-alaskan-sup\/","url_meta":{"origin":4884,"position":4},"title":"BLUE POPPY ALASKAN SUP","author":"eveapprill","date":"9 mars 2025","format":false,"excerpt":"BLUE POPPY Indications: weak or dysfunctional connection between the spiritual and sexual aspects of self; lack of balance between the inner male and female.","rel":"","context":"Article similaire","block_context":{"text":"Article similaire","link":""},"img":{"alt_text":"","src":"https:\/\/i0.wp.com\/artstella-elixirs-floraux.com\/wp-content\/uploads\/2025\/03\/wp-image1375.png?resize=350%2C200&ssl=1","width":350,"height":200},"classes":[]},{"id":3655,"url":"https:\/\/artstella-elixirs-floraux.com\/fr_fr\/produit\/52-rising-the-call-of-beauty-ltoe-15-m\/","url_meta":{"origin":4884,"position":5},"title":"52. RISING THE CALL OF BEAUTY LTOE 15 M","author":"eveapprill","date":"9 mars 2025","format":false,"excerpt":"Rising to the Call of Beauty \/Appel \u00e0 la beaut\u00e9l : pour s\u2019ouvrir \u00e0 l\u2019appel de la beaut\u00e9 et s\u2019aligner avec elle. La soci\u00e9t\u00e9 moderne s\u2019en est souvent \u00e9loign\u00e9e, cr\u00e9ant ainsi un s\u00e9rieux malaise.","rel":"","context":"Article similaire","block_context":{"text":"Article similaire","link":""},"img":{"alt_text":"","src":"https:\/\/i0.wp.com\/artstella-elixirs-floraux.com\/wp-content\/uploads\/2025\/03\/6670b669-0382-4ee3-bdf0-252796f5919c.jpg?resize=350%2C200&ssl=1","width":350,"height":200,"srcset":"https:\/\/i0.wp.com\/artstella-elixirs-floraux.com\/wp-content\/uploads\/2025\/03\/6670b669-0382-4ee3-bdf0-252796f5919c.jpg?resize=350%2C200&ssl=1 1x, https:\/\/i0.wp.com\/artstella-elixirs-floraux.com\/wp-content\/uploads\/2025\/03\/6670b669-0382-4ee3-bdf0-252796f5919c.jpg?resize=525%2C300&ssl=1 1.5x, https:\/\/i0.wp.com\/artstella-elixirs-floraux.com\/wp-content\/uploads\/2025\/03\/6670b669-0382-4ee3-bdf0-252796f5919c.jpg?resize=700%2C400&ssl=1 2x"},"classes":[]}],"_links":{"self":[{"href":"https:\/\/artstella-elixirs-floraux.com\/fr_fr\/wp-json\/wp\/v2\/product\/4884","targetHints":{"allow":["GET"]}}],"collection":[{"href":"https:\/\/artstella-elixirs-floraux.com\/fr_fr\/wp-json\/wp\/v2\/product"}],"about":[{"href":"https:\/\/artstella-elixirs-floraux.com\/fr_fr\/wp-json\/wp\/v2\/types\/product"}],"version-history":[{"count":0,"href":"https:\/\/artstella-elixirs-floraux.com\/fr_fr\/wp-json\/wp\/v2\/product\/4884\/revisions"}],"wp:featuredmedia":[{"embeddable":true,"href":"https:\/\/artstella-elixirs-floraux.com\/fr_fr\/wp-json\/wp\/v2\/media\/4885"}],"wp:attachment":[{"href":"https:\/\/artstella-elixirs-floraux.com\/fr_fr\/wp-json\/wp\/v2\/media?parent=4884"}],"wp:term":[{"taxonomy":"product_brand","embeddable":true,"href":"https:\/\/artstella-elixirs-floraux.com\/fr_fr\/wp-json\/wp\/v2\/product_brand?post=4884"},{"taxonomy":"product_cat","embeddable":true,"href":"https:\/\/artstella-elixirs-floraux.com\/fr_fr\/wp-json\/wp\/v2\/product_cat?post=4884"},{"taxonomy":"product_tag","embeddable":true,"href":"https:\/\/artstella-elixirs-floraux.com\/fr_fr\/wp-json\/wp\/v2\/product_tag?post=4884"}],"curies":[{"name":"wp","href":"https:\/\/api.w.org\/{rel}","templated":true}]}}