{"id":4888,"date":"2025-03-09T13:34:53","date_gmt":"2025-03-09T13:34:53","guid":{"rendered":"https:\/\/artstella-elixirs-floraux.com\/product\/chocolat-lily-alaskan-sup\/"},"modified":"2025-04-09T14:27:48","modified_gmt":"2025-04-09T14:27:48","slug":"chocolat-lily-alaskan-sup","status":"publish","type":"product","link":"https:\/\/artstella-elixirs-floraux.com\/fr_fr\/produit\/chocolat-lily-alaskan-sup\/","title":{"rendered":"CHOCOLAT LILY ALASKAN SUP"},"content":{"rendered":"<p>Des qualit\u00e9s qui gu\u00e9rissent : r\u00e9v\u00e8le comment tout dans la vie est reli\u00e9 \u00e0 notre centre ; ouvre la prise de conscience de la connexion de notre centre \u00e0 la source de notre vitalit\u00e9 ; nous aide \u00e0 ouvrir \u00e0 et maintenez que des exp\u00e9riences de notre vie avec plus d&rsquo;espace et moins de r\u00e9activit\u00e9.<\/p>\n","protected":false},"excerpt":{"rendered":"<h1 class=\"title\"><span style=\"font-size: 12pt;\">Chocolate Lily<\/span><\/h1>\n<p><span style=\"font-size: 11px; line-height: 1.5em;\">\u00a0<\/span><\/p>\n<p><span style=\"font-size: 11px; line-height: 1.5em;\">Indications : des situations ind\u00e9pendantes de notre volont\u00e9 ; faible endurance et fatigue de chroniquement trop nous \u00e9tendre au-del\u00e0 du point de fatigue.<\/span><\/p>\n","protected":false},"featured_media":4889,"template":"","meta":[],"product_brand":[],"product_cat":[115],"product_tag":[],"class_list":{"0":"post-4888","1":"product","2":"type-product","3":"status-publish","4":"has-post-thumbnail","6":"product_cat-les-elixirs-de-fleurs-supplementaires","8":"first","9":"instock","10":"taxable","11":"shipping-taxable","12":"purchasable","13":"product-type-variable"},"etheme_brands":{"errors":{"invalid_taxonomy":["Taxonomie non valide."]},"error_data":[]},"jetpack_sharing_enabled":true,"jetpack-related-posts":[{"id":4458,"url":"https:\/\/artstella-elixirs-floraux.com\/fr_fr\/produit\/red-lily-15-ml-bush\/","url_meta":{"origin":4888,"position":0},"title":"RED LILY 15 ML BUSH","author":"eveapprill","date":"9 mars 2025","format":false,"excerpt":"Red Lily Manque de connexion spirituelle, ind\u00e9cis, manque de concentration, r\u00eaveries. Etre centr\u00e9, concentration, vivre dans le pr\u00e9sent, ouvre le chakra coronal, \u00e9volution spirituelle.","rel":"","context":"Article similaire","block_context":{"text":"Article similaire","link":""},"img":{"alt_text":"","src":"https:\/\/i0.wp.com\/artstella-elixirs-floraux.com\/wp-content\/uploads\/2025\/03\/wp-image1059.png?resize=350%2C200&ssl=1","width":350,"height":200},"classes":[]},{"id":4418,"url":"https:\/\/artstella-elixirs-floraux.com\/fr_fr\/produit\/gymea-lily-15-ml-bush\/","url_meta":{"origin":4888,"position":1},"title":"GYMEA LILY 15 ML BUSH","author":"eveapprill","date":"9 mars 2025","format":false,"excerpt":"Gymea Lily Arrogance, d\u00e9sir d\u2019attention et prestige, personnalit\u00e9 dominante. Humilit\u00e9, avoir conscience des autres et les appr\u00e9cier \u00e0 leur juste valeur.","rel":"","context":"Article similaire","block_context":{"text":"Article similaire","link":""},"img":{"alt_text":"","src":"https:\/\/i0.wp.com\/artstella-elixirs-floraux.com\/wp-content\/uploads\/2025\/03\/wp-image1031.png?resize=350%2C200&ssl=1","width":350,"height":200},"classes":[]},{"id":3774,"url":"https:\/\/artstella-elixirs-floraux.com\/fr_fr\/produit\/chocolat-orchid-phi\/","url_meta":{"origin":4888,"position":2},"title":"CHOCOLAT ORCHID PHI","author":"eveapprill","date":"9 mars 2025","format":false,"excerpt":"Chocolate orchid (Stanhorpea wardii) Pour s'ouvrir aux plaisirs de la vie. Pour reconna\u00eetre que la vie est un chemin de joie. L'\u00e9lixir lib\u00e8re de sch\u00e9mas mentaux \u00e9troits.","rel":"","context":"Article similaire","block_context":{"text":"Article similaire","link":""},"img":{"alt_text":"","src":"https:\/\/i0.wp.com\/artstella-elixirs-floraux.com\/wp-content\/uploads\/2025\/03\/wp-image504.png?resize=350%2C200&ssl=1","width":350,"height":200},"classes":[]},{"id":3477,"url":"https:\/\/artstella-elixirs-floraux.com\/fr_fr\/produit\/serenite-active-ltoe-15-ml\/","url_meta":{"origin":4888,"position":3},"title":"S\u00e9r\u00e9nit\u00e9 active LTOE 15 ml","author":"eveapprill","date":"9 mars 2025","format":false,"excerpt":"S\u00e9r\u00e9nit\u00e9 active\/Active Serenity Un excellent rem\u00e8de contre la fatigue et la d\u00e9tresse, ce complexe agit essentiellement sur les centres du corps mental.","rel":"","context":"Article similaire","block_context":{"text":"Article similaire","link":""},"img":{"alt_text":"S\u00e9r\u00e9nit\u00e9 active LTOE 15 ml","src":"https:\/\/i0.wp.com\/artstella-elixirs-floraux.com\/wp-content\/uploads\/2025\/03\/2606d8f5-f8c1-469c-9783-404409240b50.jpg?resize=350%2C200&ssl=1","width":350,"height":200,"srcset":"https:\/\/i0.wp.com\/artstella-elixirs-floraux.com\/wp-content\/uploads\/2025\/03\/2606d8f5-f8c1-469c-9783-404409240b50.jpg?resize=350%2C200&ssl=1 1x, https:\/\/i0.wp.com\/artstella-elixirs-floraux.com\/wp-content\/uploads\/2025\/03\/2606d8f5-f8c1-469c-9783-404409240b50.jpg?resize=525%2C300&ssl=1 1.5x, https:\/\/i0.wp.com\/artstella-elixirs-floraux.com\/wp-content\/uploads\/2025\/03\/2606d8f5-f8c1-469c-9783-404409240b50.jpg?resize=700%2C400&ssl=1 2x"},"classes":[]},{"id":5554,"url":"https:\/\/artstella-elixirs-floraux.com\/fr_fr\/produit\/mariposa-lilly-15-ml-sylfos\/","url_meta":{"origin":4888,"position":4},"title":"MARIPOSA LILLY 15 ML SYLFOS","author":"eveapprill","date":"9 mars 2025","format":false,"excerpt":"MARIPOSA LILY Calochortus leichtlinii \u00a0 \u00a0 Pour les personnes qui ont ou ont eu des probl\u00e8mes avec la m\u00e8re. Pour le manque d\u2019image f\u00e9minine aussi bien pour les hommes que les femmes.","rel":"","context":"Article similaire","block_context":{"text":"Article similaire","link":""},"img":{"alt_text":"","src":"","width":0,"height":0},"classes":[]},{"id":6388,"url":"https:\/\/artstella-elixirs-floraux.com\/fr_fr\/produit\/2025-essence-bush-australien-30ml\/","url_meta":{"origin":4888,"position":5},"title":"2025 Essence Bush australien 30ml","author":"eveapprill","date":"9 mars 2025","format":false,"excerpt":"Compos\u00e9 2025 cr\u00e9\u00e9 par Ian White Pour embrasser avec audace son potentiel et saisir de nouvelles opportunit\u00e9s","rel":"","context":"Article similaire","block_context":{"text":"Article similaire","link":""},"img":{"alt_text":"2025 Essence Bush australien 30ml","src":"https:\/\/i0.wp.com\/artstella-elixirs-floraux.com\/wp-content\/uploads\/2025\/03\/wp-image2483.webp?resize=350%2C200&ssl=1","width":350,"height":200,"srcset":"https:\/\/i0.wp.com\/artstella-elixirs-floraux.com\/wp-content\/uploads\/2025\/03\/wp-image2483.webp?resize=350%2C200&ssl=1 1x, https:\/\/i0.wp.com\/artstella-elixirs-floraux.com\/wp-content\/uploads\/2025\/03\/wp-image2483.webp?resize=525%2C300&ssl=1 1.5x, https:\/\/i0.wp.com\/artstella-elixirs-floraux.com\/wp-content\/uploads\/2025\/03\/wp-image2483.webp?resize=700%2C400&ssl=1 2x"},"classes":[]}],"_links":{"self":[{"href":"https:\/\/artstella-elixirs-floraux.com\/fr_fr\/wp-json\/wp\/v2\/product\/4888","targetHints":{"allow":["GET"]}}],"collection":[{"href":"https:\/\/artstella-elixirs-floraux.com\/fr_fr\/wp-json\/wp\/v2\/product"}],"about":[{"href":"https:\/\/artstella-elixirs-floraux.com\/fr_fr\/wp-json\/wp\/v2\/types\/product"}],"version-history":[{"count":0,"href":"https:\/\/artstella-elixirs-floraux.com\/fr_fr\/wp-json\/wp\/v2\/product\/4888\/revisions"}],"wp:featuredmedia":[{"embeddable":true,"href":"https:\/\/artstella-elixirs-floraux.com\/fr_fr\/wp-json\/wp\/v2\/media\/4889"}],"wp:attachment":[{"href":"https:\/\/artstella-elixirs-floraux.com\/fr_fr\/wp-json\/wp\/v2\/media?parent=4888"}],"wp:term":[{"taxonomy":"product_brand","embeddable":true,"href":"https:\/\/artstella-elixirs-floraux.com\/fr_fr\/wp-json\/wp\/v2\/product_brand?post=4888"},{"taxonomy":"product_cat","embeddable":true,"href":"https:\/\/artstella-elixirs-floraux.com\/fr_fr\/wp-json\/wp\/v2\/product_cat?post=4888"},{"taxonomy":"product_tag","embeddable":true,"href":"https:\/\/artstella-elixirs-floraux.com\/fr_fr\/wp-json\/wp\/v2\/product_tag?post=4888"}],"curies":[{"name":"wp","href":"https:\/\/api.w.org\/{rel}","templated":true}]}}