{"id":4892,"date":"2025-03-09T13:34:56","date_gmt":"2025-03-09T13:34:56","guid":{"rendered":"https:\/\/artstella-elixirs-floraux.com\/product\/cloudberry-alaskan-f-sup\/"},"modified":"2025-04-09T14:26:33","modified_gmt":"2025-04-09T14:26:33","slug":"cloudberry-alaskan-f-sup","status":"publish","type":"product","link":"https:\/\/artstella-elixirs-floraux.com\/fr_fr\/produit\/cloudberry-alaskan-f-sup\/","title":{"rendered":"CLOUDBERRY ALASKAN F SUP"},"content":{"rendered":"<p>Des qualit\u00e9s qui gu\u00e9rissent : nous aide \u00e0 apprendre \u00e0 modifier en abandonnant \u00e0 notre vision int\u00e9rieure ; pour le remplacement de faible estime de soi avec une prise de conscience de la valeur interne ; nous aide \u00e0 ouvrir \u00e0 la v\u00e9ritable source de notre \u00eatre et refl\u00e8tent ce point dans le monde pour les autres \u00e0 voir.<\/p>\n","protected":false},"excerpt":{"rendered":"<div><span style=\"font-size: 12pt;\">CLOUDBERRY<\/span><\/div>\n<p>Indications : trouble vision int\u00e9rieure ; vous cherchez \u00e0 l&rsquo;ext\u00e9rieur de nous-m\u00eames insight et r\u00e9ponses ; toujours d\u00e9bord\u00e9s avec pr\u00e9cision ; obs\u00e9d\u00e9 par essayer de comprendre les choses.<\/p>\n","protected":false},"featured_media":4893,"template":"","meta":[],"product_brand":[],"product_cat":[115],"product_tag":[],"class_list":{"0":"post-4892","1":"product","2":"type-product","3":"status-publish","4":"has-post-thumbnail","6":"product_cat-les-elixirs-de-fleurs-supplementaires","8":"first","9":"instock","10":"taxable","11":"shipping-taxable","12":"purchasable","13":"product-type-variable"},"etheme_brands":{"errors":{"invalid_taxonomy":["Taxonomie non valide."]},"error_data":[]},"jetpack_sharing_enabled":true,"jetpack-related-posts":[{"id":5058,"url":"https:\/\/artstella-elixirs-floraux.com\/fr_fr\/produit\/celestite-alas-gem-recher-30ml\/","url_meta":{"origin":4892,"position":0},"title":"CELESTITE ALAS GEM RECHER 30ML","author":"eveapprill","date":"9 mars 2025","format":false,"excerpt":"Celestite \u2013 C\u00e9lestite Indication : tristesses non r\u00e9solues\u00a0; angoisses r\u00e9sultant de pertes pass\u00e9es\u00a0; anxi\u00e9t\u00e9 de s\u00e9paration\u00a0; vision int\u00e9rieure et ext\u00e9rieure bloqu\u00e9e par la tension et la douleur.","rel":"","context":"Article similaire","block_context":{"text":"Article similaire","link":""},"img":{"alt_text":"","src":"https:\/\/i0.wp.com\/artstella-elixirs-floraux.com\/wp-content\/uploads\/2025\/03\/wp-image1403.png?resize=350%2C200&ssl=1","width":350,"height":200},"classes":[]},{"id":4938,"url":"https:\/\/artstella-elixirs-floraux.com\/fr_fr\/produit\/lapland-rosebay-alas-f-sup\/","url_meta":{"origin":4892,"position":1},"title":"LAPLAND ROSEBAY ALAS F SUP","author":"eveapprill","date":"9 mars 2025","format":false,"excerpt":"Lapland Rosebay Rhododendron lapponicum Pour une vision int\u00e9rieure p\u00e9n\u00e9trante de soi et de la Nature ; voir sans d\u00e9formation ; aide \u00e0 un retour \u00e0 soi pour r\u00e9pondre \u00e0 ses questions ; nous rappelle que par l\u2019introspection on trouve sagesse, perspective et direction.","rel":"","context":"Article similaire","block_context":{"text":"Article similaire","link":""},"img":{"alt_text":"","src":"https:\/\/i0.wp.com\/artstella-elixirs-floraux.com\/wp-content\/uploads\/2025\/03\/wp-image1393.png?resize=350%2C200&ssl=1","width":350,"height":200},"classes":[]},{"id":2276,"url":"https:\/\/artstella-elixirs-floraux.com\/fr_fr\/produit\/single-delight-alaskan\/","url_meta":{"origin":4892,"position":2},"title":"Single delight Alaskan","author":"eveapprill","date":"9 mars 2025","format":false,"excerpt":"Single delight. Moneses uniflora Se sent isol\u00e9 et esseul\u00e9, sp\u00e9cialement au cours d'une p\u00e9riode sombre et d\u00e9primante ;","rel":"","context":"Article similaire","block_context":{"text":"Article similaire","link":""},"img":{"alt_text":"","src":"https:\/\/i0.wp.com\/artstella-elixirs-floraux.com\/wp-content\/uploads\/2025\/03\/wp-image580.png?resize=350%2C200&ssl=1","width":350,"height":200},"classes":[]},{"id":3586,"url":"https:\/\/artstella-elixirs-floraux.com\/fr_fr\/produit\/protecteur-du-voyage-interieur-15-ml\/","url_meta":{"origin":4892,"position":3},"title":"Protecteur du voyage int\u00e9rieur 15 ml","author":"eveapprill","date":"9 mars 2025","format":false,"excerpt":"Guardian of the inner journey \/Protecteur du voyage int\u00e9rieur Il apporte le courage de voir notre ombre et les peurs qui inhibent notre \u00e9volution spirituelle. Un \u00e9lixir \"s\u00e9rieux\" qui nous aide dans les pratiques de m\u00e9ditation. Il correspond \u00e9nerg\u00e9tiquement \u00e0 \"Walking to the Earth rythm\" qui peut \u00eatre pris \u00e0\u2026","rel":"","context":"Article similaire","block_context":{"text":"Article similaire","link":""},"img":{"alt_text":"","src":"https:\/\/i0.wp.com\/artstella-elixirs-floraux.com\/wp-content\/uploads\/2025\/03\/be484e02-a99a-4749-8338-486dd12f7498.jpg?resize=350%2C200&ssl=1","width":350,"height":200,"srcset":"https:\/\/i0.wp.com\/artstella-elixirs-floraux.com\/wp-content\/uploads\/2025\/03\/be484e02-a99a-4749-8338-486dd12f7498.jpg?resize=350%2C200&ssl=1 1x, https:\/\/i0.wp.com\/artstella-elixirs-floraux.com\/wp-content\/uploads\/2025\/03\/be484e02-a99a-4749-8338-486dd12f7498.jpg?resize=525%2C300&ssl=1 1.5x, https:\/\/i0.wp.com\/artstella-elixirs-floraux.com\/wp-content\/uploads\/2025\/03\/be484e02-a99a-4749-8338-486dd12f7498.jpg?resize=700%2C400&ssl=1 2x"},"classes":[]},{"id":5830,"url":"https:\/\/artstella-elixirs-floraux.com\/fr_fr\/produit\/lezard-lizard-gallotia-caesaris-gomerae15-ml-phi\/","url_meta":{"origin":4892,"position":4},"title":"L\u00e9zard &#8211; Lizard (Gallotia caesaris gomerae)15 ml PHI","author":"eveapprill","date":"9 mars 2025","format":false,"excerpt":"L\u00e9zard - Lizard (Gallotia caesaris gomerae)\u00a0 Energ\u00e9tiquement cet \u00e9lixir nous offre un fort potentiel de r\u00e9g\u00e9n\u00e9ration, notamment apr\u00e8s un traitement pour des probl\u00e8mes cutan\u00e9s. Il nous aide \u00e0 faire confiance \u00e0 notre intuition et \u00e0 suivre notre lumi\u00e8re int\u00e9rieure.","rel":"","context":"Article similaire","block_context":{"text":"Article similaire","link":""},"img":{"alt_text":"","src":"","width":0,"height":0},"classes":[]},{"id":5220,"url":"https:\/\/artstella-elixirs-floraux.com\/fr_fr\/produit\/beluga\/","url_meta":{"origin":4892,"position":5},"title":"Beluga","author":"eveapprill","date":"9 mars 2025","format":false,"excerpt":"Cet \u00e9lixir nous rappelle la joie et la l\u00e9g\u00e8ret\u00e9 enfantine. Il nous apprend \u00e0 ne pas prendre la vie trop au s\u00e9rieux et \u00e0 rester enjou\u00e9","rel":"","context":"Article similaire","block_context":{"text":"Article similaire","link":""},"img":{"alt_text":"","src":"https:\/\/i0.wp.com\/artstella-elixirs-floraux.com\/wp-content\/uploads\/2025\/03\/wp-image1501.png?resize=350%2C200&ssl=1","width":350,"height":200},"classes":[]}],"_links":{"self":[{"href":"https:\/\/artstella-elixirs-floraux.com\/fr_fr\/wp-json\/wp\/v2\/product\/4892","targetHints":{"allow":["GET"]}}],"collection":[{"href":"https:\/\/artstella-elixirs-floraux.com\/fr_fr\/wp-json\/wp\/v2\/product"}],"about":[{"href":"https:\/\/artstella-elixirs-floraux.com\/fr_fr\/wp-json\/wp\/v2\/types\/product"}],"version-history":[{"count":0,"href":"https:\/\/artstella-elixirs-floraux.com\/fr_fr\/wp-json\/wp\/v2\/product\/4892\/revisions"}],"wp:featuredmedia":[{"embeddable":true,"href":"https:\/\/artstella-elixirs-floraux.com\/fr_fr\/wp-json\/wp\/v2\/media\/4893"}],"wp:attachment":[{"href":"https:\/\/artstella-elixirs-floraux.com\/fr_fr\/wp-json\/wp\/v2\/media?parent=4892"}],"wp:term":[{"taxonomy":"product_brand","embeddable":true,"href":"https:\/\/artstella-elixirs-floraux.com\/fr_fr\/wp-json\/wp\/v2\/product_brand?post=4892"},{"taxonomy":"product_cat","embeddable":true,"href":"https:\/\/artstella-elixirs-floraux.com\/fr_fr\/wp-json\/wp\/v2\/product_cat?post=4892"},{"taxonomy":"product_tag","embeddable":true,"href":"https:\/\/artstella-elixirs-floraux.com\/fr_fr\/wp-json\/wp\/v2\/product_tag?post=4892"}],"curies":[{"name":"wp","href":"https:\/\/api.w.org\/{rel}","templated":true}]}}