{"id":4912,"date":"2025-03-09T13:35:16","date_gmt":"2025-03-09T13:35:16","guid":{"rendered":"https:\/\/artstella-elixirs-floraux.com\/product\/dwarf-fireweed-alaskan-f-sup\/"},"modified":"2025-04-09T14:19:45","modified_gmt":"2025-04-09T14:19:45","slug":"dwarf-fireweed-alaskan-f-sup","status":"publish","type":"product","link":"https:\/\/artstella-elixirs-floraux.com\/fr_fr\/produit\/dwarf-fireweed-alaskan-f-sup\/","title":{"rendered":"DWARF FIREWEED ALASKAN F SUP"},"content":{"rendered":"<p>Indications : attachement au mal ; faire les choses la dure ; d\u00e9bord\u00e9 pendant tout type de processus de gu\u00e9rison transformatrice. Des qualit\u00e9s qui gu\u00e9rissent : nous aide \u00e0 ouvrir \u00e0 et de l&rsquo;exp\u00e9rience de transformation avec douceur, de gr\u00e2ce et de facilit\u00e9 ; nous aide \u00e0 peaufiner comment nous passons \u00e0 travers un processus de gu\u00e9rison si nous ne cr\u00e9ons pas plus de difficult\u00e9s ou de douleur.<\/p>\n","protected":false},"excerpt":{"rendered":"<p><strong><span style=\"font-size: 12pt;\">DWARF FIREWEED<\/span><\/strong><\/p>\n<p>Indications : attachement au mal ; faire les choses la dure ; d\u00e9bord\u00e9 pendant tout type de processus de gu\u00e9rison transformatrice.<\/p>\n","protected":false},"featured_media":4913,"template":"","meta":[],"product_brand":[],"product_cat":[115],"product_tag":[],"class_list":{"0":"post-4912","1":"product","2":"type-product","3":"status-publish","4":"has-post-thumbnail","6":"product_cat-les-elixirs-de-fleurs-supplementaires","8":"first","9":"instock","10":"taxable","11":"shipping-taxable","12":"purchasable","13":"product-type-variable"},"etheme_brands":{"errors":{"invalid_taxonomy":["Taxonomie non valide."]},"error_data":[]},"jetpack_sharing_enabled":true,"jetpack-related-posts":[{"id":5350,"url":"https:\/\/artstella-elixirs-floraux.com\/fr_fr\/produit\/fireweed-combo-alaskan\/","url_meta":{"origin":4912,"position":0},"title":"FIREWEED COMBO ALASKAN","author":"eveapprill","date":"9 mars 2025","format":false,"excerpt":"FIREWEED COMBO (Combi d\u2019\u00e9pilobes) (Gouttes uniquement) Accompagne les processus de transformation, de changement et de renouveau.\u00a0","rel":"","context":"Article similaire","block_context":{"text":"Article similaire","link":""},"img":{"alt_text":"combinaison d'elixirs","src":"https:\/\/i0.wp.com\/artstella-elixirs-floraux.com\/wp-content\/uploads\/2025\/03\/a08df189-167a-48b8-9489-c84019eaf64b.jpg?resize=350%2C200&ssl=1","width":350,"height":200,"srcset":"https:\/\/i0.wp.com\/artstella-elixirs-floraux.com\/wp-content\/uploads\/2025\/03\/a08df189-167a-48b8-9489-c84019eaf64b.jpg?resize=350%2C200&ssl=1 1x, https:\/\/i0.wp.com\/artstella-elixirs-floraux.com\/wp-content\/uploads\/2025\/03\/a08df189-167a-48b8-9489-c84019eaf64b.jpg?resize=525%2C300&ssl=1 1.5x, https:\/\/i0.wp.com\/artstella-elixirs-floraux.com\/wp-content\/uploads\/2025\/03\/a08df189-167a-48b8-9489-c84019eaf64b.jpg?resize=700%2C400&ssl=1 2x"},"classes":[]},{"id":2292,"url":"https:\/\/artstella-elixirs-floraux.com\/fr_fr\/produit\/sphagnum-moss-alaskan\/","url_meta":{"origin":4912,"position":1},"title":"Sphagnum moss Alaskan","author":"eveapprill","date":"9 mars 2025","format":false,"excerpt":"Sphagnum moss. Sphagnum sp. Sphaigne Juge et critique \u00e0 l'exc\u00e8s ; obs\u00e9d\u00e9 par les d\u00e9tails quotidiens de nos processus de gu\u00e9rison ; incapacit\u00e9 \u00e0 voir le c\u00f4t\u00e9 positif des exp\u00e9riences de transformation.","rel":"","context":"Article similaire","block_context":{"text":"Article similaire","link":""},"img":{"alt_text":"","src":"https:\/\/i0.wp.com\/artstella-elixirs-floraux.com\/wp-content\/uploads\/2025\/03\/wp-image584.png?resize=350%2C200&ssl=1","width":350,"height":200},"classes":[]},{"id":4112,"url":"https:\/\/artstella-elixirs-floraux.com\/fr_fr\/produit\/grenouille-rana-el-cham-15ml\/","url_meta":{"origin":4912,"position":2},"title":"GRENOUILLE\/ RANA EL CHAM 15ML","author":"eveapprill","date":"9 mars 2025","format":false,"excerpt":"RANA \/ GRENOUILLE Gu\u00e9rison \u00e9motionnelle \u2013 Force pour affronter les changements. Renouveau. Aide \u00e0 comprendre sainement les besoins des autres. Permet de canaliser le flux cr\u00e9atif pour l\u2019exprimer notamment \u00e0 travers l\u2019art.","rel":"","context":"Article similaire","block_context":{"text":"Article similaire","link":""},"img":{"alt_text":"","src":"","width":0,"height":0},"classes":[]},{"id":4975,"url":"https:\/\/artstella-elixirs-floraux.com\/fr_fr\/produit\/purple-poppy-alaskan-f-sup\/","url_meta":{"origin":4912,"position":3},"title":"PURPLE POPPY ALASKAN F SUP","author":"eveapprill","date":"9 mars 2025","format":false,"excerpt":"Purple Poppy Papaver somniferum Pavot violet Indications\u00a0: difficult\u00e9s \u00e0 garder la cadence avec les changements de la vie\u00a0; \u00e9nervement et \u00e9puisement\u00a0; d\u00e9sorientation et fatigue en raison d\u2019un trop plein.","rel":"","context":"Article similaire","block_context":{"text":"Article similaire","link":""},"img":{"alt_text":"","src":"https:\/\/i0.wp.com\/artstella-elixirs-floraux.com\/wp-content\/uploads\/2025\/03\/wp-image2068.png?resize=350%2C200&ssl=1","width":350,"height":200},"classes":[]},{"id":4140,"url":"https:\/\/artstella-elixirs-floraux.com\/fr_fr\/produit\/filodice-sylfos-15ml-pap\/","url_meta":{"origin":4912,"position":4},"title":"FILODICE SYLFOS 15ML PAP","author":"eveapprill","date":"9 mars 2025","format":false,"excerpt":"FILODICE Colias philodice L\u00e2cher-prise \u2013 Confiance \u2013 Respect . Cet \u00e9lixir permet de nous \u00e9lever et nous apporte l\u2019inspiration. Il nous aide \u00e0 comprendre que toutes choses \u00e0 une base spirituelle et que nous ne devons pas avoir peur...","rel":"","context":"Article similaire","block_context":{"text":"Article similaire","link":""},"img":{"alt_text":"","src":"","width":0,"height":0},"classes":[]},{"id":5562,"url":"https:\/\/artstella-elixirs-floraux.com\/fr_fr\/produit\/pichoga-euphorbe-sylfos-15-ml\/","url_meta":{"origin":4912,"position":5},"title":"PICHOGA \/ Euphorbe SYLFOS 15 ML","author":"eveapprill","date":"9 mars 2025","format":false,"excerpt":"PICHOGA Euphorbia chilensis\u00a0 Acceptation de l\u2019ombre \u00a0 \u00a0 Pour affronter, reconna\u00eetre et accepter l\u2019ombre. Le premier pas pour arriver \u00e0 la gu\u00e9rison est de conna\u00eetre et d\u2019accepter la r\u00e9alit\u00e9.","rel":"","context":"Article similaire","block_context":{"text":"Article similaire","link":""},"img":{"alt_text":"","src":"","width":0,"height":0},"classes":[]}],"_links":{"self":[{"href":"https:\/\/artstella-elixirs-floraux.com\/fr_fr\/wp-json\/wp\/v2\/product\/4912","targetHints":{"allow":["GET"]}}],"collection":[{"href":"https:\/\/artstella-elixirs-floraux.com\/fr_fr\/wp-json\/wp\/v2\/product"}],"about":[{"href":"https:\/\/artstella-elixirs-floraux.com\/fr_fr\/wp-json\/wp\/v2\/types\/product"}],"version-history":[{"count":0,"href":"https:\/\/artstella-elixirs-floraux.com\/fr_fr\/wp-json\/wp\/v2\/product\/4912\/revisions"}],"wp:featuredmedia":[{"embeddable":true,"href":"https:\/\/artstella-elixirs-floraux.com\/fr_fr\/wp-json\/wp\/v2\/media\/4913"}],"wp:attachment":[{"href":"https:\/\/artstella-elixirs-floraux.com\/fr_fr\/wp-json\/wp\/v2\/media?parent=4912"}],"wp:term":[{"taxonomy":"product_brand","embeddable":true,"href":"https:\/\/artstella-elixirs-floraux.com\/fr_fr\/wp-json\/wp\/v2\/product_brand?post=4912"},{"taxonomy":"product_cat","embeddable":true,"href":"https:\/\/artstella-elixirs-floraux.com\/fr_fr\/wp-json\/wp\/v2\/product_cat?post=4912"},{"taxonomy":"product_tag","embeddable":true,"href":"https:\/\/artstella-elixirs-floraux.com\/fr_fr\/wp-json\/wp\/v2\/product_tag?post=4912"}],"curies":[{"name":"wp","href":"https:\/\/api.w.org\/{rel}","templated":true}]}}