{"id":5032,"date":"2025-03-09T13:37:20","date_gmt":"2025-03-09T13:37:20","guid":{"rendered":"https:\/\/artstella-elixirs-floraux.com\/product\/amazonite-7-5-ml-alas-gem-sup\/"},"modified":"2025-04-09T15:29:46","modified_gmt":"2025-04-09T15:29:46","slug":"amazonite-7-5-ml-alas-gem-sup","status":"publish","type":"product","link":"https:\/\/artstella-elixirs-floraux.com\/fr_fr\/produit\/amazonite-7-5-ml-alas-gem-sup\/","title":{"rendered":"AMAZONITE 7.5 ML ALAS GEM SUP"},"content":{"rendered":"<h1 class=\"title\"><span style=\"font-size: 14pt;\">Amazonite<\/span><\/h1>\n<p><span style=\"font-size: 14pt;\">\u00a0<\/span><\/p>\n<div>Indications : congestion \u00e9motionnelle ; traitement des difficult\u00e9s et en lib\u00e9rant les \u00e9motions d&rsquo;un pass\u00e9 lointain ; attitude d\u00e9faitiste ; sentiment accabl\u00e9 par la vie.<\/div>\n<div><\/div>\n<div>Des qualit\u00e9s curatives : force \u00e9motionnelle \u00e0 travers une purification joyeuse de vieux fardeaux \u00e9motionnels ; facilite une clairi\u00e8re de nos c\u0153urs et nos corps \u00e9motionnels afin que nous puissions communiquer plus facilement avec les autres.<\/div>\n<p><span style=\"font-size: 14pt;\">\u00a0<\/span><\/p>\n","protected":false},"excerpt":{"rendered":"<h1 class=\"title\"><span style=\"font-size: 14pt;\">Amazonite<\/span><\/h1>\n<p><span style=\"font-size: 11px; line-height: 1.5em;\">\u00a0<\/span><\/p>\n<p><span style=\"font-size: 11px; line-height: 1.5em;\">Indications : congestion \u00e9motionnelle ; traitement des difficult\u00e9s et en lib\u00e9rant les \u00e9motions d&rsquo;un pass\u00e9 lointain ; attitude d\u00e9faitiste ; sentiment accabl\u00e9 par la vie.<\/span><\/p>\n","protected":false},"featured_media":5033,"template":"","meta":[],"product_brand":[],"product_cat":[117],"product_tag":[],"class_list":{"0":"post-5032","1":"product","2":"type-product","3":"status-publish","4":"has-post-thumbnail","6":"product_cat-les-elixirs-de-gemmes-supplementaires","8":"first","9":"instock","10":"taxable","11":"shipping-taxable","12":"purchasable","13":"product-type-variable"},"etheme_brands":{"errors":{"invalid_taxonomy":["Taxonomie non valide."]},"error_data":[]},"jetpack_sharing_enabled":true,"jetpack-related-posts":[{"id":4022,"url":"https:\/\/artstella-elixirs-floraux.com\/fr_fr\/produit\/cola-de-zorro-15-ml-sylfos\/","url_meta":{"origin":5032,"position":0},"title":"COLA DE ZORRO \/ HERBE DE LA PAMPA SYLFOS","author":"eveapprill","date":"9 mars 2025","format":false,"excerpt":"COLA DE ZORRO Cortaderia araucana Purification et \u00e9quilibre des \u00e9motions Aide \u00e0 se lib\u00e9rer des \u00e9motions n\u00e9gatives et \u00e0 surmonter la d\u00e9tresse \u00e9motionnelle, l\u2019amertume, la frustration, la haine\u2026","rel":"","context":"Article similaire","block_context":{"text":"Article similaire","link":""},"img":{"alt_text":"","src":"","width":0,"height":0},"classes":[]},{"id":2141,"url":"https:\/\/artstella-elixirs-floraux.com\/fr_fr\/produit\/dandelion-alaska\/","url_meta":{"origin":5032,"position":1},"title":"DANDELION ALASKA","author":"eveapprill","date":"9 mars 2025","format":false,"excerpt":"DANDELION ALASKA Manque de consciences par rapport \u00e0 des attitudes mentales qui ont conduit \u00e0 des tensions musculaires chroniques ; difficult\u00e9 \u00e0 rel\u00e2cher l'\u00e9nergie \u00e9motionnelle accumul\u00e9e dans le corps. Permet gr\u00e2ce \u00e0 la compr\u00e9hension et \u00e0 une meilleure connexion entre le corps et l'esprit de rel\u00e2cher les tensions \u00e9motionnelles des\u2026","rel":"","context":"Article similaire","block_context":{"text":"Article similaire","link":""},"img":{"alt_text":"","src":"https:\/\/i0.wp.com\/artstella-elixirs-floraux.com\/wp-content\/uploads\/2025\/03\/wp-image558.png?resize=350%2C200&ssl=1","width":350,"height":200},"classes":[]},{"id":12358,"url":"https:\/\/artstella-elixirs-floraux.com\/fr_fr\/produit\/or-oro-15ml-sylfos\/","url_meta":{"origin":5032,"position":2},"title":"OR &#8211; ORO 15ml Sylfos","author":"eveapprill","date":"16 mars 2026","format":false,"excerpt":"L'opale andine aide \u00e0 lib\u00e9rer les \u00e9motions refoul\u00e9es et \u00e0 exprimer ses sentiments avec plus de fluidit\u00e9. Elle est utile en cas de tristesse, de nostalgie ou de blocage affectif. Son \u00e9nergie adoucit le c\u0153ur et favorise l'empathie. Elle apporte un soulagement \u00e9motionnel et une ouverture int\u00e9rieure.","rel":"","context":"Article similaire","block_context":{"text":"Article similaire","link":""},"img":{"alt_text":"","src":"https:\/\/i0.wp.com\/artstella-elixirs-floraux.com\/wp-content\/uploads\/2026\/03\/Oro_1.png?resize=350%2C200&ssl=1","width":350,"height":200},"classes":[]},{"id":5442,"url":"https:\/\/artstella-elixirs-floraux.com\/fr_fr\/produit\/coprin-little-inky-cap-10-ml\/","url_meta":{"origin":5032,"position":3},"title":"Coprin &#8211; Little Inky Cap 10 ML","author":"eveapprill","date":"9 mars 2025","format":false,"excerpt":"Coprin \/ Coprinus xanthotrix (little inky cap\/Coprin) Ce petit champignon aide \u00e0 se lib\u00e9rer des \u00e9motions. \u00a0telle la col\u00e8re ainsi que des sch\u00e9mas familiaux souvent inconscients. A ceux qui se sentent vuln\u00e9rables, l\u2019\u00e9lixir apporte de la force \u00e9motionnelle\u00a0","rel":"","context":"Article similaire","block_context":{"text":"Article similaire","link":""},"img":{"alt_text":"","src":"","width":0,"height":0},"classes":[]},{"id":5450,"url":"https:\/\/artstella-elixirs-floraux.com\/fr_fr\/produit\/perce-neige-sneeuwwklokje\/","url_meta":{"origin":5032,"position":4},"title":"Perce-neige &#8211; SNEEUWWKLOKJE","author":"","date":"9 mars 2025","format":false,"excerpt":"Perce-neige \/ Galanthus nivalis (snow drop) Lib\u00e8re des douleurs profondes, larmes et traumas qui ont \u00e9t\u00e9 emmagasin\u00e9s depuis longtemps, surtout s\u2019ils ont pour origine une difficult\u00e9 \u00e0 suivre son c\u0153ur et \u00e0 faire respecter ses sentiments.","rel":"","context":"Article similaire","block_context":{"text":"Article similaire","link":""},"img":{"alt_text":"","src":"","width":0,"height":0},"classes":[]},{"id":5548,"url":"https:\/\/artstella-elixirs-floraux.com\/fr_fr\/produit\/cornouillier-dog-wood-sylfos-15-ml\/","url_meta":{"origin":5032,"position":5},"title":"CORNOUILLIER DOG WOOD SYLFOS 15 ML","author":"eveapprill","date":"9 mars 2025","format":false,"excerpt":"Cornouiller du Pacifique Cornus nuttallii\u00a0\u00a0\u00a0 Pacific Dogwood Lib\u00e9ration des douleurs \u00e9motionnelles\u00a0 Trop de peines. Abus. Traumatismes du pass\u00e9.\u00a0","rel":"","context":"Article similaire","block_context":{"text":"Article similaire","link":""},"img":{"alt_text":"","src":"","width":0,"height":0},"classes":[]}],"_links":{"self":[{"href":"https:\/\/artstella-elixirs-floraux.com\/fr_fr\/wp-json\/wp\/v2\/product\/5032","targetHints":{"allow":["GET"]}}],"collection":[{"href":"https:\/\/artstella-elixirs-floraux.com\/fr_fr\/wp-json\/wp\/v2\/product"}],"about":[{"href":"https:\/\/artstella-elixirs-floraux.com\/fr_fr\/wp-json\/wp\/v2\/types\/product"}],"version-history":[{"count":0,"href":"https:\/\/artstella-elixirs-floraux.com\/fr_fr\/wp-json\/wp\/v2\/product\/5032\/revisions"}],"wp:featuredmedia":[{"embeddable":true,"href":"https:\/\/artstella-elixirs-floraux.com\/fr_fr\/wp-json\/wp\/v2\/media\/5033"}],"wp:attachment":[{"href":"https:\/\/artstella-elixirs-floraux.com\/fr_fr\/wp-json\/wp\/v2\/media?parent=5032"}],"wp:term":[{"taxonomy":"product_brand","embeddable":true,"href":"https:\/\/artstella-elixirs-floraux.com\/fr_fr\/wp-json\/wp\/v2\/product_brand?post=5032"},{"taxonomy":"product_cat","embeddable":true,"href":"https:\/\/artstella-elixirs-floraux.com\/fr_fr\/wp-json\/wp\/v2\/product_cat?post=5032"},{"taxonomy":"product_tag","embeddable":true,"href":"https:\/\/artstella-elixirs-floraux.com\/fr_fr\/wp-json\/wp\/v2\/product_tag?post=5032"}],"curies":[{"name":"wp","href":"https:\/\/api.w.org\/{rel}","templated":true}]}}