{"id":5037,"date":"2025-03-09T13:37:25","date_gmt":"2025-03-09T13:37:25","guid":{"rendered":"https:\/\/artstella-elixirs-floraux.com\/product\/amber-ambre-alaska-gem-sup\/"},"modified":"2025-04-09T15:28:30","modified_gmt":"2025-04-09T15:28:30","slug":"amber-ambre-alaska-gem-sup","status":"publish","type":"product","link":"https:\/\/artstella-elixirs-floraux.com\/fr_fr\/produit\/amber-ambre-alaska-gem-sup\/","title":{"rendered":"AMBER \/ AMBRE ALASKA GEM SUP"},"content":{"rendered":"<p><strong>Qualit\u00e9s\u00a0: <\/strong>permet de contacter la force inh\u00e9rente, l\u2019endurance, flexibilit\u00e9, la nature instinctive du corps physique\u00a0; d\u00e9tend et r\u00e9aligne les structures \u00e9nerg\u00e9tiques du corps de fa\u00e7on \u00e0 ce que plus de lumi\u00e8re et d\u2019\u00e9nergie puisse entrer et circuler.<\/p>\n","protected":false},"excerpt":{"rendered":"<p><strong>Amber<\/strong> &#8211; <strong>Ambre<\/strong><\/p>\n<p><strong>Indication\u00a0: <\/strong>manque de force et de flexibilit\u00e9, maladresse\u00a0; prudence excessive\u00a0; peur des blessures\u00a0; mauvaise image du corps, plus sp\u00e9cialement durant l\u2019adolescence ou en vieillissant.<\/p>\n","protected":false},"featured_media":5038,"template":"","meta":[],"product_brand":[],"product_cat":[117],"product_tag":[],"class_list":{"0":"post-5037","1":"product","2":"type-product","3":"status-publish","4":"has-post-thumbnail","6":"product_cat-les-elixirs-de-gemmes-supplementaires","8":"first","9":"instock","10":"taxable","11":"shipping-taxable","12":"purchasable","13":"product-type-variable"},"etheme_brands":{"errors":{"invalid_taxonomy":["Taxonomie non valide."]},"error_data":[]},"jetpack_sharing_enabled":true,"jetpack-related-posts":[{"id":6032,"url":"https:\/\/artstella-elixirs-floraux.com\/fr_fr\/produit\/elixir-ocean-n02-phi15ml\/","url_meta":{"origin":5037,"position":0},"title":"ELIXIR OCEAN N\u00b002 PHI15ML","author":"eveapprill","date":"9 mars 2025","format":false,"excerpt":"L\u2019\u00e9lixir exerce une action de protection \u00e9nerg\u00e9tique pour nos cellules. Am\u00e9liore la fonction protectrice des corps de lumi\u00e8re. Nous relie avec la force primordiale. Nous aide \u00e0 traverser la vie en souplesse. Am\u00e9liore la flexibilit\u00e9 et la capacit\u00e9 d\u2019adaptation.","rel":"","context":"Article similaire","block_context":{"text":"Article similaire","link":""},"img":{"alt_text":"","src":"https:\/\/i0.wp.com\/artstella-elixirs-floraux.com\/wp-content\/uploads\/2025\/03\/wp-image2040.png?resize=350%2C200&ssl=1","width":350,"height":200},"classes":[]},{"id":3938,"url":"https:\/\/artstella-elixirs-floraux.com\/fr_fr\/produit\/fourmi-phi-15-ml\/","url_meta":{"origin":5037,"position":1},"title":"FOURMI PHI 15 ML","author":"eveapprill","date":"27 mai 2025","format":false,"excerpt":"Fourmi (Formicoidea) Ameise\u00a0 Il aide \u00e0 r\u00e9guler \u00e9nerg\u00e9tiquement l'acidit\u00e9 dans le corps,","rel":"","context":"Article similaire","block_context":{"text":"Article similaire","link":""},"img":{"alt_text":"","src":"","width":0,"height":0},"classes":[]},{"id":12326,"url":"https:\/\/artstella-elixirs-floraux.com\/fr_fr\/produit\/ambre-ambar-15-ml-sylfos\/","url_meta":{"origin":5037,"position":2},"title":"AMBRE &#8211; AMBAR 15 ml Sylfos","author":"eveapprill","date":"16 mars 2026","format":false,"excerpt":"L'ambre lib\u00e8re les charges \u00e9motionnelles du pass\u00e9 qui g\u00e9n\u00e8rent une lourdeur ou une stagnation int\u00e9rieure. Il purifie le champ \u00e9nerg\u00e9tique et redonne vitalit\u00e9 et l\u00e9g\u00e8ret\u00e9. Il est particuli\u00e8rement utile dans les processus d'\u00e9puisement ou de purification \u00e9motionnelle profonde. Son \u00e9nergie transforme la densit\u00e9 en renouveau et en mouvement int\u00e9rieur.","rel":"","context":"Article similaire","block_context":{"text":"Article similaire","link":""},"img":{"alt_text":"","src":"https:\/\/i0.wp.com\/artstella-elixirs-floraux.com\/wp-content\/uploads\/2026\/03\/Ambar_1.png?resize=350%2C200&ssl=1","width":350,"height":200},"classes":[]},{"id":6070,"url":"https:\/\/artstella-elixirs-floraux.com\/fr_fr\/produit\/elixir-ocean-n21-phi-15ml\/","url_meta":{"origin":5037,"position":3},"title":"ELIXIR OCEAN N\u00b021 PHI 15ML","author":"eveapprill","date":"9 mars 2025","format":false,"excerpt":"Sur un plan \u00e9nerg\u00e9tique, cet \u00e9lixir agit comme un tonique de tout le corps. Le syst\u00e8me nerveux est renforc\u00e9 et \u00e9quilibr\u00e9. Apporte une forte action de r\u00e9g\u00e9n\u00e9ration, \u00e9galement au niveau du 2\u00e8me chakra. Renforcement de la force vitale du corps.","rel":"","context":"Article similaire","block_context":{"text":"Article similaire","link":""},"img":{"alt_text":"","src":"https:\/\/i0.wp.com\/artstella-elixirs-floraux.com\/wp-content\/uploads\/2025\/03\/wp-image2059.png?resize=350%2C200&ssl=1","width":350,"height":200},"classes":[]},{"id":2508,"url":"https:\/\/artstella-elixirs-floraux.com\/fr_fr\/produit\/chrysocolle\/","url_meta":{"origin":5037,"position":4},"title":"CHRYSOCOLLE","author":"eveapprill","date":"9 mars 2025","format":false,"excerpt":"CHRYSOCOLLA. Chrysocolle Ouvre, adoucit et \u00e9largit la dimension int\u00e9rieure du chakra du c\u0153ur ; aide \u00e0 l\u00e2cher les tensions et les d\u00e9fenses dans le don et l\u2019accueil de l\u2019amour ; accro\u00eet la flexibilit\u00e9 du corps et de l\u2019esprit permettant \u00e0 la vibration d\u2019amour de circuler.","rel":"","context":"Article similaire","block_context":{"text":"Article similaire","link":""},"img":{"alt_text":"","src":"https:\/\/i0.wp.com\/artstella-elixirs-floraux.com\/wp-content\/uploads\/2025\/03\/wp-image202.png?resize=350%2C200&ssl=1","width":350,"height":200},"classes":[]},{"id":5428,"url":"https:\/\/artstella-elixirs-floraux.com\/fr_fr\/produit\/lamier-rouge-lamiun-red-henbit-10ml\/","url_meta":{"origin":5037,"position":5},"title":"Lamier rouge Lamiun Red Henbit 10ml","author":"eveapprill","date":"9 mars 2025","format":false,"excerpt":"Lamier rouge - Lamium purpureum - Red Henbit \u00a0 am\u00e9liore le lien \u00e0 la terre et apporte de la joie dans les occupations terrestres. Donne de la clart\u00e9 dans les occupations chaotiques et \u00e9veille l\u2019esprit d\u2019ordre et de rangement.\u00a0","rel":"","context":"Article similaire","block_context":{"text":"Article similaire","link":""},"img":{"alt_text":"","src":"","width":0,"height":0},"classes":[]}],"_links":{"self":[{"href":"https:\/\/artstella-elixirs-floraux.com\/fr_fr\/wp-json\/wp\/v2\/product\/5037","targetHints":{"allow":["GET"]}}],"collection":[{"href":"https:\/\/artstella-elixirs-floraux.com\/fr_fr\/wp-json\/wp\/v2\/product"}],"about":[{"href":"https:\/\/artstella-elixirs-floraux.com\/fr_fr\/wp-json\/wp\/v2\/types\/product"}],"version-history":[{"count":0,"href":"https:\/\/artstella-elixirs-floraux.com\/fr_fr\/wp-json\/wp\/v2\/product\/5037\/revisions"}],"wp:featuredmedia":[{"embeddable":true,"href":"https:\/\/artstella-elixirs-floraux.com\/fr_fr\/wp-json\/wp\/v2\/media\/5038"}],"wp:attachment":[{"href":"https:\/\/artstella-elixirs-floraux.com\/fr_fr\/wp-json\/wp\/v2\/media?parent=5037"}],"wp:term":[{"taxonomy":"product_brand","embeddable":true,"href":"https:\/\/artstella-elixirs-floraux.com\/fr_fr\/wp-json\/wp\/v2\/product_brand?post=5037"},{"taxonomy":"product_cat","embeddable":true,"href":"https:\/\/artstella-elixirs-floraux.com\/fr_fr\/wp-json\/wp\/v2\/product_cat?post=5037"},{"taxonomy":"product_tag","embeddable":true,"href":"https:\/\/artstella-elixirs-floraux.com\/fr_fr\/wp-json\/wp\/v2\/product_tag?post=5037"}],"curies":[{"name":"wp","href":"https:\/\/api.w.org\/{rel}","templated":true}]}}