{"id":5045,"date":"2025-03-09T13:37:33","date_gmt":"2025-03-09T13:37:33","guid":{"rendered":"https:\/\/artstella-elixirs-floraux.com\/product\/aragonite-7-5-ml-gem-sup\/"},"modified":"2025-04-09T15:25:36","modified_gmt":"2025-04-09T15:25:36","slug":"aragonite-7-5-ml-gem-sup","status":"publish","type":"product","link":"https:\/\/artstella-elixirs-floraux.com\/fr_fr\/produit\/aragonite-7-5-ml-gem-sup\/","title":{"rendered":"ARAGONITE 7.5 ML GEM SUP"},"content":{"rendered":"<p><strong>Qualit\u00e9s : <\/strong>soutient une bonne hygi\u00e8ne \u00e9nerg\u00e9tique\u00a0; aide \u00e0 \u00eatre pleinement pr\u00e9sent et connect\u00e9 \u00e0 la terre, \u00e0 l\u2019esprit et \u00e0 une autre personne pendant un travail \u00e9nerg\u00e9tique\u00a0; ce qui facilite la lib\u00e9ration des connections interpersonnelles de fa\u00e7on \u00e0 ce que chaque personne puisse retrouver une ind\u00e9pendance \u00e9nerg\u00e9tique.<\/p>\n","protected":false},"excerpt":{"rendered":"<p><strong>Aragonite<\/strong> &#8211; <strong>Aragonite<\/strong><\/p>\n<p><strong>Indication : <\/strong>mauvaise hygi\u00e8ne \u00e9nerg\u00e9tique; incapacit\u00e9 \u00e0 garder un \u00e9quilibre psychique\u00a0; exc\u00e8s de stimulation due \u00e0 un manque d\u2019enracinement\u00a0; tendance \u00e0 se m\u00e9langer \u00e9nerg\u00e9tiquement avec les autres.<\/p>\n","protected":false},"featured_media":5046,"template":"","meta":[],"product_brand":[],"product_cat":[117],"product_tag":[],"class_list":{"0":"post-5045","1":"product","2":"type-product","3":"status-publish","4":"has-post-thumbnail","6":"product_cat-les-elixirs-de-gemmes-supplementaires","8":"first","9":"instock","10":"taxable","11":"shipping-taxable","12":"purchasable","13":"product-type-variable"},"etheme_brands":{"errors":{"invalid_taxonomy":["Taxonomie non valide."]},"error_data":[]},"jetpack_sharing_enabled":true,"jetpack-related-posts":[{"id":3938,"url":"https:\/\/artstella-elixirs-floraux.com\/fr_fr\/produit\/fourmi-phi-15-ml\/","url_meta":{"origin":5045,"position":0},"title":"FOURMI PHI 15 ML","author":"eveapprill","date":"27 mai 2025","format":false,"excerpt":"Fourmi (Formicoidea) Ameise\u00a0 Il aide \u00e0 r\u00e9guler \u00e9nerg\u00e9tiquement l'acidit\u00e9 dans le corps,","rel":"","context":"Article similaire","block_context":{"text":"Article similaire","link":""},"img":{"alt_text":"","src":"","width":0,"height":0},"classes":[]},{"id":6078,"url":"https:\/\/artstella-elixirs-floraux.com\/fr_fr\/produit\/centre-renewal-ltoe-15ml\/","url_meta":{"origin":5045,"position":1},"title":"Centre Renewal LTOE 15ML","author":"eveapprill","date":"9 mars 2025","format":false,"excerpt":"Centre Renewal - Bulbophyllum carunculatum \u2013 Renouveau du centre. Le renouveau de la danse de la vie, le mouvement de la joie int\u00e9rieure. L\u2019\u00e9lixir agit \u00e0 plusieurs niveaux\u00a0: \u00e9nerg\u00e9tiquement il soutient les processus de digestion.","rel":"","context":"Article similaire","block_context":{"text":"Article similaire","link":""},"img":{"alt_text":"","src":"","width":0,"height":0},"classes":[]},{"id":6209,"url":"https:\/\/artstella-elixirs-floraux.com\/fr_fr\/produit\/elixir-ocean-n25-phi-15-ml\/","url_meta":{"origin":5045,"position":2},"title":"ELIXIR OCEAN N\u00b025 PHI 15 ML","author":"eveapprill","date":"9 mars 2025","format":false,"excerpt":"ELIXIR OCEAN N\u00b025 agit \u00e9nerg\u00e9tiquement sur la peau. Nous prenons conscience de son r\u00f4le d\u2019enveloppe protectrice ce qui en favorise une stimulation \u00e9nerg\u00e9tique. (Les processus de r\u00e9g\u00e9n\u00e9ration sont soutenus \u00e9nerg\u00e9tiquement). Il a un effet nettoyant \u00e9nerg\u00e9tique sur l\u2019organisme \u2013 d\u00e9toxification par l\u2019excr\u00e9tion de l\u2019eau. La lymphe et la miction sont\u2026","rel":"","context":"Article similaire","block_context":{"text":"Article similaire","link":""},"img":{"alt_text":"","src":"","width":0,"height":0},"classes":[]},{"id":6046,"url":"https:\/\/artstella-elixirs-floraux.com\/fr_fr\/produit\/elixir-ocean-n09-phi-15ml\/","url_meta":{"origin":5045,"position":3},"title":"ELIXIR OCEAN N\u00b009 PHI 15ML","author":"eveapprill","date":"9 mars 2025","format":false,"excerpt":"D\u2019un c\u00f4t\u00e9, l\u2019\u00e9lixir agit sur l\u2019\u00e9quilibre hydrique et les \u00e9motions, soutenant \u00e9nerg\u00e9tiquement les processus d\u2019\u00e9limination de l\u2019eau. D\u2019un autre c\u00f4t\u00e9, il apporte de la lumi\u00e8re aux cellules (Informations) pour s\u2019adapter \u00e9nerg\u00e9tiquement \u00e0 de nouvelles fr\u00e9quences lumineuses (\u00e9l\u00e9vation vibratoire) \u00a0","rel":"","context":"Article similaire","block_context":{"text":"Article similaire","link":""},"img":{"alt_text":"","src":"https:\/\/i0.wp.com\/artstella-elixirs-floraux.com\/wp-content\/uploads\/2025\/03\/wp-image2047.png?resize=350%2C200&ssl=1","width":350,"height":200},"classes":[]},{"id":6038,"url":"https:\/\/artstella-elixirs-floraux.com\/fr_fr\/produit\/elixir-ocean-n05-phi15ml\/","url_meta":{"origin":5045,"position":4},"title":"ELIXIR OCEAN N\u00b005 PHI15ML","author":"eveapprill","date":"9 mars 2025","format":false,"excerpt":"La honte et la culpabilit\u00e9 profond\u00e9ment ancr\u00e9es dans le subconscient peuvent se dissoudre. Action \u00e9nerg\u00e9tique sur le 2\u00e8me chakra, les reins et les organes sexuels.","rel":"","context":"Article similaire","block_context":{"text":"Article similaire","link":""},"img":{"alt_text":"","src":"https:\/\/i0.wp.com\/artstella-elixirs-floraux.com\/wp-content\/uploads\/2025\/03\/wp-image2043.png?resize=350%2C200&ssl=1","width":350,"height":200},"classes":[]},{"id":6060,"url":"https:\/\/artstella-elixirs-floraux.com\/fr_fr\/produit\/elixir-ocean-n16-phi-15ml\/","url_meta":{"origin":5045,"position":5},"title":"ELIXIR OCEAN N\u00b016 PHI 15ML","author":"eveapprill","date":"9 mars 2025","format":false,"excerpt":"L\u2019\u00e9lixir agit \u00e9nerg\u00e9tiquement en lib\u00e9rant des vieux sch\u00e9mas et sentiments. Les limitations int\u00e9rieures peuvent \u00eatre transform\u00e9es et les blocages dissouts. Cela contribue \u00e0 am\u00e9liorer la confiance en soi et il est alors plus ais\u00e9 d\u2019aborder les autres de fa\u00e7on plus cordiale et sans pr\u00e9jug\u00e9s.","rel":"","context":"Article similaire","block_context":{"text":"Article similaire","link":""},"img":{"alt_text":"","src":"https:\/\/i0.wp.com\/artstella-elixirs-floraux.com\/wp-content\/uploads\/2025\/03\/wp-image2054.png?resize=350%2C200&ssl=1","width":350,"height":200},"classes":[]}],"_links":{"self":[{"href":"https:\/\/artstella-elixirs-floraux.com\/fr_fr\/wp-json\/wp\/v2\/product\/5045","targetHints":{"allow":["GET"]}}],"collection":[{"href":"https:\/\/artstella-elixirs-floraux.com\/fr_fr\/wp-json\/wp\/v2\/product"}],"about":[{"href":"https:\/\/artstella-elixirs-floraux.com\/fr_fr\/wp-json\/wp\/v2\/types\/product"}],"version-history":[{"count":0,"href":"https:\/\/artstella-elixirs-floraux.com\/fr_fr\/wp-json\/wp\/v2\/product\/5045\/revisions"}],"wp:featuredmedia":[{"embeddable":true,"href":"https:\/\/artstella-elixirs-floraux.com\/fr_fr\/wp-json\/wp\/v2\/media\/5046"}],"wp:attachment":[{"href":"https:\/\/artstella-elixirs-floraux.com\/fr_fr\/wp-json\/wp\/v2\/media?parent=5045"}],"wp:term":[{"taxonomy":"product_brand","embeddable":true,"href":"https:\/\/artstella-elixirs-floraux.com\/fr_fr\/wp-json\/wp\/v2\/product_brand?post=5045"},{"taxonomy":"product_cat","embeddable":true,"href":"https:\/\/artstella-elixirs-floraux.com\/fr_fr\/wp-json\/wp\/v2\/product_cat?post=5045"},{"taxonomy":"product_tag","embeddable":true,"href":"https:\/\/artstella-elixirs-floraux.com\/fr_fr\/wp-json\/wp\/v2\/product_tag?post=5045"}],"curies":[{"name":"wp","href":"https:\/\/api.w.org\/{rel}","templated":true}]}}