{"id":5053,"date":"2025-03-09T13:37:40","date_gmt":"2025-03-09T13:37:40","guid":{"rendered":"https:\/\/artstella-elixirs-floraux.com\/product\/blue-green-tourmaline-alas-r-30ml\/"},"modified":"2025-04-09T15:22:33","modified_gmt":"2025-04-09T15:22:33","slug":"blue-green-tourmaline-alas-r-30ml","status":"publish","type":"product","link":"https:\/\/artstella-elixirs-floraux.com\/fr_fr\/produit\/blue-green-tourmaline-alas-r-30ml\/","title":{"rendered":"BLUE GREEN TOURMALINE ALAS R 30ML"},"content":{"rendered":"<p><strong>Qualit\u00e9\u00a0: <\/strong>clarifie, \u00e9largit et aligne le chakra du c\u0153ur dans une relation plus \u00e9volu\u00e9e avec le Moi Sup\u00e9rieur\u00a0; ouvre pour \u00e9tablir la paix et le r\u00e9confort en nous\u00a0; nous permet d\u2019incarner des fr\u00e9quences plus \u00e9lev\u00e9es de la sagesse Universelle\u00a0; nous aide \u00e0 passer d\u2019un esprit distrait ou capricieux \u00e0 un une force tranquille et une r\u00e9flexion personnelle.<\/p>\n","protected":false},"excerpt":{"rendered":"<p><strong>Blue Green Tourmaline \u2013 Tourmaline bleu vert<\/strong><\/p>\n<p>Indication : agitation, trouble int\u00e9rieur\u00a0; alignement vertical faible\u00a0; exc\u00e8s d\u2019\u00e9nergie mentale bloquant le flux descendant des forces spirituelles\u00a0; peur et r\u00e9sistance au niveau du c\u0153ur<\/p>\n","protected":false},"featured_media":5054,"template":"","meta":[],"product_brand":[],"product_cat":[117],"product_tag":[],"class_list":{"0":"post-5053","1":"product","2":"type-product","3":"status-publish","4":"has-post-thumbnail","6":"product_cat-les-elixirs-de-gemmes-supplementaires","8":"first","9":"instock","10":"taxable","11":"shipping-taxable","12":"purchasable","13":"product-type-variable"},"etheme_brands":{"errors":{"invalid_taxonomy":["Taxonomie non valide."]},"error_data":[]},"jetpack_sharing_enabled":true,"jetpack-related-posts":[{"id":5077,"url":"https:\/\/artstella-elixirs-floraux.com\/fr_fr\/produit\/green-tour-smoky-quartz-7-5m-g-sup\/","url_meta":{"origin":5053,"position":0},"title":"GREEN TOUR\/SMOKY QUARTZ 7.5M G SUP","author":"eveapprill","date":"9 mars 2025","format":false,"excerpt":"Green Tourmaline\/Smoky Quartz \u2013 Tourmaline verte\/quartz fum\u00e9 : Indication\u00a0: anxi\u00e9t\u00e9, tensions dans le corps, manque de synchronisation entre les diff\u00e9rentes parties du champ \u00e9nerg\u00e9tique et de la Terre\u00a0; difficult\u00e9 \u00e0 mener des activit\u00e9s coordonn\u00e9es apr\u00e8s un choc ou un bouleversement.","rel":"","context":"Article similaire","block_context":{"text":"Article similaire","link":""},"img":{"alt_text":"Les Elixirs de Gemmes en recherche","src":"https:\/\/i0.wp.com\/artstella-elixirs-floraux.com\/wp-content\/uploads\/2025\/03\/wp-image1410.png?resize=350%2C200&ssl=1","width":350,"height":200},"classes":[]},{"id":5069,"url":"https:\/\/artstella-elixirs-floraux.com\/fr_fr\/produit\/green-tour-verte-30ml-gem-sup\/","url_meta":{"origin":5053,"position":1},"title":"GREEN TOUR\/ VERTE 30ML GEM SUP","author":"eveapprill","date":"9 mars 2025","format":false,"excerpt":"Green Tourmaline \u2013 Tourmaline verte Indication : peurs et sentiments d\u2019inf\u00e9riorit\u00e9 bloquant les liens intimes du c\u0153ur aux autres\u00a0; manque de transparence dans les relations\u00a0; difficult\u00e9 \u00e0 rester pr\u00e9sent dans la confrontation \u00e0 de fortes \u00e9motions ou aux autres.","rel":"","context":"Article similaire","block_context":{"text":"Article similaire","link":""},"img":{"alt_text":"","src":"https:\/\/i0.wp.com\/artstella-elixirs-floraux.com\/wp-content\/uploads\/2025\/03\/wp-image1405.png?resize=350%2C200&ssl=1","width":350,"height":200},"classes":[]},{"id":2968,"url":"https:\/\/artstella-elixirs-floraux.com\/fr_fr\/produit\/tourmaline-rose-15-ml-phi\/","url_meta":{"origin":5053,"position":2},"title":"TOURMALINE ROSE 15 ML PHI","author":"eveapprill","date":"9 mars 2025","format":false,"excerpt":"Tourmaline rose (Turmalin rosa) Lib\u00e8re le chakra du c\u0153ur de blocages r\u00e9sultant d'exp\u00e9riences n\u00e9gatives de la vie. Lib\u00e8re le chakra du c\u0153ur et l'harmonise. \u00a0","rel":"","context":"Article similaire","block_context":{"text":"Article similaire","link":""},"img":{"alt_text":"","src":"https:\/\/i0.wp.com\/artstella-elixirs-floraux.com\/wp-content\/uploads\/2025\/03\/wp-image309.png?resize=350%2C200&ssl=1","width":350,"height":200},"classes":[]},{"id":2974,"url":"https:\/\/artstella-elixirs-floraux.com\/fr_fr\/produit\/tourmaline-melon-deau-15ml-phi\/","url_meta":{"origin":5053,"position":3},"title":"TOURMALINE MELON D&rsquo;EAU 15ML PHI","author":"eveapprill","date":"9 mars 2025","format":false,"excerpt":"Tourmaline melon d\u2019eau (Wassermelonen Turmalin) Agit \u00e9nerg\u00e9tiquement sur la structuration et le renouvellement des cellules. Stimule les forces d'auto gu\u00e9rison","rel":"","context":"Article similaire","block_context":{"text":"Article similaire","link":""},"img":{"alt_text":"","src":"https:\/\/i0.wp.com\/artstella-elixirs-floraux.com\/wp-content\/uploads\/2025\/03\/wp-image311.png?resize=350%2C200&ssl=1","width":350,"height":200},"classes":[]},{"id":5049,"url":"https:\/\/artstella-elixirs-floraux.com\/fr_fr\/produit\/black-tourmaline-master-q-7-5-ml\/","url_meta":{"origin":5053,"position":4},"title":"BLACK TOURMALINE MASTER Q 7.5 ML","author":"eveapprill","date":"9 mars 2025","format":false,"excerpt":"Black Tourmaline\/Master Quartz \u2013 Tourmaline noire \/quartz ma\u00eetre Indication flux d\u2019\u00e9nergie restreint dans certaines parties du corps\u00a0; haut niveau d\u2019\u00e9nergies toxiques dans les chakras\u00a0; incapacit\u00e9 \u00e0 int\u00e9grer l\u2019\u00e9nergie spirituelle avec la programmation de la survie.","rel":"","context":"Article similaire","block_context":{"text":"Article similaire","link":""},"img":{"alt_text":"","src":"https:\/\/i0.wp.com\/artstella-elixirs-floraux.com\/wp-content\/uploads\/2025\/03\/wp-image1400.png?resize=350%2C200&ssl=1","width":350,"height":200},"classes":[]},{"id":2971,"url":"https:\/\/artstella-elixirs-floraux.com\/fr_fr\/produit\/tourmaline-noire-15-ml-phi\/","url_meta":{"origin":5053,"position":5},"title":"TOURMALINE NOIRE 15 ML PHI","author":"eveapprill","date":"9 mars 2025","format":false,"excerpt":"Tourmaline noire (Turmalin schwarz) Aide les \u00eatres soumis aux rayonnements d'ordinateurs, d'appareils \u00e9lectriques et d'\u00e9crans. Contribue \u00e0 supprimer les vibrations n\u00e9gatives du corps et de l'esprit.","rel":"","context":"Article similaire","block_context":{"text":"Article similaire","link":""},"img":{"alt_text":"","src":"https:\/\/i0.wp.com\/artstella-elixirs-floraux.com\/wp-content\/uploads\/2025\/03\/wp-image310.png?resize=350%2C200&ssl=1","width":350,"height":200},"classes":[]}],"_links":{"self":[{"href":"https:\/\/artstella-elixirs-floraux.com\/fr_fr\/wp-json\/wp\/v2\/product\/5053","targetHints":{"allow":["GET"]}}],"collection":[{"href":"https:\/\/artstella-elixirs-floraux.com\/fr_fr\/wp-json\/wp\/v2\/product"}],"about":[{"href":"https:\/\/artstella-elixirs-floraux.com\/fr_fr\/wp-json\/wp\/v2\/types\/product"}],"version-history":[{"count":0,"href":"https:\/\/artstella-elixirs-floraux.com\/fr_fr\/wp-json\/wp\/v2\/product\/5053\/revisions"}],"wp:featuredmedia":[{"embeddable":true,"href":"https:\/\/artstella-elixirs-floraux.com\/fr_fr\/wp-json\/wp\/v2\/media\/5054"}],"wp:attachment":[{"href":"https:\/\/artstella-elixirs-floraux.com\/fr_fr\/wp-json\/wp\/v2\/media?parent=5053"}],"wp:term":[{"taxonomy":"product_brand","embeddable":true,"href":"https:\/\/artstella-elixirs-floraux.com\/fr_fr\/wp-json\/wp\/v2\/product_brand?post=5053"},{"taxonomy":"product_cat","embeddable":true,"href":"https:\/\/artstella-elixirs-floraux.com\/fr_fr\/wp-json\/wp\/v2\/product_cat?post=5053"},{"taxonomy":"product_tag","embeddable":true,"href":"https:\/\/artstella-elixirs-floraux.com\/fr_fr\/wp-json\/wp\/v2\/product_tag?post=5053"}],"curies":[{"name":"wp","href":"https:\/\/api.w.org\/{rel}","templated":true}]}}