{"id":5058,"date":"2025-03-09T13:37:44","date_gmt":"2025-03-09T13:37:44","guid":{"rendered":"https:\/\/artstella-elixirs-floraux.com\/product\/celestite-alas-gem-recher-30ml\/"},"modified":"2025-04-09T15:21:04","modified_gmt":"2025-04-09T15:21:04","slug":"celestite-alas-gem-recher-30ml","status":"publish","type":"product","link":"https:\/\/artstella-elixirs-floraux.com\/fr_fr\/produit\/celestite-alas-gem-recher-30ml\/","title":{"rendered":"CELESTITE ALAS GEM RECHER 30ML"},"content":{"rendered":"<p><strong>Qualit\u00e9s\u00a0: <\/strong>ouvre en douceur, clarifie et aligne les chakras sup\u00e9rieurs avec les royaumes divin et ang\u00e9liques\u00a0; restructure notre vision aussi bien int\u00e9rieure qu\u2019ext\u00e9rieure pour voir clairement le monde \u00e0 partir d\u2019une perspective spirituelle\u00a0; gu\u00e9rit la tristesse contenue dans le c\u0153ur due \u00e0 des exp\u00e9riences de perte et de s\u00e9paration\u00a0; aide \u00e0 identifier et \u00e0 se lib\u00e9rer des causes des tensions physiques dans le corps.<\/p>\n","protected":false},"excerpt":{"rendered":"<p><strong>Celestite<\/strong> \u2013 <strong>C\u00e9lestite<\/strong><\/p>\n<p><strong>Indication : <\/strong>tristesses non r\u00e9solues\u00a0; angoisses r\u00e9sultant de pertes pass\u00e9es\u00a0; anxi\u00e9t\u00e9 de s\u00e9paration\u00a0; vision int\u00e9rieure et ext\u00e9rieure bloqu\u00e9e par la tension et la douleur.<\/p>\n","protected":false},"featured_media":5059,"template":"","meta":[],"product_brand":[],"product_cat":[117],"product_tag":[],"class_list":{"0":"post-5058","1":"product","2":"type-product","3":"status-publish","4":"has-post-thumbnail","6":"product_cat-les-elixirs-de-gemmes-supplementaires","8":"first","9":"instock","10":"taxable","11":"shipping-taxable","12":"purchasable","13":"product-type-variable"},"etheme_brands":{"errors":{"invalid_taxonomy":["Taxonomie non valide."]},"error_data":[]},"jetpack_sharing_enabled":true,"jetpack-related-posts":[{"id":2264,"url":"https:\/\/artstella-elixirs-floraux.com\/fr_fr\/produit\/river-beauty-alaskan\/","url_meta":{"origin":5058,"position":0},"title":"River beauty Alaskan","author":"eveapprill","date":"9 mars 2025","format":false,"excerpt":"River beauty. Epilobium latifolium An\u00e9antissement \u00e9motionnel ; d\u00e9pass\u00e9 par le chagrin et la tristesse, ou un sentiment intense de perte ;","rel":"","context":"Article similaire","block_context":{"text":"Article similaire","link":""},"img":{"alt_text":"","src":"https:\/\/i0.wp.com\/artstella-elixirs-floraux.com\/wp-content\/uploads\/2025\/03\/wp-image577.png?resize=350%2C200&ssl=1","width":350,"height":200},"classes":[]},{"id":3336,"url":"https:\/\/artstella-elixirs-floraux.com\/fr_fr\/produit\/shadow-cactus-15ml-phi\/","url_meta":{"origin":5058,"position":1},"title":"SHADOW CACTUS 15ML PHI","author":"eveapprill","date":"9 mars 2025","format":false,"excerpt":"Shadow cactus (Caalluma russelliana) Lib\u00e8re les tensions du plexus solaire. Nous prenons conscience des processus int\u00e9rieurs et pouvons ainsi nous en lib\u00e9rer. Nous pouvons nous s\u00e9parer de nos \u00ab\u00a0ombres\u00a0\u00bb et apprendre \u00e0 accepter la \u00ab\u00a0mort\u00a0\u00bb pour vivre une vie plus consciente.","rel":"","context":"Article similaire","block_context":{"text":"Article similaire","link":""},"img":{"alt_text":"","src":"https:\/\/i0.wp.com\/artstella-elixirs-floraux.com\/wp-content\/uploads\/2025\/03\/wp-image355.png?resize=350%2C200&ssl=1","width":350,"height":200},"classes":[]},{"id":4987,"url":"https:\/\/artstella-elixirs-floraux.com\/fr_fr\/produit\/reindeer-moss-alaska-f-sup\/","url_meta":{"origin":5058,"position":2},"title":"REINDEER MOSS ALASKA F SUP","author":"eveapprill","date":"9 mars 2025","format":false,"excerpt":"Reindeer Moss Cladina rangiferina Lichen des caribous Indications\u00a0: d\u00e9racinement\u00a0; d\u00e9connexion\u00a0; d\u00e9plac\u00e9\u00a0; tristesse\u00a0; d\u00e9couragement, d\u00e9sespoir\u00a0; changements importants et soudains dans la vie hors de notre contr\u00f4le tel que perdre sa maison, son travail.","rel":"","context":"Article similaire","block_context":{"text":"Article similaire","link":""},"img":{"alt_text":"","src":"","width":0,"height":0},"classes":[]},{"id":4892,"url":"https:\/\/artstella-elixirs-floraux.com\/fr_fr\/produit\/cloudberry-alaskan-f-sup\/","url_meta":{"origin":5058,"position":3},"title":"CLOUDBERRY ALASKAN F SUP","author":"eveapprill","date":"9 mars 2025","format":false,"excerpt":"CLOUDBERRY Indications : trouble vision int\u00e9rieure ; vous cherchez \u00e0 l'ext\u00e9rieur de nous-m\u00eames insight et r\u00e9ponses ; toujours d\u00e9bord\u00e9s avec pr\u00e9cision ; obs\u00e9d\u00e9 par essayer de comprendre les choses.","rel":"","context":"Article similaire","block_context":{"text":"Article similaire","link":""},"img":{"alt_text":"","src":"https:\/\/i0.wp.com\/artstella-elixirs-floraux.com\/wp-content\/uploads\/2025\/03\/wp-image1378.png?resize=350%2C200&ssl=1","width":350,"height":200},"classes":[]},{"id":5066,"url":"https:\/\/artstella-elixirs-floraux.com\/fr_fr\/produit\/diopside-7-5ml-alaska-gem-sup\/","url_meta":{"origin":5058,"position":4},"title":"DIOPSIDE 7.5ML ALASKA GEM SUP","author":"eveapprill","date":"9 mars 2025","format":false,"excerpt":"Diopside \u2013 Diopside Indication\u00a0: peur de l\u2019abandon, de dispara\u00eetre, mauvaise estime de soi et de sa valeur\u00a0; attitudes compulsives et n\u00e9gatives envers soi-m\u00eame\u00a0; surcompensation \u00e0 cause d\u2019un sentiment d\u2019inf\u00e9riorit\u00e9\u00a0; manque d\u2019intimit\u00e9 dans les relations avec les autres et soi-m\u00eame.","rel":"","context":"Article similaire","block_context":{"text":"Article similaire","link":""},"img":{"alt_text":"","src":"","width":0,"height":0},"classes":[]},{"id":12358,"url":"https:\/\/artstella-elixirs-floraux.com\/fr_fr\/produit\/or-oro-15ml-sylfos\/","url_meta":{"origin":5058,"position":5},"title":"OR &#8211; ORO 15ml Sylfos","author":"eveapprill","date":"16 mars 2026","format":false,"excerpt":"L'opale andine aide \u00e0 lib\u00e9rer les \u00e9motions refoul\u00e9es et \u00e0 exprimer ses sentiments avec plus de fluidit\u00e9. Elle est utile en cas de tristesse, de nostalgie ou de blocage affectif. Son \u00e9nergie adoucit le c\u0153ur et favorise l'empathie. Elle apporte un soulagement \u00e9motionnel et une ouverture int\u00e9rieure.","rel":"","context":"Article similaire","block_context":{"text":"Article similaire","link":""},"img":{"alt_text":"","src":"https:\/\/i0.wp.com\/artstella-elixirs-floraux.com\/wp-content\/uploads\/2026\/03\/Oro_1.png?resize=350%2C200&ssl=1","width":350,"height":200},"classes":[]}],"_links":{"self":[{"href":"https:\/\/artstella-elixirs-floraux.com\/fr_fr\/wp-json\/wp\/v2\/product\/5058","targetHints":{"allow":["GET"]}}],"collection":[{"href":"https:\/\/artstella-elixirs-floraux.com\/fr_fr\/wp-json\/wp\/v2\/product"}],"about":[{"href":"https:\/\/artstella-elixirs-floraux.com\/fr_fr\/wp-json\/wp\/v2\/types\/product"}],"version-history":[{"count":0,"href":"https:\/\/artstella-elixirs-floraux.com\/fr_fr\/wp-json\/wp\/v2\/product\/5058\/revisions"}],"wp:featuredmedia":[{"embeddable":true,"href":"https:\/\/artstella-elixirs-floraux.com\/fr_fr\/wp-json\/wp\/v2\/media\/5059"}],"wp:attachment":[{"href":"https:\/\/artstella-elixirs-floraux.com\/fr_fr\/wp-json\/wp\/v2\/media?parent=5058"}],"wp:term":[{"taxonomy":"product_brand","embeddable":true,"href":"https:\/\/artstella-elixirs-floraux.com\/fr_fr\/wp-json\/wp\/v2\/product_brand?post=5058"},{"taxonomy":"product_cat","embeddable":true,"href":"https:\/\/artstella-elixirs-floraux.com\/fr_fr\/wp-json\/wp\/v2\/product_cat?post=5058"},{"taxonomy":"product_tag","embeddable":true,"href":"https:\/\/artstella-elixirs-floraux.com\/fr_fr\/wp-json\/wp\/v2\/product_tag?post=5058"}],"curies":[{"name":"wp","href":"https:\/\/api.w.org\/{rel}","templated":true}]}}