{"id":5062,"date":"2025-03-09T13:37:48","date_gmt":"2025-03-09T13:37:48","guid":{"rendered":"https:\/\/artstella-elixirs-floraux.com\/product\/cinnabar-7-5ml-alas-gem-sup\/"},"modified":"2025-04-09T15:19:42","modified_gmt":"2025-04-09T15:19:42","slug":"cinnabar-7-5ml-alas-gem-sup","status":"publish","type":"product","link":"https:\/\/artstella-elixirs-floraux.com\/fr_fr\/produit\/cinnabar-7-5ml-alas-gem-sup\/","title":{"rendered":"CINNABAR 7.5ML ALAS GEM SUP"},"content":{"rendered":"<p><strong>Qualit\u00e9s : <\/strong>permet de clarifier les profondes tristesses \u00e9motionnelles et de vieilles \u00e9nergies karmiques contenues dans les chakras inf\u00e9rieurs et dans les corps subtils de la terre\u00a0; agit au niveau des pieds et dans le bas des corps subtils pour accro\u00eetre le flot d\u2019\u00e9nergie provenant de la terre.<\/p>\n","protected":false},"excerpt":{"rendered":"<p><strong>Cinnabar<\/strong> \u2013<\/p>\n<p><strong>Indication : <\/strong>profonde tristesse et douleurs provenant de probl\u00e9matiques ancestrales et karmiques non r\u00e9solues\u00a0; remords, r\u00e9signation et d\u00e9sespoir hors de proportions\u00a0; attitude de victime.<\/p>\n","protected":false},"featured_media":5063,"template":"","meta":[],"product_brand":[],"product_cat":[117],"product_tag":[],"class_list":{"0":"post-5062","1":"product","2":"type-product","3":"status-publish","4":"has-post-thumbnail","6":"product_cat-les-elixirs-de-gemmes-supplementaires","8":"first","9":"instock","10":"taxable","11":"shipping-taxable","12":"purchasable","13":"product-type-variable"},"etheme_brands":{"errors":{"invalid_taxonomy":["Taxonomie non valide."]},"error_data":[]},"jetpack_sharing_enabled":true,"jetpack-related-posts":[{"id":2452,"url":"https:\/\/artstella-elixirs-floraux.com\/fr_fr\/produit\/chrysoprase\/","url_meta":{"origin":5062,"position":0},"title":"CHRYSOPRASE","author":"eveapprill","date":"9 mars 2025","format":false,"excerpt":"CHRYSOPRASE Am\u00e8ne le c\u0153ur \u00e0 s\u2019unir harmonieusement avec la fr\u00e9quence de l\u2019\u00e9nergie verte de la plan\u00e8te ; synchronise les corps subtils avec l\u2019\u00e9nergie du c\u0153ur de la Terre ; nous aide \u00e0 accepter la Terre comme notre maison","rel":"","context":"Article similaire","block_context":{"text":"Article similaire","link":""},"img":{"alt_text":"","src":"https:\/\/i0.wp.com\/artstella-elixirs-floraux.com\/wp-content\/uploads\/2025\/03\/wp-image188.png?resize=350%2C200&ssl=1","width":350,"height":200,"srcset":"https:\/\/i0.wp.com\/artstella-elixirs-floraux.com\/wp-content\/uploads\/2025\/03\/wp-image188.png?resize=350%2C200&ssl=1 1x, https:\/\/i0.wp.com\/artstella-elixirs-floraux.com\/wp-content\/uploads\/2025\/03\/wp-image188.png?resize=525%2C300&ssl=1 1.5x, https:\/\/i0.wp.com\/artstella-elixirs-floraux.com\/wp-content\/uploads\/2025\/03\/wp-image188.png?resize=700%2C400&ssl=1 2x"},"classes":[]},{"id":5108,"url":"https:\/\/artstella-elixirs-floraux.com\/fr_fr\/produit\/tourmalated-quartz-30-ml-gem-sup\/","url_meta":{"origin":5062,"position":1},"title":"TOURMALATED QUARTZ 30 ML GEM SUP","author":"eveapprill","date":"9 avril 2025","format":false,"excerpt":"Tourmalated Quartz \u2013 Quartz tourmaline Indications\u00a0: flux d\u2019\u00e9nergie congestionn\u00e9 ou d\u00e9s\u00e9quilibr\u00e9 entre les chakras et les corps subtils\u00a0; \u00e9nergie toxique dans l\u2019aura\u00a0; manque de circulation dans les chakras inf\u00e9rieurs d\u2019\u00e9nergies spirituelles","rel":"","context":"Article similaire","block_context":{"text":"Article similaire","link":""},"img":{"alt_text":"","src":"https:\/\/i0.wp.com\/artstella-elixirs-floraux.com\/wp-content\/uploads\/2025\/03\/wp-image1420.png?resize=350%2C200&ssl=1","width":350,"height":200},"classes":[]},{"id":5470,"url":"https:\/\/artstella-elixirs-floraux.com\/fr_fr\/produit\/ornithogale-etoile-de-b-bloes-10ml\/","url_meta":{"origin":5062,"position":2},"title":"Ornithogale \u00c9toile de B BLOES 10ML","author":"eveapprill","date":"9 mars 2025","format":false,"excerpt":"\u00c9toile de Bethlehem \/ Ornithogalum umbellatum (Star of Bethlehem) Ouvre \u00e0 l\u2019\u00e9nergie universelle et \u00e0 la connexion avec le moi sup\u00e9rieur.","rel":"","context":"Article similaire","block_context":{"text":"Article similaire","link":""},"img":{"alt_text":"","src":"","width":0,"height":0},"classes":[]},{"id":3647,"url":"https:\/\/artstella-elixirs-floraux.com\/fr_fr\/produit\/48-releasing-karmic-patterns-ltoe-15-ml\/","url_meta":{"origin":5062,"position":3},"title":"48. RELEASING KARMIC PATTERNS LTOE 15 ML","author":"eveapprill","date":"9 mars 2025","format":false,"excerpt":"Releasing Karmic Patterns\/ Lib\u00e9ration des sch\u00e9mas karmiques Lib\u00e8re les sch\u00e9mas karmiques, croyances rigides et id\u00e9es pr\u00e9con\u00e7ues, du 8e chakra, l\u00e0 o\u00f9 sont enregistr\u00e9s les abus pass\u00e9s du savoir et du pouvoir spirituels","rel":"","context":"Article similaire","block_context":{"text":"Article similaire","link":""},"img":{"alt_text":"","src":"https:\/\/i0.wp.com\/artstella-elixirs-floraux.com\/wp-content\/uploads\/2025\/03\/b3b9ee13-a2d2-42ad-8495-cd83129b6f34.jpg?resize=350%2C200&ssl=1","width":350,"height":200,"srcset":"https:\/\/i0.wp.com\/artstella-elixirs-floraux.com\/wp-content\/uploads\/2025\/03\/b3b9ee13-a2d2-42ad-8495-cd83129b6f34.jpg?resize=350%2C200&ssl=1 1x, https:\/\/i0.wp.com\/artstella-elixirs-floraux.com\/wp-content\/uploads\/2025\/03\/b3b9ee13-a2d2-42ad-8495-cd83129b6f34.jpg?resize=525%2C300&ssl=1 1.5x, https:\/\/i0.wp.com\/artstella-elixirs-floraux.com\/wp-content\/uploads\/2025\/03\/b3b9ee13-a2d2-42ad-8495-cd83129b6f34.jpg?resize=700%2C400&ssl=1 2x"},"classes":[]},{"id":3591,"url":"https:\/\/artstella-elixirs-floraux.com\/fr_fr\/produit\/22-healing-the-higher-heart-lto-15-ml\/","url_meta":{"origin":5062,"position":4},"title":"Gu\u00e9rir le Coeur profond 15 ml LTO","author":"eveapprill","date":"9 mars 2025","format":false,"excerpt":"Healing the higher Heart \/ Gu\u00e9rir le Coeur profond ( Vascostylis Roll on REd) Cette orchid\u00e9e a donn\u00e9 deux \u00e9lixirs : \"Spirit of the higher heart\" et celui-ci auquel a \u00e9t\u00e9 ajout\u00e9 un \u00e9lixir d'or de 24 carats qui en augmente","rel":"","context":"Article similaire","block_context":{"text":"Article similaire","link":""},"img":{"alt_text":"","src":"https:\/\/i0.wp.com\/artstella-elixirs-floraux.com\/wp-content\/uploads\/2025\/03\/a754891c-844e-4215-981b-f8ca5ffa55a9.jpg?resize=350%2C200&ssl=1","width":350,"height":200,"srcset":"https:\/\/i0.wp.com\/artstella-elixirs-floraux.com\/wp-content\/uploads\/2025\/03\/a754891c-844e-4215-981b-f8ca5ffa55a9.jpg?resize=350%2C200&ssl=1 1x, https:\/\/i0.wp.com\/artstella-elixirs-floraux.com\/wp-content\/uploads\/2025\/03\/a754891c-844e-4215-981b-f8ca5ffa55a9.jpg?resize=525%2C300&ssl=1 1.5x, https:\/\/i0.wp.com\/artstella-elixirs-floraux.com\/wp-content\/uploads\/2025\/03\/a754891c-844e-4215-981b-f8ca5ffa55a9.jpg?resize=700%2C400&ssl=1 2x"},"classes":[]},{"id":4896,"url":"https:\/\/artstella-elixirs-floraux.com\/fr_fr\/produit\/club-moss-alaska-f-sup\/","url_meta":{"origin":5062,"position":5},"title":"CLUB MOSS ALASKA F SUP","author":"eveapprill","date":"9 mars 2025","format":false,"excerpt":"Club Moss Indications : sans fondement ; r\u00e9sistance \u00e0 sa pr\u00e9sence sur la terre ; peu ou pas conscience de son lien avec la plan\u00e8te","rel":"","context":"Article similaire","block_context":{"text":"Article similaire","link":""},"img":{"alt_text":"","src":"https:\/\/i0.wp.com\/artstella-elixirs-floraux.com\/wp-content\/uploads\/2025\/03\/wp-image1379.png?resize=350%2C200&ssl=1","width":350,"height":200},"classes":[]}],"_links":{"self":[{"href":"https:\/\/artstella-elixirs-floraux.com\/fr_fr\/wp-json\/wp\/v2\/product\/5062","targetHints":{"allow":["GET"]}}],"collection":[{"href":"https:\/\/artstella-elixirs-floraux.com\/fr_fr\/wp-json\/wp\/v2\/product"}],"about":[{"href":"https:\/\/artstella-elixirs-floraux.com\/fr_fr\/wp-json\/wp\/v2\/types\/product"}],"version-history":[{"count":0,"href":"https:\/\/artstella-elixirs-floraux.com\/fr_fr\/wp-json\/wp\/v2\/product\/5062\/revisions"}],"wp:featuredmedia":[{"embeddable":true,"href":"https:\/\/artstella-elixirs-floraux.com\/fr_fr\/wp-json\/wp\/v2\/media\/5063"}],"wp:attachment":[{"href":"https:\/\/artstella-elixirs-floraux.com\/fr_fr\/wp-json\/wp\/v2\/media?parent=5062"}],"wp:term":[{"taxonomy":"product_brand","embeddable":true,"href":"https:\/\/artstella-elixirs-floraux.com\/fr_fr\/wp-json\/wp\/v2\/product_brand?post=5062"},{"taxonomy":"product_cat","embeddable":true,"href":"https:\/\/artstella-elixirs-floraux.com\/fr_fr\/wp-json\/wp\/v2\/product_cat?post=5062"},{"taxonomy":"product_tag","embeddable":true,"href":"https:\/\/artstella-elixirs-floraux.com\/fr_fr\/wp-json\/wp\/v2\/product_tag?post=5062"}],"curies":[{"name":"wp","href":"https:\/\/api.w.org\/{rel}","templated":true}]}}