{"id":5093,"date":"2025-03-09T13:38:18","date_gmt":"2025-03-09T13:38:18","guid":{"rendered":"https:\/\/artstella-elixirs-floraux.com\/product\/pink-quartz-rose-7-5-ml-alas-g-sup\/"},"modified":"2025-04-09T14:56:38","modified_gmt":"2025-04-09T14:56:38","slug":"pink-quartz-rose-7-5-ml-alas-g-sup","status":"publish","type":"product","link":"https:\/\/artstella-elixirs-floraux.com\/fr_fr\/produit\/pink-quartz-rose-7-5-ml-alas-g-sup\/","title":{"rendered":"PINK QUARTZ ROSE 7.5 ML ALAS G SUP"},"content":{"rendered":"<p><strong>Qualit\u00e9 : <\/strong>une douce et merveilleuse \u00e9nergie qui nous aide \u00e0 gu\u00e9rir ce qui emp\u00eache de vivre avec le c\u0153ur\u00a0ouvert; aide \u00e0 traverser des souffrances profondes de fa\u00e7on \u00e0 pouvoir ensuite aider les autres \u00e0 faire de m\u00eame.<\/p>\n","protected":false},"excerpt":{"rendered":"<p><strong>Pink Quartz<\/strong> \u2013 <strong>Quartz Rose<\/strong><\/p>\n<p><strong>Indication : <\/strong>grande douleur \u00e9motionnelle\u00a0; angoisse et souffrance\u00a0; attachement \u00e0 la souffrance\u00a0; manque de compassion pour soi-m\u00eame et les autres\u00a0; comportement de victime\u00a0; se lamente par rapport \u00e0 des actions ou des \u00e9v\u00e9nements pass\u00e9s.<\/p>\n","protected":false},"featured_media":0,"template":"","meta":[],"product_brand":[],"product_cat":[117],"product_tag":[],"class_list":{"0":"post-5093","1":"product","2":"type-product","3":"status-publish","5":"product_cat-les-elixirs-de-gemmes-supplementaires","7":"first","8":"instock","9":"taxable","10":"shipping-taxable","11":"purchasable","12":"product-type-variable"},"etheme_brands":{"errors":{"invalid_taxonomy":["Taxonomie non valide."]},"error_data":[]},"jetpack_sharing_enabled":true,"jetpack-related-posts":[{"id":2572,"url":"https:\/\/artstella-elixirs-floraux.com\/fr_fr\/produit\/quartz-rose\/","url_meta":{"origin":5093,"position":0},"title":"QUARTZ ROSE","author":"eveapprill","date":"9 mars 2025","format":false,"excerpt":"Quartz rose Ouvre, adoucit et tranquillise le c\u0153ur ; nous aide \u00e0 nous connecter \u00e0 et \u00e0 nourrir notre enfant int\u00e9rieur ; harmonise les forces du c\u0153ur de fa\u00e7on \u00e0 pouvoir rester intime avec soi-m\u00eame et les autres.","rel":"","context":"Article similaire","block_context":{"text":"Article similaire","link":""},"img":{"alt_text":"","src":"","width":0,"height":0},"classes":[]},{"id":5100,"url":"https:\/\/artstella-elixirs-floraux.com\/fr_fr\/produit\/rose-smoky-quartz-gems-rech-7-5ml\/","url_meta":{"origin":5093,"position":1},"title":"ROSE SMOKY QUARTZ GEMS RECH 7.5ML","author":"eveapprill","date":"9 mars 2025","format":false,"excerpt":"Rose\/Smoky Quartz \u2013 Quartz rose-quartz fume Indication\u00a0: honte\u00a0; sentiments de culpabilit\u00e9\u00a0; difficult\u00e9s \u00e0 accepter des actions pass\u00e9es et leurs cons\u00e9quences\u00a0; connexion faible entre le chakra du c\u0153ur et la Terre.","rel":"","context":"Article similaire","block_context":{"text":"Article similaire","link":""},"img":{"alt_text":"","src":"https:\/\/i0.wp.com\/artstella-elixirs-floraux.com\/wp-content\/uploads\/2025\/03\/wp-image1416.png?resize=350%2C200&ssl=1","width":350,"height":200},"classes":[]},{"id":12345,"url":"https:\/\/artstella-elixirs-floraux.com\/fr_fr\/produit\/quartz-rose-cuarzo-rosa-15ml-sylfos\/","url_meta":{"origin":5093,"position":2},"title":"QUARTZ ROSE &#8211; CUARZO ROSA 15ml Sylfos","author":"eveapprill","date":"16 mars 2026","format":false,"excerpt":"Le quartz fum\u00e9 apporte stabilit\u00e9, ancrage et protection face \u00e0 la surcharge \u00e9motionnelle. Il aide \u00e0 lib\u00e9rer les tensions et \u00e0 contenir les \u00e9motions sans d\u00e9bordement. Il est utile en cas d'anxi\u00e9t\u00e9, de peur diffuse ou d'hypersensibilit\u00e9. Son \u00e9nergie transforme l'instabilit\u00e9 en s\u00e9curit\u00e9 et en pr\u00e9sence.","rel":"","context":"Article similaire","block_context":{"text":"Article similaire","link":""},"img":{"alt_text":"","src":"https:\/\/i0.wp.com\/artstella-elixirs-floraux.com\/wp-content\/uploads\/2026\/03\/CuarzoRosa_1.png?resize=350%2C200&ssl=1","width":350,"height":200},"classes":[]},{"id":2947,"url":"https:\/\/artstella-elixirs-floraux.com\/fr_fr\/produit\/quartz-fume-phi-15-ml\/","url_meta":{"origin":5093,"position":3},"title":"QUARTZ FUME PHI 15 ML","author":"eveapprill","date":"9 mars 2025","format":false,"excerpt":"Quartz fum\u00e9 (Rauchquarz) Aide \u00e0 voir les parties sombres de l'\u00e2me et \u00e0 les admettre. Nous apprenons ainsi \u00e0 nous accepter tels que nous sommes.","rel":"","context":"Article similaire","block_context":{"text":"Article similaire","link":""},"img":{"alt_text":"","src":"https:\/\/i0.wp.com\/artstella-elixirs-floraux.com\/wp-content\/uploads\/2025\/03\/wp-image302.png?resize=350%2C200&ssl=1","width":350,"height":200},"classes":[]},{"id":2956,"url":"https:\/\/artstella-elixirs-floraux.com\/fr_fr\/produit\/quartz-rutile-15-ml-phi\/","url_meta":{"origin":5093,"position":4},"title":"QUARTZ RUTILE 15 ML PHI","author":"eveapprill","date":"9 mars 2025","format":false,"excerpt":"Quartz rutile (Rutilquarz) Aide \u00e0 trouver la racine de nos probl\u00e8mes et apporte la lumi\u00e8re dans notre \u00e2me.","rel":"","context":"Article similaire","block_context":{"text":"Article similaire","link":""},"img":{"alt_text":"","src":"https:\/\/i0.wp.com\/artstella-elixirs-floraux.com\/wp-content\/uploads\/2025\/03\/wp-image305.png?resize=350%2C200&ssl=1","width":350,"height":200},"classes":[]},{"id":2950,"url":"https:\/\/artstella-elixirs-floraux.com\/fr_fr\/produit\/quartz-rose-15-ml-phi\/","url_meta":{"origin":5093,"position":5},"title":"QUARTZ ROSE 15 ML PHI","author":"eveapprill","date":"9 mars 2025","format":false,"excerpt":"Quartz rose (Rosenquarz) Dissout la n\u00e9gativit\u00e9 par la douceur et l'amour. Apporte une vibration douce, calme et pleine d'amour, harmonise le corps \u00e9motionnel.","rel":"","context":"Article similaire","block_context":{"text":"Article similaire","link":""},"img":{"alt_text":"","src":"https:\/\/i0.wp.com\/artstella-elixirs-floraux.com\/wp-content\/uploads\/2025\/03\/wp-image637.png?resize=350%2C200&ssl=1","width":350,"height":200},"classes":[]}],"_links":{"self":[{"href":"https:\/\/artstella-elixirs-floraux.com\/fr_fr\/wp-json\/wp\/v2\/product\/5093","targetHints":{"allow":["GET"]}}],"collection":[{"href":"https:\/\/artstella-elixirs-floraux.com\/fr_fr\/wp-json\/wp\/v2\/product"}],"about":[{"href":"https:\/\/artstella-elixirs-floraux.com\/fr_fr\/wp-json\/wp\/v2\/types\/product"}],"version-history":[{"count":0,"href":"https:\/\/artstella-elixirs-floraux.com\/fr_fr\/wp-json\/wp\/v2\/product\/5093\/revisions"}],"wp:attachment":[{"href":"https:\/\/artstella-elixirs-floraux.com\/fr_fr\/wp-json\/wp\/v2\/media?parent=5093"}],"wp:term":[{"taxonomy":"product_brand","embeddable":true,"href":"https:\/\/artstella-elixirs-floraux.com\/fr_fr\/wp-json\/wp\/v2\/product_brand?post=5093"},{"taxonomy":"product_cat","embeddable":true,"href":"https:\/\/artstella-elixirs-floraux.com\/fr_fr\/wp-json\/wp\/v2\/product_cat?post=5093"},{"taxonomy":"product_tag","embeddable":true,"href":"https:\/\/artstella-elixirs-floraux.com\/fr_fr\/wp-json\/wp\/v2\/product_tag?post=5093"}],"curies":[{"name":"wp","href":"https:\/\/api.w.org\/{rel}","templated":true}]}}