{"id":5100,"date":"2025-03-09T13:38:25","date_gmt":"2025-03-09T13:38:25","guid":{"rendered":"https:\/\/artstella-elixirs-floraux.com\/product\/rose-smoky-quartz-gems-rech-7-5ml\/"},"modified":"2025-04-09T14:54:02","modified_gmt":"2025-04-09T14:54:02","slug":"rose-smoky-quartz-gems-rech-7-5ml","status":"publish","type":"product","link":"https:\/\/artstella-elixirs-floraux.com\/fr_fr\/produit\/rose-smoky-quartz-gems-rech-7-5ml\/","title":{"rendered":"ROSE SMOKY QUARTZ GEMS RECH 7.5ML"},"content":{"rendered":"<p><strong>Qualit\u00e9s : <\/strong>synchronise le c\u0153ur avec la vibration de la Terre et la fr\u00e9quence d\u2019amour\u00a0; nous aide \u00e0 transformer l\u2019\u00e9nergie de l\u2019ombre \u00e0 l\u2019acceptation\u00a0; facilite les processus de nettoyage et de clarification des \u00e9nergies denses dans le c\u0153ur et le corps gr\u00e2ce \u00e0 l\u2019enracinement, l\u2019acceptation et la conscience de la protection Divine.<\/p>\n","protected":false},"excerpt":{"rendered":"<p><strong>Rose\/Smoky Quartz<\/strong> \u2013 <strong>Quartz rose-quartz fume<\/strong><\/p>\n<p><strong>Indication\u00a0: <\/strong>honte\u00a0; sentiments de culpabilit\u00e9\u00a0; difficult\u00e9s \u00e0 accepter des actions pass\u00e9es et leurs cons\u00e9quences\u00a0; connexion faible entre le chakra du c\u0153ur et la Terre.<\/p>\n","protected":false},"featured_media":5101,"template":"","meta":[],"product_brand":[],"product_cat":[117],"product_tag":[],"class_list":{"0":"post-5100","1":"product","2":"type-product","3":"status-publish","4":"has-post-thumbnail","6":"product_cat-les-elixirs-de-gemmes-supplementaires","8":"first","9":"instock","10":"taxable","11":"shipping-taxable","12":"purchasable","13":"product-type-variable"},"etheme_brands":{"errors":{"invalid_taxonomy":["Taxonomie non valide."]},"error_data":[]},"jetpack_sharing_enabled":true,"jetpack-related-posts":[{"id":5077,"url":"https:\/\/artstella-elixirs-floraux.com\/fr_fr\/produit\/green-tour-smoky-quartz-7-5m-g-sup\/","url_meta":{"origin":5100,"position":0},"title":"GREEN TOUR\/SMOKY QUARTZ 7.5M G SUP","author":"eveapprill","date":"9 mars 2025","format":false,"excerpt":"Green Tourmaline\/Smoky Quartz \u2013 Tourmaline verte\/quartz fum\u00e9 : Indication\u00a0: anxi\u00e9t\u00e9, tensions dans le corps, manque de synchronisation entre les diff\u00e9rentes parties du champ \u00e9nerg\u00e9tique et de la Terre\u00a0; difficult\u00e9 \u00e0 mener des activit\u00e9s coordonn\u00e9es apr\u00e8s un choc ou un bouleversement.","rel":"","context":"Article similaire","block_context":{"text":"Article similaire","link":""},"img":{"alt_text":"Les Elixirs de Gemmes en recherche","src":"https:\/\/i0.wp.com\/artstella-elixirs-floraux.com\/wp-content\/uploads\/2025\/03\/wp-image1410.png?resize=350%2C200&ssl=1","width":350,"height":200},"classes":[]},{"id":2572,"url":"https:\/\/artstella-elixirs-floraux.com\/fr_fr\/produit\/quartz-rose\/","url_meta":{"origin":5100,"position":1},"title":"QUARTZ ROSE","author":"eveapprill","date":"9 mars 2025","format":false,"excerpt":"Quartz rose Ouvre, adoucit et tranquillise le c\u0153ur ; nous aide \u00e0 nous connecter \u00e0 et \u00e0 nourrir notre enfant int\u00e9rieur ; harmonise les forces du c\u0153ur de fa\u00e7on \u00e0 pouvoir rester intime avec soi-m\u00eame et les autres.","rel":"","context":"Article similaire","block_context":{"text":"Article similaire","link":""},"img":{"alt_text":"","src":"","width":0,"height":0},"classes":[]},{"id":5093,"url":"https:\/\/artstella-elixirs-floraux.com\/fr_fr\/produit\/pink-quartz-rose-7-5-ml-alas-g-sup\/","url_meta":{"origin":5100,"position":2},"title":"PINK QUARTZ ROSE 7.5 ML ALAS G SUP","author":"eveapprill","date":"9 mars 2025","format":false,"excerpt":"Pink Quartz \u2013 Quartz Rose Indication : grande douleur \u00e9motionnelle\u00a0; angoisse et souffrance\u00a0; attachement \u00e0 la souffrance\u00a0; manque de compassion pour soi-m\u00eame et les autres\u00a0; comportement de victime\u00a0; se lamente par rapport \u00e0 des actions ou des \u00e9v\u00e9nements pass\u00e9s.","rel":"","context":"Article similaire","block_context":{"text":"Article similaire","link":""},"img":{"alt_text":"","src":"","width":0,"height":0},"classes":[]},{"id":12345,"url":"https:\/\/artstella-elixirs-floraux.com\/fr_fr\/produit\/quartz-rose-cuarzo-rosa-15ml-sylfos\/","url_meta":{"origin":5100,"position":3},"title":"QUARTZ ROSE &#8211; CUARZO ROSA 15ml Sylfos","author":"eveapprill","date":"16 mars 2026","format":false,"excerpt":"Le quartz fum\u00e9 apporte stabilit\u00e9, ancrage et protection face \u00e0 la surcharge \u00e9motionnelle. Il aide \u00e0 lib\u00e9rer les tensions et \u00e0 contenir les \u00e9motions sans d\u00e9bordement. Il est utile en cas d'anxi\u00e9t\u00e9, de peur diffuse ou d'hypersensibilit\u00e9. Son \u00e9nergie transforme l'instabilit\u00e9 en s\u00e9curit\u00e9 et en pr\u00e9sence.","rel":"","context":"Article similaire","block_context":{"text":"Article similaire","link":""},"img":{"alt_text":"","src":"https:\/\/i0.wp.com\/artstella-elixirs-floraux.com\/wp-content\/uploads\/2026\/03\/CuarzoRosa_1.png?resize=350%2C200&ssl=1","width":350,"height":200},"classes":[]},{"id":2947,"url":"https:\/\/artstella-elixirs-floraux.com\/fr_fr\/produit\/quartz-fume-phi-15-ml\/","url_meta":{"origin":5100,"position":4},"title":"QUARTZ FUME PHI 15 ML","author":"eveapprill","date":"9 mars 2025","format":false,"excerpt":"Quartz fum\u00e9 (Rauchquarz) Aide \u00e0 voir les parties sombres de l'\u00e2me et \u00e0 les admettre. Nous apprenons ainsi \u00e0 nous accepter tels que nous sommes.","rel":"","context":"Article similaire","block_context":{"text":"Article similaire","link":""},"img":{"alt_text":"","src":"https:\/\/i0.wp.com\/artstella-elixirs-floraux.com\/wp-content\/uploads\/2025\/03\/wp-image302.png?resize=350%2C200&ssl=1","width":350,"height":200},"classes":[]},{"id":2950,"url":"https:\/\/artstella-elixirs-floraux.com\/fr_fr\/produit\/quartz-rose-15-ml-phi\/","url_meta":{"origin":5100,"position":5},"title":"QUARTZ ROSE 15 ML PHI","author":"eveapprill","date":"9 mars 2025","format":false,"excerpt":"Quartz rose (Rosenquarz) Dissout la n\u00e9gativit\u00e9 par la douceur et l'amour. Apporte une vibration douce, calme et pleine d'amour, harmonise le corps \u00e9motionnel.","rel":"","context":"Article similaire","block_context":{"text":"Article similaire","link":""},"img":{"alt_text":"","src":"https:\/\/i0.wp.com\/artstella-elixirs-floraux.com\/wp-content\/uploads\/2025\/03\/wp-image637.png?resize=350%2C200&ssl=1","width":350,"height":200},"classes":[]}],"_links":{"self":[{"href":"https:\/\/artstella-elixirs-floraux.com\/fr_fr\/wp-json\/wp\/v2\/product\/5100","targetHints":{"allow":["GET"]}}],"collection":[{"href":"https:\/\/artstella-elixirs-floraux.com\/fr_fr\/wp-json\/wp\/v2\/product"}],"about":[{"href":"https:\/\/artstella-elixirs-floraux.com\/fr_fr\/wp-json\/wp\/v2\/types\/product"}],"version-history":[{"count":0,"href":"https:\/\/artstella-elixirs-floraux.com\/fr_fr\/wp-json\/wp\/v2\/product\/5100\/revisions"}],"wp:featuredmedia":[{"embeddable":true,"href":"https:\/\/artstella-elixirs-floraux.com\/fr_fr\/wp-json\/wp\/v2\/media\/5101"}],"wp:attachment":[{"href":"https:\/\/artstella-elixirs-floraux.com\/fr_fr\/wp-json\/wp\/v2\/media?parent=5100"}],"wp:term":[{"taxonomy":"product_brand","embeddable":true,"href":"https:\/\/artstella-elixirs-floraux.com\/fr_fr\/wp-json\/wp\/v2\/product_brand?post=5100"},{"taxonomy":"product_cat","embeddable":true,"href":"https:\/\/artstella-elixirs-floraux.com\/fr_fr\/wp-json\/wp\/v2\/product_cat?post=5100"},{"taxonomy":"product_tag","embeddable":true,"href":"https:\/\/artstella-elixirs-floraux.com\/fr_fr\/wp-json\/wp\/v2\/product_tag?post=5100"}],"curies":[{"name":"wp","href":"https:\/\/api.w.org\/{rel}","templated":true}]}}