{"id":5112,"date":"2025-03-09T13:38:36","date_gmt":"2025-03-09T13:38:36","guid":{"rendered":"https:\/\/artstella-elixirs-floraux.com\/product\/vesuvianite-7-5-ml-alas-gem-sup\/"},"modified":"2025-04-09T14:49:47","modified_gmt":"2025-04-09T14:49:47","slug":"vesuvianite-7-5-ml-alas-gem-sup","status":"publish","type":"product","link":"https:\/\/artstella-elixirs-floraux.com\/fr_fr\/produit\/vesuvianite-7-5-ml-alas-gem-sup\/","title":{"rendered":"VESUVIANITE 7.5 ML ALAS GEM SUP"},"content":{"rendered":"<p><strong>Qualit\u00e9s: <\/strong>Nous rend plus conscient sur la fa\u00e7on dont nous pouvons enraciner l\u2019amour vers la Terre dans la forme physique \u00e0 partir des plus hautes dimensions. Nous aide \u00e0 d\u00e9velopper des relations profondes centr\u00e9es dans le c\u0153ur. Nous met en relation avec l\u2019aspect brillant, purifiant et \u00e9nerg\u00e9tique du feu. Nous aide \u00e0 embrasser notre chaleur int\u00e9rieure et notre vitalit\u00e9 et d\u2019\u00eatre assis avec confiance comme \u00e9tant le cr\u00e9ateur de notre monde.<\/p>\n","protected":false},"excerpt":{"rendered":"<p><strong>Vesuvianite<\/strong> &#8211; V\u00e9suvianite<\/p>\n<p>Indications: d\u00e9sincarn\u00e9; solitaire; difficult\u00e9 \u00e0 maintenir des relations amoureuses positives et centr\u00e9es dans le c\u0153ur; manque de confiance \u00e0 se croire capable de cr\u00e9er la vie que l\u2019on d\u00e9sire.<\/p>\n","protected":false},"featured_media":5113,"template":"","meta":[],"product_brand":[],"product_cat":[117],"product_tag":[],"class_list":{"0":"post-5112","1":"product","2":"type-product","3":"status-publish","4":"has-post-thumbnail","6":"product_cat-les-elixirs-de-gemmes-supplementaires","8":"first","9":"instock","10":"taxable","11":"shipping-taxable","12":"purchasable","13":"product-type-variable"},"etheme_brands":{"errors":{"invalid_taxonomy":["Taxonomie non valide."]},"error_data":[]},"jetpack_sharing_enabled":true,"jetpack-related-posts":[{"id":5988,"url":"https:\/\/artstella-elixirs-floraux.com\/fr_fr\/produit\/belladonna-sylfos-15-ml\/","url_meta":{"origin":5112,"position":0},"title":"BELLADONNA SYLFOS 15 ML","author":"eveapprill","date":"9 mars 2025","format":false,"excerpt":"BELLADONNA\u00a0 Belladone atropa\u00a0 \u00a0Ouverture du c\u0153ur - Nettoyage spirituel interne et externe.\u00a0 Aide \u00e0 se lib\u00e9rer des formes-pens\u00e9es n\u00e9gatives. Permet de voir les raisons pour lesquelles nous mettons des obstacles dans notre vie et de d\u00e9couvrir comment les surmonter.","rel":"","context":"Article similaire","block_context":{"text":"Article similaire","link":""},"img":{"alt_text":"","src":"https:\/\/i0.wp.com\/artstella-elixirs-floraux.com\/wp-content\/uploads\/2025\/03\/wp-image2013.png?resize=350%2C200&ssl=1","width":350,"height":200},"classes":[]},{"id":4876,"url":"https:\/\/artstella-elixirs-floraux.com\/fr_fr\/produit\/bleeding-heart-alaskan\/","url_meta":{"origin":5112,"position":1},"title":"BLEEDING HEART ALASKAN","author":"eveapprill","date":"9 mars 2025","format":false,"excerpt":"BLEEDING HEART Indications : sentiment rejet\u00e9 par l'individu ; coeur ferm\u00e9 aux autres ; manque de compassion pour nous-m\u00eames et les autres ; divisions dans nos relations.","rel":"","context":"Article similaire","block_context":{"text":"Article similaire","link":""},"img":{"alt_text":"","src":"https:\/\/i0.wp.com\/artstella-elixirs-floraux.com\/wp-content\/uploads\/2025\/03\/wp-image1374.png?resize=350%2C200&ssl=1","width":350,"height":200},"classes":[]},{"id":4958,"url":"https:\/\/artstella-elixirs-floraux.com\/fr_fr\/produit\/northern-green-orchid-alaskan-fs\/","url_meta":{"origin":5112,"position":2},"title":"Northern Green Orchid ALASKAN FS","author":"eveapprill","date":"9 mars 2025","format":false,"excerpt":"Pale Corydalis Corydalis sempervirens Pour d\u00e9velopper un sens plus fort de qui l\u2019on est dans nos relations ; aligne et int\u00e8gre le dessein personnel et Divin avec les forces du c\u0153ur ; att\u00e9nue des sch\u00e9mas de d\u00e9pendance affective et d\u2019amour conditionnel ; \u00e0 concevoir nos relations comme autant de catalyseurs\u2026","rel":"","context":"Article similaire","block_context":{"text":"Article similaire","link":""},"img":{"alt_text":"","src":"","width":0,"height":0},"classes":[]},{"id":4962,"url":"https:\/\/artstella-elixirs-floraux.com\/fr_fr\/produit\/pale-corydalis-alaskan-f-sup\/","url_meta":{"origin":5112,"position":3},"title":"PALE CORYDALIS ALASKAN F SUP","author":"eveapprill","date":"9 mars 2025","format":false,"excerpt":"Pale Corydalis Corydalis sempervirens Pour d\u00e9velopper un sens plus fort de qui l\u2019on est dans nos relations ; aligne et int\u00e8gre le dessein personnel et Divin avec les forces du c\u0153ur ; att\u00e9nue des sch\u00e9mas de d\u00e9pendance affective et d\u2019amour conditionnel ; \u00e0 concevoir nos relations comme autant de catalyseurs\u2026","rel":"","context":"Article similaire","block_context":{"text":"Article similaire","link":""},"img":{"alt_text":"","src":"https:\/\/i0.wp.com\/artstella-elixirs-floraux.com\/wp-content\/uploads\/2025\/03\/wp-image1396.png?resize=350%2C200&ssl=1","width":350,"height":200},"classes":[]},{"id":5578,"url":"https:\/\/artstella-elixirs-floraux.com\/fr_fr\/produit\/mutt-corniaud-amour-inconditionnel-30ml\/","url_meta":{"origin":5112,"position":4},"title":"Mutt (Corniaud) \/ amour inconditionnel 30ml","author":"eveapprill","date":"9 mars 2025","format":false,"excerpt":"Mutt (Corniaud) \/ amour inconditionnel Pour ouvrir le c\u0153ur et sentir et exprimer l\u2019amour inconditionnel. Encourage notre capacit\u00e9 d\u2019avoir plus d\u2019amour pour nous-m\u00eames et les autres. Nous aide \u00e0 exprimer l\u2019affection. Cultive notre capacit\u00e9 de vivre de notre c\u0153ur doux et tendre et de partager notre amour avec le monde\u2026","rel":"","context":"Article similaire","block_context":{"text":"Article similaire","link":""},"img":{"alt_text":"","src":"https:\/\/i0.wp.com\/artstella-elixirs-floraux.com\/wp-content\/uploads\/2025\/03\/a70f0032-e7e7-458b-8de5-e37cddbe602d.jpg?resize=350%2C200&ssl=1","width":350,"height":200,"srcset":"https:\/\/i0.wp.com\/artstella-elixirs-floraux.com\/wp-content\/uploads\/2025\/03\/a70f0032-e7e7-458b-8de5-e37cddbe602d.jpg?resize=350%2C200&ssl=1 1x, https:\/\/i0.wp.com\/artstella-elixirs-floraux.com\/wp-content\/uploads\/2025\/03\/a70f0032-e7e7-458b-8de5-e37cddbe602d.jpg?resize=525%2C300&ssl=1 1.5x, https:\/\/i0.wp.com\/artstella-elixirs-floraux.com\/wp-content\/uploads\/2025\/03\/a70f0032-e7e7-458b-8de5-e37cddbe602d.jpg?resize=700%2C400&ssl=1 2x"},"classes":[]},{"id":2390,"url":"https:\/\/artstella-elixirs-floraux.com\/fr_fr\/produit\/northern-light\/","url_meta":{"origin":5112,"position":5},"title":"NORTHERN LIGHT &#8211; Aurores bor\u00e9ales","author":"eveapprill","date":"9 mars 2025","format":false,"excerpt":"NORTHERN LIGHT. LUMIERE DU NORD Cet \u00e9lixir a \u00e9t\u00e9 fait lors d'une nuit arctique venteuse avec des temp\u00e9ratures inf\u00e9rieures \u00e0 z\u00e9ro, sous le foisonnement vert d'une aurore bor\u00e9ale. Il nous aide \u00e0 nous d\u00e9passer la seule perspective terrestre pour joindre la danse de la source de la cr\u00e9ation.","rel":"","context":"Article similaire","block_context":{"text":"Article similaire","link":""},"img":{"alt_text":"","src":"https:\/\/i0.wp.com\/artstella-elixirs-floraux.com\/wp-content\/uploads\/2025\/03\/Northern_Lights_1024x1024.jpg?resize=350%2C200&ssl=1","width":350,"height":200},"classes":[]}],"_links":{"self":[{"href":"https:\/\/artstella-elixirs-floraux.com\/fr_fr\/wp-json\/wp\/v2\/product\/5112","targetHints":{"allow":["GET"]}}],"collection":[{"href":"https:\/\/artstella-elixirs-floraux.com\/fr_fr\/wp-json\/wp\/v2\/product"}],"about":[{"href":"https:\/\/artstella-elixirs-floraux.com\/fr_fr\/wp-json\/wp\/v2\/types\/product"}],"version-history":[{"count":0,"href":"https:\/\/artstella-elixirs-floraux.com\/fr_fr\/wp-json\/wp\/v2\/product\/5112\/revisions"}],"wp:featuredmedia":[{"embeddable":true,"href":"https:\/\/artstella-elixirs-floraux.com\/fr_fr\/wp-json\/wp\/v2\/media\/5113"}],"wp:attachment":[{"href":"https:\/\/artstella-elixirs-floraux.com\/fr_fr\/wp-json\/wp\/v2\/media?parent=5112"}],"wp:term":[{"taxonomy":"product_brand","embeddable":true,"href":"https:\/\/artstella-elixirs-floraux.com\/fr_fr\/wp-json\/wp\/v2\/product_brand?post=5112"},{"taxonomy":"product_cat","embeddable":true,"href":"https:\/\/artstella-elixirs-floraux.com\/fr_fr\/wp-json\/wp\/v2\/product_cat?post=5112"},{"taxonomy":"product_tag","embeddable":true,"href":"https:\/\/artstella-elixirs-floraux.com\/fr_fr\/wp-json\/wp\/v2\/product_tag?post=5112"}],"curies":[{"name":"wp","href":"https:\/\/api.w.org\/{rel}","templated":true}]}}