{"id":5130,"date":"2025-03-09T13:38:52","date_gmt":"2025-03-09T13:38:52","guid":{"rendered":"https:\/\/artstella-elixirs-floraux.com\/product\/calming-down-spray-50ml\/"},"modified":"2025-06-08T12:50:50","modified_gmt":"2025-06-08T12:50:50","slug":"calming-down-spray-50ml","status":"publish","type":"product","link":"https:\/\/artstella-elixirs-floraux.com\/fr_fr\/produit\/calming-down-spray-50ml\/","title":{"rendered":"Calming down spray 50ml"},"content":{"rendered":"","protected":false},"excerpt":{"rendered":"<p><strong>Sprays pour les enfants :<\/strong> un spray <strong>apaisant<\/strong> qui permet de retrouver le calme dans les moments de stress et d&rsquo;agitation, pour les enfants impulsifs.<\/p>\n","protected":false},"featured_media":9978,"template":"","meta":[],"product_brand":[],"product_cat":[136],"product_tag":[],"class_list":{"0":"post-5130","1":"product","2":"type-product","3":"status-publish","4":"has-post-thumbnail","6":"product_cat-les-elixirs-en-spray","8":"first","9":"instock","10":"taxable","11":"shipping-taxable","12":"purchasable","13":"product-type-simple"},"etheme_brands":{"errors":{"invalid_taxonomy":["Taxonomie non valide."]},"error_data":[]},"jetpack_sharing_enabled":true,"jetpack-related-posts":[{"id":5128,"url":"https:\/\/artstella-elixirs-floraux.com\/fr_fr\/produit\/concentration-spray-50ml\/","url_meta":{"origin":5130,"position":0},"title":"Concentration Spray 50ml","author":"eveapprill","date":"9 mars 2025","format":false,"excerpt":"Sprays pour les enfants :ce spray \"concentration\" favorise l'apprentissage (valable aussi pour les adultes)","rel":"","context":"Article similaire","block_context":{"text":"Article similaire","link":""},"img":{"alt_text":"","src":"https:\/\/i0.wp.com\/artstella-elixirs-floraux.com\/wp-content\/uploads\/2025\/03\/9a7cf054-da90-4a10-82e9-9ab7ad1819c0.jpg?resize=350%2C200&ssl=1","width":350,"height":200,"srcset":"https:\/\/i0.wp.com\/artstella-elixirs-floraux.com\/wp-content\/uploads\/2025\/03\/9a7cf054-da90-4a10-82e9-9ab7ad1819c0.jpg?resize=350%2C200&ssl=1 1x, https:\/\/i0.wp.com\/artstella-elixirs-floraux.com\/wp-content\/uploads\/2025\/03\/9a7cf054-da90-4a10-82e9-9ab7ad1819c0.jpg?resize=525%2C300&ssl=1 1.5x, https:\/\/i0.wp.com\/artstella-elixirs-floraux.com\/wp-content\/uploads\/2025\/03\/9a7cf054-da90-4a10-82e9-9ab7ad1819c0.jpg?resize=700%2C400&ssl=1 2x"},"classes":[]},{"id":5132,"url":"https:\/\/artstella-elixirs-floraux.com\/fr_fr\/produit\/dreamers-awareness-spray-50ml\/","url_meta":{"origin":5130,"position":1},"title":"Dreamers Awareness spray 50ml","author":"eveapprill","date":"9 mars 2025","format":false,"excerpt":"Sprays pour les enfants et adultes : ce spray soutient la pr\u00e9sence, il\u00a0apaise tout en clarifiant les processus de pens\u00e9es. et permet de se prot\u00e9ger par rapport \u00e0 une surcharge de stimulis. Renforce la confiance.","rel":"","context":"Article similaire","block_context":{"text":"Article similaire","link":""},"img":{"alt_text":"","src":"https:\/\/i0.wp.com\/artstella-elixirs-floraux.com\/wp-content\/uploads\/2025\/03\/2071a046-f4ff-46ac-ab33-c30eddc888b0.jpg?resize=350%2C200&ssl=1","width":350,"height":200,"srcset":"https:\/\/i0.wp.com\/artstella-elixirs-floraux.com\/wp-content\/uploads\/2025\/03\/2071a046-f4ff-46ac-ab33-c30eddc888b0.jpg?resize=350%2C200&ssl=1 1x, https:\/\/i0.wp.com\/artstella-elixirs-floraux.com\/wp-content\/uploads\/2025\/03\/2071a046-f4ff-46ac-ab33-c30eddc888b0.jpg?resize=525%2C300&ssl=1 1.5x, https:\/\/i0.wp.com\/artstella-elixirs-floraux.com\/wp-content\/uploads\/2025\/03\/2071a046-f4ff-46ac-ab33-c30eddc888b0.jpg?resize=700%2C400&ssl=1 2x"},"classes":[]},{"id":3891,"url":"https:\/\/artstella-elixirs-floraux.com\/fr_fr\/produit\/delph-spray-spray-energie-dauphin-phi\/","url_meta":{"origin":5130,"position":2},"title":"DELPH -SPRAY spray \u00e9nergie dauphin PHI","author":"eveapprill","date":"9 mars 2025","format":false,"excerpt":"Delph spray - Spray \u00e0 l'\u00e9nergie des dauphins Action bienfaisante et purifiante de Delph\u00ae existe en spray. Il s'utilise en vaporisation pour purifier les pi\u00e8ces charg\u00e9es \u00e9nerg\u00e9tiquement (bureau, cabinet de consultation, salle de conf\u00e9rences, etc.).","rel":"","context":"Article similaire","block_context":{"text":"Article similaire","link":""},"img":{"alt_text":"","src":"","width":0,"height":0},"classes":[]},{"id":11308,"url":"https:\/\/artstella-elixirs-floraux.com\/fr_fr\/produit\/calling-all-angels-appeler-tous-les-anges-spray\/","url_meta":{"origin":5130,"position":3},"title":"Calling All Angels &#8211; Appeler tous les Anges-  Spray","author":"eveapprill","date":"31 ao\u00fbt 2025","format":false,"excerpt":"Le spray Calling All Angels apporte une \u00e9nergie sacr\u00e9e et paisible \u00e0 notre environnement, o\u00f9 que nous nous trouvions. Les enfants adorent en vaporiser leur chambre avant de dormir, pour cr\u00e9er un sentiment de protection et s'assurer un sommeil profond et r\u00e9parateur.","rel":"","context":"Article similaire","block_context":{"text":"Article similaire","link":""},"img":{"alt_text":"","src":"https:\/\/i0.wp.com\/artstella-elixirs-floraux.com\/wp-content\/uploads\/2025\/08\/calling.jpg?resize=350%2C200&ssl=1","width":350,"height":200},"classes":[]},{"id":11338,"url":"https:\/\/artstella-elixirs-floraux.com\/fr_fr\/produit\/easy-learning-apprendre-facilement-spray-alaska\/","url_meta":{"origin":5130,"position":4},"title":"EASY LEARNING &#8211; Apprendre Facilement SPRAY ALASKA","author":"eveapprill","date":"31 ao\u00fbt 2025","format":false,"excerpt":"Easy Learning (Apprendre facilement) - \u00a0 Blue Topaz\u009f Bunchberry \u009f Lapis Lazuli \u009f Star Ruby Stinging Nettle \u009f White Spruce Easy Learning est un spray destin\u00e9 \u00e0 faciliter tous les aspects du processus d'apprentissage, tant pour les enfants que les adultes. Il am\u00e9liore la concentration, la capacit\u00e9 \u00e0 ne pas\u2026","rel":"","context":"Article similaire","block_context":{"text":"Article similaire","link":""},"img":{"alt_text":"","src":"https:\/\/i0.wp.com\/artstella-elixirs-floraux.com\/wp-content\/uploads\/2025\/08\/easy-learning.jpg?resize=350%2C200&ssl=1","width":350,"height":200},"classes":[]},{"id":3885,"url":"https:\/\/artstella-elixirs-floraux.com\/fr_fr\/produit\/rq7-phi-spray-durgence\/","url_meta":{"origin":5130,"position":5},"title":"RQ7 PHI SPRAY D&rsquo;URGENCE","author":"eveapprill","date":"9 mars 2025","format":false,"excerpt":"RQ7 en spray (spray d\u2019urgence) La combinaison d'urgence existe maintenant en spray pour un usage externe. En cas de stress important ou de choc, vous pouvez le vaporiser plusieurs fois autour de vous ou directement sur la peau","rel":"","context":"Article similaire","block_context":{"text":"Article similaire","link":""},"img":{"alt_text":"","src":"https:\/\/i0.wp.com\/artstella-elixirs-floraux.com\/wp-content\/uploads\/2025\/03\/8b37bd36-1578-4bda-bf29-27659c5152c5.jpg?resize=350%2C200&ssl=1","width":350,"height":200,"srcset":"https:\/\/i0.wp.com\/artstella-elixirs-floraux.com\/wp-content\/uploads\/2025\/03\/8b37bd36-1578-4bda-bf29-27659c5152c5.jpg?resize=350%2C200&ssl=1 1x, https:\/\/i0.wp.com\/artstella-elixirs-floraux.com\/wp-content\/uploads\/2025\/03\/8b37bd36-1578-4bda-bf29-27659c5152c5.jpg?resize=525%2C300&ssl=1 1.5x, https:\/\/i0.wp.com\/artstella-elixirs-floraux.com\/wp-content\/uploads\/2025\/03\/8b37bd36-1578-4bda-bf29-27659c5152c5.jpg?resize=700%2C400&ssl=1 2x"},"classes":[]}],"_links":{"self":[{"href":"https:\/\/artstella-elixirs-floraux.com\/fr_fr\/wp-json\/wp\/v2\/product\/5130","targetHints":{"allow":["GET"]}}],"collection":[{"href":"https:\/\/artstella-elixirs-floraux.com\/fr_fr\/wp-json\/wp\/v2\/product"}],"about":[{"href":"https:\/\/artstella-elixirs-floraux.com\/fr_fr\/wp-json\/wp\/v2\/types\/product"}],"version-history":[{"count":0,"href":"https:\/\/artstella-elixirs-floraux.com\/fr_fr\/wp-json\/wp\/v2\/product\/5130\/revisions"}],"wp:featuredmedia":[{"embeddable":true,"href":"https:\/\/artstella-elixirs-floraux.com\/fr_fr\/wp-json\/wp\/v2\/media\/9978"}],"wp:attachment":[{"href":"https:\/\/artstella-elixirs-floraux.com\/fr_fr\/wp-json\/wp\/v2\/media?parent=5130"}],"wp:term":[{"taxonomy":"product_brand","embeddable":true,"href":"https:\/\/artstella-elixirs-floraux.com\/fr_fr\/wp-json\/wp\/v2\/product_brand?post=5130"},{"taxonomy":"product_cat","embeddable":true,"href":"https:\/\/artstella-elixirs-floraux.com\/fr_fr\/wp-json\/wp\/v2\/product_cat?post=5130"},{"taxonomy":"product_tag","embeddable":true,"href":"https:\/\/artstella-elixirs-floraux.com\/fr_fr\/wp-json\/wp\/v2\/product_tag?post=5130"}],"curies":[{"name":"wp","href":"https:\/\/api.w.org\/{rel}","templated":true}]}}