{"id":5146,"date":"2025-03-09T13:39:05","date_gmt":"2025-03-09T13:39:05","guid":{"rendered":"https:\/\/artstella-elixirs-floraux.com\/product\/sundew-15-ml\/"},"modified":"2025-11-17T11:17:39","modified_gmt":"2025-11-17T11:17:39","slug":"sundew-15-ml","status":"publish","type":"product","link":"https:\/\/artstella-elixirs-floraux.com\/fr_fr\/produit\/sundew-15-ml\/","title":{"rendered":"Sundew 15 ml"},"content":{"rendered":"","protected":false},"excerpt":{"rendered":"<p>Cette plante carnivore est destin\u00e9e aux ind\u00e9cis, aux impr\u00e9cis qui ne font pas attention aux d\u00e9tails. A ceux qui ont tendance \u00e0 fuir facilement, particuli\u00e8rement quand il y a un travail \u00e0 faire.<\/p>\n<p>Cet \u00e9lixir va leur permettre de se relier au pr\u00e9sent, \u00e0 les enraciner dans \u00ab\u00a0l&rsquo;ici et maintenant\u00a0\u00bb.<\/p>\n","protected":false},"featured_media":5147,"template":"","meta":[],"product_brand":[],"product_cat":[107],"product_tag":[],"class_list":{"0":"post-5146","1":"product","2":"type-product","3":"status-publish","4":"has-post-thumbnail","6":"product_cat-les-elixirs-de-fleurs-du-bush-australien","8":"first","9":"instock","10":"taxable","11":"shipping-taxable","12":"purchasable","13":"product-type-simple"},"etheme_brands":{"errors":{"invalid_taxonomy":["Taxonomie non valide."]},"error_data":[]},"jetpack_sharing_enabled":true,"jetpack-related-posts":[{"id":5462,"url":"https:\/\/artstella-elixirs-floraux.com\/fr_fr\/produit\/strophaire-a-anneau-rugueux-10ml-bl\/","url_meta":{"origin":5146,"position":0},"title":"Strophaire \u00e0 anneau rugueux 10ml BL","author":"eveapprill","date":"9 mars 2025","format":false,"excerpt":"Strophaire \u00e0 anneau rugueux \/ Stropharia rugoso annulata\u00a0\u00a0\u00a0\u00a0\u00a0\u00a0\u00a0\u00a0\u00a0\u00a0\u00a0\u00a0\u00a0\u00a0 Peut atteindre 40 \u00e0 50 cm de circonf\u00e9rence. Pour trouver de nouvelles intuitions dans ses activit\u00e9s.","rel":"","context":"Article similaire","block_context":{"text":"Article similaire","link":""},"img":{"alt_text":"","src":"","width":0,"height":0},"classes":[]},{"id":2186,"url":"https:\/\/artstella-elixirs-floraux.com\/fr_fr\/produit\/harebell-alaskan\/","url_meta":{"origin":5146,"position":1},"title":"Harebell Alaskan","author":"eveapprill","date":"9 mars 2025","format":false,"excerpt":"Harebell. Campanula lasiocarpa. Campanule Ne se sent pas aim\u00e9 et coup\u00e9 de la Source ; \u00e0 la recherche de l\u2019amour \u00e0 l'ext\u00e9rieur.","rel":"","context":"Article similaire","block_context":{"text":"Article similaire","link":""},"img":{"alt_text":"","src":"https:\/\/i0.wp.com\/artstella-elixirs-floraux.com\/wp-content\/uploads\/2025\/03\/wp-image542.png?resize=350%2C200&ssl=1","width":350,"height":200},"classes":[]},{"id":5840,"url":"https:\/\/artstella-elixirs-floraux.com\/fr_fr\/produit\/paresseux-a-deux-doigts-15-ml-phi\/","url_meta":{"origin":5146,"position":2},"title":"Paresseux \u00e0 deux doigts 15 ml PHI","author":"eveapprill","date":"9 mars 2025","format":false,"excerpt":"Paresseux \u00e0 deux doigts - Southern two toed Sloth (Choloepus didactylus) Cet animal nous aide \u00e0 d\u00e9velopper une meilleure relation au temps et \u00e0 la relaxation. Il nous aide \u00e0 mieux g\u00e9rer des situations de stress, en prenant les choses plus l\u00e9g\u00e8rement et de fa\u00e7on plus d\u00e9tendue. Il nous aide\u2026","rel":"","context":"Article similaire","block_context":{"text":"Article similaire","link":""},"img":{"alt_text":"","src":"","width":0,"height":0},"classes":[]},{"id":5852,"url":"https:\/\/artstella-elixirs-floraux.com\/fr_fr\/produit\/la-baleine-a-bosse-humpbackwhale-15ml-phi\/","url_meta":{"origin":5146,"position":3},"title":"La baleine \u00e0 bosse (Humpbackwhale) 15ml PHI","author":"eveapprill","date":"9 mars 2025","format":false,"excerpt":"La baleine \u00e0 bosse (Humpbackwhale)\u00a0 Cette baleine ouvre notre conscience \u00e0 la 5\u00e8me dimension. Nous pouvons nous connecter au-del\u00e0 de l\u2019espace et du temps \u00e0 l\u2019exp\u00e9rience int\u00e9rieure de la matrice et du son. Favorable aux exp\u00e9riences transpersonnelles et \u00e0 la m\u00e9ditation. Il est important que la personne soit bien enracin\u00e9e.","rel":"","context":"Article similaire","block_context":{"text":"Article similaire","link":""},"img":{"alt_text":"","src":"","width":0,"height":0},"classes":[]},{"id":4412,"url":"https:\/\/artstella-elixirs-floraux.com\/fr_fr\/produit\/loving-child-lamour-enfantin\/","url_meta":{"origin":5146,"position":4},"title":"Loving Child &#8211; L&rsquo;amour enfantin WEAE 30ml","author":"eveapprill","date":"9 mars 2025","format":false,"excerpt":"Loving Child (l'amour enfantin) L'amour Enfantin est une ressource unique con\u00e7ue pour aider les enfants \u00e0 ressentir et \u00e0 exprimer l'amour dans tous les aspects de leur vie.","rel":"","context":"Article similaire","block_context":{"text":"Article similaire","link":""},"img":{"alt_text":"","src":"https:\/\/i0.wp.com\/artstella-elixirs-floraux.com\/wp-content\/uploads\/2025\/03\/092b058c-0517-4bc8-8049-d757b3d14f3e.webp?resize=350%2C200&ssl=1","width":350,"height":200,"srcset":"https:\/\/i0.wp.com\/artstella-elixirs-floraux.com\/wp-content\/uploads\/2025\/03\/092b058c-0517-4bc8-8049-d757b3d14f3e.webp?resize=350%2C200&ssl=1 1x, https:\/\/i0.wp.com\/artstella-elixirs-floraux.com\/wp-content\/uploads\/2025\/03\/092b058c-0517-4bc8-8049-d757b3d14f3e.webp?resize=525%2C300&ssl=1 1.5x, https:\/\/i0.wp.com\/artstella-elixirs-floraux.com\/wp-content\/uploads\/2025\/03\/092b058c-0517-4bc8-8049-d757b3d14f3e.webp?resize=700%2C400&ssl=1 2x"},"classes":[]},{"id":4651,"url":"https:\/\/artstella-elixirs-floraux.com\/fr_fr\/produit\/go-create\/","url_meta":{"origin":5146,"position":5},"title":"GO-CREATE","author":"eveapprill","date":"9 mars 2025","format":false,"excerpt":"GO-CREATE Go-Create est un complexe d'abondance. Il a \u00e9t\u00e9 formul\u00e9 pour nous aider \u00e0 co-cr\u00e9er ce que nous voulons et souhaitons dans notre vie avec moins de r\u00e9sistance, plus de facilit\u00e9 et d'efficacit\u00e9.","rel":"","context":"Article similaire","block_context":{"text":"Article similaire","link":""},"img":{"alt_text":"","src":"https:\/\/i0.wp.com\/artstella-elixirs-floraux.com\/wp-content\/uploads\/2025\/03\/7bbe4e42-149d-46f3-9e4f-73f4081edae4.jpg?resize=350%2C200&ssl=1","width":350,"height":200,"srcset":"https:\/\/i0.wp.com\/artstella-elixirs-floraux.com\/wp-content\/uploads\/2025\/03\/7bbe4e42-149d-46f3-9e4f-73f4081edae4.jpg?resize=350%2C200&ssl=1 1x, https:\/\/i0.wp.com\/artstella-elixirs-floraux.com\/wp-content\/uploads\/2025\/03\/7bbe4e42-149d-46f3-9e4f-73f4081edae4.jpg?resize=525%2C300&ssl=1 1.5x, https:\/\/i0.wp.com\/artstella-elixirs-floraux.com\/wp-content\/uploads\/2025\/03\/7bbe4e42-149d-46f3-9e4f-73f4081edae4.jpg?resize=700%2C400&ssl=1 2x"},"classes":[]}],"_links":{"self":[{"href":"https:\/\/artstella-elixirs-floraux.com\/fr_fr\/wp-json\/wp\/v2\/product\/5146","targetHints":{"allow":["GET"]}}],"collection":[{"href":"https:\/\/artstella-elixirs-floraux.com\/fr_fr\/wp-json\/wp\/v2\/product"}],"about":[{"href":"https:\/\/artstella-elixirs-floraux.com\/fr_fr\/wp-json\/wp\/v2\/types\/product"}],"version-history":[{"count":1,"href":"https:\/\/artstella-elixirs-floraux.com\/fr_fr\/wp-json\/wp\/v2\/product\/5146\/revisions"}],"predecessor-version":[{"id":11752,"href":"https:\/\/artstella-elixirs-floraux.com\/fr_fr\/wp-json\/wp\/v2\/product\/5146\/revisions\/11752"}],"wp:featuredmedia":[{"embeddable":true,"href":"https:\/\/artstella-elixirs-floraux.com\/fr_fr\/wp-json\/wp\/v2\/media\/5147"}],"wp:attachment":[{"href":"https:\/\/artstella-elixirs-floraux.com\/fr_fr\/wp-json\/wp\/v2\/media?parent=5146"}],"wp:term":[{"taxonomy":"product_brand","embeddable":true,"href":"https:\/\/artstella-elixirs-floraux.com\/fr_fr\/wp-json\/wp\/v2\/product_brand?post=5146"},{"taxonomy":"product_cat","embeddable":true,"href":"https:\/\/artstella-elixirs-floraux.com\/fr_fr\/wp-json\/wp\/v2\/product_cat?post=5146"},{"taxonomy":"product_tag","embeddable":true,"href":"https:\/\/artstella-elixirs-floraux.com\/fr_fr\/wp-json\/wp\/v2\/product_tag?post=5146"}],"curies":[{"name":"wp","href":"https:\/\/api.w.org\/{rel}","templated":true}]}}