{"id":5148,"date":"2025-03-09T13:39:06","date_gmt":"2025-03-09T13:39:06","guid":{"rendered":"https:\/\/artstella-elixirs-floraux.com\/product\/chiron-phi-15-ml\/"},"modified":"2025-06-08T12:50:49","modified_gmt":"2025-06-08T12:50:49","slug":"chiron-phi-15-ml","status":"publish","type":"product","link":"https:\/\/artstella-elixirs-floraux.com\/fr_fr\/produit\/chiron-phi-15-ml\/","title":{"rendered":"CHIRON PHI 15 ML"},"content":{"rendered":"","protected":false},"excerpt":{"rendered":"<p>Stimule les forces d&rsquo;autogu\u00e9rison<\/p>\n","protected":false},"featured_media":5149,"template":"","meta":[],"product_brand":[],"product_cat":[128],"product_tag":[],"class_list":{"0":"post-5148","1":"product","2":"type-product","3":"status-publish","4":"has-post-thumbnail","6":"product_cat-les-elixirs-de-planetes","8":"first","9":"instock","10":"taxable","11":"shipping-taxable","12":"purchasable","13":"product-type-simple"},"etheme_brands":{"errors":{"invalid_taxonomy":["Taxonomie non valide."]},"error_data":[]},"jetpack_sharing_enabled":true,"jetpack-related-posts":[{"id":4544,"url":"https:\/\/artstella-elixirs-floraux.com\/fr_fr\/produit\/coffret-elixirs-de-planetes-phi-15-ml\/","url_meta":{"origin":5148,"position":0},"title":"COFFRET \u00e9lixirs de PLANETES PHI 15 ML","author":"eveapprill","date":"9 mars 2025","format":false,"excerpt":"Contient les 11 flacons des \u00e9lixirs de plan\u00e8tes Jupiter, Lune, Mars, Mercure, Neptune, Pluton, Saturne, Soleil, Uranus, Venus, Chiron.","rel":"","context":"Article similaire","block_context":{"text":"Article similaire","link":""},"img":{"alt_text":"","src":"https:\/\/i0.wp.com\/artstella-elixirs-floraux.com\/wp-content\/uploads\/2025\/03\/wp-image2486.png?resize=350%2C200&ssl=1","width":350,"height":200,"srcset":"https:\/\/i0.wp.com\/artstella-elixirs-floraux.com\/wp-content\/uploads\/2025\/03\/wp-image2486.png?resize=350%2C200&ssl=1 1x, https:\/\/i0.wp.com\/artstella-elixirs-floraux.com\/wp-content\/uploads\/2025\/03\/wp-image2486.png?resize=525%2C300&ssl=1 1.5x, https:\/\/i0.wp.com\/artstella-elixirs-floraux.com\/wp-content\/uploads\/2025\/03\/wp-image2486.png?resize=700%2C400&ssl=1 2x"},"classes":[]},{"id":3285,"url":"https:\/\/artstella-elixirs-floraux.com\/fr_fr\/produit\/ail-des-ours-15-ml-phi\/","url_meta":{"origin":5148,"position":1},"title":"AIL DES OURS 15 ML PHI","author":"eveapprill","date":"9 mars 2025","format":false,"excerpt":"Ail des ours (Allium ursinum (B\u00e4rlauch) Stimule \u00e9nerg\u00e9tiquement la digestion. Il aide \u00e0 nous d\u00e9barrasser des surcharges et \u00e0 sortir de l'inertie avec une force vitale renouvel\u00e9e.","rel":"","context":"Article similaire","block_context":{"text":"Article similaire","link":""},"img":{"alt_text":"","src":"https:\/\/i0.wp.com\/artstella-elixirs-floraux.com\/wp-content\/uploads\/2025\/03\/wp-image682.png?resize=350%2C200&ssl=1","width":350,"height":200},"classes":[]},{"id":3199,"url":"https:\/\/artstella-elixirs-floraux.com\/fr_fr\/produit\/brunelle-15-ml-phi\/","url_meta":{"origin":5148,"position":2},"title":"BRUNELLE 15 ML PHI","author":"eveapprill","date":"9 mars 2025","format":false,"excerpt":"Brunelle (Prunella vulgaris) (Braunelle) Stimule les forces d'auto gu\u00e9rison et la volont\u00e9 d'\u00eatre en bonne sant\u00e9. Pour retrouver le courage d\u2019\u00eatre en bonne sant\u00e9.\u00a0 (Peut \u00eatre ajout\u00e9 \u00e0 une cr\u00e8me)","rel":"","context":"Article similaire","block_context":{"text":"Article similaire","link":""},"img":{"alt_text":"","src":"https:\/\/i0.wp.com\/artstella-elixirs-floraux.com\/wp-content\/uploads\/2025\/03\/wp-image382.png?resize=350%2C200&ssl=1","width":350,"height":200},"classes":[]},{"id":3429,"url":"https:\/\/artstella-elixirs-floraux.com\/fr_fr\/produit\/clavaire-cendree-phi-15-ml\/","url_meta":{"origin":5148,"position":3},"title":"CLAVAIRE CENDREE PHI 15 ML","author":"eveapprill","date":"9 mars 2025","format":false,"excerpt":"Clavaire cendr\u00e9e (Clavulina cinerea) (Graue Koralle) L'\u00e9lixir poss\u00e8de une action fortement stimulante au plan mental. Il stimule \u00e9nerg\u00e9tiquement les processus du syst\u00e8me nerveux, ainsi que ceux de la perception et de la pens\u00e9e. Intellect et intuition sont harmonis\u00e9s.","rel":"","context":"Article similaire","block_context":{"text":"Article similaire","link":""},"img":{"alt_text":"","src":"https:\/\/i0.wp.com\/artstella-elixirs-floraux.com\/wp-content\/uploads\/2025\/03\/wp-image317.png?resize=350%2C200&ssl=1","width":350,"height":200},"classes":[]},{"id":2938,"url":"https:\/\/artstella-elixirs-floraux.com\/fr_fr\/produit\/hematite-15-ml-phi\/","url_meta":{"origin":5148,"position":4},"title":"HEMATITE 15 ML PHI","author":"eveapprill","date":"9 mars 2025","format":false,"excerpt":"H\u00e9matite (H\u00e4matit) Stimule notre \u00eatre par un bon enracinement. Il renforce la confiance en soi et am\u00e9liore la facult\u00e9 de penser.","rel":"","context":"Article similaire","block_context":{"text":"Article similaire","link":""},"img":{"alt_text":"","src":"https:\/\/i0.wp.com\/artstella-elixirs-floraux.com\/wp-content\/uploads\/2025\/03\/wp-image299.png?resize=350%2C200&ssl=1","width":350,"height":200},"classes":[]},{"id":2953,"url":"https:\/\/artstella-elixirs-floraux.com\/fr_fr\/produit\/rubis-15-ml-phi\/","url_meta":{"origin":5148,"position":5},"title":"RUBIS 15 ML PHI","author":"eveapprill","date":"9 mars 2025","format":false,"excerpt":"Rubis (Rubin) Stimule et stabilise les chakras de base et du c\u0153ur. Fortifie le chakra du c\u0153ur.","rel":"","context":"Article similaire","block_context":{"text":"Article similaire","link":""},"img":{"alt_text":"","src":"https:\/\/i0.wp.com\/artstella-elixirs-floraux.com\/wp-content\/uploads\/2025\/03\/wp-image304.png?resize=350%2C200&ssl=1","width":350,"height":200},"classes":[]}],"_links":{"self":[{"href":"https:\/\/artstella-elixirs-floraux.com\/fr_fr\/wp-json\/wp\/v2\/product\/5148","targetHints":{"allow":["GET"]}}],"collection":[{"href":"https:\/\/artstella-elixirs-floraux.com\/fr_fr\/wp-json\/wp\/v2\/product"}],"about":[{"href":"https:\/\/artstella-elixirs-floraux.com\/fr_fr\/wp-json\/wp\/v2\/types\/product"}],"version-history":[{"count":0,"href":"https:\/\/artstella-elixirs-floraux.com\/fr_fr\/wp-json\/wp\/v2\/product\/5148\/revisions"}],"wp:featuredmedia":[{"embeddable":true,"href":"https:\/\/artstella-elixirs-floraux.com\/fr_fr\/wp-json\/wp\/v2\/media\/5149"}],"wp:attachment":[{"href":"https:\/\/artstella-elixirs-floraux.com\/fr_fr\/wp-json\/wp\/v2\/media?parent=5148"}],"wp:term":[{"taxonomy":"product_brand","embeddable":true,"href":"https:\/\/artstella-elixirs-floraux.com\/fr_fr\/wp-json\/wp\/v2\/product_brand?post=5148"},{"taxonomy":"product_cat","embeddable":true,"href":"https:\/\/artstella-elixirs-floraux.com\/fr_fr\/wp-json\/wp\/v2\/product_cat?post=5148"},{"taxonomy":"product_tag","embeddable":true,"href":"https:\/\/artstella-elixirs-floraux.com\/fr_fr\/wp-json\/wp\/v2\/product_tag?post=5148"}],"curies":[{"name":"wp","href":"https:\/\/api.w.org\/{rel}","templated":true}]}}