{"id":5156,"date":"2025-03-09T13:39:12","date_gmt":"2025-03-09T13:39:12","guid":{"rendered":"https:\/\/artstella-elixirs-floraux.com\/product\/creme-woman-femme\/"},"modified":"2025-06-08T12:50:49","modified_gmt":"2025-06-08T12:50:49","slug":"creme-woman-femme","status":"publish","type":"product","link":"https:\/\/artstella-elixirs-floraux.com\/fr_fr\/produit\/creme-woman-femme\/","title":{"rendered":"CREME WOMAN &#8211; Femme"},"content":{"rendered":"<p><strong><em>la cr\u00e8me Woman &#8211; Femme<br \/>\n<\/em><\/strong><\/p>\n<p>Harmonise tous les d\u00e9s\u00e9quilibres durant les p\u00e9riodes de menstruations et de m\u00e9nopause. Permet \u00e0 la femme de d\u00e9couvrir son propre corps et sa beaut\u00e9, et de se trouver bien avec.<\/p>\n<p><em>Compos\u00e9 de Billy Goat Plum, Bottlebrush, Crowea, Mulla Mulla, Old Man Banksia, Peach flowered tea-tree, She Oak, Bush Fuchsia et de Five Corners.<\/em><\/p>\n","protected":false},"excerpt":{"rendered":"<p>Cr\u00e8me <strong>Woman &#8211; Femme<\/strong> soutient l&rsquo;\u00e9quilibre du f\u00e9minin<\/p>\n","protected":false},"featured_media":9980,"template":"","meta":[],"product_brand":[],"product_cat":[126],"product_tag":[],"class_list":{"0":"post-5156","1":"product","2":"type-product","3":"status-publish","4":"has-post-thumbnail","6":"product_cat-cremes-sprays","8":"first","9":"instock","10":"taxable","11":"shipping-taxable","12":"purchasable","13":"product-type-simple"},"etheme_brands":{"errors":{"invalid_taxonomy":["Taxonomie non valide."]},"error_data":[]},"jetpack_sharing_enabled":true,"jetpack-related-posts":[{"id":2749,"url":"https:\/\/artstella-elixirs-floraux.com\/fr_fr\/produit\/woman-femme-bush-30ml\/","url_meta":{"origin":5156,"position":0},"title":"WOMAN Femme BUSH 30ml","author":"eveapprill","date":"9 mars 2025","format":false,"excerpt":"Woman -\u00a0Femme Harmonise tous les d\u00e9s\u00e9quilibres durant les p\u00e9riodes de menstruations et de m\u00e9nopause. Permet \u00e0 la femme de d\u00e9couvrir son propre corps et sa beaut\u00e9, et de se trouver bien avec.","rel":"","context":"Article similaire","block_context":{"text":"Article similaire","link":""},"img":{"alt_text":"","src":"https:\/\/i0.wp.com\/artstella-elixirs-floraux.com\/wp-content\/uploads\/2025\/03\/5e65c23c-78a1-4c2c-944d-7fae066eb8e4.jpg?resize=350%2C200&ssl=1","width":350,"height":200,"srcset":"https:\/\/i0.wp.com\/artstella-elixirs-floraux.com\/wp-content\/uploads\/2025\/03\/5e65c23c-78a1-4c2c-944d-7fae066eb8e4.jpg?resize=350%2C200&ssl=1 1x, https:\/\/i0.wp.com\/artstella-elixirs-floraux.com\/wp-content\/uploads\/2025\/03\/5e65c23c-78a1-4c2c-944d-7fae066eb8e4.jpg?resize=525%2C300&ssl=1 1.5x, https:\/\/i0.wp.com\/artstella-elixirs-floraux.com\/wp-content\/uploads\/2025\/03\/5e65c23c-78a1-4c2c-944d-7fae066eb8e4.jpg?resize=700%2C400&ssl=1 2x"},"classes":[]},{"id":5231,"url":"https:\/\/artstella-elixirs-floraux.com\/fr_fr\/produit\/creme-amazonas\/","url_meta":{"origin":5156,"position":1},"title":"Cr\u00e8me Amazonas","author":"eveapprill","date":"9 mars 2025","format":false,"excerpt":"Creme Amazonas La Cr\u00e8me Amazonas est une cr\u00e8me r\u00e9-\u00e9nergisante r\u00e9alis\u00e9e \u00e0 partir de l\u2019\u00e9nergie du fleuve Amazone. Sa puissante \u00e9nergie de vie aide \u00e0 lib\u00e9rer les blocages. Frictionnez avec la cr\u00e8me les parties du corps bloqu\u00e9es \u00e9nerg\u00e9tiquement. Pour un traitement \u00e9nerg\u00e9tique du dos, vous pouvez appliquer la cr\u00e8me sur la\u2026","rel":"","context":"Article similaire","block_context":{"text":"Article similaire","link":""},"img":{"alt_text":"","src":"https:\/\/i0.wp.com\/artstella-elixirs-floraux.com\/wp-content\/uploads\/2025\/03\/397a3c93-f17f-42c0-af0f-9df28511893d.jpg?resize=350%2C200&ssl=1","width":350,"height":200,"srcset":"https:\/\/i0.wp.com\/artstella-elixirs-floraux.com\/wp-content\/uploads\/2025\/03\/397a3c93-f17f-42c0-af0f-9df28511893d.jpg?resize=350%2C200&ssl=1 1x, https:\/\/i0.wp.com\/artstella-elixirs-floraux.com\/wp-content\/uploads\/2025\/03\/397a3c93-f17f-42c0-af0f-9df28511893d.jpg?resize=525%2C300&ssl=1 1.5x, https:\/\/i0.wp.com\/artstella-elixirs-floraux.com\/wp-content\/uploads\/2025\/03\/397a3c93-f17f-42c0-af0f-9df28511893d.jpg?resize=700%2C400&ssl=1 2x"},"classes":[]},{"id":2783,"url":"https:\/\/artstella-elixirs-floraux.com\/fr_fr\/produit\/creme-emergency-urgence\/","url_meta":{"origin":5156,"position":2},"title":"CREME EMERGENCY &#8211; Urgence","author":"eveapprill","date":"9 mars 2025","format":false,"excerpt":"La cr\u00e8me Emergency (situation d\u2019urgence) Dans les situations de panique, d\u00e9tresse, peur, cette cr\u00e8me vous aidera \u00e0 trouver de l\u2019apaisement. Egalement disponible en gouttes et en spray.","rel":"","context":"Article similaire","block_context":{"text":"Article similaire","link":""},"img":{"alt_text":"","src":"https:\/\/i0.wp.com\/artstella-elixirs-floraux.com\/wp-content\/uploads\/2025\/03\/wp-image291.webp?resize=350%2C200&ssl=1","width":350,"height":200},"classes":[]},{"id":5229,"url":"https:\/\/artstella-elixirs-floraux.com\/fr_fr\/produit\/creme-lotus\/","url_meta":{"origin":5156,"position":3},"title":"Cr\u00e8me Lotus","author":"eveapprill","date":"9 mars 2025","format":false,"excerpt":"Cr\u00e8me Lotus La Cr\u00e8me de Lotus est r\u00e9alis\u00e9e avec l\u2019\u00e9nergie de la fleur de lotus, du lilas et de l\u2019orchid\u00e9e Limodorum abortivum. Vous pouvez utiliser cette cr\u00e8me pour vos soins corporels et de visage quotidiens. Elle r\u00e9tablit l'\u00e9quilibre \u00e9nerg\u00e9tique de la peau et contribue par son action de d\u00e9tente \u00e0\u2026","rel":"","context":"Article similaire","block_context":{"text":"Article similaire","link":""},"img":{"alt_text":"","src":"https:\/\/i0.wp.com\/artstella-elixirs-floraux.com\/wp-content\/uploads\/2025\/03\/aea4d170-3831-49f5-b2aa-2524b51c96de.jpg?resize=350%2C200&ssl=1","width":350,"height":200,"srcset":"https:\/\/i0.wp.com\/artstella-elixirs-floraux.com\/wp-content\/uploads\/2025\/03\/aea4d170-3831-49f5-b2aa-2524b51c96de.jpg?resize=350%2C200&ssl=1 1x, https:\/\/i0.wp.com\/artstella-elixirs-floraux.com\/wp-content\/uploads\/2025\/03\/aea4d170-3831-49f5-b2aa-2524b51c96de.jpg?resize=525%2C300&ssl=1 1.5x, https:\/\/i0.wp.com\/artstella-elixirs-floraux.com\/wp-content\/uploads\/2025\/03\/aea4d170-3831-49f5-b2aa-2524b51c96de.jpg?resize=700%2C400&ssl=1 2x"},"classes":[]},{"id":5235,"url":"https:\/\/artstella-elixirs-floraux.com\/fr_fr\/produit\/creme-de-venus-orchid\/","url_meta":{"origin":5156,"position":4},"title":"Cr\u00e8me de Venus orchid","author":"eveapprill","date":"9 mars 2025","format":false,"excerpt":"Cr\u00e8me Venus Orchid La Cr\u00e8me de V\u00e9nus-Orchid est r\u00e9alis\u00e9e avec l\u2019\u00e9nergie de l\u2019orchid\u00e9e Anguloa Cliftonii. Elle est particuli\u00e8rement recommand\u00e9e pour les soins quotidiens de la peau du visage et du corps. Son action profond\u00e9ment relaxante stimule la partie f\u00e9minine de notre \u00eatre et adoucit la peau.","rel":"","context":"Article similaire","block_context":{"text":"Article similaire","link":""},"img":{"alt_text":"Cr\u00e8mes aux Elixirs","src":"https:\/\/i0.wp.com\/artstella-elixirs-floraux.com\/wp-content\/uploads\/2025\/03\/4eca510c-6209-4de4-bcce-2a270758fe96.jpg?resize=350%2C200&ssl=1","width":350,"height":200,"srcset":"https:\/\/i0.wp.com\/artstella-elixirs-floraux.com\/wp-content\/uploads\/2025\/03\/4eca510c-6209-4de4-bcce-2a270758fe96.jpg?resize=350%2C200&ssl=1 1x, https:\/\/i0.wp.com\/artstella-elixirs-floraux.com\/wp-content\/uploads\/2025\/03\/4eca510c-6209-4de4-bcce-2a270758fe96.jpg?resize=525%2C300&ssl=1 1.5x, https:\/\/i0.wp.com\/artstella-elixirs-floraux.com\/wp-content\/uploads\/2025\/03\/4eca510c-6209-4de4-bcce-2a270758fe96.jpg?resize=700%2C400&ssl=1 2x"},"classes":[]},{"id":5329,"url":"https:\/\/artstella-elixirs-floraux.com\/fr_fr\/produit\/creme-echinaflor\/","url_meta":{"origin":5156,"position":5},"title":"Cr\u00e8me Echinaflor","author":"eveapprill","date":"9 mars 2025","format":false,"excerpt":"La cr\u00e8me ECHINAFLOR r\u00e9g\u00e9n\u00e8re l'\u00e9piderme en restaurant l'\u00e9quilibre de ses fonctions naturelles et en luttant efficacement contre les agressions ext\u00e9rieures. La cr\u00e8me ECHINAFLOR pr\u00e9serve la souplesse, la vitalit\u00e9 et l'int\u00e9grit\u00e9 de la peau. Elle prot\u00e8ge les peaux sensibles et fortifie les peaux fatigu\u00e9es ou ab\u00eem\u00e9es.","rel":"","context":"Article similaire","block_context":{"text":"Article similaire","link":""},"img":{"alt_text":"","src":"https:\/\/i0.wp.com\/artstella-elixirs-floraux.com\/wp-content\/uploads\/2025\/03\/wp-image1600.png?resize=350%2C200&ssl=1","width":350,"height":200},"classes":[]}],"_links":{"self":[{"href":"https:\/\/artstella-elixirs-floraux.com\/fr_fr\/wp-json\/wp\/v2\/product\/5156","targetHints":{"allow":["GET"]}}],"collection":[{"href":"https:\/\/artstella-elixirs-floraux.com\/fr_fr\/wp-json\/wp\/v2\/product"}],"about":[{"href":"https:\/\/artstella-elixirs-floraux.com\/fr_fr\/wp-json\/wp\/v2\/types\/product"}],"version-history":[{"count":0,"href":"https:\/\/artstella-elixirs-floraux.com\/fr_fr\/wp-json\/wp\/v2\/product\/5156\/revisions"}],"wp:featuredmedia":[{"embeddable":true,"href":"https:\/\/artstella-elixirs-floraux.com\/fr_fr\/wp-json\/wp\/v2\/media\/9980"}],"wp:attachment":[{"href":"https:\/\/artstella-elixirs-floraux.com\/fr_fr\/wp-json\/wp\/v2\/media?parent=5156"}],"wp:term":[{"taxonomy":"product_brand","embeddable":true,"href":"https:\/\/artstella-elixirs-floraux.com\/fr_fr\/wp-json\/wp\/v2\/product_brand?post=5156"},{"taxonomy":"product_cat","embeddable":true,"href":"https:\/\/artstella-elixirs-floraux.com\/fr_fr\/wp-json\/wp\/v2\/product_cat?post=5156"},{"taxonomy":"product_tag","embeddable":true,"href":"https:\/\/artstella-elixirs-floraux.com\/fr_fr\/wp-json\/wp\/v2\/product_tag?post=5156"}],"curies":[{"name":"wp","href":"https:\/\/api.w.org\/{rel}","templated":true}]}}