{"id":5169,"date":"2025-05-27T16:08:57","date_gmt":"2025-05-27T16:08:57","guid":{"rendered":"https:\/\/artstella-elixirs-floraux.com\/?post_type=product&#038;p=5169"},"modified":"2025-06-08T12:47:43","modified_gmt":"2025-06-08T12:47:43","slug":"benitier-commun-15-ml-phi","status":"publish","type":"product","link":"https:\/\/artstella-elixirs-floraux.com\/fr_fr\/produit\/benitier-commun-15-ml-phi\/","title":{"rendered":"BENITIER COMMUN 15 ML PHI"},"content":{"rendered":"<p>Il facilite l\u2019\u00e9vacuation des toxines. Il stimule la circulation de la lymphe et\u00a0 l\u2019excr\u00e9tion par les reins. Au plan \u00e9motionnel, son action renforce et favorise des prises de d\u00e9cision en reconnaissant ce qui est bon pour nous. Il nous aide \u00e0 percevoir les moments o\u00f9 nous pouvons nous ouvrir dans une relation et ceux o\u00f9 il vaut mieux se refermer ou se retirer.<\/p>\n","protected":false},"excerpt":{"rendered":"<p><span style=\"font-size: 14pt;color: #3366ff\"> <strong>B\u00e9nitier commun\u00a0 <em>(Tri<\/em><em>d<\/em><em>acna maxima) <\/em>Riesenmuschel\u00a0<br \/> <\/strong><\/span><br \/> De la m\u00eame fa\u00e7on que ce coquillage filtre l\u2019eau en s\u2019ouvrant et se refermant, l\u2019\u00e9lixir agit \u00e9nerg\u00e9tiquement sur les valvules du c\u0153ur.<\/p>\n","protected":false},"featured_media":0,"template":"","meta":[],"product_brand":[],"product_cat":[168],"product_tag":[],"class_list":{"0":"post-5169","1":"product","2":"type-product","3":"status-publish","5":"product_cat-l-es-nouveaux-elixirs-de-la-mer","7":"first","8":"instock","9":"taxable","10":"shipping-taxable","11":"purchasable","12":"product-type-simple"},"etheme_brands":{"errors":{"invalid_taxonomy":["Taxonomie non valide."]},"error_data":[]},"jetpack_sharing_enabled":true,"jetpack-related-posts":[{"id":5858,"url":"https:\/\/artstella-elixirs-floraux.com\/fr_fr\/produit\/rorqual-commun-finnwal-15-ml-phi\/","url_meta":{"origin":5169,"position":0},"title":"Rorqual commun &#8211; Finnwal 15 ml PHI","author":"eveapprill","date":"9 mars 2025","format":false,"excerpt":"Rorqual commun - Finnwal Ouvre notre conscience \u00e0 la quatri\u00e8me et cinqui\u00e8me dimension. Au del\u00e0 du temps et de l espace. Nous r\u00e9alisons la conscience de la matrice. Le principe de la concr\u00e9tisation des pens\u00e9es dans la mati\u00e8re","rel":"","context":"Article similaire","block_context":{"text":"Article similaire","link":""},"img":{"alt_text":"","src":"","width":0,"height":0},"classes":[]},{"id":3131,"url":"https:\/\/artstella-elixirs-floraux.com\/fr_fr\/produit\/viperine-commune-afrique-15-ml-phi\/","url_meta":{"origin":5169,"position":1},"title":"VIPERINE COMMUNE AFRIQUE 15 ML PHI","author":"eveapprill","date":"9 mars 2025","format":false,"excerpt":"Vip\u00e9rine commune (Echium vulgare) (Natternkopf) L'humour et l'amabilit\u00e9 nous emm\u00e8nent plus loin que le devoir et la discipline. Nous d\u00e9veloppons la cordialit\u00e9 et pouvons comprendre que le sourire parvient \u00e0 ouvrir bien des portes.","rel":"","context":"Article similaire","block_context":{"text":"Article similaire","link":""},"img":{"alt_text":"","src":"https:\/\/i0.wp.com\/artstella-elixirs-floraux.com\/wp-content\/uploads\/2025\/03\/wp-image421.png?resize=350%2C200&ssl=1","width":350,"height":200},"classes":[]},{"id":2190,"url":"https:\/\/artstella-elixirs-floraux.com\/fr_fr\/produit\/horsetail-alaskan\/","url_meta":{"origin":5169,"position":2},"title":"Horsetail Alaskan","author":"eveapprill","date":"9 mars 2025","format":false,"excerpt":"Horsetail. Equisetum arvense. Pr\u00eale Communication d\u00e9form\u00e9e avec les niveaux de sa conscience. Difficult\u00e9 \u00e0 communiquer avec son moi sup\u00e9rieur et les autres, m\u00eame les animaux.","rel":"","context":"Article similaire","block_context":{"text":"Article similaire","link":""},"img":{"alt_text":"","src":"https:\/\/i0.wp.com\/artstella-elixirs-floraux.com\/wp-content\/uploads\/2025\/03\/wp-image543.png?resize=350%2C200&ssl=1","width":350,"height":200},"classes":[]},{"id":5402,"url":"https:\/\/artstella-elixirs-floraux.com\/fr_fr\/produit\/primavera-azulada-sylfos-15ml-pap\/","url_meta":{"origin":5169,"position":3},"title":"PRIMAVERA AZULADA SYLFOS 15ML PAP","author":"eveapprill","date":"9 mars 2025","format":false,"excerpt":"37 - PRIMAVERA AZULADA\/ AZUR PRINTANIER Celastrina ladon\u00a0\u00a0\u00a0 Communication \u2013 Foi dans le futur Cet \u00e9lixir agit en ouvrant le chakra de la gorge pour permettre une meilleure expression de soi. Il nous permet de d\u00e9couvrir nos origines dans ce syst\u00e8me ou dans un autre,\u00a0","rel":"","context":"Article similaire","block_context":{"text":"Article similaire","link":""},"img":{"alt_text":"","src":"https:\/\/i0.wp.com\/artstella-elixirs-floraux.com\/wp-content\/uploads\/2025\/03\/78f7b722-e9dd-4ccb-9df2-68ea958c29bd.jpg?resize=350%2C200&ssl=1","width":350,"height":200,"srcset":"https:\/\/i0.wp.com\/artstella-elixirs-floraux.com\/wp-content\/uploads\/2025\/03\/78f7b722-e9dd-4ccb-9df2-68ea958c29bd.jpg?resize=350%2C200&ssl=1 1x, https:\/\/i0.wp.com\/artstella-elixirs-floraux.com\/wp-content\/uploads\/2025\/03\/78f7b722-e9dd-4ccb-9df2-68ea958c29bd.jpg?resize=525%2C300&ssl=1 1.5x, https:\/\/i0.wp.com\/artstella-elixirs-floraux.com\/wp-content\/uploads\/2025\/03\/78f7b722-e9dd-4ccb-9df2-68ea958c29bd.jpg?resize=700%2C400&ssl=1 2x"},"classes":[]},{"id":2500,"url":"https:\/\/artstella-elixirs-floraux.com\/fr_fr\/produit\/azurite\/","url_meta":{"origin":5169,"position":4},"title":"AZURITE","author":"eveapprill","date":"9 mars 2025","format":false,"excerpt":"AZURITE Enracine la communication ; ouvre et renforce la connexion entre les forces terrestres f\u00e9minines et le 5eme chakra ; nous aide \u00e0 communiquer avec vitalit\u00e9, authenticit\u00e9 et gentillesse.","rel":"","context":"Article similaire","block_context":{"text":"Article similaire","link":""},"img":{"alt_text":"","src":"https:\/\/i0.wp.com\/artstella-elixirs-floraux.com\/wp-content\/uploads\/2025\/03\/wp-image199.png?resize=350%2C200&ssl=1","width":350,"height":200},"classes":[]},{"id":3762,"url":"https:\/\/artstella-elixirs-floraux.com\/fr_fr\/produit\/angel-orchid-phi\/","url_meta":{"origin":5169,"position":5},"title":"ANGEL ORCHID PHI","author":"eveapprill","date":"9 mars 2025","format":false,"excerpt":"Angel Orchid (Epidendrum secundum) Nous ouvre \u00e0 la communication avec les plans d'\u00e9nergies sup\u00e9rieurs. Cet \u00e9lixir nous all\u00e8ge et il accro\u00eet ainsi notre sentiment de s\u00e9curit\u00e9.","rel":"","context":"Article similaire","block_context":{"text":"Article similaire","link":""},"img":{"alt_text":"","src":"https:\/\/i0.wp.com\/artstella-elixirs-floraux.com\/wp-content\/uploads\/2025\/03\/wp-image501.png?resize=350%2C200&ssl=1","width":350,"height":200},"classes":[]}],"_links":{"self":[{"href":"https:\/\/artstella-elixirs-floraux.com\/fr_fr\/wp-json\/wp\/v2\/product\/5169","targetHints":{"allow":["GET"]}}],"collection":[{"href":"https:\/\/artstella-elixirs-floraux.com\/fr_fr\/wp-json\/wp\/v2\/product"}],"about":[{"href":"https:\/\/artstella-elixirs-floraux.com\/fr_fr\/wp-json\/wp\/v2\/types\/product"}],"version-history":[{"count":0,"href":"https:\/\/artstella-elixirs-floraux.com\/fr_fr\/wp-json\/wp\/v2\/product\/5169\/revisions"}],"wp:attachment":[{"href":"https:\/\/artstella-elixirs-floraux.com\/fr_fr\/wp-json\/wp\/v2\/media?parent=5169"}],"wp:term":[{"taxonomy":"product_brand","embeddable":true,"href":"https:\/\/artstella-elixirs-floraux.com\/fr_fr\/wp-json\/wp\/v2\/product_brand?post=5169"},{"taxonomy":"product_cat","embeddable":true,"href":"https:\/\/artstella-elixirs-floraux.com\/fr_fr\/wp-json\/wp\/v2\/product_cat?post=5169"},{"taxonomy":"product_tag","embeddable":true,"href":"https:\/\/artstella-elixirs-floraux.com\/fr_fr\/wp-json\/wp\/v2\/product_tag?post=5169"}],"curies":[{"name":"wp","href":"https:\/\/api.w.org\/{rel}","templated":true}]}}