{"id":5216,"date":"2025-03-09T13:40:13","date_gmt":"2025-03-09T13:40:13","guid":{"rendered":"https:\/\/artstella-elixirs-floraux.com\/product\/fleurs-special-30-ml\/"},"modified":"2026-02-01T14:30:31","modified_gmt":"2026-02-01T14:30:31","slug":"fleurs-special-30-ml","status":"publish","type":"product","link":"https:\/\/artstella-elixirs-floraux.com\/fr_fr\/produit\/fleurs-special-30-ml\/","title":{"rendered":"FLEURS SPECIAL"},"content":{"rendered":"","protected":false},"excerpt":{"rendered":"<p><strong>FLACON 30 ou 60 ml jusqu&rsquo;\u00e0 7 \u00e9lixirs avec comme conservateur :<\/strong><\/p>\n<p>&#8211; m\u00e9thode classique : cognac bio<\/p>\n<p>&#8211; Sans alcool : sirop d&rsquo;Agave<\/p>\n<p><em>Pr\u00e9cisez votre composition au moment de r\u00e9gler votre commande dans la case correspondance.<\/em><\/p>\n<p><em>Vous pouvez aussi nous envoyer un mail: info@artstella-elixirs-floraux.com<\/em><\/p>\n<p><em>ou nous appeler 05 46 70 69 58<\/em><\/p>\n","protected":false},"featured_media":9975,"template":"","meta":[],"product_brand":[],"product_cat":[171,170],"product_tag":[],"class_list":{"0":"post-5216","1":"product","2":"type-product","3":"status-publish","4":"has-post-thumbnail","6":"product_cat-test-pour-choisir-vos-elixirs","7":"product_cat-tests-elixirs","9":"first","10":"instock","11":"taxable","12":"shipping-taxable","13":"purchasable","14":"product-type-variable"},"etheme_brands":{"errors":{"invalid_taxonomy":["Taxonomie non valide."]},"error_data":[]},"jetpack_sharing_enabled":true,"jetpack-related-posts":[{"id":4584,"url":"https:\/\/artstella-elixirs-floraux.com\/fr_fr\/produit\/coffret-elixirs-bush-71-elixirs\/","url_meta":{"origin":5216,"position":0},"title":"COFFRET ELIXIRS BUSH 71 \u00e9lixirs","author":"eveapprill","date":"9 mars 2025","format":false,"excerpt":"COFFRET \u00c9LIXIRS BUSH 71 Fl 15 ML Comprend les 71 \u00e9lixirs floraux du Bush, \u00e9tiquettes; le livret est en anglais","rel":"","context":"Article similaire","block_context":{"text":"Article similaire","link":""},"img":{"alt_text":"Les coffrets elixirs du Bush australien","src":"https:\/\/i0.wp.com\/artstella-elixirs-floraux.com\/wp-content\/uploads\/2025\/03\/wp-image2458.png?resize=350%2C200&ssl=1","width":350,"height":200,"srcset":"https:\/\/i0.wp.com\/artstella-elixirs-floraux.com\/wp-content\/uploads\/2025\/03\/wp-image2458.png?resize=350%2C200&ssl=1 1x, https:\/\/i0.wp.com\/artstella-elixirs-floraux.com\/wp-content\/uploads\/2025\/03\/wp-image2458.png?resize=525%2C300&ssl=1 1.5x, https:\/\/i0.wp.com\/artstella-elixirs-floraux.com\/wp-content\/uploads\/2025\/03\/wp-image2458.png?resize=700%2C400&ssl=1 2x, https:\/\/i0.wp.com\/artstella-elixirs-floraux.com\/wp-content\/uploads\/2025\/03\/wp-image2458.png?resize=1050%2C600&ssl=1 3x"},"classes":[]},{"id":5214,"url":"https:\/\/artstella-elixirs-floraux.com\/fr_fr\/produit\/test-pour-choisir-vos-elixirs\/","url_meta":{"origin":5216,"position":1},"title":"TEST pour choisir vos \u00e9lixirs","author":"eveapprill","date":"9 mars 2025","format":false,"excerpt":"Comprend le\u00a0test\u00a0apr\u00e8s un bref \u00e9change par mail ou t\u00e9l\u00e9phone, la recherche et l'explication des \u00e9lixirs des \u00e9lixirs correspondant \u00e0 votre probl\u00e9matique. Contact : info@artstella-elixirs-floraux.com \u00a0 \u00a0","rel":"","context":"Article similaire","block_context":{"text":"Article similaire","link":""},"img":{"alt_text":"","src":"","width":0,"height":0},"classes":[]},{"id":5600,"url":"https:\/\/artstella-elixirs-floraux.com\/fr_fr\/produit\/coffret-96-elixirs-floraux-deva-10ml\/","url_meta":{"origin":5216,"position":2},"title":"Coffret 96 \u00e9lixirs floraux DEVA 15ml","author":"eveapprill","date":"9 mars 2025","format":false,"excerpt":"La gamme compl\u00e8te des 96 \u00e9lixirs floraux Deva issus de la recherche contemporaine.","rel":"","context":"Article similaire","block_context":{"text":"Article similaire","link":""},"img":{"alt_text":"","src":"https:\/\/i0.wp.com\/artstella-elixirs-floraux.com\/wp-content\/uploads\/2025\/03\/wp-image2356.png?resize=350%2C200&ssl=1","width":350,"height":200,"srcset":"https:\/\/i0.wp.com\/artstella-elixirs-floraux.com\/wp-content\/uploads\/2025\/03\/wp-image2356.png?resize=350%2C200&ssl=1 1x, https:\/\/i0.wp.com\/artstella-elixirs-floraux.com\/wp-content\/uploads\/2025\/03\/wp-image2356.png?resize=525%2C300&ssl=1 1.5x, https:\/\/i0.wp.com\/artstella-elixirs-floraux.com\/wp-content\/uploads\/2025\/03\/wp-image2356.png?resize=700%2C400&ssl=1 2x"},"classes":[]},{"id":4629,"url":"https:\/\/artstella-elixirs-floraux.com\/fr_fr\/produit\/coffret-elixirs-denvironnement-30-ml\/","url_meta":{"origin":5216,"position":3},"title":"COFFRET \u00e9lixirs d&rsquo;environnement 30 ML","author":"eveapprill","date":"9 mars 2025","format":false,"excerpt":"COFFRET \u00e9lixirs d'environnement 30ML","rel":"","context":"Article similaire","block_context":{"text":"Article similaire","link":""},"img":{"alt_text":"","src":"","width":0,"height":0},"classes":[]},{"id":5598,"url":"https:\/\/artstella-elixirs-floraux.com\/fr_fr\/produit\/coffret-38-elixirs-floraux-du-dr-bach-10ml\/","url_meta":{"origin":5216,"position":4},"title":"Coffret 38 \u00e9lixirs floraux du Dr BACH 10ml","author":"eveapprill","date":"9 mars 2025","format":false,"excerpt":"La gamme compl\u00e8te des 38 \u00e9lixirs floraux du Dr BACH\u00a0 et 2 situations de crises en 15ml pr\u00e9par\u00e9s par le Laboratoire Deva selon la m\u00e9thode originelle du Dr Bach.","rel":"","context":"Article similaire","block_context":{"text":"Article similaire","link":""},"img":{"alt_text":"Coffrets les Elixirs Deva","src":"https:\/\/i0.wp.com\/artstella-elixirs-floraux.com\/wp-content\/uploads\/2025\/03\/wp-image2355.png?resize=350%2C200&ssl=1","width":350,"height":200,"srcset":"https:\/\/i0.wp.com\/artstella-elixirs-floraux.com\/wp-content\/uploads\/2025\/03\/wp-image2355.png?resize=350%2C200&ssl=1 1x, https:\/\/i0.wp.com\/artstella-elixirs-floraux.com\/wp-content\/uploads\/2025\/03\/wp-image2355.png?resize=525%2C300&ssl=1 1.5x, https:\/\/i0.wp.com\/artstella-elixirs-floraux.com\/wp-content\/uploads\/2025\/03\/wp-image2355.png?resize=700%2C400&ssl=1 2x"},"classes":[]},{"id":5496,"url":"https:\/\/artstella-elixirs-floraux.com\/fr_fr\/produit\/cartes-des-24-elixirs-andins\/","url_meta":{"origin":5216,"position":5},"title":"Cartes des 24 \u00e9lixirs andins","author":"eveapprill","date":"9 mars 2025","format":false,"excerpt":"Jeu de 24 cartes couleur repr\u00e9sentant les fleurs des \u00e9lixirs andins","rel":"","context":"Article similaire","block_context":{"text":"Article similaire","link":""},"img":{"alt_text":"","src":"https:\/\/i0.wp.com\/artstella-elixirs-floraux.com\/wp-content\/uploads\/2025\/03\/wp-image1743.png?resize=350%2C200&ssl=1","width":350,"height":200,"srcset":"https:\/\/i0.wp.com\/artstella-elixirs-floraux.com\/wp-content\/uploads\/2025\/03\/wp-image1743.png?resize=350%2C200&ssl=1 1x, https:\/\/i0.wp.com\/artstella-elixirs-floraux.com\/wp-content\/uploads\/2025\/03\/wp-image1743.png?resize=525%2C300&ssl=1 1.5x, https:\/\/i0.wp.com\/artstella-elixirs-floraux.com\/wp-content\/uploads\/2025\/03\/wp-image1743.png?resize=700%2C400&ssl=1 2x"},"classes":[]}],"_links":{"self":[{"href":"https:\/\/artstella-elixirs-floraux.com\/fr_fr\/wp-json\/wp\/v2\/product\/5216","targetHints":{"allow":["GET"]}}],"collection":[{"href":"https:\/\/artstella-elixirs-floraux.com\/fr_fr\/wp-json\/wp\/v2\/product"}],"about":[{"href":"https:\/\/artstella-elixirs-floraux.com\/fr_fr\/wp-json\/wp\/v2\/types\/product"}],"version-history":[{"count":3,"href":"https:\/\/artstella-elixirs-floraux.com\/fr_fr\/wp-json\/wp\/v2\/product\/5216\/revisions"}],"predecessor-version":[{"id":11768,"href":"https:\/\/artstella-elixirs-floraux.com\/fr_fr\/wp-json\/wp\/v2\/product\/5216\/revisions\/11768"}],"wp:featuredmedia":[{"embeddable":true,"href":"https:\/\/artstella-elixirs-floraux.com\/fr_fr\/wp-json\/wp\/v2\/media\/9975"}],"wp:attachment":[{"href":"https:\/\/artstella-elixirs-floraux.com\/fr_fr\/wp-json\/wp\/v2\/media?parent=5216"}],"wp:term":[{"taxonomy":"product_brand","embeddable":true,"href":"https:\/\/artstella-elixirs-floraux.com\/fr_fr\/wp-json\/wp\/v2\/product_brand?post=5216"},{"taxonomy":"product_cat","embeddable":true,"href":"https:\/\/artstella-elixirs-floraux.com\/fr_fr\/wp-json\/wp\/v2\/product_cat?post=5216"},{"taxonomy":"product_tag","embeddable":true,"href":"https:\/\/artstella-elixirs-floraux.com\/fr_fr\/wp-json\/wp\/v2\/product_tag?post=5216"}],"curies":[{"name":"wp","href":"https:\/\/api.w.org\/{rel}","templated":true}]}}