{"id":5227,"date":"2025-03-09T13:40:21","date_gmt":"2025-03-09T13:40:21","guid":{"rendered":"https:\/\/artstella-elixirs-floraux.com\/product\/rq7-creme\/"},"modified":"2025-06-08T12:50:47","modified_gmt":"2025-06-08T12:50:47","slug":"rq7-creme","status":"publish","type":"product","link":"https:\/\/artstella-elixirs-floraux.com\/fr_fr\/produit\/rq7-creme\/","title":{"rendered":"RQ7 Creme"},"content":{"rendered":"<p><span>En cas de fatigue, elle\u00a0<\/span><span>La Cr\u00e8me d&rsquo;urgence RQ7. est r\u00e9alis\u00e9e avec les sept \u00e9lixirs de fleurs du compos\u00e9 RQ7 (Ornithogalum umbellatum, Prunella vulgaris, Clematis vitalba, Helianthenum nummularum, Impatiens glandulifera, Prunus cerasifera, et Nelumbo nucifera). Ele agit comme stimulant \u00e9nerg\u00e9tique.<\/span><\/p>\n","protected":false},"excerpt":{"rendered":"<p><strong>RQ7 CREME<\/strong><\/p>\n<p><big>Cette cr\u00e8me bienfaisante est compos\u00e9e des sept \u00e9lixirs de fleurs du compos\u00e9 RQ7. Utilisez-la dans les situations d&rsquo;aide, en cas de fatigue par ex.<br \/>(60 Gr)<\/big><\/p>\n<p>Sans paraben<\/p>\n","protected":false},"featured_media":9972,"template":"","meta":[],"product_brand":[],"product_cat":[172],"product_tag":[],"class_list":{"0":"post-5227","1":"product","2":"type-product","3":"status-publish","4":"has-post-thumbnail","6":"product_cat-crimes-aux-elixirs","8":"first","9":"instock","10":"taxable","11":"shipping-taxable","12":"purchasable","13":"product-type-simple"},"etheme_brands":{"errors":{"invalid_taxonomy":["Taxonomie non valide."]},"error_data":[]},"jetpack_sharing_enabled":true,"jetpack-related-posts":[{"id":2915,"url":"https:\/\/artstella-elixirs-floraux.com\/fr_fr\/produit\/rq7-phi\/","url_meta":{"origin":5227,"position":0},"title":"RQ7 PHI","author":"eveapprill","date":"9 mars 2025","format":false,"excerpt":"\u00a0RQ7 - Rem\u00e8de d\u2019urgence aux sept fleurs Ce m\u00e9lange comprend les cinq fleurs du RQ5 ainsi que la brunelle qui active les forces d'auto gu\u00e9rison et le lotus, pour son action harmonisante. Il s'utilise dans les cas d'urgence et de stress prolong\u00e9. On peut \u00e9galement l\u2019utiliser sous forme de spray\u2026","rel":"","context":"Article similaire","block_context":{"text":"Article similaire","link":""},"img":{"alt_text":"","src":"https:\/\/i0.wp.com\/artstella-elixirs-floraux.com\/wp-content\/uploads\/2025\/03\/wp-image1108.png?resize=350%2C200&ssl=1","width":350,"height":200},"classes":[]},{"id":4518,"url":"https:\/\/artstella-elixirs-floraux.com\/fr_fr\/produit\/rq7\/","url_meta":{"origin":5227,"position":1},"title":"RQ7 15ml","author":"eveapprill","date":"27 mai 2025","format":false,"excerpt":"RQ7 M\u00e9lange de fleurs faisant partie de la gamme des fleurs classiques mises au point par le Dr Bach. Cet \u00e9lixir correspond au rem\u00e8de d\u2019urgence traditionnel. A. Korte y a ajout\u00e9 le Lotus pour l\u2019harmonisation et la Brunelle pour l\u2019auto gu\u00e9rison. Cet \u00e9lixir combat le stress, r\u00e9\u00e9quilibre et r\u00e9 harmonise\u2026","rel":"","context":"Article similaire","block_context":{"text":"Article similaire","link":""},"img":{"alt_text":"","src":"","width":0,"height":0},"classes":[]},{"id":3885,"url":"https:\/\/artstella-elixirs-floraux.com\/fr_fr\/produit\/rq7-phi-spray-durgence\/","url_meta":{"origin":5227,"position":2},"title":"RQ7 PHI SPRAY D&rsquo;URGENCE","author":"eveapprill","date":"9 mars 2025","format":false,"excerpt":"RQ7 en spray (spray d\u2019urgence) La combinaison d'urgence existe maintenant en spray pour un usage externe. En cas de stress important ou de choc, vous pouvez le vaporiser plusieurs fois autour de vous ou directement sur la peau","rel":"","context":"Article similaire","block_context":{"text":"Article similaire","link":""},"img":{"alt_text":"","src":"https:\/\/i0.wp.com\/artstella-elixirs-floraux.com\/wp-content\/uploads\/2025\/03\/8b37bd36-1578-4bda-bf29-27659c5152c5.jpg?resize=350%2C200&ssl=1","width":350,"height":200,"srcset":"https:\/\/i0.wp.com\/artstella-elixirs-floraux.com\/wp-content\/uploads\/2025\/03\/8b37bd36-1578-4bda-bf29-27659c5152c5.jpg?resize=350%2C200&ssl=1 1x, https:\/\/i0.wp.com\/artstella-elixirs-floraux.com\/wp-content\/uploads\/2025\/03\/8b37bd36-1578-4bda-bf29-27659c5152c5.jpg?resize=525%2C300&ssl=1 1.5x, https:\/\/i0.wp.com\/artstella-elixirs-floraux.com\/wp-content\/uploads\/2025\/03\/8b37bd36-1578-4bda-bf29-27659c5152c5.jpg?resize=700%2C400&ssl=1 2x"},"classes":[]},{"id":4537,"url":"https:\/\/artstella-elixirs-floraux.com\/fr_fr\/produit\/coffret-fleurs-classiques-15-ml\/","url_meta":{"origin":5227,"position":3},"title":"COFFRET FLEURS CLASSIQUES 15 ML","author":"eveapprill","date":"9 mars 2025","format":false,"excerpt":"Elixirs de fleurs classiques : Correspondent aux 38 Fleurs de Bach avec le RQ5 rem\u00e8de d'urgence aux 5 fleurs et le RQ7 rem\u00e8de d'urgence aux 7 fleurs, r\u00e9alis\u00e9s avec la m\u00e9thode de transfert sans couper les fleurs.","rel":"","context":"Article similaire","block_context":{"text":"Article similaire","link":""},"img":{"alt_text":"","src":"https:\/\/i0.wp.com\/artstella-elixirs-floraux.com\/wp-content\/uploads\/2025\/03\/wp-image2354.png?resize=350%2C200&ssl=1","width":350,"height":200,"srcset":"https:\/\/i0.wp.com\/artstella-elixirs-floraux.com\/wp-content\/uploads\/2025\/03\/wp-image2354.png?resize=350%2C200&ssl=1 1x, https:\/\/i0.wp.com\/artstella-elixirs-floraux.com\/wp-content\/uploads\/2025\/03\/wp-image2354.png?resize=525%2C300&ssl=1 1.5x, https:\/\/i0.wp.com\/artstella-elixirs-floraux.com\/wp-content\/uploads\/2025\/03\/wp-image2354.png?resize=700%2C400&ssl=1 2x"},"classes":[]},{"id":5229,"url":"https:\/\/artstella-elixirs-floraux.com\/fr_fr\/produit\/creme-lotus\/","url_meta":{"origin":5227,"position":4},"title":"Cr\u00e8me Lotus","author":"eveapprill","date":"9 mars 2025","format":false,"excerpt":"Cr\u00e8me Lotus La Cr\u00e8me de Lotus est r\u00e9alis\u00e9e avec l\u2019\u00e9nergie de la fleur de lotus, du lilas et de l\u2019orchid\u00e9e Limodorum abortivum. Vous pouvez utiliser cette cr\u00e8me pour vos soins corporels et de visage quotidiens. Elle r\u00e9tablit l'\u00e9quilibre \u00e9nerg\u00e9tique de la peau et contribue par son action de d\u00e9tente \u00e0\u2026","rel":"","context":"Article similaire","block_context":{"text":"Article similaire","link":""},"img":{"alt_text":"","src":"https:\/\/i0.wp.com\/artstella-elixirs-floraux.com\/wp-content\/uploads\/2025\/03\/aea4d170-3831-49f5-b2aa-2524b51c96de.jpg?resize=350%2C200&ssl=1","width":350,"height":200,"srcset":"https:\/\/i0.wp.com\/artstella-elixirs-floraux.com\/wp-content\/uploads\/2025\/03\/aea4d170-3831-49f5-b2aa-2524b51c96de.jpg?resize=350%2C200&ssl=1 1x, https:\/\/i0.wp.com\/artstella-elixirs-floraux.com\/wp-content\/uploads\/2025\/03\/aea4d170-3831-49f5-b2aa-2524b51c96de.jpg?resize=525%2C300&ssl=1 1.5x, https:\/\/i0.wp.com\/artstella-elixirs-floraux.com\/wp-content\/uploads\/2025\/03\/aea4d170-3831-49f5-b2aa-2524b51c96de.jpg?resize=700%2C400&ssl=1 2x"},"classes":[]},{"id":5540,"url":"https:\/\/artstella-elixirs-floraux.com\/fr_fr\/produit\/coffret-ad-11-elixirs-15ml\/","url_meta":{"origin":5227,"position":5},"title":"COFFRET AD &#8211; 11 \u00e9lixirs 15ml","author":"eveapprill","date":"9 mars 2025","format":false,"excerpt":"Coffret pour se lib\u00e9rer des d\u00e9pendances 11 \u00e9lixirs de 15 ml","rel":"","context":"Article similaire","block_context":{"text":"Article similaire","link":""},"img":{"alt_text":"","src":"https:\/\/i0.wp.com\/artstella-elixirs-floraux.com\/wp-content\/uploads\/2025\/03\/wp-image1765.png?resize=350%2C200&ssl=1","width":350,"height":200},"classes":[]}],"_links":{"self":[{"href":"https:\/\/artstella-elixirs-floraux.com\/fr_fr\/wp-json\/wp\/v2\/product\/5227","targetHints":{"allow":["GET"]}}],"collection":[{"href":"https:\/\/artstella-elixirs-floraux.com\/fr_fr\/wp-json\/wp\/v2\/product"}],"about":[{"href":"https:\/\/artstella-elixirs-floraux.com\/fr_fr\/wp-json\/wp\/v2\/types\/product"}],"version-history":[{"count":0,"href":"https:\/\/artstella-elixirs-floraux.com\/fr_fr\/wp-json\/wp\/v2\/product\/5227\/revisions"}],"wp:featuredmedia":[{"embeddable":true,"href":"https:\/\/artstella-elixirs-floraux.com\/fr_fr\/wp-json\/wp\/v2\/media\/9972"}],"wp:attachment":[{"href":"https:\/\/artstella-elixirs-floraux.com\/fr_fr\/wp-json\/wp\/v2\/media?parent=5227"}],"wp:term":[{"taxonomy":"product_brand","embeddable":true,"href":"https:\/\/artstella-elixirs-floraux.com\/fr_fr\/wp-json\/wp\/v2\/product_brand?post=5227"},{"taxonomy":"product_cat","embeddable":true,"href":"https:\/\/artstella-elixirs-floraux.com\/fr_fr\/wp-json\/wp\/v2\/product_cat?post=5227"},{"taxonomy":"product_tag","embeddable":true,"href":"https:\/\/artstella-elixirs-floraux.com\/fr_fr\/wp-json\/wp\/v2\/product_tag?post=5227"}],"curies":[{"name":"wp","href":"https:\/\/api.w.org\/{rel}","templated":true}]}}