{"id":5231,"date":"2025-03-09T13:40:24","date_gmt":"2025-03-09T13:40:24","guid":{"rendered":"https:\/\/artstella-elixirs-floraux.com\/product\/creme-amazonas\/"},"modified":"2025-06-08T12:50:47","modified_gmt":"2025-06-08T12:50:47","slug":"creme-amazonas","status":"publish","type":"product","link":"https:\/\/artstella-elixirs-floraux.com\/fr_fr\/produit\/creme-amazonas\/","title":{"rendered":"Cr\u00e8me Amazonas"},"content":{"rendered":"","protected":false},"excerpt":{"rendered":"<p>Creme Amazonas<\/p>\n<p>La Cr\u00e8me Amazonas est une cr\u00e8me r\u00e9-\u00e9nergisante r\u00e9alis\u00e9e \u00e0 partir de l\u2019\u00e9nergie du fleuve Amazone. Sa puissante \u00e9nergie de vie aide \u00e0 lib\u00e9rer les blocages. Frictionnez avec la cr\u00e8me les parties du corps bloqu\u00e9es \u00e9nerg\u00e9tiquement. Pour un traitement \u00e9nerg\u00e9tique du dos, vous pouvez appliquer la cr\u00e8me sur la \u00ab\u00a0Fossa Triangularis\u00a0\u00bb de la cavit\u00e9 externe de l&rsquo;oreille.<\/p>\n","protected":false},"featured_media":9974,"template":"","meta":[],"product_brand":[],"product_cat":[172],"product_tag":[],"class_list":{"0":"post-5231","1":"product","2":"type-product","3":"status-publish","4":"has-post-thumbnail","6":"product_cat-crimes-aux-elixirs","8":"first","9":"instock","10":"taxable","11":"shipping-taxable","12":"purchasable","13":"product-type-simple"},"etheme_brands":{"errors":{"invalid_taxonomy":["Taxonomie non valide."]},"error_data":[]},"jetpack_sharing_enabled":true,"jetpack-related-posts":[{"id":5237,"url":"https:\/\/artstella-elixirs-floraux.com\/fr_fr\/produit\/creme-delph-a-lenergie-des-dauphins\/","url_meta":{"origin":5231,"position":0},"title":"Cr\u00e8me DELPH, \u00e0 l&rsquo;\u00e9nergie des dauphins","author":"eveapprill","date":"9 mars 2025","format":false,"excerpt":"Cr\u00e8me DELPH, \u00e0 l'\u00e9nergie des dauphins La Cr\u00e8me DELPH, \u00e0 l\u2019\u00e9nergie des dauphins. Elle \u00e9quilibre \u00e9nerg\u00e9tiquement la peau et, par son action d\u2019ouverture du c\u0153ur, favorise le bien-\u00eatre. Elle est particuli\u00e8rement recommand\u00e9e pour appliquer un choix d\u2019\u00e9lixirs personnel ou d\u2019huiles essentielles, et comme cr\u00e8me de massage pendant la grossesse.","rel":"","context":"Article similaire","block_context":{"text":"Article similaire","link":""},"img":{"alt_text":"","src":"https:\/\/i0.wp.com\/artstella-elixirs-floraux.com\/wp-content\/uploads\/2025\/03\/cf5e58c7-45d9-4f51-9ba7-60a61f4188bd.jpg?resize=350%2C200&ssl=1","width":350,"height":200,"srcset":"https:\/\/i0.wp.com\/artstella-elixirs-floraux.com\/wp-content\/uploads\/2025\/03\/cf5e58c7-45d9-4f51-9ba7-60a61f4188bd.jpg?resize=350%2C200&ssl=1 1x, https:\/\/i0.wp.com\/artstella-elixirs-floraux.com\/wp-content\/uploads\/2025\/03\/cf5e58c7-45d9-4f51-9ba7-60a61f4188bd.jpg?resize=525%2C300&ssl=1 1.5x, https:\/\/i0.wp.com\/artstella-elixirs-floraux.com\/wp-content\/uploads\/2025\/03\/cf5e58c7-45d9-4f51-9ba7-60a61f4188bd.jpg?resize=700%2C400&ssl=1 2x"},"classes":[]},{"id":5229,"url":"https:\/\/artstella-elixirs-floraux.com\/fr_fr\/produit\/creme-lotus\/","url_meta":{"origin":5231,"position":1},"title":"Cr\u00e8me Lotus","author":"eveapprill","date":"9 mars 2025","format":false,"excerpt":"Cr\u00e8me Lotus La Cr\u00e8me de Lotus est r\u00e9alis\u00e9e avec l\u2019\u00e9nergie de la fleur de lotus, du lilas et de l\u2019orchid\u00e9e Limodorum abortivum. Vous pouvez utiliser cette cr\u00e8me pour vos soins corporels et de visage quotidiens. Elle r\u00e9tablit l'\u00e9quilibre \u00e9nerg\u00e9tique de la peau et contribue par son action de d\u00e9tente \u00e0\u2026","rel":"","context":"Article similaire","block_context":{"text":"Article similaire","link":""},"img":{"alt_text":"","src":"https:\/\/i0.wp.com\/artstella-elixirs-floraux.com\/wp-content\/uploads\/2025\/03\/aea4d170-3831-49f5-b2aa-2524b51c96de.jpg?resize=350%2C200&ssl=1","width":350,"height":200,"srcset":"https:\/\/i0.wp.com\/artstella-elixirs-floraux.com\/wp-content\/uploads\/2025\/03\/aea4d170-3831-49f5-b2aa-2524b51c96de.jpg?resize=350%2C200&ssl=1 1x, https:\/\/i0.wp.com\/artstella-elixirs-floraux.com\/wp-content\/uploads\/2025\/03\/aea4d170-3831-49f5-b2aa-2524b51c96de.jpg?resize=525%2C300&ssl=1 1.5x, https:\/\/i0.wp.com\/artstella-elixirs-floraux.com\/wp-content\/uploads\/2025\/03\/aea4d170-3831-49f5-b2aa-2524b51c96de.jpg?resize=700%2C400&ssl=1 2x"},"classes":[]},{"id":5235,"url":"https:\/\/artstella-elixirs-floraux.com\/fr_fr\/produit\/creme-de-venus-orchid\/","url_meta":{"origin":5231,"position":2},"title":"Cr\u00e8me de Venus orchid","author":"eveapprill","date":"9 mars 2025","format":false,"excerpt":"Cr\u00e8me Venus Orchid La Cr\u00e8me de V\u00e9nus-Orchid est r\u00e9alis\u00e9e avec l\u2019\u00e9nergie de l\u2019orchid\u00e9e Anguloa Cliftonii. Elle est particuli\u00e8rement recommand\u00e9e pour les soins quotidiens de la peau du visage et du corps. Son action profond\u00e9ment relaxante stimule la partie f\u00e9minine de notre \u00eatre et adoucit la peau.","rel":"","context":"Article similaire","block_context":{"text":"Article similaire","link":""},"img":{"alt_text":"Cr\u00e8mes aux Elixirs","src":"https:\/\/i0.wp.com\/artstella-elixirs-floraux.com\/wp-content\/uploads\/2025\/03\/4eca510c-6209-4de4-bcce-2a270758fe96.jpg?resize=350%2C200&ssl=1","width":350,"height":200,"srcset":"https:\/\/i0.wp.com\/artstella-elixirs-floraux.com\/wp-content\/uploads\/2025\/03\/4eca510c-6209-4de4-bcce-2a270758fe96.jpg?resize=350%2C200&ssl=1 1x, https:\/\/i0.wp.com\/artstella-elixirs-floraux.com\/wp-content\/uploads\/2025\/03\/4eca510c-6209-4de4-bcce-2a270758fe96.jpg?resize=525%2C300&ssl=1 1.5x, https:\/\/i0.wp.com\/artstella-elixirs-floraux.com\/wp-content\/uploads\/2025\/03\/4eca510c-6209-4de4-bcce-2a270758fe96.jpg?resize=700%2C400&ssl=1 2x"},"classes":[]},{"id":3827,"url":"https:\/\/artstella-elixirs-floraux.com\/fr_fr\/produit\/venus-orchid-phi\/","url_meta":{"origin":5231,"position":3},"title":"VENUS ORCHID PHI","author":"eveapprill","date":"9 mars 2025","format":false,"excerpt":"Venus orchid (Anguloa clowesii) Stimule notre part r\u00e9ceptive \u00ab\u00a0yin\u00a0\u00bb. D\u00e9veloppe des qualit\u00e9s telles que l'\u00e9coute attentive, la compr\u00e9hension, la douceur et l'amour. Cet \u00e9lixir est aussi disponible sous forme de cr\u00e8me pour la peau.","rel":"","context":"Article similaire","block_context":{"text":"Article similaire","link":""},"img":{"alt_text":"","src":"https:\/\/i0.wp.com\/artstella-elixirs-floraux.com\/wp-content\/uploads\/2025\/03\/wp-image518.png?resize=350%2C200&ssl=1","width":350,"height":200},"classes":[]},{"id":5227,"url":"https:\/\/artstella-elixirs-floraux.com\/fr_fr\/produit\/rq7-creme\/","url_meta":{"origin":5231,"position":4},"title":"RQ7 Creme","author":"eveapprill","date":"9 mars 2025","format":false,"excerpt":"RQ7 CREME Cette cr\u00e8me bienfaisante est compos\u00e9e des sept \u00e9lixirs de fleurs du compos\u00e9 RQ7. Utilisez-la dans les situations d'aide, en cas de fatigue par ex.(60 Gr)Sans paraben","rel":"","context":"Article similaire","block_context":{"text":"Article similaire","link":""},"img":{"alt_text":"","src":"https:\/\/i0.wp.com\/artstella-elixirs-floraux.com\/wp-content\/uploads\/2025\/03\/49043db5-a27d-488b-b2b5-41116f68f3ba.jpg?resize=350%2C200&ssl=1","width":350,"height":200,"srcset":"https:\/\/i0.wp.com\/artstella-elixirs-floraux.com\/wp-content\/uploads\/2025\/03\/49043db5-a27d-488b-b2b5-41116f68f3ba.jpg?resize=350%2C200&ssl=1 1x, https:\/\/i0.wp.com\/artstella-elixirs-floraux.com\/wp-content\/uploads\/2025\/03\/49043db5-a27d-488b-b2b5-41116f68f3ba.jpg?resize=525%2C300&ssl=1 1.5x, https:\/\/i0.wp.com\/artstella-elixirs-floraux.com\/wp-content\/uploads\/2025\/03\/49043db5-a27d-488b-b2b5-41116f68f3ba.jpg?resize=700%2C400&ssl=1 2x"},"classes":[]},{"id":5233,"url":"https:\/\/artstella-elixirs-floraux.com\/fr_fr\/produit\/creme-de-brunelle\/","url_meta":{"origin":5231,"position":5},"title":"Cr\u00e8me de Brunelle","author":"eveapprill","date":"9 mars 2025","format":false,"excerpt":"La creme de Brunelle La Cr\u00e8me de Brunelle est r\u00e9alis\u00e9e avec l\u2019\u00e9nergie de Prunella vulgaris. Elle peut \u00eatre utilis\u00e9e pour les soins quotidiens, mais aussi comme baume autour des blessures ou sur des rougeurs. Les hautes vibrations de l'\u00e9lixir stimulent les forces d'auto-gu\u00e9rison de la peau. Elle adoucit \u00e9galement la\u2026","rel":"","context":"Article similaire","block_context":{"text":"Article similaire","link":""},"img":{"alt_text":"","src":"https:\/\/i0.wp.com\/artstella-elixirs-floraux.com\/wp-content\/uploads\/2025\/03\/18d450c4-3f53-4080-ad5b-b4540b1111c8.jpg?resize=350%2C200&ssl=1","width":350,"height":200,"srcset":"https:\/\/i0.wp.com\/artstella-elixirs-floraux.com\/wp-content\/uploads\/2025\/03\/18d450c4-3f53-4080-ad5b-b4540b1111c8.jpg?resize=350%2C200&ssl=1 1x, https:\/\/i0.wp.com\/artstella-elixirs-floraux.com\/wp-content\/uploads\/2025\/03\/18d450c4-3f53-4080-ad5b-b4540b1111c8.jpg?resize=525%2C300&ssl=1 1.5x, https:\/\/i0.wp.com\/artstella-elixirs-floraux.com\/wp-content\/uploads\/2025\/03\/18d450c4-3f53-4080-ad5b-b4540b1111c8.jpg?resize=700%2C400&ssl=1 2x"},"classes":[]}],"_links":{"self":[{"href":"https:\/\/artstella-elixirs-floraux.com\/fr_fr\/wp-json\/wp\/v2\/product\/5231","targetHints":{"allow":["GET"]}}],"collection":[{"href":"https:\/\/artstella-elixirs-floraux.com\/fr_fr\/wp-json\/wp\/v2\/product"}],"about":[{"href":"https:\/\/artstella-elixirs-floraux.com\/fr_fr\/wp-json\/wp\/v2\/types\/product"}],"version-history":[{"count":0,"href":"https:\/\/artstella-elixirs-floraux.com\/fr_fr\/wp-json\/wp\/v2\/product\/5231\/revisions"}],"wp:featuredmedia":[{"embeddable":true,"href":"https:\/\/artstella-elixirs-floraux.com\/fr_fr\/wp-json\/wp\/v2\/media\/9974"}],"wp:attachment":[{"href":"https:\/\/artstella-elixirs-floraux.com\/fr_fr\/wp-json\/wp\/v2\/media?parent=5231"}],"wp:term":[{"taxonomy":"product_brand","embeddable":true,"href":"https:\/\/artstella-elixirs-floraux.com\/fr_fr\/wp-json\/wp\/v2\/product_brand?post=5231"},{"taxonomy":"product_cat","embeddable":true,"href":"https:\/\/artstella-elixirs-floraux.com\/fr_fr\/wp-json\/wp\/v2\/product_cat?post=5231"},{"taxonomy":"product_tag","embeddable":true,"href":"https:\/\/artstella-elixirs-floraux.com\/fr_fr\/wp-json\/wp\/v2\/product_tag?post=5231"}],"curies":[{"name":"wp","href":"https:\/\/api.w.org\/{rel}","templated":true}]}}