{"id":5241,"date":"2025-03-09T13:40:35","date_gmt":"2025-03-09T13:40:35","guid":{"rendered":"https:\/\/artstella-elixirs-floraux.com\/product\/les-nouveaux-elixirs-floraux-par-a-korte\/"},"modified":"2025-03-09T13:40:35","modified_gmt":"2025-03-09T13:40:35","slug":"les-nouveaux-elixirs-floraux-par-a-korte","status":"publish","type":"product","link":"https:\/\/artstella-elixirs-floraux.com\/fr_fr\/produit\/les-nouveaux-elixirs-floraux-par-a-korte\/","title":{"rendered":"Les nouveaux \u00e9lixirs floraux par A. Korte"},"content":{"rendered":"<p>\u00a0<\/p>\n<p>\u00a0<\/p>\n<p>Ce guide d\u2019utilisation est une mine d\u2019informations pour ceux qui veulent aller plus loin et mieux conna\u00eetre le travail d\u2019<strong>Andr\u00e9as Korte<\/strong>, mais aussi pour tous ceux qui connaissent d\u00e9j\u00e0 les \u00e9lixirs et souhaitent en savoir plus, notamment \u00e0 propos des fleurs classiques (fleurs de Bach) ou des fleurs sauvages que l\u2019on retrouve dans d\u2019autres gammes.<\/p>\n<p>\u00a0<\/p>\n<p>La pr\u00e9sentation claire et d\u00e9taill\u00e9e selon les diff\u00e9rents niveaux d\u2019action de l\u2019\u00e9lixir<\/p>\n<p>(physique, \u00e9motionnel, mental, spirituel) servira tant au novice qui d\u00e9couvre les \u00e9lixirs qu\u2019au \u00ab\u00a0connaisseur\u00a0\u00bb. Cet ouvrage permet de mieux appr\u00e9hender l\u2019action globale de l\u2019\u00e9lixir mais aussi le processus de gu\u00e9rison, qui, comme le soulignait d\u00e9j\u00e0 le Dr Bach en son temps, inclut les diff\u00e9rents niveaux de notre \u00eatre.<\/p>\n","protected":false},"excerpt":{"rendered":"<p>Ce guide d\u2019utilisation est une mine d\u2019informations pour ceux qui veulent aller plus loin et mieux conna\u00eetre le travail d\u2019<strong>Andr\u00e9as Korte<\/strong>, mais aussi pour tous ceux qui connaissent d\u00e9j\u00e0 les \u00e9lixirs et souhaitent en savoir plus, notamment \u00e0 propos des fleurs classiques (fleurs de Bach) ou des fleurs sauvages que l\u2019on retrouve dans d\u2019autres gammes.<\/p>\n","protected":false},"featured_media":5242,"template":"","meta":[],"product_brand":[],"product_cat":[173],"product_tag":[],"class_list":{"0":"post-5241","1":"product","2":"type-product","3":"status-publish","4":"has-post-thumbnail","6":"product_cat-livres-et-cartes-phi","8":"first","9":"instock","10":"taxable","11":"shipping-taxable","12":"purchasable","13":"product-type-simple"},"etheme_brands":{"errors":{"invalid_taxonomy":["Taxonomie non valide."]},"error_data":[]},"jetpack_sharing_enabled":true,"jetpack-related-posts":[{"id":4518,"url":"https:\/\/artstella-elixirs-floraux.com\/fr_fr\/produit\/rq7\/","url_meta":{"origin":5241,"position":0},"title":"RQ7 15ml","author":"eveapprill","date":"27 mai 2025","format":false,"excerpt":"RQ7 M\u00e9lange de fleurs faisant partie de la gamme des fleurs classiques mises au point par le Dr Bach. Cet \u00e9lixir correspond au rem\u00e8de d\u2019urgence traditionnel. A. Korte y a ajout\u00e9 le Lotus pour l\u2019harmonisation et la Brunelle pour l\u2019auto gu\u00e9rison. Cet \u00e9lixir combat le stress, r\u00e9\u00e9quilibre et r\u00e9 harmonise\u2026","rel":"","context":"Article similaire","block_context":{"text":"Article similaire","link":""},"img":{"alt_text":"","src":"","width":0,"height":0},"classes":[]},{"id":5364,"url":"https:\/\/artstella-elixirs-floraux.com\/fr_fr\/produit\/cartes-des-fleurs-de-bach\/","url_meta":{"origin":5241,"position":1},"title":"Cartes des fleurs de Bach","author":"eveapprill","date":"9 mars 2025","format":false,"excerpt":"Ce jeu de cartes est un outil de d\u00e9couverte et de s\u00e9lection intuitive et efficace des fleurs du Dr Bach. Format des cartes : 70 mm x 100 mm","rel":"","context":"Article similaire","block_context":{"text":"Article similaire","link":""},"img":{"alt_text":"","src":"https:\/\/i0.wp.com\/artstella-elixirs-floraux.com\/wp-content\/uploads\/2025\/03\/wp-image1649.png?resize=350%2C200&ssl=1","width":350,"height":200},"classes":[]},{"id":5906,"url":"https:\/\/artstella-elixirs-floraux.com\/fr_fr\/produit\/chene-15-ml-deva\/","url_meta":{"origin":5241,"position":2},"title":"Ch\u00eane 15 ml DEVA","author":"eveapprill","date":"9 mars 2025","format":false,"excerpt":"Ch\u00eane - Oak Quercus robur Reconnaissance de ses limites, l\u00e2cher-prise Pour r\u00e9aliser que la vie n'est pas un combat permanent. Pour ceux qui veulent toujours assumer plus qu'ils ne peuvent et qui s'\u00e9puisent.","rel":"","context":"Article similaire","block_context":{"text":"Article similaire","link":""},"img":{"alt_text":"","src":"","width":0,"height":0},"classes":[]},{"id":5896,"url":"https:\/\/artstella-elixirs-floraux.com\/fr_fr\/produit\/bourgeon-de-maronnier-15ml-deva\/","url_meta":{"origin":5241,"position":3},"title":"Bourgeon de maronnier 15ml DEVA","author":"eveapprill","date":"9 mars 2025","format":false,"excerpt":"Bourgeons de marronnier - Chestnut bud Aesculus hippocastanum Compr\u00e9hension, attention L'\u00e9lixir de bourgeons de marronnier est recommand\u00e9 \u00e0 ceux qui, par inattention ou par indiff\u00e9rence, ne profitent pas des exp\u00e9riences de la vie et r\u00e9p\u00e8tent sans cesse les m\u00eames erreurs.","rel":"","context":"Article similaire","block_context":{"text":"Article similaire","link":""},"img":{"alt_text":"","src":"","width":0,"height":0},"classes":[]},{"id":5362,"url":"https:\/\/artstella-elixirs-floraux.com\/fr_fr\/produit\/guide-des-elixirs-floraux-europeens-ph-deroide\/","url_meta":{"origin":5241,"position":4},"title":"Guide des Elixirs Floraux Europ\u00e9ens PH. Deroide","author":"eveapprill","date":"9 mars 2025","format":false,"excerpt":"Dans cet ouvrage de r\u00e9f\u00e9rence pour le n\u00e9ophyte comme pour le professionnel de la sant\u00e9 le plus exp\u00e9riment\u00e9, Philippe Deroide r\u00e9v\u00e8le l'efficacit\u00e9 des \u00e9lixirs floraux issus de notre environnement proche. 433 pages, 134 photos couleur.","rel":"","context":"Article similaire","block_context":{"text":"Article similaire","link":""},"img":{"alt_text":"","src":"https:\/\/i0.wp.com\/artstella-elixirs-floraux.com\/wp-content\/uploads\/2025\/03\/wp-image1800.png?resize=350%2C200&ssl=1","width":350,"height":200},"classes":[]},{"id":5948,"url":"https:\/\/artstella-elixirs-floraux.com\/fr_fr\/produit\/pin-10ml-deva\/","url_meta":{"origin":5241,"position":5},"title":"Pin 10ml DEVA","author":"eveapprill","date":"9 mars 2025","format":false,"excerpt":"Pin sylvestre Pinus sylvestris Acceptation, repentir, compr\u00e9hension Pour ceux qui se sentent coupables, qui s'adressent des reproches et qui pensent qu'ils pourraient mieux faire. Pour ceux qui ont besoin de tout contr\u00f4ler et qui sont accabl\u00e9s par leur sens du devoir et par leurs obligations.","rel":"","context":"Article similaire","block_context":{"text":"Article similaire","link":""},"img":{"alt_text":"","src":"","width":0,"height":0},"classes":[]}],"_links":{"self":[{"href":"https:\/\/artstella-elixirs-floraux.com\/fr_fr\/wp-json\/wp\/v2\/product\/5241","targetHints":{"allow":["GET"]}}],"collection":[{"href":"https:\/\/artstella-elixirs-floraux.com\/fr_fr\/wp-json\/wp\/v2\/product"}],"about":[{"href":"https:\/\/artstella-elixirs-floraux.com\/fr_fr\/wp-json\/wp\/v2\/types\/product"}],"version-history":[{"count":0,"href":"https:\/\/artstella-elixirs-floraux.com\/fr_fr\/wp-json\/wp\/v2\/product\/5241\/revisions"}],"wp:featuredmedia":[{"embeddable":true,"href":"https:\/\/artstella-elixirs-floraux.com\/fr_fr\/wp-json\/wp\/v2\/media\/5242"}],"wp:attachment":[{"href":"https:\/\/artstella-elixirs-floraux.com\/fr_fr\/wp-json\/wp\/v2\/media?parent=5241"}],"wp:term":[{"taxonomy":"product_brand","embeddable":true,"href":"https:\/\/artstella-elixirs-floraux.com\/fr_fr\/wp-json\/wp\/v2\/product_brand?post=5241"},{"taxonomy":"product_cat","embeddable":true,"href":"https:\/\/artstella-elixirs-floraux.com\/fr_fr\/wp-json\/wp\/v2\/product_cat?post=5241"},{"taxonomy":"product_tag","embeddable":true,"href":"https:\/\/artstella-elixirs-floraux.com\/fr_fr\/wp-json\/wp\/v2\/product_tag?post=5241"}],"curies":[{"name":"wp","href":"https:\/\/api.w.org\/{rel}","templated":true}]}}