{"id":5245,"date":"2025-03-09T13:40:39","date_gmt":"2025-03-09T13:40:39","guid":{"rendered":"https:\/\/artstella-elixirs-floraux.com\/product\/le-secret-des-cercles-de-ble\/"},"modified":"2026-04-07T07:48:49","modified_gmt":"2026-04-07T07:48:49","slug":"le-secret-des-cercles-de-ble","status":"publish","type":"product","link":"https:\/\/artstella-elixirs-floraux.com\/fr_fr\/produit\/le-secret-des-cercles-de-ble\/","title":{"rendered":"Le secret des cercles de bl\u00e9"},"content":{"rendered":"","protected":false},"excerpt":{"rendered":"<p>Ce livre par Andr\u00e9as Korte est une introduction aux ph\u00e9nom\u00e8nes de cercles de bl\u00e9 et pr\u00e9sente une description de 131 \u00e9lixirs r\u00e9alis\u00e9s avec l&rsquo;\u00e9nergie de certains cercles apparus depuis 1996<\/p>\n","protected":false},"featured_media":5246,"template":"","meta":[],"product_brand":[],"product_cat":[173],"product_tag":[],"class_list":{"0":"post-5245","1":"product","2":"type-product","3":"status-publish","4":"has-post-thumbnail","6":"product_cat-livres-et-cartes-phi","8":"first","9":"instock","10":"taxable","11":"shipping-taxable","12":"purchasable","13":"product-type-simple"},"etheme_brands":{"errors":{"invalid_taxonomy":["Taxonomie non valide."]},"error_data":[]},"jetpack_sharing_enabled":true,"jetpack-related-posts":[{"id":5757,"url":"https:\/\/artstella-elixirs-floraux.com\/fr_fr\/produit\/elixir-de-cercle-de-ble-15-ml-phi\/","url_meta":{"origin":5245,"position":0},"title":"Elixir de cercle de bl\u00e9 15 ml PHI","author":"eveapprill","date":"9 mars 2025","format":false,"excerpt":"Il existe 247 \u00e9lixirs de cercle de bl\u00e9 \u00e9labor\u00e9s depuis 1996. Pour commander merci de pr\u00e9ciser le N\u00b0 que vous souhaitez recevoir. Pour t\u00e9l\u00e9charger la brochure","rel":"","context":"Article similaire","block_context":{"text":"Article similaire","link":""},"img":{"alt_text":"","src":"","width":0,"height":0},"classes":[]},{"id":5251,"url":"https:\/\/artstella-elixirs-floraux.com\/fr_fr\/produit\/108-cartes-de-crops-circle\/","url_meta":{"origin":5245,"position":1},"title":"108 Cartes de Crops Circle","author":"eveapprill","date":"9 mars 2025","format":false,"excerpt":"Un jeu de cartes repr\u00e9sentant 108 cercles de bl\u00e9 dont Andr\u00e9as Korte a recueilli l'\u00e9nergie dans ses \u00e9lixirs de crop Circle","rel":"","context":"Article similaire","block_context":{"text":"Article similaire","link":""},"img":{"alt_text":"","src":"","width":0,"height":0},"classes":[]},{"id":6199,"url":"https:\/\/artstella-elixirs-floraux.com\/fr_fr\/produit\/collier-angel-phi\/","url_meta":{"origin":5245,"position":2},"title":"Collier \u00ab\u00a0ANGEL\u00a0\u00bb PHI","author":"eveapprill","date":"9 mars 2025","format":false,"excerpt":"NOUVEAU PENDENTIF ! Il allie l'\u00e9nergie du cercle de bl\u00e9 n\u00b0215 Angel et du nouvel \u00e9lixir Oc\u00e9an n\u00b031. Il aide au niveau \u00e9nerg\u00e9tique \u00e0 traverser les p\u00e9riodes difficiles. Il apporte un sentiment de protection.","rel":"","context":"Article similaire","block_context":{"text":"Article similaire","link":""},"img":{"alt_text":"","src":"https:\/\/i0.wp.com\/artstella-elixirs-floraux.com\/wp-content\/uploads\/2025\/03\/wp-image2194.png?resize=350%2C200&ssl=1","width":350,"height":200},"classes":[]},{"id":6093,"url":"https:\/\/artstella-elixirs-floraux.com\/fr_fr\/produit\/collier-mammendorf-phi\/","url_meta":{"origin":5245,"position":3},"title":"COLLIER \u00ab\u00a0MAMMENDORF\u00a0\u00bb PHI","author":"eveapprill","date":"9 mars 2025","format":false,"excerpt":"\u00a0 Le cercle de bl\u00e9 \"Mammendorf\"\u00a0 montre la perfection du nombre PHI de la g\u00e9om\u00e9trie sacr\u00e9 : le souvenir du lien de toute vie avec le divin. Cet \u00e9lixir r\u00e9g\u00e9n\u00e8re \u00e9nerg\u00e9tiquement l\u2019information dans son \u00e9tat originel. L\u2019\u00eatre humain peut se recentrer \u00e9nerg\u00e9tiquement. Avec un\u00a0 cristal de roche. plaqu\u00e9 or 24\u2026","rel":"","context":"Article similaire","block_context":{"text":"Article similaire","link":""},"img":{"alt_text":"","src":"https:\/\/i0.wp.com\/artstella-elixirs-floraux.com\/wp-content\/uploads\/2025\/03\/wp-image2128.png?resize=350%2C200&ssl=1","width":350,"height":200,"srcset":"https:\/\/i0.wp.com\/artstella-elixirs-floraux.com\/wp-content\/uploads\/2025\/03\/wp-image2128.png?resize=350%2C200&ssl=1 1x, https:\/\/i0.wp.com\/artstella-elixirs-floraux.com\/wp-content\/uploads\/2025\/03\/wp-image2128.png?resize=525%2C300&ssl=1 1.5x, https:\/\/i0.wp.com\/artstella-elixirs-floraux.com\/wp-content\/uploads\/2025\/03\/wp-image2128.png?resize=700%2C400&ssl=1 2x"},"classes":[]},{"id":6159,"url":"https:\/\/artstella-elixirs-floraux.com\/fr_fr\/produit\/luminotherapie-hlt-andreas-korte\/","url_meta":{"origin":5245,"position":4},"title":"Luminotherapie HLT Andreas Korte","author":"eveapprill","date":"9 mars 2025","format":false,"excerpt":"Le livre : La luminoth\u00e9rapie\u00a0 Holistic Light Therapy\u00ae par Andr\u00e9as Korte pr\u00e9sente sa recherche sur es effets combin\u00e9s de la lumi\u00e8re, de la couleur, de la,musique et des \u00e9lixirs.","rel":"","context":"Article similaire","block_context":{"text":"Article similaire","link":""},"img":{"alt_text":"","src":"https:\/\/i0.wp.com\/artstella-elixirs-floraux.com\/wp-content\/uploads\/2025\/03\/wp-image2162.png?resize=350%2C200&ssl=1","width":350,"height":200},"classes":[]},{"id":2406,"url":"https:\/\/artstella-elixirs-floraux.com\/fr_fr\/produit\/stone-circle\/","url_meta":{"origin":5245,"position":5},"title":"STONE CIRCLE &#8211; Cercle de pierre","author":"eveapprill","date":"9 mars 2025","format":false,"excerpt":"STONE CIRCLE . CERCLE DE PIERRE Cet \u00e9lixir a \u00e9t\u00e9 pr\u00e9par\u00e9 dans un cercle naturel de pierres sur la montagne Talkeetna en Alaska. Ce cercle rec\u00e8le des \u00e9nergies \u00e9l\u00e9mentales dans leur \u00e9tat originel \u00e9quilibr\u00e9. \u00ab\u00a0Stone circle\u00a0\u00bb est particuli\u00e8rement utile \u00e0 ceux qui \u00e9quilibrent les \u00e9nergies des personnes dans des structures\u2026","rel":"","context":"Article similaire","block_context":{"text":"Article similaire","link":""},"img":{"alt_text":"","src":"https:\/\/i0.wp.com\/artstella-elixirs-floraux.com\/wp-content\/uploads\/2025\/03\/Stone_Circle2_1024x1024.jpg?resize=350%2C200&ssl=1","width":350,"height":200},"classes":[]}],"_links":{"self":[{"href":"https:\/\/artstella-elixirs-floraux.com\/fr_fr\/wp-json\/wp\/v2\/product\/5245","targetHints":{"allow":["GET"]}}],"collection":[{"href":"https:\/\/artstella-elixirs-floraux.com\/fr_fr\/wp-json\/wp\/v2\/product"}],"about":[{"href":"https:\/\/artstella-elixirs-floraux.com\/fr_fr\/wp-json\/wp\/v2\/types\/product"}],"version-history":[{"count":1,"href":"https:\/\/artstella-elixirs-floraux.com\/fr_fr\/wp-json\/wp\/v2\/product\/5245\/revisions"}],"predecessor-version":[{"id":12444,"href":"https:\/\/artstella-elixirs-floraux.com\/fr_fr\/wp-json\/wp\/v2\/product\/5245\/revisions\/12444"}],"wp:featuredmedia":[{"embeddable":true,"href":"https:\/\/artstella-elixirs-floraux.com\/fr_fr\/wp-json\/wp\/v2\/media\/5246"}],"wp:attachment":[{"href":"https:\/\/artstella-elixirs-floraux.com\/fr_fr\/wp-json\/wp\/v2\/media?parent=5245"}],"wp:term":[{"taxonomy":"product_brand","embeddable":true,"href":"https:\/\/artstella-elixirs-floraux.com\/fr_fr\/wp-json\/wp\/v2\/product_brand?post=5245"},{"taxonomy":"product_cat","embeddable":true,"href":"https:\/\/artstella-elixirs-floraux.com\/fr_fr\/wp-json\/wp\/v2\/product_cat?post=5245"},{"taxonomy":"product_tag","embeddable":true,"href":"https:\/\/artstella-elixirs-floraux.com\/fr_fr\/wp-json\/wp\/v2\/product_tag?post=5245"}],"curies":[{"name":"wp","href":"https:\/\/api.w.org\/{rel}","templated":true}]}}