{"id":5251,"date":"2025-03-09T13:40:42","date_gmt":"2025-03-09T13:40:42","guid":{"rendered":"https:\/\/artstella-elixirs-floraux.com\/product\/108-cartes-de-crops-circle\/"},"modified":"2025-03-09T13:40:42","modified_gmt":"2025-03-09T13:40:42","slug":"108-cartes-de-crops-circle","status":"publish","type":"product","link":"https:\/\/artstella-elixirs-floraux.com\/fr_fr\/produit\/108-cartes-de-crops-circle\/","title":{"rendered":"108 Cartes de Crops Circle"},"content":{"rendered":"","protected":false},"excerpt":{"rendered":"<p>Un jeu de cartes repr\u00e9sentant <strong>108 cercles de bl\u00e9<\/strong> dont Andr\u00e9as Korte a recueilli l&rsquo;\u00e9nergie dans ses \u00e9lixirs de crop Circle<\/p>\n","protected":false},"featured_media":5252,"template":"","meta":[],"product_brand":[],"product_cat":[173],"product_tag":[],"class_list":{"0":"post-5251","1":"product","2":"type-product","3":"status-publish","4":"has-post-thumbnail","6":"product_cat-livres-et-cartes-phi","8":"first","9":"outofstock","10":"taxable","11":"shipping-taxable","12":"purchasable","13":"product-type-simple"},"etheme_brands":{"errors":{"invalid_taxonomy":["Taxonomie non valide."]},"error_data":[]},"jetpack_sharing_enabled":true,"jetpack-related-posts":[{"id":5150,"url":"https:\/\/artstella-elixirs-floraux.com\/fr_fr\/produit\/collier-raisting-phi\/","url_meta":{"origin":5251,"position":0},"title":"COLLIER \u00ab\u00a0RAISTING\u00a0\u00bb PHI","author":"eveapprill","date":"9 mars 2025","format":false,"excerpt":"Un \u00e9lixir de \"crop circle\" avec l'\u00e9nergie du c\u0153ur et de l'amour inconditionnel du Christ. Pour aller au dela des choses mat\u00e9rielles et de l'ego et se connecter avec le coeur.","rel":"","context":"Article similaire","block_context":{"text":"Article similaire","link":""},"img":{"alt_text":"","src":"","width":0,"height":0},"classes":[]},{"id":5757,"url":"https:\/\/artstella-elixirs-floraux.com\/fr_fr\/produit\/elixir-de-cercle-de-ble-15-ml-phi\/","url_meta":{"origin":5251,"position":1},"title":"Elixir de cercle de bl\u00e9 15 ml PHI","author":"eveapprill","date":"9 mars 2025","format":false,"excerpt":"Il existe 247 \u00e9lixirs de cercle de bl\u00e9 \u00e9labor\u00e9s depuis 1996. Pour commander merci de pr\u00e9ciser le N\u00b0 que vous souhaitez recevoir. Pour t\u00e9l\u00e9charger la brochure","rel":"","context":"Article similaire","block_context":{"text":"Article similaire","link":""},"img":{"alt_text":"","src":"","width":0,"height":0},"classes":[]},{"id":2406,"url":"https:\/\/artstella-elixirs-floraux.com\/fr_fr\/produit\/stone-circle\/","url_meta":{"origin":5251,"position":2},"title":"STONE CIRCLE &#8211; Cercle de pierre","author":"eveapprill","date":"9 mars 2025","format":false,"excerpt":"STONE CIRCLE . CERCLE DE PIERRE Cet \u00e9lixir a \u00e9t\u00e9 pr\u00e9par\u00e9 dans un cercle naturel de pierres sur la montagne Talkeetna en Alaska. Ce cercle rec\u00e8le des \u00e9nergies \u00e9l\u00e9mentales dans leur \u00e9tat originel \u00e9quilibr\u00e9. \u00ab\u00a0Stone circle\u00a0\u00bb est particuli\u00e8rement utile \u00e0 ceux qui \u00e9quilibrent les \u00e9nergies des personnes dans des structures\u2026","rel":"","context":"Article similaire","block_context":{"text":"Article similaire","link":""},"img":{"alt_text":"","src":"https:\/\/i0.wp.com\/artstella-elixirs-floraux.com\/wp-content\/uploads\/2025\/03\/Stone_Circle2_1024x1024.jpg?resize=350%2C200&ssl=1","width":350,"height":200},"classes":[]},{"id":2694,"url":"https:\/\/artstella-elixirs-floraux.com\/fr_fr\/produit\/guardian-alaska\/","url_meta":{"origin":5251,"position":3},"title":"GUARDIAN ALASKA","author":"eveapprill","date":"9 mars 2025","format":false,"excerpt":"Guardian (Guardien) existe en gouttes et en\u00a0 spray. Contient : Covellite . Devil\u2019s club. Round leave orchid . Stone circle. White Violet . Yarrow. Apporte un puissant champ de protection au niveau de l\u2019aura. Elle invoque une \u00e9nergie harmonieuse qui vous permet d\u2019avoir votre espace, de maintenir votre ancrage et\u2026","rel":"","context":"Article similaire","block_context":{"text":"Article similaire","link":""},"img":{"alt_text":"","src":"https:\/\/i0.wp.com\/artstella-elixirs-floraux.com\/wp-content\/uploads\/2025\/03\/1cb3fc0a-98e4-4c12-85cf-fdb300461280.jpg?resize=350%2C200&ssl=1","width":350,"height":200,"srcset":"https:\/\/i0.wp.com\/artstella-elixirs-floraux.com\/wp-content\/uploads\/2025\/03\/1cb3fc0a-98e4-4c12-85cf-fdb300461280.jpg?resize=350%2C200&ssl=1 1x, https:\/\/i0.wp.com\/artstella-elixirs-floraux.com\/wp-content\/uploads\/2025\/03\/1cb3fc0a-98e4-4c12-85cf-fdb300461280.jpg?resize=525%2C300&ssl=1 1.5x, https:\/\/i0.wp.com\/artstella-elixirs-floraux.com\/wp-content\/uploads\/2025\/03\/1cb3fc0a-98e4-4c12-85cf-fdb300461280.jpg?resize=700%2C400&ssl=1 2x"},"classes":[]},{"id":5496,"url":"https:\/\/artstella-elixirs-floraux.com\/fr_fr\/produit\/cartes-des-24-elixirs-andins\/","url_meta":{"origin":5251,"position":4},"title":"Cartes des 24 \u00e9lixirs andins","author":"eveapprill","date":"9 mars 2025","format":false,"excerpt":"Jeu de 24 cartes couleur repr\u00e9sentant les fleurs des \u00e9lixirs andins","rel":"","context":"Article similaire","block_context":{"text":"Article similaire","link":""},"img":{"alt_text":"","src":"https:\/\/i0.wp.com\/artstella-elixirs-floraux.com\/wp-content\/uploads\/2025\/03\/wp-image1743.png?resize=350%2C200&ssl=1","width":350,"height":200,"srcset":"https:\/\/i0.wp.com\/artstella-elixirs-floraux.com\/wp-content\/uploads\/2025\/03\/wp-image1743.png?resize=350%2C200&ssl=1 1x, https:\/\/i0.wp.com\/artstella-elixirs-floraux.com\/wp-content\/uploads\/2025\/03\/wp-image1743.png?resize=525%2C300&ssl=1 1.5x, https:\/\/i0.wp.com\/artstella-elixirs-floraux.com\/wp-content\/uploads\/2025\/03\/wp-image1743.png?resize=700%2C400&ssl=1 2x"},"classes":[]},{"id":12445,"url":"https:\/\/artstella-elixirs-floraux.com\/fr_fr\/produit\/jeu-de-cartes-elixirs-chamaniques-et-des-messagers-sylfos\/","url_meta":{"origin":5251,"position":5},"title":"Jeu de cartes \u00ab \u00c9lixirs chamaniques et des Messagers Sylfos \u00bb","author":"eveapprill","date":"7 avril 2026","format":false,"excerpt":"Le jeu de cartes de diagnostic pour les 12 essences chamaniques andines + les 7 essences des messagers.","rel":"","context":"Article similaire","block_context":{"text":"Article similaire","link":""},"img":{"alt_text":"","src":"https:\/\/i0.wp.com\/artstella-elixirs-floraux.com\/wp-content\/uploads\/2026\/04\/cartes-cham.png?resize=350%2C200&ssl=1","width":350,"height":200,"srcset":"https:\/\/i0.wp.com\/artstella-elixirs-floraux.com\/wp-content\/uploads\/2026\/04\/cartes-cham.png?resize=350%2C200&ssl=1 1x, https:\/\/i0.wp.com\/artstella-elixirs-floraux.com\/wp-content\/uploads\/2026\/04\/cartes-cham.png?resize=525%2C300&ssl=1 1.5x, https:\/\/i0.wp.com\/artstella-elixirs-floraux.com\/wp-content\/uploads\/2026\/04\/cartes-cham.png?resize=700%2C400&ssl=1 2x, https:\/\/i0.wp.com\/artstella-elixirs-floraux.com\/wp-content\/uploads\/2026\/04\/cartes-cham.png?resize=1050%2C600&ssl=1 3x"},"classes":[]}],"_links":{"self":[{"href":"https:\/\/artstella-elixirs-floraux.com\/fr_fr\/wp-json\/wp\/v2\/product\/5251","targetHints":{"allow":["GET"]}}],"collection":[{"href":"https:\/\/artstella-elixirs-floraux.com\/fr_fr\/wp-json\/wp\/v2\/product"}],"about":[{"href":"https:\/\/artstella-elixirs-floraux.com\/fr_fr\/wp-json\/wp\/v2\/types\/product"}],"version-history":[{"count":0,"href":"https:\/\/artstella-elixirs-floraux.com\/fr_fr\/wp-json\/wp\/v2\/product\/5251\/revisions"}],"wp:featuredmedia":[{"embeddable":true,"href":"https:\/\/artstella-elixirs-floraux.com\/fr_fr\/wp-json\/wp\/v2\/media\/5252"}],"wp:attachment":[{"href":"https:\/\/artstella-elixirs-floraux.com\/fr_fr\/wp-json\/wp\/v2\/media?parent=5251"}],"wp:term":[{"taxonomy":"product_brand","embeddable":true,"href":"https:\/\/artstella-elixirs-floraux.com\/fr_fr\/wp-json\/wp\/v2\/product_brand?post=5251"},{"taxonomy":"product_cat","embeddable":true,"href":"https:\/\/artstella-elixirs-floraux.com\/fr_fr\/wp-json\/wp\/v2\/product_cat?post=5251"},{"taxonomy":"product_tag","embeddable":true,"href":"https:\/\/artstella-elixirs-floraux.com\/fr_fr\/wp-json\/wp\/v2\/product_tag?post=5251"}],"curies":[{"name":"wp","href":"https:\/\/api.w.org\/{rel}","templated":true}]}}