{"id":5259,"date":"2025-03-09T13:40:48","date_gmt":"2025-03-09T13:40:48","guid":{"rendered":"https:\/\/artstella-elixirs-floraux.com\/product\/jeu-de-40-cartes-de-fleurs-sauvages\/"},"modified":"2025-03-09T13:40:48","modified_gmt":"2025-03-09T13:40:48","slug":"jeu-de-40-cartes-de-fleurs-sauvages","status":"publish","type":"product","link":"https:\/\/artstella-elixirs-floraux.com\/fr_fr\/produit\/jeu-de-40-cartes-de-fleurs-sauvages\/","title":{"rendered":"Jeu de 40 cartes de fleurs sauvages"},"content":{"rendered":"","protected":false},"excerpt":{"rendered":"<p>Jeu de <strong>40 cartes de fleurs sauvages europ\u00e9ennes <\/strong>repr\u00e9sentant les fleurs \u00e0 partir desquelles ces \u00e9lixirs ont \u00e9t\u00e9 r\u00e9alis\u00e9s<\/p>\n","protected":false},"featured_media":5260,"template":"","meta":[],"product_brand":[],"product_cat":[173],"product_tag":[],"class_list":{"0":"post-5259","1":"product","2":"type-product","3":"status-publish","4":"has-post-thumbnail","6":"product_cat-livres-et-cartes-phi","8":"first","9":"outofstock","10":"taxable","11":"shipping-taxable","12":"purchasable","13":"product-type-simple"},"etheme_brands":{"errors":{"invalid_taxonomy":["Taxonomie non valide."]},"error_data":[]},"jetpack_sharing_enabled":true,"jetpack-related-posts":[{"id":5255,"url":"https:\/\/artstella-elixirs-floraux.com\/fr_fr\/produit\/jeu-de-40-cartes-de-fleurs-classiques\/","url_meta":{"origin":5259,"position":0},"title":"Jeu de 40 cartes de Fleurs Classiques","author":"","date":"9 mars 2025","format":false,"excerpt":"Jeu de 40 cartes de Fleurs classiques repr\u00e9sentant les fleurs de Bach","rel":"","context":"Article similaire","block_context":{"text":"Article similaire","link":""},"img":{"alt_text":"","src":"https:\/\/i0.wp.com\/artstella-elixirs-floraux.com\/wp-content\/uploads\/2025\/03\/wp-image2489.png?resize=350%2C200&ssl=1","width":350,"height":200,"srcset":"https:\/\/i0.wp.com\/artstella-elixirs-floraux.com\/wp-content\/uploads\/2025\/03\/wp-image2489.png?resize=350%2C200&ssl=1 1x, https:\/\/i0.wp.com\/artstella-elixirs-floraux.com\/wp-content\/uploads\/2025\/03\/wp-image2489.png?resize=525%2C300&ssl=1 1.5x"},"classes":[]},{"id":5366,"url":"https:\/\/artstella-elixirs-floraux.com\/fr_fr\/produit\/cartes-des-96-fleurs-sauvages-europeennes\/","url_meta":{"origin":5259,"position":1},"title":"Cartes des 96 fleurs sauvages europ\u00e9ennes","author":"eveapprill","date":"9 mars 2025","format":false,"excerpt":"Ce jeu de cartes est un outil de s\u00e9lection intuitive et efficace des 96 \u00e9lixirs floraux Deva. Chaque carte pr\u00e9sente la photo couleur d'une fleur avec son nom fran\u00e7ais et latin ainsi que sa qualit\u00e9 essentielle. Ce jeu est pr\u00e9sent\u00e9 dans une bo\u00eete avec livret explicatif. Format des cartes :\u2026","rel":"","context":"Article similaire","block_context":{"text":"Article similaire","link":""},"img":{"alt_text":"","src":"https:\/\/i0.wp.com\/artstella-elixirs-floraux.com\/wp-content\/uploads\/2025\/03\/wp-image1650.png?resize=350%2C200&ssl=1","width":350,"height":200},"classes":[]},{"id":4551,"url":"https:\/\/artstella-elixirs-floraux.com\/fr_fr\/produit\/coffret-fleurs-sauvages-15-ml\/","url_meta":{"origin":5259,"position":2},"title":"COFFRET FLEURS SAUVAGES 15 ML","author":"eveapprill","date":"9 mars 2025","format":false,"excerpt":"Les \u00e9lixirs de 40 fleurs Sauvages R\u00e9alis\u00e9s avec des fleurs europ\u00e9ennes communes dans la nature.","rel":"","context":"Article similaire","block_context":{"text":"Article similaire","link":""},"img":{"alt_text":"","src":"","width":0,"height":0},"classes":[]},{"id":5265,"url":"https:\/\/artstella-elixirs-floraux.com\/fr_fr\/produit\/jeu-de-20-cartes-de-fleurs-de-cactus\/","url_meta":{"origin":5259,"position":3},"title":"Jeu de 20 cartes de fleurs de cactus","author":"eveapprill","date":"9 mars 2025","format":false,"excerpt":"Jeu de 20 cartes de fleurs de cactus repr\u00e9sentant les fleurs avec lesquelles les \u00e9lixirs de cactus ont \u00e9t\u00e9 r\u00e9alis\u00e9s par Andr\u00e9as Korte","rel":"","context":"Article similaire","block_context":{"text":"Article similaire","link":""},"img":{"alt_text":"","src":"","width":0,"height":0},"classes":[]},{"id":5257,"url":"https:\/\/artstella-elixirs-floraux.com\/fr_fr\/produit\/jeu-de-20-cartes-de-fleurs-dafrique\/","url_meta":{"origin":5259,"position":4},"title":"Jeu de 20 cartes de fleurs d&rsquo;Afrique","author":"eveapprill","date":"9 mars 2025","format":false,"excerpt":"Jeu de 20 cartes de fleurs d'Afrique et des Canaries repr\u00e9sentant les fleurs \u00e0 partir desquelles ces \u00e9lixirs ont \u00e9t\u00e9 r\u00e9alis\u00e9s","rel":"","context":"Article similaire","block_context":{"text":"Article similaire","link":""},"img":{"alt_text":"","src":"","width":0,"height":0},"classes":[]},{"id":5364,"url":"https:\/\/artstella-elixirs-floraux.com\/fr_fr\/produit\/cartes-des-fleurs-de-bach\/","url_meta":{"origin":5259,"position":5},"title":"Cartes des fleurs de Bach","author":"eveapprill","date":"9 mars 2025","format":false,"excerpt":"Ce jeu de cartes est un outil de d\u00e9couverte et de s\u00e9lection intuitive et efficace des fleurs du Dr Bach. Format des cartes : 70 mm x 100 mm","rel":"","context":"Article similaire","block_context":{"text":"Article similaire","link":""},"img":{"alt_text":"","src":"https:\/\/i0.wp.com\/artstella-elixirs-floraux.com\/wp-content\/uploads\/2025\/03\/wp-image1649.png?resize=350%2C200&ssl=1","width":350,"height":200},"classes":[]}],"_links":{"self":[{"href":"https:\/\/artstella-elixirs-floraux.com\/fr_fr\/wp-json\/wp\/v2\/product\/5259","targetHints":{"allow":["GET"]}}],"collection":[{"href":"https:\/\/artstella-elixirs-floraux.com\/fr_fr\/wp-json\/wp\/v2\/product"}],"about":[{"href":"https:\/\/artstella-elixirs-floraux.com\/fr_fr\/wp-json\/wp\/v2\/types\/product"}],"version-history":[{"count":0,"href":"https:\/\/artstella-elixirs-floraux.com\/fr_fr\/wp-json\/wp\/v2\/product\/5259\/revisions"}],"wp:featuredmedia":[{"embeddable":true,"href":"https:\/\/artstella-elixirs-floraux.com\/fr_fr\/wp-json\/wp\/v2\/media\/5260"}],"wp:attachment":[{"href":"https:\/\/artstella-elixirs-floraux.com\/fr_fr\/wp-json\/wp\/v2\/media?parent=5259"}],"wp:term":[{"taxonomy":"product_brand","embeddable":true,"href":"https:\/\/artstella-elixirs-floraux.com\/fr_fr\/wp-json\/wp\/v2\/product_brand?post=5259"},{"taxonomy":"product_cat","embeddable":true,"href":"https:\/\/artstella-elixirs-floraux.com\/fr_fr\/wp-json\/wp\/v2\/product_cat?post=5259"},{"taxonomy":"product_tag","embeddable":true,"href":"https:\/\/artstella-elixirs-floraux.com\/fr_fr\/wp-json\/wp\/v2\/product_tag?post=5259"}],"curies":[{"name":"wp","href":"https:\/\/api.w.org\/{rel}","templated":true}]}}