{"id":5271,"date":"2025-03-09T13:40:55","date_gmt":"2025-03-09T13:40:55","guid":{"rendered":"https:\/\/artstella-elixirs-floraux.com\/product\/jeu-de-10-cartes-de-roses\/"},"modified":"2025-03-09T13:40:55","modified_gmt":"2025-03-09T13:40:55","slug":"jeu-de-10-cartes-de-roses","status":"publish","type":"product","link":"https:\/\/artstella-elixirs-floraux.com\/fr_fr\/produit\/jeu-de-10-cartes-de-roses\/","title":{"rendered":"Jeu de 10 cartes de roses"},"content":{"rendered":"","protected":false},"excerpt":{"rendered":"<p>Jeu de <strong>10 cartes de Roses<\/strong> avec lesquelles les \u00e9lixirs de roses ont \u00e9t\u00e9 r\u00e9alis\u00e9s par Andr\u00e9as Korte<\/p>\n","protected":false},"featured_media":5272,"template":"","meta":[],"product_brand":[],"product_cat":[173],"product_tag":[],"class_list":{"0":"post-5271","1":"product","2":"type-product","3":"status-publish","4":"has-post-thumbnail","6":"product_cat-livres-et-cartes-phi","8":"first","9":"outofstock","10":"taxable","11":"shipping-taxable","12":"purchasable","13":"product-type-simple"},"etheme_brands":{"errors":{"invalid_taxonomy":["Taxonomie non valide."]},"error_data":[]},"jetpack_sharing_enabled":true,"jetpack-related-posts":[{"id":5269,"url":"https:\/\/artstella-elixirs-floraux.com\/fr_fr\/produit\/jeu-de-20-cartes-de-champignons\/","url_meta":{"origin":5271,"position":0},"title":"Jeu de 20 cartes de champignons","author":"","date":"9 mars 2025","format":false,"excerpt":"Jeu de 20 cartes de champignons avec lesquels les \u00e9lixirs ont \u00e9t\u00e9 r\u00e9alis\u00e9s par Andr\u00e9as Korte","rel":"","context":"Article similaire","block_context":{"text":"Article similaire","link":""},"img":{"alt_text":"","src":"","width":0,"height":0},"classes":[]},{"id":5265,"url":"https:\/\/artstella-elixirs-floraux.com\/fr_fr\/produit\/jeu-de-20-cartes-de-fleurs-de-cactus\/","url_meta":{"origin":5271,"position":1},"title":"Jeu de 20 cartes de fleurs de cactus","author":"eveapprill","date":"9 mars 2025","format":false,"excerpt":"Jeu de 20 cartes de fleurs de cactus repr\u00e9sentant les fleurs avec lesquelles les \u00e9lixirs de cactus ont \u00e9t\u00e9 r\u00e9alis\u00e9s par Andr\u00e9as Korte","rel":"","context":"Article similaire","block_context":{"text":"Article similaire","link":""},"img":{"alt_text":"","src":"","width":0,"height":0},"classes":[]},{"id":5253,"url":"https:\/\/artstella-elixirs-floraux.com\/fr_fr\/produit\/jeu-de-60-cartes-danimaux\/","url_meta":{"origin":5271,"position":2},"title":"Jeu de 60 cartes d&rsquo;Animaux","author":"eveapprill","date":"9 mars 2025","format":false,"excerpt":"Jeu de cartes r\u00e9pr\u00e9senatnt les 60 animaux dont Andr\u00e9as Korte a r\u00e9alis\u00e9 un \u00e9lixir (sans aucun dommage pour les animaux)","rel":"","context":"Article similaire","block_context":{"text":"Article similaire","link":""},"img":{"alt_text":"","src":"https:\/\/i0.wp.com\/artstella-elixirs-floraux.com\/wp-content\/uploads\/2025\/03\/wp-image2490.png?resize=350%2C200&ssl=1","width":350,"height":200},"classes":[]},{"id":5261,"url":"https:\/\/artstella-elixirs-floraux.com\/fr_fr\/produit\/jeu-de-23-cartes-danges\/","url_meta":{"origin":5271,"position":3},"title":"Jeu de 23 cartes d&rsquo;anges","author":"","date":"9 mars 2025","format":false,"excerpt":"Jeu de 23 cartes d'Anges avec une phrase d'affirmation positive dont Andr\u00e9as Korte a r\u00e9alis\u00e9 un \u00e9lixir.","rel":"","context":"Article similaire","block_context":{"text":"Article similaire","link":""},"img":{"alt_text":"","src":"https:\/\/i0.wp.com\/artstella-elixirs-floraux.com\/wp-content\/uploads\/2025\/03\/wp-image1535.png?resize=350%2C200&ssl=1","width":350,"height":200,"srcset":"https:\/\/i0.wp.com\/artstella-elixirs-floraux.com\/wp-content\/uploads\/2025\/03\/wp-image1535.png?resize=350%2C200&ssl=1 1x, https:\/\/i0.wp.com\/artstella-elixirs-floraux.com\/wp-content\/uploads\/2025\/03\/wp-image1535.png?resize=525%2C300&ssl=1 1.5x"},"classes":[]},{"id":5263,"url":"https:\/\/artstella-elixirs-floraux.com\/fr_fr\/produit\/jeu-de-20-cartes-dorchidees-damazonie\/","url_meta":{"origin":5271,"position":4},"title":"Jeu de 20 cartes d&rsquo;Orchid\u00e9es d&rsquo;Amazonie","author":"","date":"9 mars 2025","format":false,"excerpt":"Jeu de 20 cartes repr\u00e9sentant les orchid\u00e9es et les fleurs d'Amazonie ayant servi de support pour r\u00e9aliser les \u00e9lixirs Orchid\u00e9es d'Amazonie par Andr\u00e9as Korte.","rel":"","context":"Article similaire","block_context":{"text":"Article similaire","link":""},"img":{"alt_text":"","src":"","width":0,"height":0},"classes":[]},{"id":5267,"url":"https:\/\/artstella-elixirs-floraux.com\/fr_fr\/produit\/jeu-de-20-cartes-de-pierres-precieuses\/","url_meta":{"origin":5271,"position":5},"title":"Jeu de 20 cartes de pierres pr\u00e9cieuses","author":"","date":"9 mars 2025","format":false,"excerpt":"Jeu de 20 cartes de pierres pr\u00e9cieuses repr\u00e9sentant les 20 premiers \u00e9lixirs de pierres pr\u00e9cieuses r\u00e9alis\u00e9s par Andr\u00e9s Korte","rel":"","context":"Article similaire","block_context":{"text":"Article similaire","link":""},"img":{"alt_text":"","src":"","width":0,"height":0},"classes":[]}],"_links":{"self":[{"href":"https:\/\/artstella-elixirs-floraux.com\/fr_fr\/wp-json\/wp\/v2\/product\/5271","targetHints":{"allow":["GET"]}}],"collection":[{"href":"https:\/\/artstella-elixirs-floraux.com\/fr_fr\/wp-json\/wp\/v2\/product"}],"about":[{"href":"https:\/\/artstella-elixirs-floraux.com\/fr_fr\/wp-json\/wp\/v2\/types\/product"}],"version-history":[{"count":0,"href":"https:\/\/artstella-elixirs-floraux.com\/fr_fr\/wp-json\/wp\/v2\/product\/5271\/revisions"}],"wp:featuredmedia":[{"embeddable":true,"href":"https:\/\/artstella-elixirs-floraux.com\/fr_fr\/wp-json\/wp\/v2\/media\/5272"}],"wp:attachment":[{"href":"https:\/\/artstella-elixirs-floraux.com\/fr_fr\/wp-json\/wp\/v2\/media?parent=5271"}],"wp:term":[{"taxonomy":"product_brand","embeddable":true,"href":"https:\/\/artstella-elixirs-floraux.com\/fr_fr\/wp-json\/wp\/v2\/product_brand?post=5271"},{"taxonomy":"product_cat","embeddable":true,"href":"https:\/\/artstella-elixirs-floraux.com\/fr_fr\/wp-json\/wp\/v2\/product_cat?post=5271"},{"taxonomy":"product_tag","embeddable":true,"href":"https:\/\/artstella-elixirs-floraux.com\/fr_fr\/wp-json\/wp\/v2\/product_tag?post=5271"}],"curies":[{"name":"wp","href":"https:\/\/api.w.org\/{rel}","templated":true}]}}