{"id":5273,"date":"2025-03-09T13:41:10","date_gmt":"2025-03-09T13:41:10","guid":{"rendered":"https:\/\/artstella-elixirs-floraux.com\/product\/spray-calm-and-clear-serenite\/"},"modified":"2025-09-09T14:25:15","modified_gmt":"2025-09-09T14:25:15","slug":"spray-calm-and-clear-serenite","status":"publish","type":"product","link":"https:\/\/artstella-elixirs-floraux.com\/fr_fr\/produit\/spray-calm-and-clear-serenite\/","title":{"rendered":"Spray CALM AND CLEAR &#8211; S\u00e9r\u00e9nit\u00e9"},"content":{"rendered":"","protected":false},"excerpt":{"rendered":"<p><span style=\"color: #008000;\"><strong>Le spray <\/strong><strong>Calm and Clear <\/strong>&#8211; <strong>S\u00e9r\u00e9nit\u00e9<\/strong> <\/span><\/p>\n<p>Permet de prendre son temps et de trouver son espace. Pour envisager les choses sainement et calmement. Peut \u00eatre utilis\u00e9 pour favoriser l\u2019endormissement.<\/p>\n<p><em>Egalement disponible en gouttes 30ml et en cr\u00e8me.<\/em><\/p>\n","protected":false},"featured_media":5274,"template":"","meta":[],"product_brand":[],"product_cat":[126],"product_tag":[],"class_list":{"0":"post-5273","1":"product","2":"type-product","3":"status-publish","4":"has-post-thumbnail","6":"product_cat-cremes-sprays","8":"first","9":"instock","10":"taxable","11":"shipping-taxable","12":"purchasable","13":"product-type-simple"},"etheme_brands":{"errors":{"invalid_taxonomy":["Taxonomie non valide."]},"error_data":[]},"jetpack_sharing_enabled":true,"jetpack-related-posts":[{"id":2779,"url":"https:\/\/artstella-elixirs-floraux.com\/fr_fr\/produit\/creme-calm-and-clear-serenite\/","url_meta":{"origin":5273,"position":0},"title":"CREME CALM AND CLEAR &#8211; S\u00e9r\u00e9nit\u00e9","author":"eveapprill","date":"9 mars 2025","format":false,"excerpt":"La cr\u00e8me Calm and Clear - S\u00e9r\u00e9nit\u00e9 Permet de prendre son temps et de trouver son espace. Pour envisager les choses sainement et calmement. Peut \u00eatre utilis\u00e9e pour favoriser l\u2019endormissement. Egalement disponible en gouttes et en spray.","rel":"","context":"Article similaire","block_context":{"text":"Article similaire","link":""},"img":{"alt_text":"","src":"https:\/\/i0.wp.com\/artstella-elixirs-floraux.com\/wp-content\/uploads\/2025\/03\/7ebf751f-b284-4e55-acbd-908ac845db09.jpg?resize=350%2C200&ssl=1","width":350,"height":200,"srcset":"https:\/\/i0.wp.com\/artstella-elixirs-floraux.com\/wp-content\/uploads\/2025\/03\/7ebf751f-b284-4e55-acbd-908ac845db09.jpg?resize=350%2C200&ssl=1 1x, https:\/\/i0.wp.com\/artstella-elixirs-floraux.com\/wp-content\/uploads\/2025\/03\/7ebf751f-b284-4e55-acbd-908ac845db09.jpg?resize=525%2C300&ssl=1 1.5x, https:\/\/i0.wp.com\/artstella-elixirs-floraux.com\/wp-content\/uploads\/2025\/03\/7ebf751f-b284-4e55-acbd-908ac845db09.jpg?resize=700%2C400&ssl=1 2x"},"classes":[]},{"id":2721,"url":"https:\/\/artstella-elixirs-floraux.com\/fr_fr\/produit\/calm-and-clear-serenite-bush-30ml\/","url_meta":{"origin":5273,"position":1},"title":"CALM AND CLEAR S\u00e9r\u00e9nit\u00e9 BUSH 30ml","author":"eveapprill","date":"9 mars 2025","format":false,"excerpt":"Calm and Clear -\u00a0S\u00e9r\u00e9nit\u00e9 Destin\u00e9 \u00e0 ceux qui en font trop, s'oubliant volontiers dans l'agitation quotidienne. Pour favoriser l'acceptation du l\u00e2cher-prise, trouver du temps pour soi, d\u00e9compresser et prendre plaisir \u00e0 se d\u00e9tendre.","rel":"","context":"Article similaire","block_context":{"text":"Article similaire","link":""},"img":{"alt_text":"","src":"https:\/\/i0.wp.com\/artstella-elixirs-floraux.com\/wp-content\/uploads\/2025\/03\/d750407b-2703-4a0a-b346-dcf0fc4d3072.jpg?resize=350%2C200&ssl=1","width":350,"height":200,"srcset":"https:\/\/i0.wp.com\/artstella-elixirs-floraux.com\/wp-content\/uploads\/2025\/03\/d750407b-2703-4a0a-b346-dcf0fc4d3072.jpg?resize=350%2C200&ssl=1 1x, https:\/\/i0.wp.com\/artstella-elixirs-floraux.com\/wp-content\/uploads\/2025\/03\/d750407b-2703-4a0a-b346-dcf0fc4d3072.jpg?resize=525%2C300&ssl=1 1.5x, https:\/\/i0.wp.com\/artstella-elixirs-floraux.com\/wp-content\/uploads\/2025\/03\/d750407b-2703-4a0a-b346-dcf0fc4d3072.jpg?resize=700%2C400&ssl=1 2x"},"classes":[]},{"id":3706,"url":"https:\/\/artstella-elixirs-floraux.com\/fr_fr\/produit\/clear-and-relaesing-spray-blue\/","url_meta":{"origin":5273,"position":2},"title":"CLEAR AND RELEASING SPRAY BLUE","author":"eveapprill","date":"9 mars 2025","format":false,"excerpt":"Clearing and releasing (Nettoyer et lib\u00e9rer) Pour faire face \u00e0 des \u00e9nergies profond\u00e9ment ancr\u00e9es et tr\u00e8s probl\u00e9matiques, soit au niveau de l'espace soit dans l'aura. Sert de \"space-clearing\", \"bleu\" Encens, Pamplemousse et Bois de Santal","rel":"","context":"Article similaire","block_context":{"text":"Article similaire","link":""},"img":{"alt_text":"","src":"","width":0,"height":0},"classes":[]},{"id":5130,"url":"https:\/\/artstella-elixirs-floraux.com\/fr_fr\/produit\/calming-down-spray-50ml\/","url_meta":{"origin":5273,"position":3},"title":"Calming down spray 50ml","author":"eveapprill","date":"9 mars 2025","format":false,"excerpt":"Sprays pour les enfants : un spray apaisant qui permet de retrouver le calme dans les moments de stress et d'agitation, pour les enfants impulsifs.","rel":"","context":"Article similaire","block_context":{"text":"Article similaire","link":""},"img":{"alt_text":"","src":"https:\/\/i0.wp.com\/artstella-elixirs-floraux.com\/wp-content\/uploads\/2025\/03\/8b6c0b3f-9d9b-4c6e-bf3c-63ff73e57686.jpg?resize=350%2C200&ssl=1","width":350,"height":200,"srcset":"https:\/\/i0.wp.com\/artstella-elixirs-floraux.com\/wp-content\/uploads\/2025\/03\/8b6c0b3f-9d9b-4c6e-bf3c-63ff73e57686.jpg?resize=350%2C200&ssl=1 1x, https:\/\/i0.wp.com\/artstella-elixirs-floraux.com\/wp-content\/uploads\/2025\/03\/8b6c0b3f-9d9b-4c6e-bf3c-63ff73e57686.jpg?resize=525%2C300&ssl=1 1.5x, https:\/\/i0.wp.com\/artstella-elixirs-floraux.com\/wp-content\/uploads\/2025\/03\/8b6c0b3f-9d9b-4c6e-bf3c-63ff73e57686.jpg?resize=700%2C400&ssl=1 2x"},"classes":[]},{"id":6396,"url":"https:\/\/artstella-elixirs-floraux.com\/fr_fr\/produit\/sleep-sommeil-spay-50ml-bush-australien\/","url_meta":{"origin":5273,"position":4},"title":"Sleep &#8211; Sommeil Spray 50ml Bush Australien","author":"eveapprill","date":"9 mars 2025","format":false,"excerpt":"Un nouveau spray du Bush australien pour favoriser le sommeil.","rel":"","context":"Article similaire","block_context":{"text":"Article similaire","link":""},"img":{"alt_text":"Sommeil Spray 50ml Bush Australien","src":"https:\/\/i0.wp.com\/artstella-elixirs-floraux.com\/wp-content\/uploads\/2025\/03\/7efb9cc8-f479-4a0f-be39-aca972b654d6.webp?resize=350%2C200&ssl=1","width":350,"height":200,"srcset":"https:\/\/i0.wp.com\/artstella-elixirs-floraux.com\/wp-content\/uploads\/2025\/03\/7efb9cc8-f479-4a0f-be39-aca972b654d6.webp?resize=350%2C200&ssl=1 1x, https:\/\/i0.wp.com\/artstella-elixirs-floraux.com\/wp-content\/uploads\/2025\/03\/7efb9cc8-f479-4a0f-be39-aca972b654d6.webp?resize=525%2C300&ssl=1 1.5x, https:\/\/i0.wp.com\/artstella-elixirs-floraux.com\/wp-content\/uploads\/2025\/03\/7efb9cc8-f479-4a0f-be39-aca972b654d6.webp?resize=700%2C400&ssl=1 2x"},"classes":[]},{"id":11315,"url":"https:\/\/artstella-elixirs-floraux.com\/fr_fr\/produit\/guardian-gardien-spray\/","url_meta":{"origin":5273,"position":5},"title":"Guardian &#8211; Gardien Spray","author":"eveapprill","date":"31 ao\u00fbt 2025","format":false,"excerpt":"Le Spray Guardian est \u00e0 utiliser lorsque vous souhaitez invoquer les \u00e9nergies de calme, de stabilit\u00e9 et de s\u00e9curit\u00e9. Pulv\u00e9risez votre aura et votre environnement imm\u00e9diat pour vous sentir fort et en s\u00e9curit\u00e9 tout en maintenant votre ouverture et votre sensibilit\u00e9.","rel":"","context":"Article similaire","block_context":{"text":"Article similaire","link":""},"img":{"alt_text":"","src":"https:\/\/i0.wp.com\/artstella-elixirs-floraux.com\/wp-content\/uploads\/2025\/08\/guardian-1.jpg?resize=350%2C200&ssl=1","width":350,"height":200},"classes":[]}],"_links":{"self":[{"href":"https:\/\/artstella-elixirs-floraux.com\/fr_fr\/wp-json\/wp\/v2\/product\/5273","targetHints":{"allow":["GET"]}}],"collection":[{"href":"https:\/\/artstella-elixirs-floraux.com\/fr_fr\/wp-json\/wp\/v2\/product"}],"about":[{"href":"https:\/\/artstella-elixirs-floraux.com\/fr_fr\/wp-json\/wp\/v2\/types\/product"}],"version-history":[{"count":1,"href":"https:\/\/artstella-elixirs-floraux.com\/fr_fr\/wp-json\/wp\/v2\/product\/5273\/revisions"}],"predecessor-version":[{"id":11410,"href":"https:\/\/artstella-elixirs-floraux.com\/fr_fr\/wp-json\/wp\/v2\/product\/5273\/revisions\/11410"}],"wp:featuredmedia":[{"embeddable":true,"href":"https:\/\/artstella-elixirs-floraux.com\/fr_fr\/wp-json\/wp\/v2\/media\/5274"}],"wp:attachment":[{"href":"https:\/\/artstella-elixirs-floraux.com\/fr_fr\/wp-json\/wp\/v2\/media?parent=5273"}],"wp:term":[{"taxonomy":"product_brand","embeddable":true,"href":"https:\/\/artstella-elixirs-floraux.com\/fr_fr\/wp-json\/wp\/v2\/product_brand?post=5273"},{"taxonomy":"product_cat","embeddable":true,"href":"https:\/\/artstella-elixirs-floraux.com\/fr_fr\/wp-json\/wp\/v2\/product_cat?post=5273"},{"taxonomy":"product_tag","embeddable":true,"href":"https:\/\/artstella-elixirs-floraux.com\/fr_fr\/wp-json\/wp\/v2\/product_tag?post=5273"}],"curies":[{"name":"wp","href":"https:\/\/api.w.org\/{rel}","templated":true}]}}