{"id":5296,"date":"2025-03-09T13:41:28","date_gmt":"2025-03-09T13:41:28","guid":{"rendered":"https:\/\/artstella-elixirs-floraux.com\/product\/complexe-n8-etudes-et-examens-deva-30ml\/"},"modified":"2025-06-02T06:46:51","modified_gmt":"2025-06-02T06:46:51","slug":"complexe-n8-etudes-et-examens-deva-30ml","status":"publish","type":"product","link":"https:\/\/artstella-elixirs-floraux.com\/fr_fr\/produit\/complexe-n8-etudes-et-examens-deva-30ml\/","title":{"rendered":"COMPLEXE N\u00b08 Etudes et examens DEVA 30ML"},"content":{"rendered":"<p>D\u00e9veloppe l&rsquo;acuit\u00e9 intellectuelle et l&rsquo;esprit de synth\u00e8se. Aide \u00e0 surmonter la l\u00e9thargie mentale et \u00e0 exprimer ses pens\u00e9es avec clart\u00e9 et coh\u00e9rence. Pour la recherche, les \u00e9tudes, les p\u00e9riodes d&rsquo;examens, les travaux d&rsquo;\u00e9criture et d&rsquo;enseignement.<\/p>\n<p><em>Comprend : citronnier, cosmos, Iris, Menthe poivr\u00e9e et P\u00e2querette.<\/em><\/p>\n","protected":false},"excerpt":{"rendered":"<p>Le compos\u00e9 floral DEVA\u00a0<strong>\u00c9TUDES &amp; EXAMENS<\/strong>\u00a0aide \u00e0 d\u00e9velopper l&rsquo;esprit de synth\u00e8se.<\/p>\n<div id=\"extra-0\" class=\"tab-pane fade in extra\">\n<p>Il facilite une expression orale claire et coh\u00e9rente.<\/p>\n<p>Il est conseill\u00e9 aux \u00e9tudiants en p\u00e9riode d&rsquo;examens ou aux personnes qui m\u00e8nent des travaux de recherche ou donnent des conf\u00e9rences.<\/p>\n<\/div>\n","protected":false},"featured_media":7591,"template":"","meta":[],"product_brand":[],"product_cat":[328,118,82],"product_tag":[],"class_list":{"0":"post-5296","1":"product","2":"type-product","3":"status-publish","4":"has-post-thumbnail","6":"product_cat-composes-deva","7":"product_cat-elixir-deva","8":"product_cat-elixirs","10":"first","11":"instock","12":"taxable","13":"shipping-taxable","14":"purchasable","15":"product-type-simple"},"etheme_brands":{"errors":{"invalid_taxonomy":["Taxonomie non valide."]},"error_data":[]},"jetpack_sharing_enabled":true,"jetpack-related-posts":[{"id":4090,"url":"https:\/\/artstella-elixirs-floraux.com\/fr_fr\/produit\/avocatier-15ml-fleur-sylfos\/","url_meta":{"origin":5296,"position":0},"title":"AVOCATIER 15ML FLEUR SYLFOS","author":"eveapprill","date":"9 mars 2025","format":false,"excerpt":"AVOCATIER \/ PALTO\u00a0\u00a0\u00a0\u00a0 Avocado\u00a0\u00a0 Persea americana \u00a0 \u00a0 Stabilise les fluctuations \u00e9motionnelles. Utile pour ceux qui ont des difficult\u00e9s \u00e0 exp\u00e9rimenter le plaisir. Permet de retrouver la confiance en soi-m\u00eame et dans les autres\u00a0;\u00a0","rel":"","context":"Article similaire","block_context":{"text":"Article similaire","link":""},"img":{"alt_text":"","src":"","width":0,"height":0},"classes":[]},{"id":3070,"url":"https:\/\/artstella-elixirs-floraux.com\/fr_fr\/produit\/mercure-planete-phi-15-ml\/","url_meta":{"origin":5296,"position":1},"title":"MERCURE PLANETE PHI 15 ML","author":"eveapprill","date":"9 mars 2025","format":false,"excerpt":"Mercure Nous aide \u00e0 reconna\u00eetre la v\u00e9rit\u00e9 cosmique et \u00e0 nous situer au-del\u00e0 de notre vie personnelle. Favorise aussi notre capacit\u00e9 \u00e0 communiquer et notre aptitude \u00e0 apprendre, par exemple avant les examens.","rel":"","context":"Article similaire","block_context":{"text":"Article similaire","link":""},"img":{"alt_text":"","src":"https:\/\/i0.wp.com\/artstella-elixirs-floraux.com\/wp-content\/uploads\/2025\/03\/wp-image524.png?resize=350%2C200&ssl=1","width":350,"height":200},"classes":[]},{"id":5755,"url":"https:\/\/artstella-elixirs-floraux.com\/fr_fr\/produit\/paquerette-10-ml-deva\/","url_meta":{"origin":5296,"position":2},"title":"Paquerette 10 ml DEVA","author":"eveapprill","date":"9 mars 2025","format":false,"excerpt":"P\u00e2querette Synth\u00e8se des id\u00e9es, int\u00e9gration. Aide le mental \u00e0 synth\u00e9tiser les informations en provenance de diff\u00e9rentes sources et \u00e0 les int\u00e9grer dans une perspective globale et unitaire.","rel":"","context":"Article similaire","block_context":{"text":"Article similaire","link":""},"img":{"alt_text":"","src":"https:\/\/i0.wp.com\/artstella-elixirs-floraux.com\/wp-content\/uploads\/2025\/03\/wp-image2435.png?resize=350%2C200&ssl=1","width":350,"height":200},"classes":[]},{"id":5474,"url":"https:\/\/artstella-elixirs-floraux.com\/fr_fr\/produit\/terra-bloesem-30ml\/","url_meta":{"origin":5296,"position":3},"title":"TERRA BLOESEM 30ML","author":"eveapprill","date":"9 mars 2025","format":false,"excerpt":"Terra, (Ang\u00e9lique, Cl\u00e9matite, Mycena, Cephalanth\u00e8re rouge, , Yeloow star tulip) Combinaison d\u2019urgence. Il am\u00e9liore l\u2019ancrage dans\u00a0 les moments difficiles, dans les cas de peurs, d\u2019examens, d\u2019accidents, de choc, de traumatisme, ou les moments de changements d\u2019humeur","rel":"","context":"Article similaire","block_context":{"text":"Article similaire","link":""},"img":{"alt_text":"","src":"","width":0,"height":0},"classes":[]},{"id":4046,"url":"https:\/\/artstella-elixirs-floraux.com\/fr_fr\/produit\/mayu-genet-15-ml-sylfos\/","url_meta":{"origin":5296,"position":4},"title":"MAYU \/ GENET DE NOUVELLE ZELANDE SYLFOS","author":"eveapprill","date":"9 mars 2025","format":false,"excerpt":"MAY\u00da Sophora macrocarpa Communication, concentration, \u00e9quilibre \u00e9motionnel Aide \u00e0 verbaliser les \u00e9motions.","rel":"","context":"Article similaire","block_context":{"text":"Article similaire","link":""},"img":{"alt_text":"","src":"","width":0,"height":0},"classes":[]},{"id":5318,"url":"https:\/\/artstella-elixirs-floraux.com\/fr_fr\/produit\/separation-deva-animaux-30-ml\/","url_meta":{"origin":5296,"position":5},"title":"SEPARATION DEVA ANIMAUX 30 ML","author":"eveapprill","date":"9 mars 2025","format":false,"excerpt":"SEPARATION Ce compos\u00e9 est conseill\u00e9 pour aider \u00e0 surmonter toutes les situations de s\u00e9paration temporaire avec leurs ma\u00eetres (d\u00e9part en vacances, d\u00e9part des enfants pour les \u00e9tudes, absence quotidienne pour le travail...) \u00a0","rel":"","context":"Article similaire","block_context":{"text":"Article similaire","link":""},"img":{"alt_text":"","src":"https:\/\/i0.wp.com\/artstella-elixirs-floraux.com\/wp-content\/uploads\/2025\/03\/75c1fa7e-db5d-46f6-b128-95473aff9b09.jpg?resize=350%2C200&ssl=1","width":350,"height":200,"srcset":"https:\/\/i0.wp.com\/artstella-elixirs-floraux.com\/wp-content\/uploads\/2025\/03\/75c1fa7e-db5d-46f6-b128-95473aff9b09.jpg?resize=350%2C200&ssl=1 1x, https:\/\/i0.wp.com\/artstella-elixirs-floraux.com\/wp-content\/uploads\/2025\/03\/75c1fa7e-db5d-46f6-b128-95473aff9b09.jpg?resize=525%2C300&ssl=1 1.5x, https:\/\/i0.wp.com\/artstella-elixirs-floraux.com\/wp-content\/uploads\/2025\/03\/75c1fa7e-db5d-46f6-b128-95473aff9b09.jpg?resize=700%2C400&ssl=1 2x"},"classes":[]}],"_links":{"self":[{"href":"https:\/\/artstella-elixirs-floraux.com\/fr_fr\/wp-json\/wp\/v2\/product\/5296","targetHints":{"allow":["GET"]}}],"collection":[{"href":"https:\/\/artstella-elixirs-floraux.com\/fr_fr\/wp-json\/wp\/v2\/product"}],"about":[{"href":"https:\/\/artstella-elixirs-floraux.com\/fr_fr\/wp-json\/wp\/v2\/types\/product"}],"version-history":[{"count":0,"href":"https:\/\/artstella-elixirs-floraux.com\/fr_fr\/wp-json\/wp\/v2\/product\/5296\/revisions"}],"wp:featuredmedia":[{"embeddable":true,"href":"https:\/\/artstella-elixirs-floraux.com\/fr_fr\/wp-json\/wp\/v2\/media\/7591"}],"wp:attachment":[{"href":"https:\/\/artstella-elixirs-floraux.com\/fr_fr\/wp-json\/wp\/v2\/media?parent=5296"}],"wp:term":[{"taxonomy":"product_brand","embeddable":true,"href":"https:\/\/artstella-elixirs-floraux.com\/fr_fr\/wp-json\/wp\/v2\/product_brand?post=5296"},{"taxonomy":"product_cat","embeddable":true,"href":"https:\/\/artstella-elixirs-floraux.com\/fr_fr\/wp-json\/wp\/v2\/product_cat?post=5296"},{"taxonomy":"product_tag","embeddable":true,"href":"https:\/\/artstella-elixirs-floraux.com\/fr_fr\/wp-json\/wp\/v2\/product_tag?post=5296"}],"curies":[{"name":"wp","href":"https:\/\/api.w.org\/{rel}","templated":true}]}}