{"id":5310,"date":"2025-03-09T13:41:40","date_gmt":"2025-03-09T13:41:40","guid":{"rendered":"https:\/\/artstella-elixirs-floraux.com\/product\/complexe-n15-courage-deva-30ml\/"},"modified":"2025-06-02T06:46:51","modified_gmt":"2025-06-02T06:46:51","slug":"complexe-n15-courage-deva-30ml","status":"publish","type":"product","link":"https:\/\/artstella-elixirs-floraux.com\/fr_fr\/produit\/complexe-n15-courage-deva-30ml\/","title":{"rendered":"COMPLEXE N\u00b015 Courage DEVA 30ML"},"content":{"rendered":"<p><em>Comprend : Ang\u00e9lique, d&rsquo;H\u00e9lianth\u00e8me, de Rhododendron, de Rose verte et de Tr\u00e8fle rouge<\/em><\/p>\n","protected":false},"excerpt":{"rendered":"<p><strong>COMPLEXE N\u00b015 Courage DEVA 30 ml<br \/>\n<\/strong><\/p>\n<div id=\"extra-0\" class=\"tab-pane fade in extra\">\n<p>Le compos\u00e9 floral <strong>COURAGE<\/strong> permet de conserver son sang-froid au c\u0153ur des environnements d\u00e9stabilisants, lorsque les \u00e9motions collectives perturbent le libre-arbitre.<\/p>\n<p>Il renforce la confiance en l&rsquo;avenir et donne le courage d&rsquo;avancer.<\/p>\n<p>Il est recommand\u00e9 lors de tout travail sur soi.<\/p>\n<\/div>\n","protected":false},"featured_media":7581,"template":"","meta":[],"product_brand":[],"product_cat":[118,328],"product_tag":[],"class_list":{"0":"post-5310","1":"product","2":"type-product","3":"status-publish","4":"has-post-thumbnail","6":"product_cat-elixir-deva","7":"product_cat-composes-deva","9":"first","10":"instock","11":"taxable","12":"shipping-taxable","13":"purchasable","14":"product-type-simple"},"etheme_brands":{"errors":{"invalid_taxonomy":["Taxonomie non valide."]},"error_data":[]},"jetpack_sharing_enabled":true,"jetpack-related-posts":[{"id":5684,"url":"https:\/\/artstella-elixirs-floraux.com\/fr_fr\/produit\/eucalyptus-15-ml-deva\/","url_meta":{"origin":5310,"position":0},"title":"Eucalyptus 15 ml DEVA","author":"eveapprill","date":"9 mars 2025","format":false,"excerpt":"Eucalyptus Courage, purification. Pour surmonter la m\u00e9lancolie, la tristesse et le chagrin qui restent bloqu\u00e9s dans la sph\u00e8re respiratoire.","rel":"","context":"Article similaire","block_context":{"text":"Article similaire","link":""},"img":{"alt_text":"","src":"https:\/\/i0.wp.com\/artstella-elixirs-floraux.com\/wp-content\/uploads\/2025\/03\/wp-image2400.png?resize=350%2C200&ssl=1","width":350,"height":200},"classes":[]},{"id":5922,"url":"https:\/\/artstella-elixirs-floraux.com\/fr_fr\/produit\/gentiane-15-ml-deva\/","url_meta":{"origin":5310,"position":1},"title":"Gentiane 15 ml DEVA","author":"eveapprill","date":"9 mars 2025","format":false,"excerpt":"Gentiane Gentiana amarella D\u00e9termination, courage, pers\u00e9v\u00e9rance Pour surmonter le doute et le manque de foi. Pour les individus enclins \u00e0 la m\u00e9lancolie, \u00e0 la tristesse et au d\u00e9couragement dont les origines sont connues.","rel":"","context":"Article similaire","block_context":{"text":"Article similaire","link":""},"img":{"alt_text":"","src":"","width":0,"height":0},"classes":[]},{"id":5308,"url":"https:\/\/artstella-elixirs-floraux.com\/fr_fr\/produit\/complexe-n14-evolution-deva-30ml\/","url_meta":{"origin":5310,"position":2},"title":"COMPLEXE N\u00b014 \u00c9volution DEVA 30ML","author":"eveapprill","date":"9 mars 2025","format":false,"excerpt":"COMPLEXE N\u00b014 \u00c9volution 30ml Clart\u00e9, courage, engagement, r\u00e9solution, l\u00e2cher prise. Pour les p\u00e9riodes de changement, de transformation, de remise en question ou de transition (changement d'environnement social de carri\u00e8re, rupture, d\u00e9m\u00e9nagement)","rel":"","context":"Article similaire","block_context":{"text":"Article similaire","link":""},"img":{"alt_text":"Compos\u00e9s D\u00e9va","src":"https:\/\/i0.wp.com\/artstella-elixirs-floraux.com\/wp-content\/uploads\/2025\/03\/1a5f0cc3-4eec-4a3a-a231-ff3982cc3966.jpg?resize=350%2C200&ssl=1","width":350,"height":200,"srcset":"https:\/\/i0.wp.com\/artstella-elixirs-floraux.com\/wp-content\/uploads\/2025\/03\/1a5f0cc3-4eec-4a3a-a231-ff3982cc3966.jpg?resize=350%2C200&ssl=1 1x, https:\/\/i0.wp.com\/artstella-elixirs-floraux.com\/wp-content\/uploads\/2025\/03\/1a5f0cc3-4eec-4a3a-a231-ff3982cc3966.jpg?resize=525%2C300&ssl=1 1.5x, https:\/\/i0.wp.com\/artstella-elixirs-floraux.com\/wp-content\/uploads\/2025\/03\/1a5f0cc3-4eec-4a3a-a231-ff3982cc3966.jpg?resize=700%2C400&ssl=1 2x"},"classes":[]},{"id":5938,"url":"https:\/\/artstella-elixirs-floraux.com\/fr_fr\/produit\/mimulus-15-ml-bach-deva\/","url_meta":{"origin":5310,"position":3},"title":"Mimulus 15 ml Bach DEVA","author":"eveapprill","date":"9 mars 2025","format":false,"excerpt":"Mimulus jaune - Mimulus Mimulus guttatus Courage Pour faire face aux \u00e9v\u00e9nements et aux challenges de la vie quotidienne, sans inqui\u00e9tude ni appr\u00e9hension. Pour surmonter toutes les peurs connues de la vie quotidienne\u00a0 : peur des animaux, de la maladie, du noir, des autres personnes.","rel":"","context":"Article similaire","block_context":{"text":"Article similaire","link":""},"img":{"alt_text":"elixirs deva les \u00e9motions","src":"https:\/\/i0.wp.com\/artstella-elixirs-floraux.com\/wp-content\/uploads\/2025\/03\/wp-image2425-e1748372128900.png?resize=350%2C200&ssl=1","width":350,"height":200},"classes":[]},{"id":5639,"url":"https:\/\/artstella-elixirs-floraux.com\/fr_fr\/produit\/bourrache-15-ml\/","url_meta":{"origin":5310,"position":4},"title":"Bourrache 15 ml","author":"eveapprill","date":"9 mars 2025","format":false,"excerpt":"Bourrache Courage. Pour surmonter le chagrin, la tristesse, le d\u00e9couragement face aux \u00e9preuves et au danger. Pour ceux qui se sentent accabl\u00e9s par les \u00e9v\u00e9nements de la vie et qui ont le coeur gros.","rel":"","context":"Article similaire","block_context":{"text":"Article similaire","link":""},"img":{"alt_text":"","src":"https:\/\/i0.wp.com\/artstella-elixirs-floraux.com\/wp-content\/uploads\/2025\/03\/wp-image2402.png?resize=350%2C200&ssl=1","width":350,"height":200},"classes":[]},{"id":5753,"url":"https:\/\/artstella-elixirs-floraux.com\/fr_fr\/produit\/ortie-10-ml-deva\/","url_meta":{"origin":5310,"position":5},"title":"Ortie 15 ml DEVA","author":"eveapprill","date":"9 mars 2025","format":false,"excerpt":"Ortie Unit\u00e9, apaisement. Aide \u00e0 r\u00e9soudre les conflits au sein d\u2019un groupe ou d\u2019une communaut\u00e9. Apporte calme et courage apr\u00e8s une rupture familiale. Renforce l\u2019unit\u00e9 familiale.","rel":"","context":"Article similaire","block_context":{"text":"Article similaire","link":""},"img":{"alt_text":"","src":"https:\/\/i0.wp.com\/artstella-elixirs-floraux.com\/wp-content\/uploads\/2025\/03\/wp-image2434.png?resize=350%2C200&ssl=1","width":350,"height":200},"classes":[]}],"_links":{"self":[{"href":"https:\/\/artstella-elixirs-floraux.com\/fr_fr\/wp-json\/wp\/v2\/product\/5310","targetHints":{"allow":["GET"]}}],"collection":[{"href":"https:\/\/artstella-elixirs-floraux.com\/fr_fr\/wp-json\/wp\/v2\/product"}],"about":[{"href":"https:\/\/artstella-elixirs-floraux.com\/fr_fr\/wp-json\/wp\/v2\/types\/product"}],"version-history":[{"count":0,"href":"https:\/\/artstella-elixirs-floraux.com\/fr_fr\/wp-json\/wp\/v2\/product\/5310\/revisions"}],"wp:featuredmedia":[{"embeddable":true,"href":"https:\/\/artstella-elixirs-floraux.com\/fr_fr\/wp-json\/wp\/v2\/media\/7581"}],"wp:attachment":[{"href":"https:\/\/artstella-elixirs-floraux.com\/fr_fr\/wp-json\/wp\/v2\/media?parent=5310"}],"wp:term":[{"taxonomy":"product_brand","embeddable":true,"href":"https:\/\/artstella-elixirs-floraux.com\/fr_fr\/wp-json\/wp\/v2\/product_brand?post=5310"},{"taxonomy":"product_cat","embeddable":true,"href":"https:\/\/artstella-elixirs-floraux.com\/fr_fr\/wp-json\/wp\/v2\/product_cat?post=5310"},{"taxonomy":"product_tag","embeddable":true,"href":"https:\/\/artstella-elixirs-floraux.com\/fr_fr\/wp-json\/wp\/v2\/product_tag?post=5310"}],"curies":[{"name":"wp","href":"https:\/\/api.w.org\/{rel}","templated":true}]}}