{"id":5314,"date":"2025-03-09T13:41:43","date_gmt":"2025-03-09T13:41:43","guid":{"rendered":"https:\/\/artstella-elixirs-floraux.com\/product\/adoption-deva-animaux-30-ml\/"},"modified":"2025-04-06T08:25:27","modified_gmt":"2025-04-06T08:25:27","slug":"adoption-deva-animaux-30-ml","status":"publish","type":"product","link":"https:\/\/artstella-elixirs-floraux.com\/fr_fr\/produit\/adoption-deva-animaux-30-ml\/","title":{"rendered":"ADOPTION DEVA ANIMAUX 30 ML"},"content":{"rendered":"","protected":false},"excerpt":{"rendered":"<p><strong>ADOPTION<\/strong><br \/> Ce compos\u00e9 s&rsquo;adresse \u00e0 tous les animaux qui arrivent dans un nouveau foyer (naissance, adoption,&#8230;).<\/p>\n<p>Apporte calme et r\u00e9confort.<\/p>\n<p><strong>Facilite l&rsquo;unit\u00e9 et l&rsquo;harmonie dans le foyer.<\/strong><\/p>\n","protected":false},"featured_media":7583,"template":"","meta":[],"product_brand":[],"product_cat":[174],"product_tag":[],"class_list":{"0":"post-5314","1":"product","2":"type-product","3":"status-publish","4":"has-post-thumbnail","6":"product_cat-les-composes-special-animaux","8":"first","9":"instock","10":"taxable","11":"shipping-taxable","12":"purchasable","13":"product-type-simple"},"etheme_brands":{"errors":{"invalid_taxonomy":["Taxonomie non valide."]},"error_data":[]},"jetpack_sharing_enabled":true,"jetpack-related-posts":[{"id":4060,"url":"https:\/\/artstella-elixirs-floraux.com\/fr_fr\/produit\/palo-borracho-15-ml-sylfos\/","url_meta":{"origin":5314,"position":0},"title":"PALO BORRACHO  SYLFOS","author":"eveapprill","date":"9 mars 2025","format":false,"excerpt":"PALO BORRACHO Chorisia speciosa L\u00e2cher prise, acceptation de soi, confiance. Pour les personnes qui se prot\u00e8gent en adoptant une attitude ferm\u00e9e et antipathique envers leur environnement et leur entourage.","rel":"","context":"Article similaire","block_context":{"text":"Article similaire","link":""},"img":{"alt_text":"","src":"","width":0,"height":0},"classes":[]},{"id":6233,"url":"https:\/\/artstella-elixirs-floraux.com\/fr_fr\/produit\/liberte-animale-animal-freedom-10-m\/","url_meta":{"origin":5314,"position":1},"title":"LIBERTE ANIMALE  &#8211; Animal freedom","author":"eveapprill","date":"9 mars 2025","format":false,"excerpt":"Ce compos\u00e9 contribue \u00e0 lib\u00e9rer l\u2019\u00e2me de l\u2019animal et \u00e0 le d\u00e9livrer des probl\u00e8mes et souffrances de son ma\u00eetre dont il s\u2019est charg\u00e9. Il soulage \u00e9galement des probl\u00e8mes et souffrances dont l\u2019animal peut \u00eatre victime des \u00eatres humains sur un niveau conscient ou inconscient","rel":"","context":"Article similaire","block_context":{"text":"Article similaire","link":""},"img":{"alt_text":"","src":"","width":0,"height":0},"classes":[]},{"id":5320,"url":"https:\/\/artstella-elixirs-floraux.com\/fr_fr\/produit\/transport-deva-animaux-30-ml\/","url_meta":{"origin":5314,"position":2},"title":"TRANSPORT DEVA ANIMAUX 30 ML","author":"eveapprill","date":"9 mars 2025","format":false,"excerpt":"TRANSPORT Ce compos\u00e9 est conseill\u00e9 dans toutes les situations o\u00f9 l'animal est amen\u00e9 \u00e0 se d\u00e9placer (court et long trajet). Il est recommand\u00e9 pour les animaux anxieux, en panique lors d'un d\u00e9placement ou sujets au mal des transports.TRANSPORT DEVA ANIMAUX 30 ML","rel":"","context":"Article similaire","block_context":{"text":"Article similaire","link":""},"img":{"alt_text":"Les Compos\u00e9s sp\u00e9cial animaux","src":"https:\/\/i0.wp.com\/artstella-elixirs-floraux.com\/wp-content\/uploads\/2025\/03\/608a0b90-ada5-4c87-8ea2-03a36415adf0.jpg?resize=350%2C200&ssl=1","width":350,"height":200,"srcset":"https:\/\/i0.wp.com\/artstella-elixirs-floraux.com\/wp-content\/uploads\/2025\/03\/608a0b90-ada5-4c87-8ea2-03a36415adf0.jpg?resize=350%2C200&ssl=1 1x, https:\/\/i0.wp.com\/artstella-elixirs-floraux.com\/wp-content\/uploads\/2025\/03\/608a0b90-ada5-4c87-8ea2-03a36415adf0.jpg?resize=525%2C300&ssl=1 1.5x, https:\/\/i0.wp.com\/artstella-elixirs-floraux.com\/wp-content\/uploads\/2025\/03\/608a0b90-ada5-4c87-8ea2-03a36415adf0.jpg?resize=700%2C400&ssl=1 2x"},"classes":[]},{"id":4569,"url":"https:\/\/artstella-elixirs-floraux.com\/fr_fr\/produit\/animal-care\/","url_meta":{"origin":5314,"position":3},"title":"Animal care","author":"eveapprill","date":"9 mars 2025","format":false,"excerpt":"ANIMAL CARE SPRAYS Combinaison sp\u00e9ciale d\u2019\u00e9lixirs de fleurs et de gemmes d\u2019Alaska pr\u00e9par\u00e9 comme un rem\u00e8de d\u2019urgence. Pour traiter les animaux. Il sera d'autant plus efficace s\u2019il est donn\u00e9 d\u00e8s les premiers soins apport\u00e9s aux animaux arrivant chez le v\u00e9t\u00e9rinaire, au refuge, \u00e0 la clinique, etc.","rel":"","context":"Article similaire","block_context":{"text":"Article similaire","link":""},"img":{"alt_text":"","src":"https:\/\/i0.wp.com\/artstella-elixirs-floraux.com\/wp-content\/uploads\/2025\/03\/f106a38d-47a3-45a8-b95d-77f509ef85e5.jpg?resize=350%2C200&ssl=1","width":350,"height":200,"srcset":"https:\/\/i0.wp.com\/artstella-elixirs-floraux.com\/wp-content\/uploads\/2025\/03\/f106a38d-47a3-45a8-b95d-77f509ef85e5.jpg?resize=350%2C200&ssl=1 1x, https:\/\/i0.wp.com\/artstella-elixirs-floraux.com\/wp-content\/uploads\/2025\/03\/f106a38d-47a3-45a8-b95d-77f509ef85e5.jpg?resize=525%2C300&ssl=1 1.5x, https:\/\/i0.wp.com\/artstella-elixirs-floraux.com\/wp-content\/uploads\/2025\/03\/f106a38d-47a3-45a8-b95d-77f509ef85e5.jpg?resize=700%2C400&ssl=1 2x"},"classes":[]},{"id":5316,"url":"https:\/\/artstella-elixirs-floraux.com\/fr_fr\/produit\/concours-deva-animaux-30-ml\/","url_meta":{"origin":5314,"position":4},"title":"CONCOURS DEVA ANIMAUX 30 ML","author":"eveapprill","date":"9 mars 2025","format":false,"excerpt":"CONCOURS - Stress Pour toutes les situations \u00a0de concours, expositions, comp\u00e9titions... o\u00f9 l'animal est soumis au stress et \u00e0 un environnement d\u00e9stabilisant. Apporte confiance, courage, pers\u00e9v\u00e9rance. Permet de conserver son int\u00e9grit\u00e9 en cas de stress intense.CONCOURS DEVA ANIMAUX 30 ML","rel":"","context":"Article similaire","block_context":{"text":"Article similaire","link":""},"img":{"alt_text":"","src":"https:\/\/i0.wp.com\/artstella-elixirs-floraux.com\/wp-content\/uploads\/2025\/03\/8c17c799-0cb7-4ae6-975c-f83106173cb0.jpg?resize=350%2C200&ssl=1","width":350,"height":200,"srcset":"https:\/\/i0.wp.com\/artstella-elixirs-floraux.com\/wp-content\/uploads\/2025\/03\/8c17c799-0cb7-4ae6-975c-f83106173cb0.jpg?resize=350%2C200&ssl=1 1x, https:\/\/i0.wp.com\/artstella-elixirs-floraux.com\/wp-content\/uploads\/2025\/03\/8c17c799-0cb7-4ae6-975c-f83106173cb0.jpg?resize=525%2C300&ssl=1 1.5x, https:\/\/i0.wp.com\/artstella-elixirs-floraux.com\/wp-content\/uploads\/2025\/03\/8c17c799-0cb7-4ae6-975c-f83106173cb0.jpg?resize=700%2C400&ssl=1 2x"},"classes":[]},{"id":2665,"url":"https:\/\/artstella-elixirs-floraux.com\/fr_fr\/produit\/aminalcare\/","url_meta":{"origin":5314,"position":5},"title":"AMINALCARE","author":"eveapprill","date":"9 mars 2025","format":false,"excerpt":"ANIMAL CARE Combinaison sp\u00e9ciale d\u2019\u00e9lixirs de fleurs et de gemmes d\u2019Alaska pr\u00e9par\u00e9 comme un rem\u00e8de d\u2019urgence. Pour traiter les animaux. Il sera d'autant plus efficace s\u2019il est donn\u00e9 d\u00e8s les premiers soins apport\u00e9s aux animaux arrivant chez le v\u00e9t\u00e9rinaire, au refuge, \u00e0 la clinique, etc.","rel":"","context":"Article similaire","block_context":{"text":"Article similaire","link":""},"img":{"alt_text":"","src":"https:\/\/i0.wp.com\/artstella-elixirs-floraux.com\/wp-content\/uploads\/2025\/03\/3ab3c6d7-5031-4c7b-95d2-d61f14919774.jpg?resize=350%2C200&ssl=1","width":350,"height":200,"srcset":"https:\/\/i0.wp.com\/artstella-elixirs-floraux.com\/wp-content\/uploads\/2025\/03\/3ab3c6d7-5031-4c7b-95d2-d61f14919774.jpg?resize=350%2C200&ssl=1 1x, https:\/\/i0.wp.com\/artstella-elixirs-floraux.com\/wp-content\/uploads\/2025\/03\/3ab3c6d7-5031-4c7b-95d2-d61f14919774.jpg?resize=525%2C300&ssl=1 1.5x, https:\/\/i0.wp.com\/artstella-elixirs-floraux.com\/wp-content\/uploads\/2025\/03\/3ab3c6d7-5031-4c7b-95d2-d61f14919774.jpg?resize=700%2C400&ssl=1 2x"},"classes":[]}],"_links":{"self":[{"href":"https:\/\/artstella-elixirs-floraux.com\/fr_fr\/wp-json\/wp\/v2\/product\/5314","targetHints":{"allow":["GET"]}}],"collection":[{"href":"https:\/\/artstella-elixirs-floraux.com\/fr_fr\/wp-json\/wp\/v2\/product"}],"about":[{"href":"https:\/\/artstella-elixirs-floraux.com\/fr_fr\/wp-json\/wp\/v2\/types\/product"}],"version-history":[{"count":0,"href":"https:\/\/artstella-elixirs-floraux.com\/fr_fr\/wp-json\/wp\/v2\/product\/5314\/revisions"}],"wp:featuredmedia":[{"embeddable":true,"href":"https:\/\/artstella-elixirs-floraux.com\/fr_fr\/wp-json\/wp\/v2\/media\/7583"}],"wp:attachment":[{"href":"https:\/\/artstella-elixirs-floraux.com\/fr_fr\/wp-json\/wp\/v2\/media?parent=5314"}],"wp:term":[{"taxonomy":"product_brand","embeddable":true,"href":"https:\/\/artstella-elixirs-floraux.com\/fr_fr\/wp-json\/wp\/v2\/product_brand?post=5314"},{"taxonomy":"product_cat","embeddable":true,"href":"https:\/\/artstella-elixirs-floraux.com\/fr_fr\/wp-json\/wp\/v2\/product_cat?post=5314"},{"taxonomy":"product_tag","embeddable":true,"href":"https:\/\/artstella-elixirs-floraux.com\/fr_fr\/wp-json\/wp\/v2\/product_tag?post=5314"}],"curies":[{"name":"wp","href":"https:\/\/api.w.org\/{rel}","templated":true}]}}