{"id":5316,"date":"2025-03-09T13:41:45","date_gmt":"2025-03-09T13:41:45","guid":{"rendered":"https:\/\/artstella-elixirs-floraux.com\/product\/concours-deva-animaux-30-ml\/"},"modified":"2025-04-06T08:25:26","modified_gmt":"2025-04-06T08:25:26","slug":"concours-deva-animaux-30-ml","status":"publish","type":"product","link":"https:\/\/artstella-elixirs-floraux.com\/fr_fr\/produit\/concours-deva-animaux-30-ml\/","title":{"rendered":"CONCOURS DEVA ANIMAUX 30 ML"},"content":{"rendered":"","protected":false},"excerpt":{"rendered":"<p><strong style=\"font-size: 11px\">CONCOURS &#8211; Stress<\/strong><\/p>\n<p>Pour toutes les situations \u00a0de concours, expositions, comp\u00e9titions&#8230; o\u00f9 l&rsquo;animal est soumis au stress et \u00e0 un environnement d\u00e9stabilisant.<\/p>\n<p>Apporte confiance, courage, pers\u00e9v\u00e9rance.<\/p>\n<p>Permet de conserver son int\u00e9grit\u00e9 en cas de stress intense.CONCOURS DEVA ANIMAUX 30 ML<\/p>\n","protected":false},"featured_media":7584,"template":"","meta":[],"product_brand":[],"product_cat":[174],"product_tag":[],"class_list":{"0":"post-5316","1":"product","2":"type-product","3":"status-publish","4":"has-post-thumbnail","6":"product_cat-les-composes-special-animaux","8":"first","9":"instock","10":"taxable","11":"shipping-taxable","12":"purchasable","13":"product-type-simple"},"etheme_brands":{"errors":{"invalid_taxonomy":["Taxonomie non valide."]},"error_data":[]},"jetpack_sharing_enabled":true,"jetpack-related-posts":[{"id":5320,"url":"https:\/\/artstella-elixirs-floraux.com\/fr_fr\/produit\/transport-deva-animaux-30-ml\/","url_meta":{"origin":5316,"position":0},"title":"TRANSPORT DEVA ANIMAUX 30 ML","author":"eveapprill","date":"9 mars 2025","format":false,"excerpt":"TRANSPORT Ce compos\u00e9 est conseill\u00e9 dans toutes les situations o\u00f9 l'animal est amen\u00e9 \u00e0 se d\u00e9placer (court et long trajet). Il est recommand\u00e9 pour les animaux anxieux, en panique lors d'un d\u00e9placement ou sujets au mal des transports.TRANSPORT DEVA ANIMAUX 30 ML","rel":"","context":"Article similaire","block_context":{"text":"Article similaire","link":""},"img":{"alt_text":"Les Compos\u00e9s sp\u00e9cial animaux","src":"https:\/\/i0.wp.com\/artstella-elixirs-floraux.com\/wp-content\/uploads\/2025\/03\/608a0b90-ada5-4c87-8ea2-03a36415adf0.jpg?resize=350%2C200&ssl=1","width":350,"height":200,"srcset":"https:\/\/i0.wp.com\/artstella-elixirs-floraux.com\/wp-content\/uploads\/2025\/03\/608a0b90-ada5-4c87-8ea2-03a36415adf0.jpg?resize=350%2C200&ssl=1 1x, https:\/\/i0.wp.com\/artstella-elixirs-floraux.com\/wp-content\/uploads\/2025\/03\/608a0b90-ada5-4c87-8ea2-03a36415adf0.jpg?resize=525%2C300&ssl=1 1.5x, https:\/\/i0.wp.com\/artstella-elixirs-floraux.com\/wp-content\/uploads\/2025\/03\/608a0b90-ada5-4c87-8ea2-03a36415adf0.jpg?resize=700%2C400&ssl=1 2x"},"classes":[]},{"id":5314,"url":"https:\/\/artstella-elixirs-floraux.com\/fr_fr\/produit\/adoption-deva-animaux-30-ml\/","url_meta":{"origin":5316,"position":1},"title":"ADOPTION DEVA ANIMAUX 30 ML","author":"eveapprill","date":"9 mars 2025","format":false,"excerpt":"ADOPTION Ce compos\u00e9 s'adresse \u00e0 tous les animaux qui arrivent dans un nouveau foyer (naissance, adoption,...). Apporte calme et r\u00e9confort. Facilite l'unit\u00e9 et l'harmonie dans le foyer.","rel":"","context":"Article similaire","block_context":{"text":"Article similaire","link":""},"img":{"alt_text":"","src":"https:\/\/i0.wp.com\/artstella-elixirs-floraux.com\/wp-content\/uploads\/2025\/03\/c47cd009-4595-4581-a3d0-55a1baee6d9a.jpg?resize=350%2C200&ssl=1","width":350,"height":200,"srcset":"https:\/\/i0.wp.com\/artstella-elixirs-floraux.com\/wp-content\/uploads\/2025\/03\/c47cd009-4595-4581-a3d0-55a1baee6d9a.jpg?resize=350%2C200&ssl=1 1x, https:\/\/i0.wp.com\/artstella-elixirs-floraux.com\/wp-content\/uploads\/2025\/03\/c47cd009-4595-4581-a3d0-55a1baee6d9a.jpg?resize=525%2C300&ssl=1 1.5x, https:\/\/i0.wp.com\/artstella-elixirs-floraux.com\/wp-content\/uploads\/2025\/03\/c47cd009-4595-4581-a3d0-55a1baee6d9a.jpg?resize=700%2C400&ssl=1 2x"},"classes":[]},{"id":5318,"url":"https:\/\/artstella-elixirs-floraux.com\/fr_fr\/produit\/separation-deva-animaux-30-ml\/","url_meta":{"origin":5316,"position":2},"title":"SEPARATION DEVA ANIMAUX 30 ML","author":"eveapprill","date":"9 mars 2025","format":false,"excerpt":"SEPARATION Ce compos\u00e9 est conseill\u00e9 pour aider \u00e0 surmonter toutes les situations de s\u00e9paration temporaire avec leurs ma\u00eetres (d\u00e9part en vacances, d\u00e9part des enfants pour les \u00e9tudes, absence quotidienne pour le travail...) \u00a0","rel":"","context":"Article similaire","block_context":{"text":"Article similaire","link":""},"img":{"alt_text":"","src":"https:\/\/i0.wp.com\/artstella-elixirs-floraux.com\/wp-content\/uploads\/2025\/03\/75c1fa7e-db5d-46f6-b128-95473aff9b09.jpg?resize=350%2C200&ssl=1","width":350,"height":200,"srcset":"https:\/\/i0.wp.com\/artstella-elixirs-floraux.com\/wp-content\/uploads\/2025\/03\/75c1fa7e-db5d-46f6-b128-95473aff9b09.jpg?resize=350%2C200&ssl=1 1x, https:\/\/i0.wp.com\/artstella-elixirs-floraux.com\/wp-content\/uploads\/2025\/03\/75c1fa7e-db5d-46f6-b128-95473aff9b09.jpg?resize=525%2C300&ssl=1 1.5x, https:\/\/i0.wp.com\/artstella-elixirs-floraux.com\/wp-content\/uploads\/2025\/03\/75c1fa7e-db5d-46f6-b128-95473aff9b09.jpg?resize=700%2C400&ssl=1 2x"},"classes":[]},{"id":3966,"url":"https:\/\/artstella-elixirs-floraux.com\/fr_fr\/produit\/tortue-phi-15-ml\/","url_meta":{"origin":5316,"position":3},"title":"TORTUE PHI 15 ML","author":"eveapprill","date":"27 mai 2025","format":false,"excerpt":"Tortue Schildkr\u00f6te (Lepidochelys olivacea) aide \u00e0 contr\u00f4ler le stress en se cr\u00e9ant une coquille solide. Il permet de garder son calme et d\u2019agir avec ses forces int\u00e9rieures. Nous apprenons que nous pouvons aussi fonctionner dans la paix.","rel":"","context":"Article similaire","block_context":{"text":"Article similaire","link":""},"img":{"alt_text":"","src":"","width":0,"height":0},"classes":[]},{"id":5840,"url":"https:\/\/artstella-elixirs-floraux.com\/fr_fr\/produit\/paresseux-a-deux-doigts-15-ml-phi\/","url_meta":{"origin":5316,"position":4},"title":"Paresseux \u00e0 deux doigts 15 ml PHI","author":"eveapprill","date":"9 mars 2025","format":false,"excerpt":"Paresseux \u00e0 deux doigts - Southern two toed Sloth (Choloepus didactylus) Cet animal nous aide \u00e0 d\u00e9velopper une meilleure relation au temps et \u00e0 la relaxation. Il nous aide \u00e0 mieux g\u00e9rer des situations de stress, en prenant les choses plus l\u00e9g\u00e8rement et de fa\u00e7on plus d\u00e9tendue. Il nous aide\u2026","rel":"","context":"Article similaire","block_context":{"text":"Article similaire","link":""},"img":{"alt_text":"","src":"","width":0,"height":0},"classes":[]},{"id":5822,"url":"https:\/\/artstella-elixirs-floraux.com\/fr_fr\/produit\/gibbon-gibbon-hylobates-pileatus-15-ml-phi\/","url_meta":{"origin":5316,"position":5},"title":"Gibbon &#8211; Gibbon (Hylobates pileatus 15 ml PHI","author":"eveapprill","date":"9 mars 2025","format":false,"excerpt":"Gibbon - Gibbon (Hylobates pileatus) Cet \u00e9lixir nous apporte une sensation d\u2019harmonie aussi bien dans un groupe que dans notre famille. Nous apprenons \u00e0 communiquer clairement et dissoudre stress et conflits. Nous apprenons que la vie peut \u00eatre merveilleuse et facile.","rel":"","context":"Article similaire","block_context":{"text":"Article similaire","link":""},"img":{"alt_text":"","src":"","width":0,"height":0},"classes":[]}],"_links":{"self":[{"href":"https:\/\/artstella-elixirs-floraux.com\/fr_fr\/wp-json\/wp\/v2\/product\/5316","targetHints":{"allow":["GET"]}}],"collection":[{"href":"https:\/\/artstella-elixirs-floraux.com\/fr_fr\/wp-json\/wp\/v2\/product"}],"about":[{"href":"https:\/\/artstella-elixirs-floraux.com\/fr_fr\/wp-json\/wp\/v2\/types\/product"}],"version-history":[{"count":0,"href":"https:\/\/artstella-elixirs-floraux.com\/fr_fr\/wp-json\/wp\/v2\/product\/5316\/revisions"}],"wp:featuredmedia":[{"embeddable":true,"href":"https:\/\/artstella-elixirs-floraux.com\/fr_fr\/wp-json\/wp\/v2\/media\/7584"}],"wp:attachment":[{"href":"https:\/\/artstella-elixirs-floraux.com\/fr_fr\/wp-json\/wp\/v2\/media?parent=5316"}],"wp:term":[{"taxonomy":"product_brand","embeddable":true,"href":"https:\/\/artstella-elixirs-floraux.com\/fr_fr\/wp-json\/wp\/v2\/product_brand?post=5316"},{"taxonomy":"product_cat","embeddable":true,"href":"https:\/\/artstella-elixirs-floraux.com\/fr_fr\/wp-json\/wp\/v2\/product_cat?post=5316"},{"taxonomy":"product_tag","embeddable":true,"href":"https:\/\/artstella-elixirs-floraux.com\/fr_fr\/wp-json\/wp\/v2\/product_tag?post=5316"}],"curies":[{"name":"wp","href":"https:\/\/api.w.org\/{rel}","templated":true}]}}