{"id":5327,"date":"2025-03-09T13:41:54","date_gmt":"2025-03-09T13:41:54","guid":{"rendered":"https:\/\/artstella-elixirs-floraux.com\/product\/creme-assistance\/"},"modified":"2025-04-06T08:26:46","modified_gmt":"2025-04-06T08:26:46","slug":"creme-assistance","status":"publish","type":"product","link":"https:\/\/artstella-elixirs-floraux.com\/fr_fr\/produit\/creme-assistance\/","title":{"rendered":"cr\u00e8me \u00ab\u00a0Assistance\u00a0\u00bb"},"content":{"rendered":"<p class=\"produitsFicheAccroche1\"><strong>Conseils d&rsquo;utilisation :<\/strong><\/p>\n<p>Appliquer sur la peau en massant d\u00e9licatement et renouveler si n\u00e9cessaire.<\/p>\n<p class=\"produitsFicheAccroche1\"><strong>Composition :<\/strong><\/p>\n<p>La cr\u00e8me ASSISTANCE int\u00e8gre les \u00e9lixirs floraux de la formule originale du Dr. Bach (Cl\u00e9matite, Etoile de Bethl\u00e9em, H\u00e9lianth\u00e8me, Impatiente, Prunus) et l&rsquo;\u00e9lixir floral de Lotus, dans une base onctueuse et nourrissante.<\/p>\n","protected":false},"excerpt":{"rendered":"<p><strong>La cr\u00e8me<\/strong> <strong>ASSISTANCE<\/strong> soutient l&rsquo;organisme durant les situations de crise et aide \u00e0 surmonter tout \u00e9v\u00e9nement stressant. La cr\u00e8me ASSISTANCE est une pr\u00e9paration essentielle de premier soin pour la peau, qui aide \u00e0 surmonter les petits chocs de la vie quotidienne.<\/p>\n","protected":false},"featured_media":5328,"template":"","meta":[],"product_brand":[],"product_cat":[175],"product_tag":[],"class_list":{"0":"post-5327","1":"product","2":"type-product","3":"status-publish","4":"has-post-thumbnail","6":"product_cat-les-cremes-deva","8":"first","9":"instock","10":"taxable","11":"shipping-taxable","12":"purchasable","13":"product-type-simple"},"etheme_brands":{"errors":{"invalid_taxonomy":["Taxonomie non valide."]},"error_data":[]},"jetpack_sharing_enabled":true,"jetpack-related-posts":[{"id":6359,"url":"https:\/\/artstella-elixirs-floraux.com\/fr_fr\/produit\/creme-ocean-par-phi\/","url_meta":{"origin":5327,"position":0},"title":"Cr\u00e8me \u00ab\u00a0Oc\u00e9an\u00a0\u00bb par PHI","author":"eveapprill","date":"9 mars 2025","format":false,"excerpt":"Pour les peaux stress\u00e9es. Cette cr\u00e8me aide la peau \u00e0 se r\u00e9g\u00e9n\u00e9rer. Elle est produite en Europe, ne contient pas de parab\u00e8nes, et est trait\u00e9e par luminoth\u00e9rapie holistique lors de la production. 60 grammes.","rel":"","context":"Article similaire","block_context":{"text":"Article similaire","link":""},"img":{"alt_text":"","src":"https:\/\/i0.wp.com\/artstella-elixirs-floraux.com\/wp-content\/uploads\/2025\/03\/wp-image2365.png?resize=350%2C200&ssl=1","width":350,"height":200,"srcset":"https:\/\/i0.wp.com\/artstella-elixirs-floraux.com\/wp-content\/uploads\/2025\/03\/wp-image2365.png?resize=350%2C200&ssl=1 1x, https:\/\/i0.wp.com\/artstella-elixirs-floraux.com\/wp-content\/uploads\/2025\/03\/wp-image2365.png?resize=525%2C300&ssl=1 1.5x, https:\/\/i0.wp.com\/artstella-elixirs-floraux.com\/wp-content\/uploads\/2025\/03\/wp-image2365.png?resize=700%2C400&ssl=1 2x"},"classes":[]},{"id":5329,"url":"https:\/\/artstella-elixirs-floraux.com\/fr_fr\/produit\/creme-echinaflor\/","url_meta":{"origin":5327,"position":1},"title":"Cr\u00e8me Echinaflor","author":"eveapprill","date":"9 mars 2025","format":false,"excerpt":"La cr\u00e8me ECHINAFLOR r\u00e9g\u00e9n\u00e8re l'\u00e9piderme en restaurant l'\u00e9quilibre de ses fonctions naturelles et en luttant efficacement contre les agressions ext\u00e9rieures. La cr\u00e8me ECHINAFLOR pr\u00e9serve la souplesse, la vitalit\u00e9 et l'int\u00e9grit\u00e9 de la peau. Elle prot\u00e8ge les peaux sensibles et fortifie les peaux fatigu\u00e9es ou ab\u00eem\u00e9es.","rel":"","context":"Article similaire","block_context":{"text":"Article similaire","link":""},"img":{"alt_text":"","src":"https:\/\/i0.wp.com\/artstella-elixirs-floraux.com\/wp-content\/uploads\/2025\/03\/wp-image1600.png?resize=350%2C200&ssl=1","width":350,"height":200},"classes":[]},{"id":5229,"url":"https:\/\/artstella-elixirs-floraux.com\/fr_fr\/produit\/creme-lotus\/","url_meta":{"origin":5327,"position":2},"title":"Cr\u00e8me Lotus","author":"eveapprill","date":"9 mars 2025","format":false,"excerpt":"Cr\u00e8me Lotus La Cr\u00e8me de Lotus est r\u00e9alis\u00e9e avec l\u2019\u00e9nergie de la fleur de lotus, du lilas et de l\u2019orchid\u00e9e Limodorum abortivum. Vous pouvez utiliser cette cr\u00e8me pour vos soins corporels et de visage quotidiens. Elle r\u00e9tablit l'\u00e9quilibre \u00e9nerg\u00e9tique de la peau et contribue par son action de d\u00e9tente \u00e0\u2026","rel":"","context":"Article similaire","block_context":{"text":"Article similaire","link":""},"img":{"alt_text":"","src":"https:\/\/i0.wp.com\/artstella-elixirs-floraux.com\/wp-content\/uploads\/2025\/03\/aea4d170-3831-49f5-b2aa-2524b51c96de.jpg?resize=350%2C200&ssl=1","width":350,"height":200,"srcset":"https:\/\/i0.wp.com\/artstella-elixirs-floraux.com\/wp-content\/uploads\/2025\/03\/aea4d170-3831-49f5-b2aa-2524b51c96de.jpg?resize=350%2C200&ssl=1 1x, https:\/\/i0.wp.com\/artstella-elixirs-floraux.com\/wp-content\/uploads\/2025\/03\/aea4d170-3831-49f5-b2aa-2524b51c96de.jpg?resize=525%2C300&ssl=1 1.5x, https:\/\/i0.wp.com\/artstella-elixirs-floraux.com\/wp-content\/uploads\/2025\/03\/aea4d170-3831-49f5-b2aa-2524b51c96de.jpg?resize=700%2C400&ssl=1 2x"},"classes":[]},{"id":5235,"url":"https:\/\/artstella-elixirs-floraux.com\/fr_fr\/produit\/creme-de-venus-orchid\/","url_meta":{"origin":5327,"position":3},"title":"Cr\u00e8me de Venus orchid","author":"eveapprill","date":"9 mars 2025","format":false,"excerpt":"Cr\u00e8me Venus Orchid La Cr\u00e8me de V\u00e9nus-Orchid est r\u00e9alis\u00e9e avec l\u2019\u00e9nergie de l\u2019orchid\u00e9e Anguloa Cliftonii. Elle est particuli\u00e8rement recommand\u00e9e pour les soins quotidiens de la peau du visage et du corps. Son action profond\u00e9ment relaxante stimule la partie f\u00e9minine de notre \u00eatre et adoucit la peau.","rel":"","context":"Article similaire","block_context":{"text":"Article similaire","link":""},"img":{"alt_text":"Cr\u00e8mes aux Elixirs","src":"https:\/\/i0.wp.com\/artstella-elixirs-floraux.com\/wp-content\/uploads\/2025\/03\/4eca510c-6209-4de4-bcce-2a270758fe96.jpg?resize=350%2C200&ssl=1","width":350,"height":200,"srcset":"https:\/\/i0.wp.com\/artstella-elixirs-floraux.com\/wp-content\/uploads\/2025\/03\/4eca510c-6209-4de4-bcce-2a270758fe96.jpg?resize=350%2C200&ssl=1 1x, https:\/\/i0.wp.com\/artstella-elixirs-floraux.com\/wp-content\/uploads\/2025\/03\/4eca510c-6209-4de4-bcce-2a270758fe96.jpg?resize=525%2C300&ssl=1 1.5x, https:\/\/i0.wp.com\/artstella-elixirs-floraux.com\/wp-content\/uploads\/2025\/03\/4eca510c-6209-4de4-bcce-2a270758fe96.jpg?resize=700%2C400&ssl=1 2x"},"classes":[]},{"id":5233,"url":"https:\/\/artstella-elixirs-floraux.com\/fr_fr\/produit\/creme-de-brunelle\/","url_meta":{"origin":5327,"position":4},"title":"Cr\u00e8me de Brunelle","author":"eveapprill","date":"9 mars 2025","format":false,"excerpt":"La creme de Brunelle La Cr\u00e8me de Brunelle est r\u00e9alis\u00e9e avec l\u2019\u00e9nergie de Prunella vulgaris. Elle peut \u00eatre utilis\u00e9e pour les soins quotidiens, mais aussi comme baume autour des blessures ou sur des rougeurs. Les hautes vibrations de l'\u00e9lixir stimulent les forces d'auto-gu\u00e9rison de la peau. Elle adoucit \u00e9galement la\u2026","rel":"","context":"Article similaire","block_context":{"text":"Article similaire","link":""},"img":{"alt_text":"","src":"https:\/\/i0.wp.com\/artstella-elixirs-floraux.com\/wp-content\/uploads\/2025\/03\/18d450c4-3f53-4080-ad5b-b4540b1111c8.jpg?resize=350%2C200&ssl=1","width":350,"height":200,"srcset":"https:\/\/i0.wp.com\/artstella-elixirs-floraux.com\/wp-content\/uploads\/2025\/03\/18d450c4-3f53-4080-ad5b-b4540b1111c8.jpg?resize=350%2C200&ssl=1 1x, https:\/\/i0.wp.com\/artstella-elixirs-floraux.com\/wp-content\/uploads\/2025\/03\/18d450c4-3f53-4080-ad5b-b4540b1111c8.jpg?resize=525%2C300&ssl=1 1.5x, https:\/\/i0.wp.com\/artstella-elixirs-floraux.com\/wp-content\/uploads\/2025\/03\/18d450c4-3f53-4080-ad5b-b4540b1111c8.jpg?resize=700%2C400&ssl=1 2x"},"classes":[]},{"id":5237,"url":"https:\/\/artstella-elixirs-floraux.com\/fr_fr\/produit\/creme-delph-a-lenergie-des-dauphins\/","url_meta":{"origin":5327,"position":5},"title":"Cr\u00e8me DELPH, \u00e0 l&rsquo;\u00e9nergie des dauphins","author":"eveapprill","date":"9 mars 2025","format":false,"excerpt":"Cr\u00e8me DELPH, \u00e0 l'\u00e9nergie des dauphins La Cr\u00e8me DELPH, \u00e0 l\u2019\u00e9nergie des dauphins. Elle \u00e9quilibre \u00e9nerg\u00e9tiquement la peau et, par son action d\u2019ouverture du c\u0153ur, favorise le bien-\u00eatre. Elle est particuli\u00e8rement recommand\u00e9e pour appliquer un choix d\u2019\u00e9lixirs personnel ou d\u2019huiles essentielles, et comme cr\u00e8me de massage pendant la grossesse.","rel":"","context":"Article similaire","block_context":{"text":"Article similaire","link":""},"img":{"alt_text":"","src":"https:\/\/i0.wp.com\/artstella-elixirs-floraux.com\/wp-content\/uploads\/2025\/03\/cf5e58c7-45d9-4f51-9ba7-60a61f4188bd.jpg?resize=350%2C200&ssl=1","width":350,"height":200,"srcset":"https:\/\/i0.wp.com\/artstella-elixirs-floraux.com\/wp-content\/uploads\/2025\/03\/cf5e58c7-45d9-4f51-9ba7-60a61f4188bd.jpg?resize=350%2C200&ssl=1 1x, https:\/\/i0.wp.com\/artstella-elixirs-floraux.com\/wp-content\/uploads\/2025\/03\/cf5e58c7-45d9-4f51-9ba7-60a61f4188bd.jpg?resize=525%2C300&ssl=1 1.5x, https:\/\/i0.wp.com\/artstella-elixirs-floraux.com\/wp-content\/uploads\/2025\/03\/cf5e58c7-45d9-4f51-9ba7-60a61f4188bd.jpg?resize=700%2C400&ssl=1 2x"},"classes":[]}],"_links":{"self":[{"href":"https:\/\/artstella-elixirs-floraux.com\/fr_fr\/wp-json\/wp\/v2\/product\/5327","targetHints":{"allow":["GET"]}}],"collection":[{"href":"https:\/\/artstella-elixirs-floraux.com\/fr_fr\/wp-json\/wp\/v2\/product"}],"about":[{"href":"https:\/\/artstella-elixirs-floraux.com\/fr_fr\/wp-json\/wp\/v2\/types\/product"}],"version-history":[{"count":0,"href":"https:\/\/artstella-elixirs-floraux.com\/fr_fr\/wp-json\/wp\/v2\/product\/5327\/revisions"}],"wp:featuredmedia":[{"embeddable":true,"href":"https:\/\/artstella-elixirs-floraux.com\/fr_fr\/wp-json\/wp\/v2\/media\/5328"}],"wp:attachment":[{"href":"https:\/\/artstella-elixirs-floraux.com\/fr_fr\/wp-json\/wp\/v2\/media?parent=5327"}],"wp:term":[{"taxonomy":"product_brand","embeddable":true,"href":"https:\/\/artstella-elixirs-floraux.com\/fr_fr\/wp-json\/wp\/v2\/product_brand?post=5327"},{"taxonomy":"product_cat","embeddable":true,"href":"https:\/\/artstella-elixirs-floraux.com\/fr_fr\/wp-json\/wp\/v2\/product_cat?post=5327"},{"taxonomy":"product_tag","embeddable":true,"href":"https:\/\/artstella-elixirs-floraux.com\/fr_fr\/wp-json\/wp\/v2\/product_tag?post=5327"}],"curies":[{"name":"wp","href":"https:\/\/api.w.org\/{rel}","templated":true}]}}