{"id":5336,"date":"2025-03-09T13:42:00","date_gmt":"2025-03-09T13:42:00","guid":{"rendered":"https:\/\/artstella-elixirs-floraux.com\/product\/silver-shadow-spray\/"},"modified":"2025-08-28T17:23:34","modified_gmt":"2025-08-28T17:23:34","slug":"silver-shadow-spray","status":"publish","type":"product","link":"https:\/\/artstella-elixirs-floraux.com\/fr_fr\/produit\/silver-shadow-spray\/","title":{"rendered":"SILVER SHADOW SPRAY"},"content":{"rendered":"<p><strong>Silver Shadow \u2013 Ombre argent\u00e9e<\/strong><\/p>\n<p>Il agit diff\u00e9remment par rapport aux autres sprays de d\u00e9fense qui cr\u00e9ent des champs de protection \u00e0 diff\u00e9rents niveaux de la psych\u00e9. On peut se sentir en s\u00e9curit\u00e9 m\u00eame dans un environnement hostile dans la mesure o\u00f9 nos propres structures internes sont prot\u00e9g\u00e9es.<\/p>\n<p>Shadow Facing nous aide \u00e0 faire face \u00e0 notre propre ombre et de voir (gr\u00e2ce \u00e0 la s\u00e9curit\u00e9 que procure Silver Ghost) les \u00e9l\u00e9ments de notre psych\u00e9 qui autorisent ces attaques n\u00e9gatives.<\/p>\n<p><span><em>\u201c<strong>bleu<\/strong>\u201d avec les huiles de Leleshwa, Myrrhe et Neroli<\/em><\/span><\/p>\n","protected":false},"excerpt":{"rendered":"<p><strong>Silver Shadow \u2013 Ombre argent\u00e9e<\/strong><\/p>\n<p>Aide \u00e0 percevoir les forces obscures ambiantes et nous permet de choisir ce que nous acceptons dans notre environnement.<\/p>\n<p><span><em>\u201c<strong>bleu<\/strong>\u201d avec les huiles de Leleshwa, Myrrhe et Neroli<\/em><\/span><\/p>\n","protected":false},"featured_media":5337,"template":"","meta":[],"product_brand":[],"product_cat":[134],"product_tag":[],"class_list":{"0":"post-5336","1":"product","2":"type-product","3":"status-publish","4":"has-post-thumbnail","6":"product_cat-les-sprays-defense-jaunes","8":"first","9":"instock","10":"taxable","11":"shipping-taxable","12":"purchasable","13":"product-type-variable"},"etheme_brands":{"errors":{"invalid_taxonomy":["Taxonomie non valide."]},"error_data":[]},"jetpack_sharing_enabled":true,"jetpack-related-posts":[{"id":3713,"url":"https:\/\/artstella-elixirs-floraux.com\/fr_fr\/produit\/defender-from-the-dark-spray\/","url_meta":{"origin":5336,"position":0},"title":"DEFENDER from the DARK SPRAY","author":"eveapprill","date":"9 mars 2025","format":false,"excerpt":"Defender from the Dark (Protection de l\u2019obscurit\u00e9) En r\u00e9ponse aux d\u00e9fis dus au changement \u00e9nerg\u00e9tique global, cette orchid\u00e9e a demand\u00e9 \u00e0 \u00eatre pr\u00e9par\u00e9e en \u00e9lixir, en octobre 2010. Elle rappelle les images de Tolkien. Ainsi, bien que connaissant l\u2019ombre, elle n\u2019est pas de l\u2019ombre. \"Bleu\" : avec les huiles essentielles\u2026","rel":"","context":"Article similaire","block_context":{"text":"Article similaire","link":""},"img":{"alt_text":"sprays d\u00e9fense","src":"https:\/\/i0.wp.com\/artstella-elixirs-floraux.com\/wp-content\/uploads\/2025\/03\/wp-image1735.png?resize=350%2C200&ssl=1","width":350,"height":200},"classes":[]},{"id":5199,"url":"https:\/\/artstella-elixirs-floraux.com\/fr_fr\/produit\/immediate-reflief\/","url_meta":{"origin":5336,"position":1},"title":"IMMEDIATE REFLIEF SPRAY","author":"eveapprill","date":"9 mars 2025","format":false,"excerpt":"Immediate Relief Aura Spray (Soulagement imm\u00e9diat) Le spray est efficace dans les situations d\u2019urgence et les moments de stress intenses. Dans des situations traumatisantes ou simplement stressantes. \u00ab\u00a0bleu\u00a0\u00bb avec des huiles essentielles de poivre noir Encens, Bois de Santal","rel":"","context":"Article similaire","block_context":{"text":"Article similaire","link":""},"img":{"alt_text":"","src":"","width":0,"height":0},"classes":[]},{"id":5344,"url":"https:\/\/artstella-elixirs-floraux.com\/fr_fr\/produit\/shadow-defense-spray\/","url_meta":{"origin":5336,"position":2},"title":"SHADOW DEFENSE SPRAY","author":"eveapprill","date":"9 mars 2025","format":false,"excerpt":"Shadow Defense (Se d\u00e9fendre contre l\u2019ombre) Ce compos\u00e9 nous prot\u00e8ge contre l\u2019ombre dans ses aspects int\u00e9rieurs comme ext\u00e9rieurs. \u00ab\u00a0jaune\u00a0\u00bb\u00a0: avec les huiles essentielles de Bois de Santal, C\u00e8dre de l\u2019Altlas et de Leleshwa (Sauge africaine sauvage)","rel":"","context":"Article similaire","block_context":{"text":"Article similaire","link":""},"img":{"alt_text":"","src":"https:\/\/i0.wp.com\/artstella-elixirs-floraux.com\/wp-content\/uploads\/2025\/03\/wp-image1736.png?resize=350%2C200&ssl=1","width":350,"height":200},"classes":[]},{"id":5331,"url":"https:\/\/artstella-elixirs-floraux.com\/fr_fr\/produit\/energy-matrix-protection\/","url_meta":{"origin":5336,"position":3},"title":"ENERGY MATRIX PROTECTION SPRAY","author":"eveapprill","date":"9 mars 2025","format":false,"excerpt":"Energy Matrix Protection (Matrice de Protection) Combinaison cr\u00e9\u00e9e en r\u00e9ponse \u00e0 la situation pr\u00e9occupante du Japon en 2011, apr\u00e8s le tremblement de terre et le tsunami. Notre but avec ce spray est de cr\u00e9er un champ de protection \u00e9nerg\u00e9tique sain du corps jusqu\u2019 au niveau cellulaire. Tr\u00e8s utile \u00e0 ceux\u2026","rel":"","context":"Article similaire","block_context":{"text":"Article similaire","link":""},"img":{"alt_text":"","src":"","width":0,"height":0},"classes":[]},{"id":3665,"url":"https:\/\/artstella-elixirs-floraux.com\/fr_fr\/produit\/58-shadow-warrior-lto-15-ml\/","url_meta":{"origin":5336,"position":4},"title":"SHADOW WARRIOR LTO 15 ML","author":"eveapprill","date":"9 mars 2025","format":false,"excerpt":"Shadow warrior \/Le guerrier de l'ombre Une orchid\u00e9e extraordinaire\u2026 L'\u00e9lixir a \u00e9t\u00e9 r\u00e9alis\u00e9 pour mieux\u00a0 int\u00e9grer l'ombre sur le chemin de notre \u00e2me vers la lumi\u00e8re.","rel":"","context":"Article similaire","block_context":{"text":"Article similaire","link":""},"img":{"alt_text":"","src":"https:\/\/i0.wp.com\/artstella-elixirs-floraux.com\/wp-content\/uploads\/2025\/03\/82238735-1972-4453-8b4d-001baabff31a.jpg?resize=350%2C200&ssl=1","width":350,"height":200,"srcset":"https:\/\/i0.wp.com\/artstella-elixirs-floraux.com\/wp-content\/uploads\/2025\/03\/82238735-1972-4453-8b4d-001baabff31a.jpg?resize=350%2C200&ssl=1 1x, https:\/\/i0.wp.com\/artstella-elixirs-floraux.com\/wp-content\/uploads\/2025\/03\/82238735-1972-4453-8b4d-001baabff31a.jpg?resize=525%2C300&ssl=1 1.5x, https:\/\/i0.wp.com\/artstella-elixirs-floraux.com\/wp-content\/uploads\/2025\/03\/82238735-1972-4453-8b4d-001baabff31a.jpg?resize=700%2C400&ssl=1 2x"},"classes":[]},{"id":1878,"url":"https:\/\/artstella-elixirs-floraux.com\/fr_fr\/produit\/sound-of-thunder-lto-15-ml\/","url_meta":{"origin":5336,"position":5},"title":"SHADOW FACING LTOE 15 ML","author":"eveapprill","date":"27 mai 2025","format":false,"excerpt":"Cette orchid\u00e9e invite \u00e0 affronter les peurs les plus profondes et ne doit pas \u00eatre prise \u00e0 la l\u00e9g\u00e8re ou sur un coup de t\u00eate. \u00c0 utiliser uniquement si l'aspect \u00ab ombre \u00bb est profond\u00e9ment ancr\u00e9 en vous, et \u00e0 compl\u00e9ter par d'autres essences de travail sur l'ombre si n\u00e9cessaire.","rel":"","context":"Article similaire","block_context":{"text":"Article similaire","link":""},"img":{"alt_text":"","src":"https:\/\/i0.wp.com\/artstella-elixirs-floraux.com\/wp-content\/uploads\/2025\/05\/Shadow-Facing-Essence.jpeg?resize=350%2C200&ssl=1","width":350,"height":200},"classes":[]}],"_links":{"self":[{"href":"https:\/\/artstella-elixirs-floraux.com\/fr_fr\/wp-json\/wp\/v2\/product\/5336","targetHints":{"allow":["GET"]}}],"collection":[{"href":"https:\/\/artstella-elixirs-floraux.com\/fr_fr\/wp-json\/wp\/v2\/product"}],"about":[{"href":"https:\/\/artstella-elixirs-floraux.com\/fr_fr\/wp-json\/wp\/v2\/types\/product"}],"version-history":[{"count":0,"href":"https:\/\/artstella-elixirs-floraux.com\/fr_fr\/wp-json\/wp\/v2\/product\/5336\/revisions"}],"wp:featuredmedia":[{"embeddable":true,"href":"https:\/\/artstella-elixirs-floraux.com\/fr_fr\/wp-json\/wp\/v2\/media\/5337"}],"wp:attachment":[{"href":"https:\/\/artstella-elixirs-floraux.com\/fr_fr\/wp-json\/wp\/v2\/media?parent=5336"}],"wp:term":[{"taxonomy":"product_brand","embeddable":true,"href":"https:\/\/artstella-elixirs-floraux.com\/fr_fr\/wp-json\/wp\/v2\/product_brand?post=5336"},{"taxonomy":"product_cat","embeddable":true,"href":"https:\/\/artstella-elixirs-floraux.com\/fr_fr\/wp-json\/wp\/v2\/product_cat?post=5336"},{"taxonomy":"product_tag","embeddable":true,"href":"https:\/\/artstella-elixirs-floraux.com\/fr_fr\/wp-json\/wp\/v2\/product_tag?post=5336"}],"curies":[{"name":"wp","href":"https:\/\/api.w.org\/{rel}","templated":true}]}}