{"id":5340,"date":"2025-03-09T13:42:04","date_gmt":"2025-03-09T13:42:04","guid":{"rendered":"https:\/\/artstella-elixirs-floraux.com\/product\/defend-and-protect\/"},"modified":"2025-08-28T17:20:58","modified_gmt":"2025-08-28T17:20:58","slug":"defend-and-protect","status":"publish","type":"product","link":"https:\/\/artstella-elixirs-floraux.com\/fr_fr\/produit\/defend-and-protect\/","title":{"rendered":"DEFEND and PROTECT SPRAY"},"content":{"rendered":"<p>D<strong>EFEND and PROTECT SPRAY \/ D\u00e9fense et Protection <\/strong>Il permet de renforcer notre d\u00e9termination pour traverser les difficult\u00e9s de notre chemin avec un sens approfondi de notre vraie valeur. La signature de Protective Presence est celle des divinit\u00e9s courrouc\u00e9es du Bouddhisme tib\u00e9tain. Defender from the Dark compl\u00e8te cette \u00e9nergie, la rendant encore plus efficace;<\/p>\n<p><em><strong>Bleu<\/strong> : avec les huiles essentielles Myrrhe, Bois de santal et Rose Otto<\/em><\/p>\n","protected":false},"excerpt":{"rendered":"<p><em>Defend<strong> and Protect \/ D\u00e9fense et Protection <\/strong><strong>\u00a0<\/strong><\/em><em><span style=\"font-size: small;\">(Defender from the Dark et protective Presence)<\/span><\/em> Il y a une similarit\u00e9 entre ces deux orchid\u00e9es en ce qu\u2019elles apportent une attention \u00e0 toute \u00e9preuve face aux influences malignes. Quand on doit faire face \u00e0 des entit\u00e9s n\u00e9gatives, ce compos\u00e9 apporte une armure prot\u00e9geant notre esprit..<\/p>\n","protected":false},"featured_media":5341,"template":"","meta":[],"product_brand":[],"product_cat":[134],"product_tag":[],"class_list":{"0":"post-5340","1":"product","2":"type-product","3":"status-publish","4":"has-post-thumbnail","6":"product_cat-les-sprays-defense-jaunes","8":"first","9":"instock","10":"taxable","11":"shipping-taxable","12":"purchasable","13":"product-type-variable"},"etheme_brands":{"errors":{"invalid_taxonomy":["Taxonomie non valide."]},"error_data":[]},"jetpack_sharing_enabled":true,"jetpack-related-posts":[{"id":3485,"url":"https:\/\/artstella-elixirs-floraux.com\/fr_fr\/produit\/defend-and-protect-15-ml-ltoe\/","url_meta":{"origin":5340,"position":0},"title":"DEFEND AND PROTECT 15 ML LTOE","author":"eveapprill","date":"9 mars 2025","format":false,"excerpt":"Defend and Protect \/ D\u00e9fense et Protection * (Defender from the Dark et Protective Presence) Il y a une similarit\u00e9 entre ces deux orchid\u00e9es en ce qu\u2019elles apportent une attention \u00e0 toute \u00e9preuve face aux influences malignes. Quand on doit faire face \u00e0 des entit\u00e9s n\u00e9gatives, ce compos\u00e9 apporte une\u2026","rel":"","context":"Article similaire","block_context":{"text":"Article similaire","link":""},"img":{"alt_text":"","src":"https:\/\/i0.wp.com\/artstella-elixirs-floraux.com\/wp-content\/uploads\/2025\/03\/56bfa7bf-53e2-4519-8fed-67e2d0d481ea.jpg?resize=350%2C200&ssl=1","width":350,"height":200,"srcset":"https:\/\/i0.wp.com\/artstella-elixirs-floraux.com\/wp-content\/uploads\/2025\/03\/56bfa7bf-53e2-4519-8fed-67e2d0d481ea.jpg?resize=350%2C200&ssl=1 1x, https:\/\/i0.wp.com\/artstella-elixirs-floraux.com\/wp-content\/uploads\/2025\/03\/56bfa7bf-53e2-4519-8fed-67e2d0d481ea.jpg?resize=525%2C300&ssl=1 1.5x, https:\/\/i0.wp.com\/artstella-elixirs-floraux.com\/wp-content\/uploads\/2025\/03\/56bfa7bf-53e2-4519-8fed-67e2d0d481ea.jpg?resize=700%2C400&ssl=1 2x"},"classes":[]},{"id":3713,"url":"https:\/\/artstella-elixirs-floraux.com\/fr_fr\/produit\/defender-from-the-dark-spray\/","url_meta":{"origin":5340,"position":1},"title":"DEFENDER from the DARK SPRAY","author":"eveapprill","date":"9 mars 2025","format":false,"excerpt":"Defender from the Dark (Protection de l\u2019obscurit\u00e9) En r\u00e9ponse aux d\u00e9fis dus au changement \u00e9nerg\u00e9tique global, cette orchid\u00e9e a demand\u00e9 \u00e0 \u00eatre pr\u00e9par\u00e9e en \u00e9lixir, en octobre 2010. Elle rappelle les images de Tolkien. Ainsi, bien que connaissant l\u2019ombre, elle n\u2019est pas de l\u2019ombre. \"Bleu\" : avec les huiles essentielles\u2026","rel":"","context":"Article similaire","block_context":{"text":"Article similaire","link":""},"img":{"alt_text":"sprays d\u00e9fense","src":"https:\/\/i0.wp.com\/artstella-elixirs-floraux.com\/wp-content\/uploads\/2025\/03\/wp-image1735.png?resize=350%2C200&ssl=1","width":350,"height":200},"classes":[]},{"id":5247,"url":"https:\/\/artstella-elixirs-floraux.com\/fr_fr\/produit\/defend-protect-and-purify-15-ml\/","url_meta":{"origin":5340,"position":2},"title":"DEFEND PROTECT AND PURIFY 15 ML","author":"eveapprill","date":"9 mars 2025","format":false,"excerpt":"Defend Protect & Purify ( compos\u00e9 de Defender frome the Dark, Protective Presence et Joyous Purification) Aide \u00e0 nettoyer le corps \u00e9th\u00e9rique des entit\u00e9s de bases \u00e9nergies. A tester en relation avec le 1er et le 2\u00e8me chakra. Peut \u00eatre utilis\u00e9 aussi bien par voie orale que de fa\u00e7on externe.","rel":"","context":"Article similaire","block_context":{"text":"Article similaire","link":""},"img":{"alt_text":"","src":"https:\/\/i0.wp.com\/artstella-elixirs-floraux.com\/wp-content\/uploads\/2025\/03\/ecb69ce2-ef0f-4bad-8272-8f4b7737aef1.jpg?resize=350%2C200&ssl=1","width":350,"height":200,"srcset":"https:\/\/i0.wp.com\/artstella-elixirs-floraux.com\/wp-content\/uploads\/2025\/03\/ecb69ce2-ef0f-4bad-8272-8f4b7737aef1.jpg?resize=350%2C200&ssl=1 1x, https:\/\/i0.wp.com\/artstella-elixirs-floraux.com\/wp-content\/uploads\/2025\/03\/ecb69ce2-ef0f-4bad-8272-8f4b7737aef1.jpg?resize=525%2C300&ssl=1 1.5x, https:\/\/i0.wp.com\/artstella-elixirs-floraux.com\/wp-content\/uploads\/2025\/03\/ecb69ce2-ef0f-4bad-8272-8f4b7737aef1.jpg?resize=700%2C400&ssl=1 2x"},"classes":[]},{"id":5344,"url":"https:\/\/artstella-elixirs-floraux.com\/fr_fr\/produit\/shadow-defense-spray\/","url_meta":{"origin":5340,"position":3},"title":"SHADOW DEFENSE SPRAY","author":"eveapprill","date":"9 mars 2025","format":false,"excerpt":"Shadow Defense (Se d\u00e9fendre contre l\u2019ombre) Ce compos\u00e9 nous prot\u00e8ge contre l\u2019ombre dans ses aspects int\u00e9rieurs comme ext\u00e9rieurs. \u00ab\u00a0jaune\u00a0\u00bb\u00a0: avec les huiles essentielles de Bois de Santal, C\u00e8dre de l\u2019Altlas et de Leleshwa (Sauge africaine sauvage)","rel":"","context":"Article similaire","block_context":{"text":"Article similaire","link":""},"img":{"alt_text":"","src":"https:\/\/i0.wp.com\/artstella-elixirs-floraux.com\/wp-content\/uploads\/2025\/03\/wp-image1736.png?resize=350%2C200&ssl=1","width":350,"height":200},"classes":[]},{"id":5191,"url":"https:\/\/artstella-elixirs-floraux.com\/fr_fr\/produit\/soul-shield-spray\/","url_meta":{"origin":5340,"position":4},"title":"SOUL SHIELD SPRAY LTOE","author":"eveapprill","date":"9 mars 2025","format":false,"excerpt":"Soul Shield + (Bouclier de l\u2019\u00e2me) Protection psychique Pour les moments o\u00f9 l\u2019on a besoin de protection. Prot\u00e8ge l\u2019aura corporelle ou les espaces de vie de l\u2019incursion d\u2019\u00e9nergies psychiques n\u00e9gatives. Les personnes travaillant avec la lumi\u00e8re peuvent facilement s\u2019attirer des d\u00e9fis divers et parfois des \u00e9nergies \u00ab\u00a0sombres\u00a0\u00bb. \u00ab\u00a0bleu\u00a0\u00bb avec les\u2026","rel":"","context":"Article similaire","block_context":{"text":"Article similaire","link":""},"img":{"alt_text":"","src":"https:\/\/i0.wp.com\/artstella-elixirs-floraux.com\/wp-content\/uploads\/2025\/03\/wp-image1737.png?resize=350%2C200&ssl=1","width":350,"height":200},"classes":[]},{"id":3487,"url":"https:\/\/artstella-elixirs-floraux.com\/fr_fr\/produit\/defender-of-the-light-ltoe-15ml\/","url_meta":{"origin":5340,"position":5},"title":"DEFENDER OF THE LIGHT LTOE 15ML","author":"eveapprill","date":"9 mars 2025","format":false,"excerpt":"Defender of Ligth \/ D\u00e9fenseur de la lumi\u00e8re * (Defender from the Dark et Violacea Veritas), L\u2019effet de Viola Veritas ouvrant et activant le troisi\u00e8me \u0153il peut amener la personne \u00e0 faire face \u00e0 des \u00e9nergies n\u00e9gatives, pouvant troubler la psych\u00e9.","rel":"","context":"Article similaire","block_context":{"text":"Article similaire","link":""},"img":{"alt_text":"","src":"https:\/\/i0.wp.com\/artstella-elixirs-floraux.com\/wp-content\/uploads\/2025\/03\/0c234c02-a4d7-4c04-87cb-0336c64d2c8a.jpg?resize=350%2C200&ssl=1","width":350,"height":200,"srcset":"https:\/\/i0.wp.com\/artstella-elixirs-floraux.com\/wp-content\/uploads\/2025\/03\/0c234c02-a4d7-4c04-87cb-0336c64d2c8a.jpg?resize=350%2C200&ssl=1 1x, https:\/\/i0.wp.com\/artstella-elixirs-floraux.com\/wp-content\/uploads\/2025\/03\/0c234c02-a4d7-4c04-87cb-0336c64d2c8a.jpg?resize=525%2C300&ssl=1 1.5x, https:\/\/i0.wp.com\/artstella-elixirs-floraux.com\/wp-content\/uploads\/2025\/03\/0c234c02-a4d7-4c04-87cb-0336c64d2c8a.jpg?resize=700%2C400&ssl=1 2x"},"classes":[]}],"_links":{"self":[{"href":"https:\/\/artstella-elixirs-floraux.com\/fr_fr\/wp-json\/wp\/v2\/product\/5340","targetHints":{"allow":["GET"]}}],"collection":[{"href":"https:\/\/artstella-elixirs-floraux.com\/fr_fr\/wp-json\/wp\/v2\/product"}],"about":[{"href":"https:\/\/artstella-elixirs-floraux.com\/fr_fr\/wp-json\/wp\/v2\/types\/product"}],"version-history":[{"count":1,"href":"https:\/\/artstella-elixirs-floraux.com\/fr_fr\/wp-json\/wp\/v2\/product\/5340\/revisions"}],"predecessor-version":[{"id":11300,"href":"https:\/\/artstella-elixirs-floraux.com\/fr_fr\/wp-json\/wp\/v2\/product\/5340\/revisions\/11300"}],"wp:featuredmedia":[{"embeddable":true,"href":"https:\/\/artstella-elixirs-floraux.com\/fr_fr\/wp-json\/wp\/v2\/media\/5341"}],"wp:attachment":[{"href":"https:\/\/artstella-elixirs-floraux.com\/fr_fr\/wp-json\/wp\/v2\/media?parent=5340"}],"wp:term":[{"taxonomy":"product_brand","embeddable":true,"href":"https:\/\/artstella-elixirs-floraux.com\/fr_fr\/wp-json\/wp\/v2\/product_brand?post=5340"},{"taxonomy":"product_cat","embeddable":true,"href":"https:\/\/artstella-elixirs-floraux.com\/fr_fr\/wp-json\/wp\/v2\/product_cat?post=5340"},{"taxonomy":"product_tag","embeddable":true,"href":"https:\/\/artstella-elixirs-floraux.com\/fr_fr\/wp-json\/wp\/v2\/product_tag?post=5340"}],"curies":[{"name":"wp","href":"https:\/\/api.w.org\/{rel}","templated":true}]}}