{"id":5350,"date":"2025-03-09T13:42:12","date_gmt":"2025-03-09T13:42:12","guid":{"rendered":"https:\/\/artstella-elixirs-floraux.com\/product\/fireweed-combo-alaskan\/"},"modified":"2025-06-03T20:57:56","modified_gmt":"2025-06-03T20:57:56","slug":"fireweed-combo-alaskan","status":"publish","type":"product","link":"https:\/\/artstella-elixirs-floraux.com\/fr_fr\/produit\/fireweed-combo-alaskan\/","title":{"rendered":"FIREWEED COMBO ALASKAN"},"content":{"rendered":"<p><strong>FIREWEED COMBO (Combi d\u2019\u00e9pilobes) (Gouttes uniquement) <\/strong>Accompagne les processus de transformation, de changement et de renouveau. Il peut \u00eatre employ\u00e9 pour se pr\u00e9parer \u00e0 une exp\u00e9rience de transformation, mais il est plus sp\u00e9cialement recommand\u00e9 quand on est au milieu d\u2019un processus intense et que l\u2019on a besoin d\u2019aide pour r\u00e9ussir \u00e0 le traverser. Il permet de faire face \u00e0 ses peurs, de l\u00e2cher la r\u00e9sistance et de faciliter l\u2019avancement \u00e0 travers les \u00e9tapes jusqu\u2019\u00e0 l\u2019aboutissement.<\/p>\n<p><strong>\u00a0<\/strong><\/p>\n","protected":false},"excerpt":{"rendered":"<p><strong>FIREWEED COMBO (Combi d\u2019\u00e9pilobes) (Gouttes uniquement) <\/strong>Accompagne les processus de transformation, de changement et de renouveau.<strong>\u00a0<\/strong><\/p>\n","protected":false},"featured_media":10001,"template":"","meta":[],"product_brand":[],"product_cat":[123],"product_tag":[],"class_list":{"0":"post-5350","1":"product","2":"type-product","3":"status-publish","4":"has-post-thumbnail","6":"product_cat-combinaisons-d-elixir-de-les-spays","8":"first","9":"instock","10":"taxable","11":"shipping-taxable","12":"purchasable","13":"product-type-variable"},"etheme_brands":{"errors":{"invalid_taxonomy":["Taxonomie non valide."]},"error_data":[]},"jetpack_sharing_enabled":true,"jetpack-related-posts":[{"id":2335,"url":"https:\/\/artstella-elixirs-floraux.com\/fr_fr\/produit\/white-fireweed-alaskan\/","url_meta":{"origin":5350,"position":0},"title":"White fireweed Alaskan","author":"eveapprill","date":"9 mars 2025","format":false,"excerpt":"White fireweed. Epilobium angustifolium. Epilobe Profond traumatisme et choc ; profonde ali\u00e9nation du corps apr\u00e8s un abus sexuel ou \u00e9motionnel.","rel":"","context":"Article similaire","block_context":{"text":"Article similaire","link":""},"img":{"alt_text":"","src":"https:\/\/i0.wp.com\/artstella-elixirs-floraux.com\/wp-content\/uploads\/2025\/03\/wp-image597.png?resize=350%2C200&ssl=1","width":350,"height":200},"classes":[]},{"id":4912,"url":"https:\/\/artstella-elixirs-floraux.com\/fr_fr\/produit\/dwarf-fireweed-alaskan-f-sup\/","url_meta":{"origin":5350,"position":1},"title":"DWARF FIREWEED ALASKAN F SUP","author":"eveapprill","date":"9 mars 2025","format":false,"excerpt":"DWARF FIREWEED Indications : attachement au mal ; faire les choses la dure ; d\u00e9bord\u00e9 pendant tout type de processus de gu\u00e9rison transformatrice.","rel":"","context":"Article similaire","block_context":{"text":"Article similaire","link":""},"img":{"alt_text":"","src":"https:\/\/i0.wp.com\/artstella-elixirs-floraux.com\/wp-content\/uploads\/2025\/03\/wp-image1383.png?resize=350%2C200&ssl=1","width":350,"height":200},"classes":[]},{"id":4112,"url":"https:\/\/artstella-elixirs-floraux.com\/fr_fr\/produit\/grenouille-rana-el-cham-15ml\/","url_meta":{"origin":5350,"position":2},"title":"GRENOUILLE\/ RANA EL CHAM 15ML","author":"eveapprill","date":"9 mars 2025","format":false,"excerpt":"RANA \/ GRENOUILLE Gu\u00e9rison \u00e9motionnelle \u2013 Force pour affronter les changements. Renouveau. Aide \u00e0 comprendre sainement les besoins des autres. Permet de canaliser le flux cr\u00e9atif pour l\u2019exprimer notamment \u00e0 travers l\u2019art.","rel":"","context":"Article similaire","block_context":{"text":"Article similaire","link":""},"img":{"alt_text":"","src":"","width":0,"height":0},"classes":[]},{"id":2146,"url":"https:\/\/artstella-elixirs-floraux.com\/fr_fr\/produit\/fireweed-alaska\/","url_meta":{"origin":5350,"position":3},"title":"FIREWEED ALASKA","author":"eveapprill","date":"9 mars 2025","format":false,"excerpt":"FIREWEED ALASKA Choc ou traumatisme ; \u00e9nergie stagnante sur tout niveau ; se sent \u00e9puis\u00e9 ; faible connexion avec la terre. Tendance \u00e0 projeter le pass\u00e9 dans le futur. Pour soulager les chocs et les traumatismes ; renforce la connexion terrestre ; Permet de dissoudre les vieux \u00ab\u00a0circuits d'\u00e9nergie\u00a0\u00bb du\u2026","rel":"","context":"Article similaire","block_context":{"text":"Article similaire","link":""},"img":{"alt_text":"","src":"https:\/\/i0.wp.com\/artstella-elixirs-floraux.com\/wp-content\/uploads\/2025\/03\/wp-image560.png?resize=350%2C200&ssl=1","width":350,"height":200},"classes":[]},{"id":5682,"url":"https:\/\/artstella-elixirs-floraux.com\/fr_fr\/produit\/epilobe-15-ml-deva\/","url_meta":{"origin":5350,"position":4},"title":"Epilobe 15 ml DEVA","author":"eveapprill","date":"9 mars 2025","format":false,"excerpt":"L'\u00e9lixir d'Epilobe aide \u00e0 se lib\u00e9rer des vieilles habitudes, des comportements fig\u00e9s, dans les p\u00e9riodes de transition.\u00a0Catalyseur de transformation. R\u00e9g\u00e9n\u00e9ration, purification","rel":"","context":"Article similaire","block_context":{"text":"Article similaire","link":""},"img":{"alt_text":"","src":"https:\/\/i0.wp.com\/artstella-elixirs-floraux.com\/wp-content\/uploads\/2025\/03\/wp-image2398.png?resize=350%2C200&ssl=1","width":350,"height":200},"classes":[]},{"id":3272,"url":"https:\/\/artstella-elixirs-floraux.com\/fr_fr\/produit\/epilobe-15-ml-phi\/","url_meta":{"origin":5350,"position":5},"title":"EPILOBE 15 ML PHI","author":"eveapprill","date":"9 mars 2025","format":false,"excerpt":"Epilobe (Epilobium angustifolium) (Staudenfeuerkraut) Cette plante est la premi\u00e8re \u00e0 pousser dans les endroits qui ont subi des chocs importants (incendies, abattage des arbres...).","rel":"","context":"Article similaire","block_context":{"text":"Article similaire","link":""},"img":{"alt_text":"","src":"https:\/\/i0.wp.com\/artstella-elixirs-floraux.com\/wp-content\/uploads\/2025\/03\/wp-image676.png?resize=350%2C200&ssl=1","width":350,"height":200},"classes":[]}],"_links":{"self":[{"href":"https:\/\/artstella-elixirs-floraux.com\/fr_fr\/wp-json\/wp\/v2\/product\/5350","targetHints":{"allow":["GET"]}}],"collection":[{"href":"https:\/\/artstella-elixirs-floraux.com\/fr_fr\/wp-json\/wp\/v2\/product"}],"about":[{"href":"https:\/\/artstella-elixirs-floraux.com\/fr_fr\/wp-json\/wp\/v2\/types\/product"}],"version-history":[{"count":0,"href":"https:\/\/artstella-elixirs-floraux.com\/fr_fr\/wp-json\/wp\/v2\/product\/5350\/revisions"}],"wp:featuredmedia":[{"embeddable":true,"href":"https:\/\/artstella-elixirs-floraux.com\/fr_fr\/wp-json\/wp\/v2\/media\/10001"}],"wp:attachment":[{"href":"https:\/\/artstella-elixirs-floraux.com\/fr_fr\/wp-json\/wp\/v2\/media?parent=5350"}],"wp:term":[{"taxonomy":"product_brand","embeddable":true,"href":"https:\/\/artstella-elixirs-floraux.com\/fr_fr\/wp-json\/wp\/v2\/product_brand?post=5350"},{"taxonomy":"product_cat","embeddable":true,"href":"https:\/\/artstella-elixirs-floraux.com\/fr_fr\/wp-json\/wp\/v2\/product_cat?post=5350"},{"taxonomy":"product_tag","embeddable":true,"href":"https:\/\/artstella-elixirs-floraux.com\/fr_fr\/wp-json\/wp\/v2\/product_tag?post=5350"}],"curies":[{"name":"wp","href":"https:\/\/api.w.org\/{rel}","templated":true}]}}