{"id":5366,"date":"2025-03-09T13:42:25","date_gmt":"2025-03-09T13:42:25","guid":{"rendered":"https:\/\/artstella-elixirs-floraux.com\/product\/cartes-des-96-fleurs-sauvages-europeennes\/"},"modified":"2025-06-08T13:57:11","modified_gmt":"2025-06-08T13:57:11","slug":"cartes-des-96-fleurs-sauvages-europeennes","status":"publish","type":"product","link":"https:\/\/artstella-elixirs-floraux.com\/fr_fr\/produit\/cartes-des-96-fleurs-sauvages-europeennes\/","title":{"rendered":"Cartes des 96 fleurs sauvages europ\u00e9ennes"},"content":{"rendered":"<p>Ces cartes nous aident \u00e0 reconna\u00eetre les \u00e9tats d&rsquo;\u00eatre et les sch\u00e9mas comportementaux qui nous \u00e9loignent de notre vraie nature et qui sont pr\u00e9judiciables \u00e0 notre bien-\u00eatre. Elles \u00e9clairent les m\u00e9canismes de d\u00e9fense que nous construisons \u00e0 notre insu et nous ouvrent \u00e0 de nouvelles perspectives pour d\u00e9velopper pleinement notre personnalit\u00e9.<\/p>\n","protected":false},"excerpt":{"rendered":"<p>Ce jeu de cartes est un outil de s\u00e9lection intuitive et efficace des 96 <strong>\u00e9lixirs floraux Deva<\/strong>. Chaque carte pr\u00e9sente la photo couleur d&rsquo;une fleur avec son nom fran\u00e7ais et latin ainsi que sa qualit\u00e9 essentielle.<\/p>\n<p>Ce jeu est pr\u00e9sent\u00e9 dans une bo\u00eete avec livret explicatif. Format des cartes : 70 x 100 mm<\/p>\n","protected":false},"featured_media":5367,"template":"","meta":[],"product_brand":[],"product_cat":[176],"product_tag":[],"class_list":{"0":"post-5366","1":"product","2":"type-product","3":"status-publish","4":"has-post-thumbnail","6":"product_cat-livres-et-cartes-deva","8":"first","9":"instock","10":"taxable","11":"shipping-taxable","12":"purchasable","13":"product-type-simple"},"etheme_brands":{"errors":{"invalid_taxonomy":["Taxonomie non valide."]},"error_data":[]},"jetpack_sharing_enabled":true,"jetpack-related-posts":[{"id":5364,"url":"https:\/\/artstella-elixirs-floraux.com\/fr_fr\/produit\/cartes-des-fleurs-de-bach\/","url_meta":{"origin":5366,"position":0},"title":"Cartes des fleurs de Bach","author":"eveapprill","date":"9 mars 2025","format":false,"excerpt":"Ce jeu de cartes est un outil de d\u00e9couverte et de s\u00e9lection intuitive et efficace des fleurs du Dr Bach. Format des cartes : 70 mm x 100 mm","rel":"","context":"Article similaire","block_context":{"text":"Article similaire","link":""},"img":{"alt_text":"","src":"https:\/\/i0.wp.com\/artstella-elixirs-floraux.com\/wp-content\/uploads\/2025\/03\/wp-image1649.png?resize=350%2C200&ssl=1","width":350,"height":200},"classes":[]},{"id":4590,"url":"https:\/\/artstella-elixirs-floraux.com\/fr_fr\/produit\/jeu-cartes-australie-en-angais\/","url_meta":{"origin":5366,"position":1},"title":"JEU CARTES AUSTRALIE en angais","author":"eveapprill","date":"9 mars 2025","format":false,"excerpt":"Un jeu de carte pr\u00e9sentant toutes les fleurs des \u00e9lixirs du Bush Australien. Tr\u00e8s pratique \u00e0 utiliser et notamment pour choisir les \u00e9lixirs.","rel":"","context":"Article similaire","block_context":{"text":"Article similaire","link":""},"img":{"alt_text":"","src":"https:\/\/i0.wp.com\/artstella-elixirs-floraux.com\/wp-content\/uploads\/2025\/03\/wp-image1216.png?resize=350%2C200&ssl=1","width":350,"height":200,"srcset":"https:\/\/i0.wp.com\/artstella-elixirs-floraux.com\/wp-content\/uploads\/2025\/03\/wp-image1216.png?resize=350%2C200&ssl=1 1x, https:\/\/i0.wp.com\/artstella-elixirs-floraux.com\/wp-content\/uploads\/2025\/03\/wp-image1216.png?resize=525%2C300&ssl=1 1.5x"},"classes":[]},{"id":6262,"url":"https:\/\/artstella-elixirs-floraux.com\/fr_fr\/produit\/jeu-cartes-australie-en-francais\/","url_meta":{"origin":5366,"position":2},"title":"JEU CARTES AUSTRALIE en fran\u00e7ais","author":"eveapprill","date":"9 mars 2025","format":false,"excerpt":"Un jeu de carte pr\u00e9sentant toutes les fleurs des \u00e9lixirs du Bush Australien. Tr\u00e8s pratique \u00e0 utiliser et notamment pour choisir les \u00e9lixirs.","rel":"","context":"Article similaire","block_context":{"text":"Article similaire","link":""},"img":{"alt_text":"","src":"https:\/\/i0.wp.com\/artstella-elixirs-floraux.com\/wp-content\/uploads\/2025\/03\/wp-image2221.png?resize=350%2C200&ssl=1","width":350,"height":200,"srcset":"https:\/\/i0.wp.com\/artstella-elixirs-floraux.com\/wp-content\/uploads\/2025\/03\/wp-image2221.png?resize=350%2C200&ssl=1 1x, https:\/\/i0.wp.com\/artstella-elixirs-floraux.com\/wp-content\/uploads\/2025\/03\/wp-image2221.png?resize=525%2C300&ssl=1 1.5x"},"classes":[]},{"id":5257,"url":"https:\/\/artstella-elixirs-floraux.com\/fr_fr\/produit\/jeu-de-20-cartes-de-fleurs-dafrique\/","url_meta":{"origin":5366,"position":3},"title":"Jeu de 20 cartes de fleurs d&rsquo;Afrique","author":"eveapprill","date":"9 mars 2025","format":false,"excerpt":"Jeu de 20 cartes de fleurs d'Afrique et des Canaries repr\u00e9sentant les fleurs \u00e0 partir desquelles ces \u00e9lixirs ont \u00e9t\u00e9 r\u00e9alis\u00e9s","rel":"","context":"Article similaire","block_context":{"text":"Article similaire","link":""},"img":{"alt_text":"","src":"","width":0,"height":0},"classes":[]},{"id":5259,"url":"https:\/\/artstella-elixirs-floraux.com\/fr_fr\/produit\/jeu-de-40-cartes-de-fleurs-sauvages\/","url_meta":{"origin":5366,"position":4},"title":"Jeu de 40 cartes de fleurs sauvages","author":"","date":"9 mars 2025","format":false,"excerpt":"Jeu de 40 cartes de fleurs sauvages europ\u00e9ennes repr\u00e9sentant les fleurs \u00e0 partir desquelles ces \u00e9lixirs ont \u00e9t\u00e9 r\u00e9alis\u00e9s","rel":"","context":"Article similaire","block_context":{"text":"Article similaire","link":""},"img":{"alt_text":"","src":"","width":0,"height":0},"classes":[]},{"id":5255,"url":"https:\/\/artstella-elixirs-floraux.com\/fr_fr\/produit\/jeu-de-40-cartes-de-fleurs-classiques\/","url_meta":{"origin":5366,"position":5},"title":"Jeu de 40 cartes de Fleurs Classiques","author":"","date":"9 mars 2025","format":false,"excerpt":"Jeu de 40 cartes de Fleurs classiques repr\u00e9sentant les fleurs de Bach","rel":"","context":"Article similaire","block_context":{"text":"Article similaire","link":""},"img":{"alt_text":"","src":"https:\/\/i0.wp.com\/artstella-elixirs-floraux.com\/wp-content\/uploads\/2025\/03\/wp-image2489.png?resize=350%2C200&ssl=1","width":350,"height":200,"srcset":"https:\/\/i0.wp.com\/artstella-elixirs-floraux.com\/wp-content\/uploads\/2025\/03\/wp-image2489.png?resize=350%2C200&ssl=1 1x, https:\/\/i0.wp.com\/artstella-elixirs-floraux.com\/wp-content\/uploads\/2025\/03\/wp-image2489.png?resize=525%2C300&ssl=1 1.5x"},"classes":[]}],"_links":{"self":[{"href":"https:\/\/artstella-elixirs-floraux.com\/fr_fr\/wp-json\/wp\/v2\/product\/5366","targetHints":{"allow":["GET"]}}],"collection":[{"href":"https:\/\/artstella-elixirs-floraux.com\/fr_fr\/wp-json\/wp\/v2\/product"}],"about":[{"href":"https:\/\/artstella-elixirs-floraux.com\/fr_fr\/wp-json\/wp\/v2\/types\/product"}],"version-history":[{"count":0,"href":"https:\/\/artstella-elixirs-floraux.com\/fr_fr\/wp-json\/wp\/v2\/product\/5366\/revisions"}],"wp:featuredmedia":[{"embeddable":true,"href":"https:\/\/artstella-elixirs-floraux.com\/fr_fr\/wp-json\/wp\/v2\/media\/5367"}],"wp:attachment":[{"href":"https:\/\/artstella-elixirs-floraux.com\/fr_fr\/wp-json\/wp\/v2\/media?parent=5366"}],"wp:term":[{"taxonomy":"product_brand","embeddable":true,"href":"https:\/\/artstella-elixirs-floraux.com\/fr_fr\/wp-json\/wp\/v2\/product_brand?post=5366"},{"taxonomy":"product_cat","embeddable":true,"href":"https:\/\/artstella-elixirs-floraux.com\/fr_fr\/wp-json\/wp\/v2\/product_cat?post=5366"},{"taxonomy":"product_tag","embeddable":true,"href":"https:\/\/artstella-elixirs-floraux.com\/fr_fr\/wp-json\/wp\/v2\/product_tag?post=5366"}],"curies":[{"name":"wp","href":"https:\/\/api.w.org\/{rel}","templated":true}]}}