{"id":5374,"date":"2025-03-09T13:42:31","date_gmt":"2025-03-09T13:42:31","guid":{"rendered":"https:\/\/artstella-elixirs-floraux.com\/product\/maculada-tircis\/"},"modified":"2025-06-08T13:57:10","modified_gmt":"2025-06-08T13:57:10","slug":"maculada-tircis","status":"publish","type":"product","link":"https:\/\/artstella-elixirs-floraux.com\/fr_fr\/produit\/maculada-tircis\/","title":{"rendered":"MACULADA \/ TIRCIS"},"content":{"rendered":"","protected":false},"excerpt":{"rendered":"<p><strong><em>21- <\/em><\/strong><strong><em>MACULADA<\/em><\/strong> \/ <strong><em>TIRCIS<\/em><\/strong> <em>Parage aegeria<strong> Apaisement, Nettoyage <\/strong><\/em><\/p>\n<div>Cet \u00e9lixir favorise l\u2019extraction de type chamanique des \u00e9nergies n\u00e9gatives qui sont \u00e0 l\u2019origine de d\u00e9pression et de\u00a0 d\u00e9sespoir dans notre vie. Il r\u00e9pare le corps eth\u00e9rique.<\/div>\n","protected":false},"featured_media":5375,"template":"","meta":[],"product_brand":[],"product_cat":[177],"product_tag":[],"class_list":{"0":"post-5374","1":"product","2":"type-product","3":"status-publish","4":"has-post-thumbnail","6":"product_cat-papillons-coffrets-3-4","8":"first","9":"instock","10":"taxable","11":"shipping-taxable","12":"purchasable","13":"product-type-simple"},"etheme_brands":{"errors":{"invalid_taxonomy":["Taxonomie non valide."]},"error_data":[]},"jetpack_sharing_enabled":true,"jetpack-related-posts":[],"_links":{"self":[{"href":"https:\/\/artstella-elixirs-floraux.com\/fr_fr\/wp-json\/wp\/v2\/product\/5374","targetHints":{"allow":["GET"]}}],"collection":[{"href":"https:\/\/artstella-elixirs-floraux.com\/fr_fr\/wp-json\/wp\/v2\/product"}],"about":[{"href":"https:\/\/artstella-elixirs-floraux.com\/fr_fr\/wp-json\/wp\/v2\/types\/product"}],"version-history":[{"count":0,"href":"https:\/\/artstella-elixirs-floraux.com\/fr_fr\/wp-json\/wp\/v2\/product\/5374\/revisions"}],"wp:featuredmedia":[{"embeddable":true,"href":"https:\/\/artstella-elixirs-floraux.com\/fr_fr\/wp-json\/wp\/v2\/media\/5375"}],"wp:attachment":[{"href":"https:\/\/artstella-elixirs-floraux.com\/fr_fr\/wp-json\/wp\/v2\/media?parent=5374"}],"wp:term":[{"taxonomy":"product_brand","embeddable":true,"href":"https:\/\/artstella-elixirs-floraux.com\/fr_fr\/wp-json\/wp\/v2\/product_brand?post=5374"},{"taxonomy":"product_cat","embeddable":true,"href":"https:\/\/artstella-elixirs-floraux.com\/fr_fr\/wp-json\/wp\/v2\/product_cat?post=5374"},{"taxonomy":"product_tag","embeddable":true,"href":"https:\/\/artstella-elixirs-floraux.com\/fr_fr\/wp-json\/wp\/v2\/product_tag?post=5374"}],"curies":[{"name":"wp","href":"https:\/\/api.w.org\/{rel}","templated":true}]}}