{"id":5384,"date":"2025-03-09T13:42:38","date_gmt":"2025-03-09T13:42:38","guid":{"rendered":"https:\/\/artstella-elixirs-floraux.com\/product\/capitan-dion-sylfos-15-ml-pap\/"},"modified":"2025-06-08T13:57:09","modified_gmt":"2025-06-08T13:57:09","slug":"capitan-dion-sylfos-15-ml-pap","status":"publish","type":"product","link":"https:\/\/artstella-elixirs-floraux.com\/fr_fr\/produit\/capitan-dion-sylfos-15-ml-pap\/","title":{"rendered":"CAPITAN DION SYLFOS 15 ML PAP"},"content":{"rendered":"","protected":false},"excerpt":{"rendered":"<p><strong><em>26- CAPITAN DION\/ CAPITAINE DION <\/em><\/strong>\u00a0<em>Euphyes macquirei<\/em>\u00a0<em><strong> <\/strong><\/em><strong><em>Changements \u2013 Habilet\u00e9<\/em><\/strong><em><\/em><\/p>\n<p>Un \u00e9lixir pour les moments ou nous sentons qu\u2019une nouvelle porte s\u2019ouvre dans notre vie, mais nous ne savons pas comment agir. Cet \u00e9lixir sert aussi pour les personnes qui essayent de forcer une situation nouvelle au lieu d\u2019attendre le moment ad\u00e9quat pour agir.<\/p>\n","protected":false},"featured_media":5385,"template":"","meta":[],"product_brand":[],"product_cat":[177],"product_tag":[],"class_list":{"0":"post-5384","1":"product","2":"type-product","3":"status-publish","4":"has-post-thumbnail","6":"product_cat-papillons-coffrets-3-4","8":"first","9":"instock","10":"taxable","11":"shipping-taxable","12":"purchasable","13":"product-type-simple"},"etheme_brands":{"errors":{"invalid_taxonomy":["Taxonomie non valide."]},"error_data":[]},"jetpack_sharing_enabled":true,"jetpack-related-posts":[{"id":3944,"url":"https:\/\/artstella-elixirs-floraux.com\/fr_fr\/produit\/tigre-phi-15-ml\/","url_meta":{"origin":5384,"position":0},"title":"TIGRE PHI 15 ML","author":"eveapprill","date":"27 mai 2025","format":false,"excerpt":"Tigre (Pantshera tigri) Tiger Cet \u00e9lixir nous procure la force de patienter et l'aide pour pouvoir agir au bon moment. Il favorise la flexibilit\u00e9.","rel":"","context":"Article similaire","block_context":{"text":"Article similaire","link":""},"img":{"alt_text":"","src":"","width":0,"height":0},"classes":[]},{"id":5846,"url":"https:\/\/artstella-elixirs-floraux.com\/fr_fr\/produit\/tigre-tiger-panthera-tigris-15ml-phi\/","url_meta":{"origin":5384,"position":1},"title":"Tigre &#8211; Tiger (Panthera tigris) 15ml PHI","author":"eveapprill","date":"9 mars 2025","format":false,"excerpt":"Tigre - Tiger (Panthera tigris)\u00a0 Cet \u00e9lixir\u00a0 nous apporte pouvoir et vitalit\u00e9. Nos forces vitales sont renforc\u00e9es et nous pouvons d\u00e9velopper une sensation claire du moment juste pour agir.","rel":"","context":"Article similaire","block_context":{"text":"Article similaire","link":""},"img":{"alt_text":"","src":"","width":0,"height":0},"classes":[]},{"id":6048,"url":"https:\/\/artstella-elixirs-floraux.com\/fr_fr\/produit\/elixir-ocean-n10-phi-15ml\/","url_meta":{"origin":5384,"position":2},"title":"ELIXIR OCEAN N\u00b010 PHI 15ML","author":"eveapprill","date":"9 mars 2025","format":false,"excerpt":"L\u2019\u00e9lixir aide \u00e0 \u00e9quilibrer nos \u00e9motions et notre Ego. De cette fa\u00e7on, nous pouvons mieux nous int\u00e9grer dans un groupe et agir de fa\u00e7on coordonn\u00e9e. Il nous aide \u00e9nerg\u00e9tiquement (cellules, groupes) \u00e0 int\u00e9grer des structures et soutient la collaboration pour le succ\u00e8s de tous. Coordination et harmonisation.","rel":"","context":"Article similaire","block_context":{"text":"Article similaire","link":""},"img":{"alt_text":"","src":"https:\/\/i0.wp.com\/artstella-elixirs-floraux.com\/wp-content\/uploads\/2025\/03\/wp-image2048.png?resize=350%2C200&ssl=1","width":350,"height":200},"classes":[]},{"id":5380,"url":"https:\/\/artstella-elixirs-floraux.com\/fr_fr\/produit\/ares-de-metal-sylfos-15-ml-pap\/","url_meta":{"origin":5384,"position":3},"title":"ARES DE METAL SYLFOS 15 ML PAP","author":"eveapprill","date":"9 mars 2025","format":false,"excerpt":"24 - ARES DE METAL \/ ARES METALLIQUE \u00a0Emesis ares\u00a0\u00a0\u00a0\u00a0 (Mexico) Valeur \u2013 Renouveau Un \u00e9lixir pour initier un nouveau paradigme, nous ouvrant vers la force spirituel et le courage. Il va nous permettre d\u2019agir au del\u00e0 de ce que nous savons d\u00e9j\u00e0 pour d\u00e9couvrir ainsi de nouvelles \u00e9nergies que\u2026","rel":"","context":"Article similaire","block_context":{"text":"Article similaire","link":""},"img":{"alt_text":"","src":"","width":0,"height":0},"classes":[]},{"id":6080,"url":"https:\/\/artstella-elixirs-floraux.com\/fr_fr\/produit\/diatomees-15-ml-sylfos\/","url_meta":{"origin":5384,"position":4},"title":"DIATOMEES 15 ML SYLFOS","author":"eveapprill","date":"9 mars 2025","format":false,"excerpt":"ELIXIR DE DIATOM\u00c9ES Elles sont une des premi\u00e8res manifestations de la vie: une prot\u00e9ine qui gr\u00e2ce \u00e0 un rev\u00eatement de silice pouvait se prot\u00e9ger de la putr\u00e9faction. L\u2019\u00e9lixir servira quand le r\u00f4le initial a \u00e9t\u00e9 \u201coubli\u00e9\u201d, aussi bien au niveau de notre objectif de vie que du niveau cellulaire.","rel":"","context":"Article similaire","block_context":{"text":"Article similaire","link":""},"img":{"alt_text":"","src":"","width":0,"height":0},"classes":[]},{"id":2252,"url":"https:\/\/artstella-elixirs-floraux.com\/fr_fr\/produit\/paper-birch-alaskan\/","url_meta":{"origin":5384,"position":5},"title":"Paper birch Alaskan","author":"eveapprill","date":"9 mars 2025","format":false,"excerpt":"Paper birch. Betula papyfera Confusion ou d\u00e9sorientation \u00e0 propos du sens que devrait prendre la vie.","rel":"","context":"Article similaire","block_context":{"text":"Article similaire","link":""},"img":{"alt_text":"","src":"https:\/\/i0.wp.com\/artstella-elixirs-floraux.com\/wp-content\/uploads\/2025\/03\/wp-image573.png?resize=350%2C200&ssl=1","width":350,"height":200},"classes":[]}],"_links":{"self":[{"href":"https:\/\/artstella-elixirs-floraux.com\/fr_fr\/wp-json\/wp\/v2\/product\/5384","targetHints":{"allow":["GET"]}}],"collection":[{"href":"https:\/\/artstella-elixirs-floraux.com\/fr_fr\/wp-json\/wp\/v2\/product"}],"about":[{"href":"https:\/\/artstella-elixirs-floraux.com\/fr_fr\/wp-json\/wp\/v2\/types\/product"}],"version-history":[{"count":0,"href":"https:\/\/artstella-elixirs-floraux.com\/fr_fr\/wp-json\/wp\/v2\/product\/5384\/revisions"}],"wp:featuredmedia":[{"embeddable":true,"href":"https:\/\/artstella-elixirs-floraux.com\/fr_fr\/wp-json\/wp\/v2\/media\/5385"}],"wp:attachment":[{"href":"https:\/\/artstella-elixirs-floraux.com\/fr_fr\/wp-json\/wp\/v2\/media?parent=5384"}],"wp:term":[{"taxonomy":"product_brand","embeddable":true,"href":"https:\/\/artstella-elixirs-floraux.com\/fr_fr\/wp-json\/wp\/v2\/product_brand?post=5384"},{"taxonomy":"product_cat","embeddable":true,"href":"https:\/\/artstella-elixirs-floraux.com\/fr_fr\/wp-json\/wp\/v2\/product_cat?post=5384"},{"taxonomy":"product_tag","embeddable":true,"href":"https:\/\/artstella-elixirs-floraux.com\/fr_fr\/wp-json\/wp\/v2\/product_tag?post=5384"}],"curies":[{"name":"wp","href":"https:\/\/api.w.org\/{rel}","templated":true}]}}