{"id":5460,"date":"2025-03-09T13:43:40","date_gmt":"2025-03-09T13:43:40","guid":{"rendered":"https:\/\/artstella-elixirs-floraux.com\/product\/menthe-poivree-pepermint-10ml\/"},"modified":"2025-03-09T13:43:40","modified_gmt":"2025-03-09T13:43:40","slug":"menthe-poivree-pepermint-10ml","status":"publish","type":"product","link":"https:\/\/artstella-elixirs-floraux.com\/fr_fr\/produit\/menthe-poivree-pepermint-10ml\/","title":{"rendered":"Menthe poivr\u00e9e &#8211; Pepermint 10ML"},"content":{"rendered":"<p><strong>Menthe poivr\u00e9e \/ Mentha piperita (Peppermint)<\/strong><\/p>\n<p>Accompagne les moments difficiles et les d\u00e9fis. L\u2019\u00e9lixir de menthe poivr\u00e9e aide \u00e0 dig\u00e9rer tout ce qui est difficile dans notre vie actuelle mais aussi par rapport \u00e0 ce qui nous entoure. Il peut nous aider \u00e0 faire face aux probl\u00e8mes que nous voyons dans le monde autour de nous, de tout ce qui encombre votre chemin et vos pens\u00e9es et dont vous n\u2019arrivez pas \u00e0 vous lib\u00e9rer. Il vous renforce et vous pr\u00e9pare \u00e0 toutes sortes d\u2019\u00e9ventualit\u00e9s, en vous rendant plus perspicace. Il vous rend aussi plus conscient de sch\u00e9mas port\u00e9s depuis la naissance. Il est fort probable que vous n\u2019en soyez pas conscients.\u00a0 La menthe poivr\u00e9e vous permet de voir comment ils bloquent votre \u00e9volution vers votre plus grand bien,\u00a0 en favorisant ainsi la lib\u00e9ration. Convient plus particuli\u00e8rement aux \u00e9motions accumul\u00e9es dans la zone de l\u2019estomac et le syst\u00e8me digestif<\/p>\n","protected":false},"excerpt":{"rendered":"<p><strong>Menthe poivr\u00e9e \/ Mentha piperita (Peppermint)<\/strong><\/p>\n<p>Pour \u00eatre \u00e9veill\u00e9 et alerte<\/p>\n<p>Accompagne les moments difficiles et les d\u00e9fis. L\u2019\u00e9lixir de menthe poivr\u00e9e aide \u00e0 dig\u00e9rer tout ce qui est difficile dans notre vie actuelle mais aussi par rapport \u00e0 ce qui nous entoure.<\/p>\n","protected":false},"featured_media":5461,"template":"","meta":[],"product_brand":[],"product_cat":[178],"product_tag":[],"class_list":{"0":"post-5460","1":"product","2":"type-product","3":"status-publish","4":"has-post-thumbnail","6":"product_cat-les-elixirs-hollandais-bloesme-remedies","8":"first","9":"outofstock","10":"taxable","11":"shipping-taxable","12":"purchasable","13":"product-type-simple"},"etheme_brands":{"errors":{"invalid_taxonomy":["Taxonomie non valide."]},"error_data":[]},"jetpack_sharing_enabled":true,"jetpack-related-posts":[{"id":5724,"url":"https:\/\/artstella-elixirs-floraux.com\/fr_fr\/produit\/menthe-poivree-10ml-deva\/","url_meta":{"origin":5460,"position":0},"title":"Menthe poivr\u00e9e 10ml DEVA","author":"eveapprill","date":"9 mars 2025","format":false,"excerpt":"Menthe Poivr\u00e9e Attention, vivacit\u00e9 d\u2019esprit. Pour surmonter la paresse mentale et la tendance \u00e0 l\u2019endormissement. Pour ceux qui manifestent de la \u00ablourdeur mentale\u00bb suite \u00e0 un exc\u00e8s d\u2019activit\u00e9 intellectuelle.","rel":"","context":"Article similaire","block_context":{"text":"Article similaire","link":""},"img":{"alt_text":"","src":"https:\/\/i0.wp.com\/artstella-elixirs-floraux.com\/wp-content\/uploads\/2025\/03\/wp-image2420.png?resize=350%2C200&ssl=1","width":350,"height":200},"classes":[]},{"id":5296,"url":"https:\/\/artstella-elixirs-floraux.com\/fr_fr\/produit\/complexe-n8-etudes-et-examens-deva-30ml\/","url_meta":{"origin":5460,"position":1},"title":"COMPLEXE N\u00b08 Etudes et examens DEVA 30ML","author":"eveapprill","date":"9 mars 2025","format":false,"excerpt":"Le compos\u00e9 floral DEVA\u00a0\u00c9TUDES & EXAMENS\u00a0aide \u00e0 d\u00e9velopper l'esprit de synth\u00e8se. Il facilite une expression orale claire et coh\u00e9rente. Il est conseill\u00e9 aux \u00e9tudiants en p\u00e9riode d'examens ou aux personnes qui m\u00e8nent des travaux de recherche ou donnent des conf\u00e9rences.","rel":"","context":"Article similaire","block_context":{"text":"Article similaire","link":""},"img":{"alt_text":"","src":"https:\/\/i0.wp.com\/artstella-elixirs-floraux.com\/wp-content\/uploads\/2025\/03\/a0c22a76-9d02-484d-b5d8-57ffbb7b1305.jpg?resize=350%2C200&ssl=1","width":350,"height":200,"srcset":"https:\/\/i0.wp.com\/artstella-elixirs-floraux.com\/wp-content\/uploads\/2025\/03\/a0c22a76-9d02-484d-b5d8-57ffbb7b1305.jpg?resize=350%2C200&ssl=1 1x, https:\/\/i0.wp.com\/artstella-elixirs-floraux.com\/wp-content\/uploads\/2025\/03\/a0c22a76-9d02-484d-b5d8-57ffbb7b1305.jpg?resize=525%2C300&ssl=1 1.5x, https:\/\/i0.wp.com\/artstella-elixirs-floraux.com\/wp-content\/uploads\/2025\/03\/a0c22a76-9d02-484d-b5d8-57ffbb7b1305.jpg?resize=700%2C400&ssl=1 2x"},"classes":[]},{"id":3312,"url":"https:\/\/artstella-elixirs-floraux.com\/fr_fr\/produit\/menthe-pouliot-15-ml-phi\/","url_meta":{"origin":5460,"position":2},"title":"MENTHE POULIOT 15 ML PHI","author":"eveapprill","date":"9 mars 2025","format":false,"excerpt":".Menthe pouliot (Mentha pulegium) (Rossminze) Prot\u00e8ge le plan mental de perturbations ext\u00e9rieures. L'\u00e9lixir nous apporte une \u00e9nergie fra\u00eeche pour un nouveau d\u00e9part.","rel":"","context":"Article similaire","block_context":{"text":"Article similaire","link":""},"img":{"alt_text":"","src":"https:\/\/i0.wp.com\/artstella-elixirs-floraux.com\/wp-content\/uploads\/2025\/03\/wp-image695.png?resize=350%2C200&ssl=1","width":350,"height":200},"classes":[]},{"id":5726,"url":"https:\/\/artstella-elixirs-floraux.com\/fr_fr\/produit\/menthe-pouliot-15ml-deva\/","url_meta":{"origin":5460,"position":3},"title":"Menthe Pouliot 15ml DEVA","author":"eveapprill","date":"9 mars 2025","format":false,"excerpt":"Menthe Pouliot Protection, clart\u00e9 mentale. Pour ceux qui sont perturb\u00e9s par les pens\u00e9es n\u00e9gatives des autres.","rel":"","context":"Article similaire","block_context":{"text":"Article similaire","link":""},"img":{"alt_text":"","src":"https:\/\/i0.wp.com\/artstella-elixirs-floraux.com\/wp-content\/uploads\/2025\/03\/wp-image2421.png?resize=350%2C200&ssl=1","width":350,"height":200},"classes":[]},{"id":5283,"url":"https:\/\/artstella-elixirs-floraux.com\/fr_fr\/produit\/complexe-n4-protection-emotionelle-deva-30ml\/","url_meta":{"origin":5460,"position":4},"title":"COMPLEXE N\u00b04 Protection \u00e9motionelle DEVA 30ml","author":"eveapprill","date":"9 mars 2025","format":false,"excerpt":"COMPLEXE N\u00b04 PROTECTION \u00c9MOTIONNELLE est conseill\u00e9 \u00e0 ceux qui se sentent vuln\u00e9rables, fragiles, en ins\u00e9curit\u00e9 face aux autres et \u00e0 leur environnement. Recommand\u00e9 aux personnes \u00e9motives, sensibles ou facilement influen\u00e7ables. Il aide \u00e0 se prot\u00e9ger de le n\u00e9gativit\u00e9 ambiante.","rel":"","context":"Article similaire","block_context":{"text":"Article similaire","link":""},"img":{"alt_text":"","src":"https:\/\/i0.wp.com\/artstella-elixirs-floraux.com\/wp-content\/uploads\/2025\/03\/cb8ab318-97e5-4fe9-8283-e7796df4bc23.jpg?resize=350%2C200&ssl=1","width":350,"height":200,"srcset":"https:\/\/i0.wp.com\/artstella-elixirs-floraux.com\/wp-content\/uploads\/2025\/03\/cb8ab318-97e5-4fe9-8283-e7796df4bc23.jpg?resize=350%2C200&ssl=1 1x, https:\/\/i0.wp.com\/artstella-elixirs-floraux.com\/wp-content\/uploads\/2025\/03\/cb8ab318-97e5-4fe9-8283-e7796df4bc23.jpg?resize=525%2C300&ssl=1 1.5x, https:\/\/i0.wp.com\/artstella-elixirs-floraux.com\/wp-content\/uploads\/2025\/03\/cb8ab318-97e5-4fe9-8283-e7796df4bc23.jpg?resize=700%2C400&ssl=1 2x"},"classes":[]},{"id":6068,"url":"https:\/\/artstella-elixirs-floraux.com\/fr_fr\/produit\/elixir-ocean-n20-phi-15ml\/","url_meta":{"origin":5460,"position":5},"title":"ELIXIR OCEAN N\u00b020 PHI 15ML","author":"eveapprill","date":"9 mars 2025","format":false,"excerpt":"L\u2019\u00e9lixir relie avec les profondeurs de l\u2019inconscient, permettant la lib\u00e9ration d\u2019anciens blocages et sch\u00e9mas. Son action lib\u00e8re int\u00e9rieurement, nous rendant plus conscients des blocages encore pr\u00e9sents, en apportant de la clart\u00e9.","rel":"","context":"Article similaire","block_context":{"text":"Article similaire","link":""},"img":{"alt_text":"","src":"https:\/\/i0.wp.com\/artstella-elixirs-floraux.com\/wp-content\/uploads\/2025\/03\/wp-image2058.png?resize=350%2C200&ssl=1","width":350,"height":200},"classes":[]}],"_links":{"self":[{"href":"https:\/\/artstella-elixirs-floraux.com\/fr_fr\/wp-json\/wp\/v2\/product\/5460","targetHints":{"allow":["GET"]}}],"collection":[{"href":"https:\/\/artstella-elixirs-floraux.com\/fr_fr\/wp-json\/wp\/v2\/product"}],"about":[{"href":"https:\/\/artstella-elixirs-floraux.com\/fr_fr\/wp-json\/wp\/v2\/types\/product"}],"version-history":[{"count":0,"href":"https:\/\/artstella-elixirs-floraux.com\/fr_fr\/wp-json\/wp\/v2\/product\/5460\/revisions"}],"wp:featuredmedia":[{"embeddable":true,"href":"https:\/\/artstella-elixirs-floraux.com\/fr_fr\/wp-json\/wp\/v2\/media\/5461"}],"wp:attachment":[{"href":"https:\/\/artstella-elixirs-floraux.com\/fr_fr\/wp-json\/wp\/v2\/media?parent=5460"}],"wp:term":[{"taxonomy":"product_brand","embeddable":true,"href":"https:\/\/artstella-elixirs-floraux.com\/fr_fr\/wp-json\/wp\/v2\/product_brand?post=5460"},{"taxonomy":"product_cat","embeddable":true,"href":"https:\/\/artstella-elixirs-floraux.com\/fr_fr\/wp-json\/wp\/v2\/product_cat?post=5460"},{"taxonomy":"product_tag","embeddable":true,"href":"https:\/\/artstella-elixirs-floraux.com\/fr_fr\/wp-json\/wp\/v2\/product_tag?post=5460"}],"curies":[{"name":"wp","href":"https:\/\/api.w.org\/{rel}","templated":true}]}}