{"id":5492,"date":"2025-03-09T13:44:16","date_gmt":"2025-03-09T13:44:16","guid":{"rendered":"https:\/\/artstella-elixirs-floraux.com\/product\/sympathetic-15-ml-ltoe\/"},"modified":"2026-05-06T15:32:48","modified_gmt":"2026-05-06T15:32:48","slug":"sympathetic-15-ml-ltoe","status":"publish","type":"product","link":"https:\/\/artstella-elixirs-floraux.com\/fr_fr\/produit\/sympathetic-15-ml-ltoe\/","title":{"rendered":"SYMPATHETIC 15 ml LTOE"},"content":{"rendered":"<p>R\u00e9gule l\u2019\u00e9nergie contr\u00f4l\u00e9e par les glandes surr\u00e9nales et \u00e9quilibre les sympt\u00f4mes dus aux \u00e9motions d\u00e9s\u00e9quilibr\u00e9es<\/p>\n","protected":false},"excerpt":{"rendered":"<p><strong>Sympathetic \/ Sympathie <\/strong><em>(Angelic Canopy, Heaven\u2019s Gate, Just me, Night Soul) <\/em>Poss\u00e8de un lien directe avec les portes \u00e9nerg\u00e9tiques et les points des m\u00e9ridiens li\u00e9s au sch\u00e9ma de stress du corps, en relation avec le reflexe d\u2019attaque ou de fuite.<\/p>\n","protected":false},"featured_media":7573,"template":"","meta":[],"product_brand":[],"product_cat":[131],"product_tag":[],"class_list":{"0":"post-5492","1":"product","2":"type-product","3":"status-publish","4":"has-post-thumbnail","6":"product_cat-les-composes","8":"first","9":"instock","10":"taxable","11":"shipping-taxable","12":"purchasable","13":"product-type-simple"},"etheme_brands":{"errors":{"invalid_taxonomy":["Taxonomie non valide."]},"error_data":[]},"jetpack_sharing_enabled":true,"jetpack-related-posts":[{"id":5494,"url":"https:\/\/artstella-elixirs-floraux.com\/fr_fr\/produit\/sympathetic-p-15-ml-ltoe\/","url_meta":{"origin":5492,"position":0},"title":"SYMPATHETIC P 15 ml LTOE","author":"eveapprill","date":"9 mars 2025","format":false,"excerpt":"Sympathetic (P) \/ Sympathie (P) (Heaven\u2019s Gate, Hive of Heaven, Purity of Soul, Winged Messenger) Aide en cas de sous-activit\u00e9 des 2\u00e8me\u00a0 et 3\u00e8me\u00a0 chakras, et r\u00e9gule une suractivit\u00e9 des glandes surr\u00e9nales. L\u2019\u00e9lixir agit sur les 1er, 4\u00e8me, 5\u00e8me et 7\u00e8me chakras.","rel":"","context":"Article similaire","block_context":{"text":"Article similaire","link":""},"img":{"alt_text":"","src":"https:\/\/i0.wp.com\/artstella-elixirs-floraux.com\/wp-content\/uploads\/2025\/03\/569c2266-0dc6-4ab0-99b3-65eb7a0197a2.jpg?resize=350%2C200&ssl=1","width":350,"height":200,"srcset":"https:\/\/i0.wp.com\/artstella-elixirs-floraux.com\/wp-content\/uploads\/2025\/03\/569c2266-0dc6-4ab0-99b3-65eb7a0197a2.jpg?resize=350%2C200&ssl=1 1x, https:\/\/i0.wp.com\/artstella-elixirs-floraux.com\/wp-content\/uploads\/2025\/03\/569c2266-0dc6-4ab0-99b3-65eb7a0197a2.jpg?resize=525%2C300&ssl=1 1.5x, https:\/\/i0.wp.com\/artstella-elixirs-floraux.com\/wp-content\/uploads\/2025\/03\/569c2266-0dc6-4ab0-99b3-65eb7a0197a2.jpg?resize=700%2C400&ssl=1 2x"},"classes":[]}],"_links":{"self":[{"href":"https:\/\/artstella-elixirs-floraux.com\/fr_fr\/wp-json\/wp\/v2\/product\/5492","targetHints":{"allow":["GET"]}}],"collection":[{"href":"https:\/\/artstella-elixirs-floraux.com\/fr_fr\/wp-json\/wp\/v2\/product"}],"about":[{"href":"https:\/\/artstella-elixirs-floraux.com\/fr_fr\/wp-json\/wp\/v2\/types\/product"}],"version-history":[{"count":1,"href":"https:\/\/artstella-elixirs-floraux.com\/fr_fr\/wp-json\/wp\/v2\/product\/5492\/revisions"}],"predecessor-version":[{"id":12561,"href":"https:\/\/artstella-elixirs-floraux.com\/fr_fr\/wp-json\/wp\/v2\/product\/5492\/revisions\/12561"}],"wp:featuredmedia":[{"embeddable":true,"href":"https:\/\/artstella-elixirs-floraux.com\/fr_fr\/wp-json\/wp\/v2\/media\/7573"}],"wp:attachment":[{"href":"https:\/\/artstella-elixirs-floraux.com\/fr_fr\/wp-json\/wp\/v2\/media?parent=5492"}],"wp:term":[{"taxonomy":"product_brand","embeddable":true,"href":"https:\/\/artstella-elixirs-floraux.com\/fr_fr\/wp-json\/wp\/v2\/product_brand?post=5492"},{"taxonomy":"product_cat","embeddable":true,"href":"https:\/\/artstella-elixirs-floraux.com\/fr_fr\/wp-json\/wp\/v2\/product_cat?post=5492"},{"taxonomy":"product_tag","embeddable":true,"href":"https:\/\/artstella-elixirs-floraux.com\/fr_fr\/wp-json\/wp\/v2\/product_tag?post=5492"}],"curies":[{"name":"wp","href":"https:\/\/api.w.org\/{rel}","templated":true}]}}