{"id":5500,"date":"2025-03-09T13:44:21","date_gmt":"2025-03-09T13:44:21","guid":{"rendered":"https:\/\/artstella-elixirs-floraux.com\/product\/les-essences-de-fleurs-de-bach-la-memoire-de-leau\/"},"modified":"2025-06-08T12:49:58","modified_gmt":"2025-06-08T12:49:58","slug":"les-essences-de-fleurs-de-bach-la-memoire-de-leau","status":"publish","type":"product","link":"https:\/\/artstella-elixirs-floraux.com\/fr_fr\/produit\/les-essences-de-fleurs-de-bach-la-memoire-de-leau\/","title":{"rendered":"les essences de fleurs de bach &amp; la m\u00e9moire de l&rsquo;eau"},"content":{"rendered":"","protected":false},"excerpt":{"rendered":"<p>Nouveau :<\/p>\n<p>Les Essences de Fleurs de Bach et la M\u00e9moire de l\u2019Eau, de Julian Barnard,\u00a0 parution\u00a0 Ulmus Ltd Traduction par G\u00e9rard Wolf<\/p>\n","protected":false},"featured_media":5501,"template":"","meta":[],"product_brand":[],"product_cat":[166],"product_tag":[],"class_list":{"0":"post-5500","1":"product","2":"type-product","3":"status-publish","4":"has-post-thumbnail","6":"product_cat-fleurs-de-bach","8":"first","9":"instock","10":"taxable","11":"shipping-taxable","12":"purchasable","13":"product-type-simple"},"etheme_brands":{"errors":{"invalid_taxonomy":["Taxonomie non valide."]},"error_data":[]},"jetpack_sharing_enabled":true,"jetpack-related-posts":[{"id":6345,"url":"https:\/\/artstella-elixirs-floraux.com\/fr_fr\/produit\/le-repertoire-des-humeurs-fleurs-de-bach\/","url_meta":{"origin":5500,"position":0},"title":"Le R\u00e9pertoire des humeurs Fleurs de Bach","author":"eveapprill","date":"9 mars 2025","format":false,"excerpt":"Le R\u00e9pertoire des humeurs et des rem\u00e8des et dictionnaire des Fleurs de Bach par FJ Wheeler et T W Jones","rel":"","context":"Article similaire","block_context":{"text":"Article similaire","link":""},"img":{"alt_text":"","src":"https:\/\/i0.wp.com\/artstella-elixirs-floraux.com\/wp-content\/uploads\/2025\/03\/wp-image2348.png?resize=350%2C200&ssl=1","width":350,"height":200,"srcset":"https:\/\/i0.wp.com\/artstella-elixirs-floraux.com\/wp-content\/uploads\/2025\/03\/wp-image2348.png?resize=350%2C200&ssl=1 1x, https:\/\/i0.wp.com\/artstella-elixirs-floraux.com\/wp-content\/uploads\/2025\/03\/wp-image2348.png?resize=525%2C300&ssl=1 1.5x, https:\/\/i0.wp.com\/artstella-elixirs-floraux.com\/wp-content\/uploads\/2025\/03\/wp-image2348.png?resize=700%2C400&ssl=1 2x"},"classes":[]},{"id":6020,"url":"https:\/\/artstella-elixirs-floraux.com\/fr_fr\/produit\/therapie-originale-des-fleurs-de-bach\/","url_meta":{"origin":5500,"position":1},"title":"Th\u00e9rapie originale des fleurs de Bach","author":"eveapprill","date":"9 mars 2025","format":false,"excerpt":"Th\u00e9rapie originale des fleurs de Bach par Mechthild Scheffer Editions M\u00e9dicis Ce jeu de 38 cartes pr\u00e9sente la th\u00e9rapie par les fleurs de Bach dans ses grandes lignes","rel":"","context":"Article similaire","block_context":{"text":"Article similaire","link":""},"img":{"alt_text":"","src":"","width":0,"height":0},"classes":[]},{"id":6012,"url":"https:\/\/artstella-elixirs-floraux.com\/fr_fr\/produit\/prendre-soin-de-son-animal-avec-les-fleurs-de-bach\/","url_meta":{"origin":5500,"position":2},"title":"Prendre soin de son animal avec les fleurs de Bach","author":"eveapprill","date":"9 mars 2025","format":false,"excerpt":"Prendre soin de son animal avec les fleurs de Bach et autres \u00e9lixirs fmloraux Par Beatrice Navarre - Colin v\u00e9t\u00e9rinaire et Ga\u00eblle Bertruc comportementaliste.","rel":"","context":"Article similaire","block_context":{"text":"Article similaire","link":""},"img":{"alt_text":"","src":"https:\/\/i0.wp.com\/artstella-elixirs-floraux.com\/wp-content\/uploads\/2025\/03\/wp-image2026.png?resize=350%2C200&ssl=1","width":350,"height":200},"classes":[]},{"id":6016,"url":"https:\/\/artstella-elixirs-floraux.com\/fr_fr\/produit\/lessentiel-des-fleurs-de-bach\/","url_meta":{"origin":5500,"position":3},"title":"L&rsquo;essentiel des Fleurs de Bach","author":"eveapprill","date":"9 mars 2025","format":false,"excerpt":"L'essentiel des Fleurs de Bach Editions Le Courrier du Livre Introduit de fa\u00e7on simple et pratique \u00e0 l'essentiel de ce qu'il faut conna\u00eetre sur ces rem\u00e8des floraux.","rel":"","context":"Article similaire","block_context":{"text":"Article similaire","link":""},"img":{"alt_text":"","src":"https:\/\/i0.wp.com\/artstella-elixirs-floraux.com\/wp-content\/uploads\/2025\/03\/wp-image2028.png?resize=350%2C200&ssl=1","width":350,"height":200},"classes":[]},{"id":6022,"url":"https:\/\/artstella-elixirs-floraux.com\/fr_fr\/produit\/les-fleurs-du-dr-bach-cartes-grand-format\/","url_meta":{"origin":5500,"position":4},"title":"Les fleurs du Dr Bach (cartes grand format)","author":"eveapprill","date":"9 mars 2025","format":false,"excerpt":"LES FLEURS DU Dr BACH 38 cartes de grand format pour la r\u00e9harmonisation, le recentrage et la m\u00e9ditation. (En Rupture)","rel":"","context":"Article similaire","block_context":{"text":"Article similaire","link":""},"img":{"alt_text":"","src":"https:\/\/i0.wp.com\/artstella-elixirs-floraux.com\/wp-content\/uploads\/2025\/03\/wp-image2031.png?resize=350%2C200&ssl=1","width":350,"height":200},"classes":[]},{"id":5498,"url":"https:\/\/artstella-elixirs-floraux.com\/fr_fr\/produit\/la-guerison-par-les-fleurs\/","url_meta":{"origin":5500,"position":5},"title":"La gu\u00e9rison par les fleurs","author":"eveapprill","date":"9 mars 2025","format":false,"excerpt":"La gu\u00e9rison par les fleurs par le Dr Edward Bach","rel":"","context":"Article similaire","block_context":{"text":"Article similaire","link":""},"img":{"alt_text":"","src":"https:\/\/i0.wp.com\/artstella-elixirs-floraux.com\/wp-content\/uploads\/2025\/03\/wp-image1745.png?resize=350%2C200&ssl=1","width":350,"height":200},"classes":[]}],"_links":{"self":[{"href":"https:\/\/artstella-elixirs-floraux.com\/fr_fr\/wp-json\/wp\/v2\/product\/5500","targetHints":{"allow":["GET"]}}],"collection":[{"href":"https:\/\/artstella-elixirs-floraux.com\/fr_fr\/wp-json\/wp\/v2\/product"}],"about":[{"href":"https:\/\/artstella-elixirs-floraux.com\/fr_fr\/wp-json\/wp\/v2\/types\/product"}],"version-history":[{"count":0,"href":"https:\/\/artstella-elixirs-floraux.com\/fr_fr\/wp-json\/wp\/v2\/product\/5500\/revisions"}],"wp:featuredmedia":[{"embeddable":true,"href":"https:\/\/artstella-elixirs-floraux.com\/fr_fr\/wp-json\/wp\/v2\/media\/5501"}],"wp:attachment":[{"href":"https:\/\/artstella-elixirs-floraux.com\/fr_fr\/wp-json\/wp\/v2\/media?parent=5500"}],"wp:term":[{"taxonomy":"product_brand","embeddable":true,"href":"https:\/\/artstella-elixirs-floraux.com\/fr_fr\/wp-json\/wp\/v2\/product_brand?post=5500"},{"taxonomy":"product_cat","embeddable":true,"href":"https:\/\/artstella-elixirs-floraux.com\/fr_fr\/wp-json\/wp\/v2\/product_cat?post=5500"},{"taxonomy":"product_tag","embeddable":true,"href":"https:\/\/artstella-elixirs-floraux.com\/fr_fr\/wp-json\/wp\/v2\/product_tag?post=5500"}],"curies":[{"name":"wp","href":"https:\/\/api.w.org\/{rel}","templated":true}]}}