{"id":5512,"date":"2025-03-09T13:44:30","date_gmt":"2025-03-09T13:44:30","guid":{"rendered":"https:\/\/artstella-elixirs-floraux.com\/product\/groseille-de-mer\/"},"modified":"2025-06-08T12:49:58","modified_gmt":"2025-06-08T12:49:58","slug":"groseille-de-mer","status":"publish","type":"product","link":"https:\/\/artstella-elixirs-floraux.com\/fr_fr\/produit\/groseille-de-mer\/","title":{"rendered":"GROSEILLE DE MER"},"content":{"rendered":"<p>L\u2019\u00e9lixir accro\u00eet la force vitale, ainsi que celle de l\u2019aura dont le rayonnement est amplifi\u00e9. L\u2019aura se met \u00e0 rayonner. L\u2019\u00e9nergie de r\u00e9sonance est ainsi renforc\u00e9e. La personne ayant un rayonnement amplifi\u00e9 peut ainsi s\u2019ouvrir \u00e0 de nouvelles rencontres\u00a0 b\u00e9n\u00e9fiques.<\/p>\n","protected":false},"excerpt":{"rendered":"<p><strong>GROSEILLE DE MER <span>Seestachelbeere<\/span> (Pleurobrachia pileus)<\/strong><\/p>\n<p>Animal luminescent vivant dans l\u2019eau sal\u00e9e de la mer du Nord, d\u2019environ 8 cm, de forme allong\u00e9e, creux \u00e0 l\u2019int\u00e9rieur et\u00a0 transparent. Les contours ont une substance lumineuse, qui, s\u2019ils sont \u00e9clair\u00e9s par une lampe de poche, s\u2019irisent des couleurs de l\u2019arc en ciel.<\/p>\n","protected":false},"featured_media":5513,"template":"","meta":[],"product_brand":[],"product_cat":[168],"product_tag":[],"class_list":{"0":"post-5512","1":"product","2":"type-product","3":"status-publish","4":"has-post-thumbnail","6":"product_cat-l-es-nouveaux-elixirs-de-la-mer","8":"first","9":"instock","10":"taxable","11":"shipping-taxable","12":"purchasable","13":"product-type-simple"},"etheme_brands":{"errors":{"invalid_taxonomy":["Taxonomie non valide."]},"error_data":[]},"jetpack_sharing_enabled":true,"jetpack-related-posts":[{"id":6155,"url":"https:\/\/artstella-elixirs-floraux.com\/fr_fr\/produit\/coffret-3-8-elixirs-de-la-mer-phi\/","url_meta":{"origin":5512,"position":0},"title":"COFFRET (3) 8 Elixirs de la Mer PHI","author":"eveapprill","date":"9 mars 2025","format":false,"excerpt":"Coffret (3) 8 \u00e9lixirs de la mer Comprend les \u00e9lixirs de : Holothuroidea (Concombre de la mer), Beluga, Groseille de mer, Hypselodoris, Ver de feu barbu, Orque, et Flabelline mauve","rel":"","context":"Article similaire","block_context":{"text":"Article similaire","link":""},"img":{"alt_text":"","src":"","width":0,"height":0},"classes":[]},{"id":3895,"url":"https:\/\/artstella-elixirs-floraux.com\/fr_fr\/produit\/aura-spray-phi\/","url_meta":{"origin":5512,"position":1},"title":"AURA SPRAY PHI","author":"eveapprill","date":"9 mars 2025","format":false,"excerpt":"AURA SPRAY Nous sommes de plus en plus expos\u00e9s \u00e0 des rayonnements n\u00e9fastes ou des environnements difficiles. C'est pourquoi PHI a \u00e9labor\u00e9 \u00ab Aura-spray \u00bb compos\u00e9 d'\u00e9lixirs et de produits naturels qui renforce \u00e9nerg\u00e9tiquement la protection naturelle de l'Aura, notamment dans les lieux publics, transport, bureaux...","rel":"","context":"Article similaire","block_context":{"text":"Article similaire","link":""},"img":{"alt_text":"aura spay","src":"https:\/\/i0.wp.com\/artstella-elixirs-floraux.com\/wp-content\/uploads\/2025\/03\/f927a3ef-4871-46ac-bddf-072fc3f42c0b.jpg?resize=350%2C200&ssl=1","width":350,"height":200,"srcset":"https:\/\/i0.wp.com\/artstella-elixirs-floraux.com\/wp-content\/uploads\/2025\/03\/f927a3ef-4871-46ac-bddf-072fc3f42c0b.jpg?resize=350%2C200&ssl=1 1x, https:\/\/i0.wp.com\/artstella-elixirs-floraux.com\/wp-content\/uploads\/2025\/03\/f927a3ef-4871-46ac-bddf-072fc3f42c0b.jpg?resize=525%2C300&ssl=1 1.5x, https:\/\/i0.wp.com\/artstella-elixirs-floraux.com\/wp-content\/uploads\/2025\/03\/f927a3ef-4871-46ac-bddf-072fc3f42c0b.jpg?resize=700%2C400&ssl=1 2x"},"classes":[]},{"id":6064,"url":"https:\/\/artstella-elixirs-floraux.com\/fr_fr\/produit\/elixir-ocean-n18-phi-15ml\/","url_meta":{"origin":5512,"position":2},"title":"ELIXIR OCEAN N\u00b018 PHI 15ML","author":"eveapprill","date":"9 mars 2025","format":false,"excerpt":"L\u2019\u00e9lixir aide \u00e0 nettoyer le corps mental. Son action commence dans la zone de la t\u00eate, les pens\u00e9es peuvent s\u2019\u00e9claircir et \u00eatre trait\u00e9es avec plus de facilit\u00e9. La t\u00eate est libre, les pens\u00e9es claires et conscientes. Ensuite, cette lumi\u00e8re coule dans le corps.","rel":"","context":"Article similaire","block_context":{"text":"Article similaire","link":""},"img":{"alt_text":"","src":"","width":0,"height":0},"classes":[]},{"id":4655,"url":"https:\/\/artstella-elixirs-floraux.com\/fr_fr\/produit\/t1-delph-phi-2x15-ml\/","url_meta":{"origin":5512,"position":3},"title":"T1 + DELPH PHI 2&#215;15 ML","author":"eveapprill","date":"9 mars 2025","format":false,"excerpt":"T1 - \u00e9lixir anti-rayonnement Cet \u00e9lixir est diff\u00e9rent de tous les autres \u00e9lixirs connus. Au lieu d\u2019\u00e9mettre de l\u2019\u00e9nergie, il absorbe les \u00e9nergies exc\u00e9dentaires et r\u00e9\u00e9quilibre ainsi l\u2019organisme \u00e9nerg\u00e9tiquement.","rel":"","context":"Article similaire","block_context":{"text":"Article similaire","link":""},"img":{"alt_text":"T1 - \u00e9lixir anti-rayonnement","src":"https:\/\/i0.wp.com\/artstella-elixirs-floraux.com\/wp-content\/uploads\/2025\/03\/6dfb40f2-b7a1-42c7-82ee-2a04f237e22a.webp?resize=350%2C200&ssl=1","width":350,"height":200,"srcset":"https:\/\/i0.wp.com\/artstella-elixirs-floraux.com\/wp-content\/uploads\/2025\/03\/6dfb40f2-b7a1-42c7-82ee-2a04f237e22a.webp?resize=350%2C200&ssl=1 1x, https:\/\/i0.wp.com\/artstella-elixirs-floraux.com\/wp-content\/uploads\/2025\/03\/6dfb40f2-b7a1-42c7-82ee-2a04f237e22a.webp?resize=525%2C300&ssl=1 1.5x, https:\/\/i0.wp.com\/artstella-elixirs-floraux.com\/wp-content\/uploads\/2025\/03\/6dfb40f2-b7a1-42c7-82ee-2a04f237e22a.webp?resize=700%2C400&ssl=1 2x"},"classes":[]},{"id":3084,"url":"https:\/\/artstella-elixirs-floraux.com\/fr_fr\/produit\/t1-phi-15-ml\/","url_meta":{"origin":5512,"position":4},"title":"T1 PHI 15 ML","author":"eveapprill","date":"9 mars 2025","format":false,"excerpt":"T1 - \u00e9lixir anti-rayonnement Cet \u00e9lixir est diff\u00e9rent de tous les autres \u00e9lixirs connus. Au lieu d\u2019\u00e9mettre de l\u2019\u00e9nergie, il absorbe les \u00e9nergies exc\u00e9dentaires et r\u00e9\u00e9quilibre ainsi l\u2019organisme \u00e9nerg\u00e9tiquement.","rel":"","context":"Article similaire","block_context":{"text":"Article similaire","link":""},"img":{"alt_text":"","src":"","width":0,"height":0},"classes":[]},{"id":5508,"url":"https:\/\/artstella-elixirs-floraux.com\/fr_fr\/produit\/concombre-de-mer\/","url_meta":{"origin":5512,"position":5},"title":"Concombre de mer","author":"eveapprill","date":"9 mars 2025","format":false,"excerpt":"Concombre de mer (Seegurke) (Holothuroidea) \u00a0 L\u2019\u00e9lixir agit \u00e9nerg\u00e9tiquement au niveau du gros intestin et soutient les processus de la digestion. Il agit au niveau \u00e9motionnel permettant de traiter et de dig\u00e9rer les choses. On peut ainsi de lib\u00e9rer des choses qui nous p\u00e8sent.","rel":"","context":"Article similaire","block_context":{"text":"Article similaire","link":""},"img":{"alt_text":"","src":"https:\/\/i0.wp.com\/artstella-elixirs-floraux.com\/wp-content\/uploads\/2025\/03\/wp-image1749.png?resize=350%2C200&ssl=1","width":350,"height":200},"classes":[]}],"_links":{"self":[{"href":"https:\/\/artstella-elixirs-floraux.com\/fr_fr\/wp-json\/wp\/v2\/product\/5512","targetHints":{"allow":["GET"]}}],"collection":[{"href":"https:\/\/artstella-elixirs-floraux.com\/fr_fr\/wp-json\/wp\/v2\/product"}],"about":[{"href":"https:\/\/artstella-elixirs-floraux.com\/fr_fr\/wp-json\/wp\/v2\/types\/product"}],"version-history":[{"count":0,"href":"https:\/\/artstella-elixirs-floraux.com\/fr_fr\/wp-json\/wp\/v2\/product\/5512\/revisions"}],"wp:featuredmedia":[{"embeddable":true,"href":"https:\/\/artstella-elixirs-floraux.com\/fr_fr\/wp-json\/wp\/v2\/media\/5513"}],"wp:attachment":[{"href":"https:\/\/artstella-elixirs-floraux.com\/fr_fr\/wp-json\/wp\/v2\/media?parent=5512"}],"wp:term":[{"taxonomy":"product_brand","embeddable":true,"href":"https:\/\/artstella-elixirs-floraux.com\/fr_fr\/wp-json\/wp\/v2\/product_brand?post=5512"},{"taxonomy":"product_cat","embeddable":true,"href":"https:\/\/artstella-elixirs-floraux.com\/fr_fr\/wp-json\/wp\/v2\/product_cat?post=5512"},{"taxonomy":"product_tag","embeddable":true,"href":"https:\/\/artstella-elixirs-floraux.com\/fr_fr\/wp-json\/wp\/v2\/product_tag?post=5512"}],"curies":[{"name":"wp","href":"https:\/\/api.w.org\/{rel}","templated":true}]}}