{"id":5520,"date":"2025-03-09T13:44:35","date_gmt":"2025-03-09T13:44:35","guid":{"rendered":"https:\/\/artstella-elixirs-floraux.com\/product\/meduse-lune\/"},"modified":"2025-04-23T11:52:26","modified_gmt":"2025-04-23T11:52:26","slug":"meduse-lune","status":"publish","type":"product","link":"https:\/\/artstella-elixirs-floraux.com\/fr_fr\/produit\/meduse-lune\/","title":{"rendered":"MEDUSE LUNE"},"content":{"rendered":"","protected":false},"excerpt":{"rendered":"<p><strong><span>MEDUSE LUNE-\u00a0Qualle (Aurelia aurita)<br \/> <\/span><\/strong><span>Cet \u00e9lixir poss\u00e8de une action \u00e9quilibrante sur la teneur en eau du corps. Il nous aide \u00e0 trouver un \u00e9quilibre int\u00e9rieur fluide&#8230; <\/span><\/p>\n","protected":false},"featured_media":5521,"template":"","meta":[],"product_brand":[],"product_cat":[168],"product_tag":[],"class_list":{"0":"post-5520","1":"product","2":"type-product","3":"status-publish","4":"has-post-thumbnail","6":"product_cat-l-es-nouveaux-elixirs-de-la-mer","8":"first","9":"instock","10":"taxable","11":"shipping-taxable","12":"purchasable","13":"product-type-simple"},"etheme_brands":{"errors":{"invalid_taxonomy":["Taxonomie non valide."]},"error_data":[]},"jetpack_sharing_enabled":true,"jetpack-related-posts":[{"id":4318,"url":"https:\/\/artstella-elixirs-floraux.com\/fr_fr\/produit\/jellyfish-meduse-wea-exp-30-ml\/","url_meta":{"origin":5520,"position":0},"title":"JELLYFISH\/MEDUSE WEA EXP 30 ML","author":"eveapprill","date":"9 mars 2025","format":false,"excerpt":"Jellyfish (m\u00e9duse) Unit\u00e9 avec l\u2019oc\u00e9an\u00a0; abandon absolu\u00a0; l\u00e2cher-prise\u00a0; \u00eatre et suivre le courant.","rel":"","context":"Article similaire","block_context":{"text":"Article similaire","link":""},"img":{"alt_text":"","src":"https:\/\/i0.wp.com\/artstella-elixirs-floraux.com\/wp-content\/uploads\/2025\/03\/wp-image2296.png?resize=350%2C200&ssl=1","width":350,"height":200,"srcset":"https:\/\/i0.wp.com\/artstella-elixirs-floraux.com\/wp-content\/uploads\/2025\/03\/wp-image2296.png?resize=350%2C200&ssl=1 1x, https:\/\/i0.wp.com\/artstella-elixirs-floraux.com\/wp-content\/uploads\/2025\/03\/wp-image2296.png?resize=525%2C300&ssl=1 1.5x, https:\/\/i0.wp.com\/artstella-elixirs-floraux.com\/wp-content\/uploads\/2025\/03\/wp-image2296.png?resize=700%2C400&ssl=1 2x"},"classes":[]},{"id":3551,"url":"https:\/\/artstella-elixirs-floraux.com\/fr_fr\/produit\/7-boundless-peace-ltoe-15-ml\/","url_meta":{"origin":5520,"position":1},"title":"BOUNDLESS PEACE LTOE 15 ML","author":"eveapprill","date":"9 mars 2025","format":false,"excerpt":"Paix profonde\/Boundless Peace (Anguloa virginalis - P\u00e9rou) Tels les pulsations d\u2019une m\u00e9duse translucide ou des bulles de champagne qui remontent \u00e0 la surface, cet \u00e9lixir donne une sensation de l\u00e9g\u00e8ret\u00e9 et de bien-\u00eatre.","rel":"","context":"Article similaire","block_context":{"text":"Article similaire","link":""},"img":{"alt_text":"","src":"https:\/\/i0.wp.com\/artstella-elixirs-floraux.com\/wp-content\/uploads\/2025\/03\/db238c84-2b46-4cf9-bee4-d7afe8c8e27e.jpg?resize=350%2C200&ssl=1","width":350,"height":200,"srcset":"https:\/\/i0.wp.com\/artstella-elixirs-floraux.com\/wp-content\/uploads\/2025\/03\/db238c84-2b46-4cf9-bee4-d7afe8c8e27e.jpg?resize=350%2C200&ssl=1 1x, https:\/\/i0.wp.com\/artstella-elixirs-floraux.com\/wp-content\/uploads\/2025\/03\/db238c84-2b46-4cf9-bee4-d7afe8c8e27e.jpg?resize=525%2C300&ssl=1 1.5x, https:\/\/i0.wp.com\/artstella-elixirs-floraux.com\/wp-content\/uploads\/2025\/03\/db238c84-2b46-4cf9-bee4-d7afe8c8e27e.jpg?resize=700%2C400&ssl=1 2x"},"classes":[]},{"id":3623,"url":"https:\/\/artstella-elixirs-floraux.com\/fr_fr\/produit\/enfant-de-la-lune-ltoe-15-ml\/","url_meta":{"origin":5520,"position":2},"title":"Moon Child LTOE 15 ml","author":"eveapprill","date":"9 mars 2025","format":false,"excerpt":"Moon Child \/ Enfant de la Lune Poss\u00e8de une affinit\u00e9 avec l\u2019\u00e9nergie de la r\u00e9gion pelvienne et aide \u00e0 lib\u00e9rer les blocages entravant l\u2019\u00e9volution \u00e9motionnelle. Durant la gestation, nous recevons toutes sortes d\u2019empreintes plus ou moins subtiles.","rel":"","context":"Article similaire","block_context":{"text":"Article similaire","link":""},"img":{"alt_text":"Enfant de la Lune LTOE 15 ml","src":"https:\/\/i0.wp.com\/artstella-elixirs-floraux.com\/wp-content\/uploads\/2025\/03\/ef27ae0b-ec83-4986-8926-fba89587d513.jpg?resize=350%2C200&ssl=1","width":350,"height":200,"srcset":"https:\/\/i0.wp.com\/artstella-elixirs-floraux.com\/wp-content\/uploads\/2025\/03\/ef27ae0b-ec83-4986-8926-fba89587d513.jpg?resize=350%2C200&ssl=1 1x, https:\/\/i0.wp.com\/artstella-elixirs-floraux.com\/wp-content\/uploads\/2025\/03\/ef27ae0b-ec83-4986-8926-fba89587d513.jpg?resize=525%2C300&ssl=1 1.5x, https:\/\/i0.wp.com\/artstella-elixirs-floraux.com\/wp-content\/uploads\/2025\/03\/ef27ae0b-ec83-4986-8926-fba89587d513.jpg?resize=700%2C400&ssl=1 2x"},"classes":[]},{"id":2941,"url":"https:\/\/artstella-elixirs-floraux.com\/fr_fr\/produit\/pierre-de-lune-15-ml-phi\/","url_meta":{"origin":5520,"position":3},"title":"PIERRE DE LUNE 15 ML PHI","author":"eveapprill","date":"9 mars 2025","format":false,"excerpt":"Pierre de lune (Mondstein) Stimule et favorise l'inspiration ainsi que le contact avec notre part f\u00e9minine. Il favorise la d\u00e9sintoxication sur tous les plans.","rel":"","context":"Article similaire","block_context":{"text":"Article similaire","link":""},"img":{"alt_text":"","src":"https:\/\/i0.wp.com\/artstella-elixirs-floraux.com\/wp-content\/uploads\/2025\/03\/wp-image300.png?resize=350%2C200&ssl=1","width":350,"height":200},"classes":[]},{"id":3066,"url":"https:\/\/artstella-elixirs-floraux.com\/fr_fr\/produit\/lune-planete-phi-15-ml\/","url_meta":{"origin":5520,"position":4},"title":"LUNE PLANETE PHI 15 ML","author":"eveapprill","date":"9 mars 2025","format":false,"excerpt":"LuneCorrespond au principe maternel. Nous relie \u00e0 nouveau \u00e0 l'essence f\u00e9minine divine. Nous aide \u00e0 reconna\u00eetre la gr\u00e2ce divine de la maternit\u00e9. Favorise l'intuition et soutient le sentiment d'appartenance \u00e0 une famille, \u00e0 un groupe.","rel":"","context":"Article similaire","block_context":{"text":"Article similaire","link":""},"img":{"alt_text":"","src":"https:\/\/i0.wp.com\/artstella-elixirs-floraux.com\/wp-content\/uploads\/2025\/03\/wp-image522.png?resize=350%2C200&ssl=1","width":350,"height":200},"classes":[]},{"id":5984,"url":"https:\/\/artstella-elixirs-floraux.com\/fr_fr\/produit\/vesta-creciente-papillon-lune-15ml\/","url_meta":{"origin":5520,"position":5},"title":"VESTA CRECIENTE &#8211; PAPILLON LUNE 15ml","author":"eveapprill","date":"9 mars 2025","format":false,"excerpt":"39. VESTA CRECIENTE\/ PAPILLON LUNE \u00a0Phyciodes vesta\u00a0\u00a0\u00a0 Retrouver son centre\u00a0 \u2013 Auto-valorisation \u00a0Cet \u00e9lixir est l\u00e0 pour nous aider \u00e0 nous centrer sur ce qui est r\u00e9ellement n\u00e9cessaire et nous permet de simplifier notre fa\u00e7on d\u2019agir, nous \u00e9loignant du brouhaha quotidien que nous avons fait n\u00f4tre.","rel":"","context":"Article similaire","block_context":{"text":"Article similaire","link":""},"img":{"alt_text":"","src":"","width":0,"height":0},"classes":[]}],"_links":{"self":[{"href":"https:\/\/artstella-elixirs-floraux.com\/fr_fr\/wp-json\/wp\/v2\/product\/5520","targetHints":{"allow":["GET"]}}],"collection":[{"href":"https:\/\/artstella-elixirs-floraux.com\/fr_fr\/wp-json\/wp\/v2\/product"}],"about":[{"href":"https:\/\/artstella-elixirs-floraux.com\/fr_fr\/wp-json\/wp\/v2\/types\/product"}],"version-history":[{"count":0,"href":"https:\/\/artstella-elixirs-floraux.com\/fr_fr\/wp-json\/wp\/v2\/product\/5520\/revisions"}],"wp:featuredmedia":[{"embeddable":true,"href":"https:\/\/artstella-elixirs-floraux.com\/fr_fr\/wp-json\/wp\/v2\/media\/5521"}],"wp:attachment":[{"href":"https:\/\/artstella-elixirs-floraux.com\/fr_fr\/wp-json\/wp\/v2\/media?parent=5520"}],"wp:term":[{"taxonomy":"product_brand","embeddable":true,"href":"https:\/\/artstella-elixirs-floraux.com\/fr_fr\/wp-json\/wp\/v2\/product_brand?post=5520"},{"taxonomy":"product_cat","embeddable":true,"href":"https:\/\/artstella-elixirs-floraux.com\/fr_fr\/wp-json\/wp\/v2\/product_cat?post=5520"},{"taxonomy":"product_tag","embeddable":true,"href":"https:\/\/artstella-elixirs-floraux.com\/fr_fr\/wp-json\/wp\/v2\/product_tag?post=5520"}],"curies":[{"name":"wp","href":"https:\/\/api.w.org\/{rel}","templated":true}]}}