{"id":5522,"date":"2025-03-09T13:44:36","date_gmt":"2025-03-09T13:44:36","guid":{"rendered":"https:\/\/artstella-elixirs-floraux.com\/product\/vanadinite-30-ml\/"},"modified":"2025-04-09T14:45:03","modified_gmt":"2025-04-09T14:45:03","slug":"vanadinite-30-ml","status":"publish","type":"product","link":"https:\/\/artstella-elixirs-floraux.com\/fr_fr\/produit\/vanadinite-30-ml\/","title":{"rendered":"VANADINITE 30 ml"},"content":{"rendered":"<p>pour ceux qui vivent dans l\u2019abondance, apporte une meilleure conscience sur la fa\u00e7on de l\u2019utiliser ; pour ceux qui connaissent une certaine p\u00e9nurie, aide \u00e0 attirer plus d\u2019abondance.<\/p>\n","protected":false},"excerpt":{"rendered":"<p><strong>Vanadinite<\/strong> \u2013 <em>Vanadinite<\/em>\u00a0: Flux \u00e9nerg\u00e9tique in\u00e9gal au cours de la journ\u00e9e ; fluctue entre l\u2019intention et le d\u00e9sint\u00e9r\u00eat ; t\u00eatu ; manque de flexibilit\u00e9. Aide \u00e0 r\u00e9guler et diriger l\u2019\u00e9nergie de l\u2019\u00e9l\u00e9ment feu ;<\/p>\n","protected":false},"featured_media":5523,"template":"","meta":[],"product_brand":[],"product_cat":[117],"product_tag":[],"class_list":{"0":"post-5522","1":"product","2":"type-product","3":"status-publish","4":"has-post-thumbnail","6":"product_cat-les-elixirs-de-gemmes-supplementaires","8":"first","9":"instock","10":"taxable","11":"shipping-taxable","12":"purchasable","13":"product-type-variable"},"etheme_brands":{"errors":{"invalid_taxonomy":["Taxonomie non valide."]},"error_data":[]},"jetpack_sharing_enabled":true,"jetpack-related-posts":[{"id":2090,"url":"https:\/\/artstella-elixirs-floraux.com\/fr_fr\/produit\/blueberry-pollen-alaskan\/","url_meta":{"origin":5522,"position":0},"title":"Blueberry Pollen Alaskan","author":"eveapprill","date":"9 mars 2025","format":false,"excerpt":"Blueberry Pollen Alaska Pour ceux qui ne croient pas assez \u00e0 leur potentiel d'abondance, ont une faible id\u00e9e de la prosp\u00e9rit\u00e9, et connaissent des difficult\u00e9s \u00e0 recevoir des autres et de la terre. Permet une extension sur tous les niveaux pour s'accorder \u00e0 l'abondance ; facilite la dissolution des sch\u00e9mas\u2026","rel":"","context":"Article similaire","block_context":{"text":"Article similaire","link":""},"img":{"alt_text":"","src":"https:\/\/i0.wp.com\/artstella-elixirs-floraux.com\/wp-content\/uploads\/2025\/03\/wp-image42.webp?resize=350%2C200&ssl=1","width":350,"height":200},"classes":[]},{"id":2098,"url":"https:\/\/artstella-elixirs-floraux.com\/fr_fr\/produit\/bog-blueberry-alaskan\/","url_meta":{"origin":5522,"position":1},"title":"Bog Blueberry Alaskan","author":"eveapprill","date":"9 mars 2025","format":false,"excerpt":"Bog Blueberry Conception \u00ab donnant-donnant \u00bb de l'abondance, trop attach\u00e9 \u00e0 la forme mat\u00e9rielle de la manifestation de la vie.Permet de neutraliser les croyances limitant l'abondance sur tous les niveaux, encourage \u00e0 s'ouvrir \u00e0 l'abondance qui s'offre avec acceptation et gratitude.","rel":"","context":"Article similaire","block_context":{"text":"Article similaire","link":""},"img":{"alt_text":"","src":"https:\/\/i0.wp.com\/artstella-elixirs-floraux.com\/wp-content\/uploads\/2025\/03\/wp-image44.png?resize=350%2C200&ssl=1","width":350,"height":200},"classes":[]},{"id":3928,"url":"https:\/\/artstella-elixirs-floraux.com\/fr_fr\/produit\/bouquetin-a-e-phi-15-ml\/","url_meta":{"origin":5522,"position":2},"title":"BOUQUETIN A.E PHI 15 ML","author":"eveapprill","date":"9 mars 2025","format":false,"excerpt":"Bouquetin (Carpa ibex) Steinbock aide \u00e0 se regarder et \u00e0 d\u00e9velopper la chaleur du c\u0153ur.","rel":"","context":"Article similaire","block_context":{"text":"Article similaire","link":""},"img":{"alt_text":"","src":"","width":0,"height":0},"classes":[]},{"id":5528,"url":"https:\/\/artstella-elixirs-floraux.com\/fr_fr\/produit\/go-create-spray-alaska-60-ml\/","url_meta":{"origin":5522,"position":3},"title":"GO CREATE SPRAY ALASKA 60ml","author":"eveapprill","date":"9 mars 2025","format":false,"excerpt":"GO CREATE\u00a0 (Cr\u00e9ativit\u00e9) (spray 60ml) Combinaison soutenant l'abondance. Elle est faite pour nous aider \u00e0 co-cr\u00e9er ce que vous voulez, avez besoin de et d\u00e9sirez dans vos vie avec moins de r\u00e9sistance, plus de facilit\u00e9 et d'efficacit\u00e9.","rel":"","context":"Article similaire","block_context":{"text":"Article similaire","link":""},"img":{"alt_text":"","src":"https:\/\/i0.wp.com\/artstella-elixirs-floraux.com\/wp-content\/uploads\/2025\/03\/a3a37652-b137-43bd-9eb5-5397cb3760f1.jpg?resize=350%2C200&ssl=1","width":350,"height":200,"srcset":"https:\/\/i0.wp.com\/artstella-elixirs-floraux.com\/wp-content\/uploads\/2025\/03\/a3a37652-b137-43bd-9eb5-5397cb3760f1.jpg?resize=350%2C200&ssl=1 1x, https:\/\/i0.wp.com\/artstella-elixirs-floraux.com\/wp-content\/uploads\/2025\/03\/a3a37652-b137-43bd-9eb5-5397cb3760f1.jpg?resize=525%2C300&ssl=1 1.5x, https:\/\/i0.wp.com\/artstella-elixirs-floraux.com\/wp-content\/uploads\/2025\/03\/a3a37652-b137-43bd-9eb5-5397cb3760f1.jpg?resize=700%2C400&ssl=1 2x"},"classes":[]},{"id":2663,"url":"https:\/\/artstella-elixirs-floraux.com\/fr_fr\/produit\/abund-abondance-30-ml-bush\/","url_meta":{"origin":5522,"position":4},"title":"ABUND Abondance 30 ML BUSH","author":"eveapprill","date":"9 mars 2025","format":false,"excerpt":"Abund - Abondance Permet d'abandonner les croyances n\u00e9gatives, les mod\u00e8les et sch\u00e9mas familiaux. Lib\u00e8re de la tendance \u00e0 l'autodestruction et de la peur de manquer. Permet l'ouverture donnant acc\u00e8s aux richesses de tous les niveaux et pas seulement p\u00e9cuniaire. Compos\u00e9 de Bluebell, Boab, Five Corners, Philoteca, Southern Cross, Sunshine Wattle\u2026","rel":"","context":"Article similaire","block_context":{"text":"Article similaire","link":""},"img":{"alt_text":"","src":"https:\/\/i0.wp.com\/artstella-elixirs-floraux.com\/wp-content\/uploads\/2025\/03\/0c1366aa-b1b9-4d6f-88cd-f28788a5c7e3.jpg?resize=350%2C200&ssl=1","width":350,"height":200,"srcset":"https:\/\/i0.wp.com\/artstella-elixirs-floraux.com\/wp-content\/uploads\/2025\/03\/0c1366aa-b1b9-4d6f-88cd-f28788a5c7e3.jpg?resize=350%2C200&ssl=1 1x, https:\/\/i0.wp.com\/artstella-elixirs-floraux.com\/wp-content\/uploads\/2025\/03\/0c1366aa-b1b9-4d6f-88cd-f28788a5c7e3.jpg?resize=525%2C300&ssl=1 1.5x, https:\/\/i0.wp.com\/artstella-elixirs-floraux.com\/wp-content\/uploads\/2025\/03\/0c1366aa-b1b9-4d6f-88cd-f28788a5c7e3.jpg?resize=700%2C400&ssl=1 2x"},"classes":[]},{"id":4255,"url":"https:\/\/artstella-elixirs-floraux.com\/fr_fr\/produit\/rabbit-lapin-wea-30-ml\/","url_meta":{"origin":5522,"position":5},"title":"RABBIT\/LAPIN WEA 30 ML","author":"eveapprill","date":"9 mars 2025","format":false,"excerpt":"Rabbit (lapin) Pour soutenir la cr\u00e9ation de l\u2019abondance \u00e0 tous les niveaux de sa vie. D\u00e9veloppe la cr\u00e9ativit\u00e9 et la manifestation dans tous les aspects de sa vie. D\u00e9veloppe la cr\u00e9ativit\u00e9 et la manifestation dans tous les aspects de la vie. Aide \u00e0 cr\u00e9er la vie de ses r\u00eaves.","rel":"","context":"Article similaire","block_context":{"text":"Article similaire","link":""},"img":{"alt_text":"","src":"https:\/\/i0.wp.com\/artstella-elixirs-floraux.com\/wp-content\/uploads\/2025\/03\/wp-image2271.png?resize=350%2C200&ssl=1","width":350,"height":200,"srcset":"https:\/\/i0.wp.com\/artstella-elixirs-floraux.com\/wp-content\/uploads\/2025\/03\/wp-image2271.png?resize=350%2C200&ssl=1 1x, https:\/\/i0.wp.com\/artstella-elixirs-floraux.com\/wp-content\/uploads\/2025\/03\/wp-image2271.png?resize=525%2C300&ssl=1 1.5x, https:\/\/i0.wp.com\/artstella-elixirs-floraux.com\/wp-content\/uploads\/2025\/03\/wp-image2271.png?resize=700%2C400&ssl=1 2x"},"classes":[]}],"_links":{"self":[{"href":"https:\/\/artstella-elixirs-floraux.com\/fr_fr\/wp-json\/wp\/v2\/product\/5522","targetHints":{"allow":["GET"]}}],"collection":[{"href":"https:\/\/artstella-elixirs-floraux.com\/fr_fr\/wp-json\/wp\/v2\/product"}],"about":[{"href":"https:\/\/artstella-elixirs-floraux.com\/fr_fr\/wp-json\/wp\/v2\/types\/product"}],"version-history":[{"count":0,"href":"https:\/\/artstella-elixirs-floraux.com\/fr_fr\/wp-json\/wp\/v2\/product\/5522\/revisions"}],"wp:featuredmedia":[{"embeddable":true,"href":"https:\/\/artstella-elixirs-floraux.com\/fr_fr\/wp-json\/wp\/v2\/media\/5523"}],"wp:attachment":[{"href":"https:\/\/artstella-elixirs-floraux.com\/fr_fr\/wp-json\/wp\/v2\/media?parent=5522"}],"wp:term":[{"taxonomy":"product_brand","embeddable":true,"href":"https:\/\/artstella-elixirs-floraux.com\/fr_fr\/wp-json\/wp\/v2\/product_brand?post=5522"},{"taxonomy":"product_cat","embeddable":true,"href":"https:\/\/artstella-elixirs-floraux.com\/fr_fr\/wp-json\/wp\/v2\/product_cat?post=5522"},{"taxonomy":"product_tag","embeddable":true,"href":"https:\/\/artstella-elixirs-floraux.com\/fr_fr\/wp-json\/wp\/v2\/product_tag?post=5522"}],"curies":[{"name":"wp","href":"https:\/\/api.w.org\/{rel}","templated":true}]}}