{"id":5528,"date":"2025-03-09T13:44:41","date_gmt":"2025-03-09T13:44:41","guid":{"rendered":"https:\/\/artstella-elixirs-floraux.com\/product\/go-create-spray-alaska-60-ml\/"},"modified":"2025-08-31T19:57:19","modified_gmt":"2025-08-31T19:57:19","slug":"go-create-spray-alaska-60-ml","status":"publish","type":"product","link":"https:\/\/artstella-elixirs-floraux.com\/fr_fr\/produit\/go-create-spray-alaska-60-ml\/","title":{"rendered":"GO CREATE SPRAY ALASKA 60ml"},"content":{"rendered":"<p><strong>GO CREATE\u00a0 (Cr\u00e9ativit\u00e9) (spray 60ml)<\/strong><\/p>\n<p>Blueberry pollen, gold, Rock spring, Star sapphirre<\/p>\n<p>Cette formule aide \u00e0 clarifier les sch\u00e9mas restrictifs acquis dans les exp\u00e9riences pass\u00e9es, aide \u00e0 ressentir sa propre valeur et \u00e0 trouver confiance, foi, gratitude qui vous aidera \u00e0 garder un taux vibratoire en alignement avec ce que vous d\u00e9sirez vraiment cr\u00e9er dans vos vies.<\/p>\n","protected":false},"excerpt":{"rendered":"<p><strong>GO CREATE\u00a0 (Cr\u00e9ativit\u00e9) (spray 60ml)<\/strong><\/p>\n<p>Combinaison soutenant l&rsquo;abondance. Elle est faite pour nous aider \u00e0 co-cr\u00e9er ce que vous voulez, avez besoin de et d\u00e9sirez dans vos vie avec moins de r\u00e9sistance, plus de facilit\u00e9 et d&rsquo;efficacit\u00e9.<\/p>\n","protected":false},"featured_media":9963,"template":"","meta":[],"product_brand":[],"product_cat":[155],"product_tag":[],"class_list":{"0":"post-5528","1":"product","2":"type-product","3":"status-publish","4":"has-post-thumbnail","6":"product_cat-combinaisons-sprays","8":"first","9":"instock","10":"taxable","11":"shipping-taxable","12":"purchasable","13":"product-type-simple"},"etheme_brands":{"errors":{"invalid_taxonomy":["Taxonomie non valide."]},"error_data":[]},"jetpack_sharing_enabled":true,"jetpack-related-posts":[{"id":5526,"url":"https:\/\/artstella-elixirs-floraux.com\/fr_fr\/produit\/beyond-words-spray-60ml\/","url_meta":{"origin":5528,"position":0},"title":"BEYOND WORDS SPRAY 60ml","author":"eveapprill","date":"9 mars 2025","format":false,"excerpt":"BEYOND WORDS (Au-del\u00e0 des mots) (spray 60 ml) Est une formule qui permet d'augmenter notre capacit\u00e9 d'expression verbale et non - verbale. Elle facilite l'\u00e9change du flux d'informations et d'id\u00e9es entre deux personnes et donc la compr\u00e9hension.","rel":"","context":"Article similaire","block_context":{"text":"Article similaire","link":""},"img":{"alt_text":"","src":"https:\/\/i0.wp.com\/artstella-elixirs-floraux.com\/wp-content\/uploads\/2025\/03\/876d2e65-744e-4ea5-95bc-59cb409a0719.jpg?resize=350%2C200&ssl=1","width":350,"height":200,"srcset":"https:\/\/i0.wp.com\/artstella-elixirs-floraux.com\/wp-content\/uploads\/2025\/03\/876d2e65-744e-4ea5-95bc-59cb409a0719.jpg?resize=350%2C200&ssl=1 1x, https:\/\/i0.wp.com\/artstella-elixirs-floraux.com\/wp-content\/uploads\/2025\/03\/876d2e65-744e-4ea5-95bc-59cb409a0719.jpg?resize=525%2C300&ssl=1 1.5x, https:\/\/i0.wp.com\/artstella-elixirs-floraux.com\/wp-content\/uploads\/2025\/03\/876d2e65-744e-4ea5-95bc-59cb409a0719.jpg?resize=700%2C400&ssl=1 2x"},"classes":[]},{"id":6145,"url":"https:\/\/artstella-elixirs-floraux.com\/fr_fr\/produit\/sweetgrass-eau-florale-60ml\/","url_meta":{"origin":5528,"position":1},"title":"Sweetgrass Eau florale 60ml","author":"eveapprill","date":"9 mars 2025","format":false,"excerpt":"SWEETGRASS HYDROSOL 60ML ou Eau florale de \"foin d'odeur\" EN SPRAYA vaporiser dans les pi\u00e8ces charg\u00e9es ou autour de soi","rel":"","context":"Article similaire","block_context":{"text":"Article similaire","link":""},"img":{"alt_text":"","src":"https:\/\/i0.wp.com\/artstella-elixirs-floraux.com\/wp-content\/uploads\/2025\/03\/ac2ea1c5-bf80-4d6f-b060-c860b19b656a.jpg?resize=350%2C200&ssl=1","width":350,"height":200,"srcset":"https:\/\/i0.wp.com\/artstella-elixirs-floraux.com\/wp-content\/uploads\/2025\/03\/ac2ea1c5-bf80-4d6f-b060-c860b19b656a.jpg?resize=350%2C200&ssl=1 1x, https:\/\/i0.wp.com\/artstella-elixirs-floraux.com\/wp-content\/uploads\/2025\/03\/ac2ea1c5-bf80-4d6f-b060-c860b19b656a.jpg?resize=525%2C300&ssl=1 1.5x, https:\/\/i0.wp.com\/artstella-elixirs-floraux.com\/wp-content\/uploads\/2025\/03\/ac2ea1c5-bf80-4d6f-b060-c860b19b656a.jpg?resize=700%2C400&ssl=1 2x"},"classes":[]},{"id":6149,"url":"https:\/\/artstella-elixirs-floraux.com\/fr_fr\/produit\/sauge-blanche-eau-florale-60ml\/","url_meta":{"origin":5528,"position":2},"title":"Sauge Blanche Eau florale 60ml","author":"eveapprill","date":"9 mars 2025","format":false,"excerpt":"WHITE SAGE HYDROSOL 60ML ou Eau florale de Sauge Blanche EN SPRAYA vaporiser dans les pi\u00e8ces charg\u00e9es ou autour de soi","rel":"","context":"Article similaire","block_context":{"text":"Article similaire","link":""},"img":{"alt_text":"","src":"https:\/\/i0.wp.com\/artstella-elixirs-floraux.com\/wp-content\/uploads\/2025\/03\/7949f0e0-77ae-497c-b13e-d751a7ca4f84.jpg?resize=350%2C200&ssl=1","width":350,"height":200,"srcset":"https:\/\/i0.wp.com\/artstella-elixirs-floraux.com\/wp-content\/uploads\/2025\/03\/7949f0e0-77ae-497c-b13e-d751a7ca4f84.jpg?resize=350%2C200&ssl=1 1x, https:\/\/i0.wp.com\/artstella-elixirs-floraux.com\/wp-content\/uploads\/2025\/03\/7949f0e0-77ae-497c-b13e-d751a7ca4f84.jpg?resize=525%2C300&ssl=1 1.5x, https:\/\/i0.wp.com\/artstella-elixirs-floraux.com\/wp-content\/uploads\/2025\/03\/7949f0e0-77ae-497c-b13e-d751a7ca4f84.jpg?resize=700%2C400&ssl=1 2x"},"classes":[]},{"id":4651,"url":"https:\/\/artstella-elixirs-floraux.com\/fr_fr\/produit\/go-create\/","url_meta":{"origin":5528,"position":3},"title":"GO-CREATE","author":"eveapprill","date":"9 mars 2025","format":false,"excerpt":"GO-CREATE Go-Create est un complexe d'abondance. Il a \u00e9t\u00e9 formul\u00e9 pour nous aider \u00e0 co-cr\u00e9er ce que nous voulons et souhaitons dans notre vie avec moins de r\u00e9sistance, plus de facilit\u00e9 et d'efficacit\u00e9.","rel":"","context":"Article similaire","block_context":{"text":"Article similaire","link":""},"img":{"alt_text":"","src":"https:\/\/i0.wp.com\/artstella-elixirs-floraux.com\/wp-content\/uploads\/2025\/03\/7bbe4e42-149d-46f3-9e4f-73f4081edae4.jpg?resize=350%2C200&ssl=1","width":350,"height":200,"srcset":"https:\/\/i0.wp.com\/artstella-elixirs-floraux.com\/wp-content\/uploads\/2025\/03\/7bbe4e42-149d-46f3-9e4f-73f4081edae4.jpg?resize=350%2C200&ssl=1 1x, https:\/\/i0.wp.com\/artstella-elixirs-floraux.com\/wp-content\/uploads\/2025\/03\/7bbe4e42-149d-46f3-9e4f-73f4081edae4.jpg?resize=525%2C300&ssl=1 1.5x, https:\/\/i0.wp.com\/artstella-elixirs-floraux.com\/wp-content\/uploads\/2025\/03\/7bbe4e42-149d-46f3-9e4f-73f4081edae4.jpg?resize=700%2C400&ssl=1 2x"},"classes":[]},{"id":6147,"url":"https:\/\/artstella-elixirs-floraux.com\/fr_fr\/produit\/sweetgrass-eau-florale-120ml\/","url_meta":{"origin":5528,"position":4},"title":"Sweetgrass Eau florale 120ml","author":"eveapprill","date":"9 mars 2025","format":false,"excerpt":"SWEETGRASS HYDROSOL 60ML ou Eau florale de \"foin d'odeur\" EN SPRAYA vaporiser dans les pi\u00e8ces charg\u00e9es ou autour de soi","rel":"","context":"Article similaire","block_context":{"text":"Article similaire","link":""},"img":{"alt_text":"","src":"https:\/\/i0.wp.com\/artstella-elixirs-floraux.com\/wp-content\/uploads\/2025\/03\/8e64829d-e900-4cb4-a5b9-59e3272a145d.jpg?resize=350%2C200&ssl=1","width":350,"height":200,"srcset":"https:\/\/i0.wp.com\/artstella-elixirs-floraux.com\/wp-content\/uploads\/2025\/03\/8e64829d-e900-4cb4-a5b9-59e3272a145d.jpg?resize=350%2C200&ssl=1 1x, https:\/\/i0.wp.com\/artstella-elixirs-floraux.com\/wp-content\/uploads\/2025\/03\/8e64829d-e900-4cb4-a5b9-59e3272a145d.jpg?resize=525%2C300&ssl=1 1.5x, https:\/\/i0.wp.com\/artstella-elixirs-floraux.com\/wp-content\/uploads\/2025\/03\/8e64829d-e900-4cb4-a5b9-59e3272a145d.jpg?resize=700%2C400&ssl=1 2x"},"classes":[]},{"id":5764,"url":"https:\/\/artstella-elixirs-floraux.com\/fr_fr\/produit\/flacon-vide-60ml-avec-compte-goutte\/","url_meta":{"origin":5528,"position":5},"title":"Flacon vide 60ml avec compte goutte","author":"eveapprill","date":"9 mars 2025","format":false,"excerpt":"Flacon vide en verre jaune 60ml avec compte goutte","rel":"","context":"Article similaire","block_context":{"text":"Article similaire","link":""},"img":{"alt_text":"","src":"https:\/\/i0.wp.com\/artstella-elixirs-floraux.com\/wp-content\/uploads\/2025\/03\/aa544efc-6841-4129-8560-7797048856b4.jpg?resize=350%2C200&ssl=1","width":350,"height":200,"srcset":"https:\/\/i0.wp.com\/artstella-elixirs-floraux.com\/wp-content\/uploads\/2025\/03\/aa544efc-6841-4129-8560-7797048856b4.jpg?resize=350%2C200&ssl=1 1x, https:\/\/i0.wp.com\/artstella-elixirs-floraux.com\/wp-content\/uploads\/2025\/03\/aa544efc-6841-4129-8560-7797048856b4.jpg?resize=525%2C300&ssl=1 1.5x, https:\/\/i0.wp.com\/artstella-elixirs-floraux.com\/wp-content\/uploads\/2025\/03\/aa544efc-6841-4129-8560-7797048856b4.jpg?resize=700%2C400&ssl=1 2x"},"classes":[]}],"_links":{"self":[{"href":"https:\/\/artstella-elixirs-floraux.com\/fr_fr\/wp-json\/wp\/v2\/product\/5528","targetHints":{"allow":["GET"]}}],"collection":[{"href":"https:\/\/artstella-elixirs-floraux.com\/fr_fr\/wp-json\/wp\/v2\/product"}],"about":[{"href":"https:\/\/artstella-elixirs-floraux.com\/fr_fr\/wp-json\/wp\/v2\/types\/product"}],"version-history":[{"count":3,"href":"https:\/\/artstella-elixirs-floraux.com\/fr_fr\/wp-json\/wp\/v2\/product\/5528\/revisions"}],"predecessor-version":[{"id":11337,"href":"https:\/\/artstella-elixirs-floraux.com\/fr_fr\/wp-json\/wp\/v2\/product\/5528\/revisions\/11337"}],"wp:featuredmedia":[{"embeddable":true,"href":"https:\/\/artstella-elixirs-floraux.com\/fr_fr\/wp-json\/wp\/v2\/media\/9963"}],"wp:attachment":[{"href":"https:\/\/artstella-elixirs-floraux.com\/fr_fr\/wp-json\/wp\/v2\/media?parent=5528"}],"wp:term":[{"taxonomy":"product_brand","embeddable":true,"href":"https:\/\/artstella-elixirs-floraux.com\/fr_fr\/wp-json\/wp\/v2\/product_brand?post=5528"},{"taxonomy":"product_cat","embeddable":true,"href":"https:\/\/artstella-elixirs-floraux.com\/fr_fr\/wp-json\/wp\/v2\/product_cat?post=5528"},{"taxonomy":"product_tag","embeddable":true,"href":"https:\/\/artstella-elixirs-floraux.com\/fr_fr\/wp-json\/wp\/v2\/product_tag?post=5528"}],"curies":[{"name":"wp","href":"https:\/\/api.w.org\/{rel}","templated":true}]}}