{"id":5542,"date":"2025-03-09T13:44:52","date_gmt":"2025-03-09T13:44:52","guid":{"rendered":"https:\/\/artstella-elixirs-floraux.com\/product\/acanthe-sylfos-15-ml\/"},"modified":"2025-04-30T20:50:58","modified_gmt":"2025-04-30T20:50:58","slug":"acanthe-sylfos-15-ml","status":"publish","type":"product","link":"https:\/\/artstella-elixirs-floraux.com\/fr_fr\/produit\/acanthe-sylfos-15-ml\/","title":{"rendered":"ACANTHE SYLFOS 15 ML"},"content":{"rendered":"<div>\n<table cellspacing=\"0\" cellpadding=\"0\" align=\"left\">\n<tbody>\n<tr>\n<td align=\"left\" valign=\"top\">\n<p style=\"text-align: left\"><strong>ACANTHE \u00c9PINEUSE<\/strong><strong> <\/strong><em>Acanthus spinosus<\/em><strong> <em>Contr\u00f4le et D\u00e9passement des \u00e9preuves de la vie<\/em><\/strong><\/p>\n<p style=\"text-align: left\">L\u2019ACANTHE nous montre le triomphe sur les adversit\u00e9s en nous rappelant que ceux qui parcourent le sentier initiatique doivent \u00eatre dispos\u00e9s \u00e0 affronter les \u00e9preuves de tous types: physiques, \u00e9motionnelles, mentales, spirituelles, etc. Recommand\u00e9 lorsque la personne dit que sa vie \u201cest une vall\u00e9e de larmes\u201d et qu\u2019elle pense que la douleur et la n\u00e9gation du plaisir est un chemin valide pour atteindre la joie dans un \u201cautre monde\u201d.<\/p>\n<\/td>\n<\/tr>\n<\/tbody>\n<\/table>\n<\/div>\n<p style=\"text-align: left\">C\u2019est l\u2019\u00e9lixir de la renaissance de la vie et de la dissolution de la douleur qui nous apporte pers\u00e9v\u00e9rance, protection et confiance pour triompher des \u00e9preuves de la vie et de la mort et nous enseigne que l\u2019invention, les combinaisons ing\u00e9nieuses, l\u2019acquisition du savoir, sont st\u00e9riles lorsqu\u2019elles ne sont pas f\u00e9cond\u00e9es par le sentiment.<\/p>\n","protected":false},"excerpt":{"rendered":"<div>\n<table cellspacing=\"0\" cellpadding=\"0\" align=\"left\">\n<tbody>\n<tr>\n<td align=\"left\" valign=\"top\">\n<p><strong>ACANTHE \u00c9PINEUSE<\/strong><strong> <\/strong><em>Acanthus spinosus<\/em><strong> <em>Contr\u00f4le et D\u00e9passement des \u00e9preuves de la vie<\/em><\/strong><\/p>\n<\/td>\n<\/tr>\n<\/tbody>\n<\/table>\n<\/div>\n<p>\u00a0<\/p>\n<p>\u00a0<\/p>\n<p>L\u2019ACANTHE nous montre le triomphe sur les adversit\u00e9s en nous rappelant que ceux qui parcourent le sentier initiatique doivent \u00eatre dispos\u00e9s \u00e0 affronter les \u00e9preuves de tous types:<\/p>\n","protected":false},"featured_media":5543,"template":"","meta":[],"product_brand":[],"product_cat":[139],"product_tag":[],"class_list":{"0":"post-5542","1":"product","2":"type-product","3":"status-publish","4":"has-post-thumbnail","6":"product_cat-les-fleurs-andiness-upplementaires-compose","8":"first","9":"instock","10":"taxable","11":"shipping-taxable","12":"purchasable","13":"product-type-simple"},"etheme_brands":{"errors":{"invalid_taxonomy":["Taxonomie non valide."]},"error_data":[]},"jetpack_sharing_enabled":true,"jetpack-related-posts":[{"id":5904,"url":"https:\/\/artstella-elixirs-floraux.com\/fr_fr\/produit\/chataignier-10ml-deva\/","url_meta":{"origin":5542,"position":0},"title":"Ch\u00e2taignier 10ml DEVA","author":"eveapprill","date":"9 mars 2025","format":false,"excerpt":"Ch\u00e2taignier - Sweet chestnut Castanea sativa Lib\u00e9ration, transformation Pour se d\u00e9passer. Aide \u00e0 traverser les moments tr\u00e8s difficiles de la vie, \u00e0 surmonter les \u00e9preuves les plus dures lorsque l'on atteint la limite de l'endurance.","rel":"","context":"Article similaire","block_context":{"text":"Article similaire","link":""},"img":{"alt_text":"","src":"","width":0,"height":0},"classes":[]},{"id":3633,"url":"https:\/\/artstella-elixirs-floraux.com\/fr_fr\/produit\/42-positive-outcome-ltoe-15-ml\/","url_meta":{"origin":5542,"position":1},"title":"42. POSITIVE OUTCOME LTOE 15 ML","author":"eveapprill","date":"9 mars 2025","format":false,"excerpt":"Positive Outcome\/ Issue positive Cet \u00e9lixir aide \u00e0 garder un optimisme \u00e0 toute \u00e9preuve et fournit une endurance remarquable.","rel":"","context":"Article similaire","block_context":{"text":"Article similaire","link":""},"img":{"alt_text":"","src":"https:\/\/i0.wp.com\/artstella-elixirs-floraux.com\/wp-content\/uploads\/2025\/03\/3b42a2f2-8bfb-46cb-bc88-cb3ba763587c.jpg?resize=350%2C200&ssl=1","width":350,"height":200,"srcset":"https:\/\/i0.wp.com\/artstella-elixirs-floraux.com\/wp-content\/uploads\/2025\/03\/3b42a2f2-8bfb-46cb-bc88-cb3ba763587c.jpg?resize=350%2C200&ssl=1 1x, https:\/\/i0.wp.com\/artstella-elixirs-floraux.com\/wp-content\/uploads\/2025\/03\/3b42a2f2-8bfb-46cb-bc88-cb3ba763587c.jpg?resize=525%2C300&ssl=1 1.5x, https:\/\/i0.wp.com\/artstella-elixirs-floraux.com\/wp-content\/uploads\/2025\/03\/3b42a2f2-8bfb-46cb-bc88-cb3ba763587c.jpg?resize=700%2C400&ssl=1 2x"},"classes":[]},{"id":5639,"url":"https:\/\/artstella-elixirs-floraux.com\/fr_fr\/produit\/bourrache-15-ml\/","url_meta":{"origin":5542,"position":2},"title":"Bourrache 15 ml","author":"eveapprill","date":"9 mars 2025","format":false,"excerpt":"Bourrache Courage. Pour surmonter le chagrin, la tristesse, le d\u00e9couragement face aux \u00e9preuves et au danger. Pour ceux qui se sentent accabl\u00e9s par les \u00e9v\u00e9nements de la vie et qui ont le coeur gros.","rel":"","context":"Article similaire","block_context":{"text":"Article similaire","link":""},"img":{"alt_text":"","src":"https:\/\/i0.wp.com\/artstella-elixirs-floraux.com\/wp-content\/uploads\/2025\/03\/wp-image2402.png?resize=350%2C200&ssl=1","width":350,"height":200},"classes":[]},{"id":3631,"url":"https:\/\/artstella-elixirs-floraux.com\/fr_fr\/produit\/41-night-soul-15-ml-ltoe\/","url_meta":{"origin":5542,"position":3},"title":"41. NIGHT SOUL 15 ML LTOE","author":"eveapprill","date":"9 mars 2025","format":false,"excerpt":"Night Soul \/ Nuit de l'\u00c2me\u00a0 Un \u00e9lixir puissant pour les p\u00e9riodes sombres, ou pour gu\u00e9rir des exp\u00e9riences sombres de l\u2019\u00e2me. La d\u00e9vastation qu\u2019elle soit ressentie int\u00e9rieurement ou rencontr\u00e9e, laisse de profondes empreintes dans la psych\u00e9.","rel":"","context":"Article similaire","block_context":{"text":"Article similaire","link":""},"img":{"alt_text":"","src":"https:\/\/i0.wp.com\/artstella-elixirs-floraux.com\/wp-content\/uploads\/2025\/03\/d3acc05b-ffb5-4f4a-902e-bf77701ef7a6.jpg?resize=350%2C200&ssl=1","width":350,"height":200,"srcset":"https:\/\/i0.wp.com\/artstella-elixirs-floraux.com\/wp-content\/uploads\/2025\/03\/d3acc05b-ffb5-4f4a-902e-bf77701ef7a6.jpg?resize=350%2C200&ssl=1 1x, https:\/\/i0.wp.com\/artstella-elixirs-floraux.com\/wp-content\/uploads\/2025\/03\/d3acc05b-ffb5-4f4a-902e-bf77701ef7a6.jpg?resize=525%2C300&ssl=1 1.5x, https:\/\/i0.wp.com\/artstella-elixirs-floraux.com\/wp-content\/uploads\/2025\/03\/d3acc05b-ffb5-4f4a-902e-bf77701ef7a6.jpg?resize=700%2C400&ssl=1 2x"},"classes":[]},{"id":3181,"url":"https:\/\/artstella-elixirs-floraux.com\/fr_fr\/produit\/rose-reine-du-danemark-15ml-phi\/","url_meta":{"origin":5542,"position":4},"title":"ROSE REINE DU DANEMARK 15ML PHI","author":"eveapprill","date":"9 mars 2025","format":false,"excerpt":"Reine du Danemark (Rosa alba) (K\u00f6nigin von D\u00e4nemark) Nous soutient en cas de blessures \u00e9motionnelles. Il nous aide \u00e0 sortir les \u00ab\u00a0\u00e9pines\u00a0\u00bb de notre c\u0153ur et \u00e0 nous lib\u00e9rer d'anciennes douleurs. Accompagne les processus de deuils.","rel":"","context":"Article similaire","block_context":{"text":"Article similaire","link":""},"img":{"alt_text":"","src":"https:\/\/i0.wp.com\/artstella-elixirs-floraux.com\/wp-content\/uploads\/2025\/03\/wp-image407.png?resize=350%2C200&ssl=1","width":350,"height":200},"classes":[]},{"id":4010,"url":"https:\/\/artstella-elixirs-floraux.com\/fr_fr\/produit\/canelo-15-ml-sylfos\/","url_meta":{"origin":5542,"position":5},"title":"CANELO \/ CANELLE DE MAGELAN SYLFOS","author":"eveapprill","date":"9 mars 2025","format":false,"excerpt":"CANELO Drimys chilensis Paix et bien-\u00eatre. Plante ma\u00eetresse des indiens Mapuches utilis\u00e9e pour acc\u00e9der \u00e1 un \u00e9tat de paix profonde, de s\u00e9r\u00e9nit\u00e9 et de confiance, apr\u00e9s une p\u00e9riode agit\u00e9e.","rel":"","context":"Article similaire","block_context":{"text":"Article similaire","link":""},"img":{"alt_text":"","src":"","width":0,"height":0},"classes":[]}],"_links":{"self":[{"href":"https:\/\/artstella-elixirs-floraux.com\/fr_fr\/wp-json\/wp\/v2\/product\/5542","targetHints":{"allow":["GET"]}}],"collection":[{"href":"https:\/\/artstella-elixirs-floraux.com\/fr_fr\/wp-json\/wp\/v2\/product"}],"about":[{"href":"https:\/\/artstella-elixirs-floraux.com\/fr_fr\/wp-json\/wp\/v2\/types\/product"}],"version-history":[{"count":0,"href":"https:\/\/artstella-elixirs-floraux.com\/fr_fr\/wp-json\/wp\/v2\/product\/5542\/revisions"}],"wp:featuredmedia":[{"embeddable":true,"href":"https:\/\/artstella-elixirs-floraux.com\/fr_fr\/wp-json\/wp\/v2\/media\/5543"}],"wp:attachment":[{"href":"https:\/\/artstella-elixirs-floraux.com\/fr_fr\/wp-json\/wp\/v2\/media?parent=5542"}],"wp:term":[{"taxonomy":"product_brand","embeddable":true,"href":"https:\/\/artstella-elixirs-floraux.com\/fr_fr\/wp-json\/wp\/v2\/product_brand?post=5542"},{"taxonomy":"product_cat","embeddable":true,"href":"https:\/\/artstella-elixirs-floraux.com\/fr_fr\/wp-json\/wp\/v2\/product_cat?post=5542"},{"taxonomy":"product_tag","embeddable":true,"href":"https:\/\/artstella-elixirs-floraux.com\/fr_fr\/wp-json\/wp\/v2\/product_tag?post=5542"}],"curies":[{"name":"wp","href":"https:\/\/api.w.org\/{rel}","templated":true}]}}