{"id":5550,"date":"2025-03-09T13:44:57","date_gmt":"2025-03-09T13:44:57","guid":{"rendered":"https:\/\/artstella-elixirs-floraux.com\/product\/jacaranda-15-ml-sylfos\/"},"modified":"2025-04-30T20:50:58","modified_gmt":"2025-04-30T20:50:58","slug":"jacaranda-15-ml-sylfos","status":"publish","type":"product","link":"https:\/\/artstella-elixirs-floraux.com\/fr_fr\/produit\/jacaranda-15-ml-sylfos\/","title":{"rendered":"JACARANDA 15 ML SYLFOS"},"content":{"rendered":"<div>\n<table cellspacing=\"0\" cellpadding=\"0\" align=\"left\">\n<tbody>\n<tr>\n<td align=\"left\" valign=\"top\">\n<p style=\"text-align: left\"><strong>JACARAND\u00c1 <\/strong>\u00a0<em>Jacaranda mimosifolia<\/em><\/p>\n<p style=\"text-align: left\">Nous \u00e9l\u00e8ve vers le ciel, afin de nous inonder de nos talents et ensuite, en s\u2019inclinant vers la Terre noua aide \u00e0 pouvoir exprimer les qualit\u00e9s que nous avons re\u00e7ues, nous aidant ainsi \u00e0 accomplir la mission que nous avons dans cette incarnation.<\/p>\n<\/td>\n<\/tr>\n<\/tbody>\n<\/table>\n<\/div>\n<p style=\"text-align: left\">Son \u00e9lixir aidera les personnes <strong>hyperactives<\/strong>, qui font beaucoup de choses en m\u00eame temps et ont une grande quantit\u00e9 de projets, mais qui n\u2019arrivent pas \u00e0 les faire aboutir. \u00a0Il peut \u00a0aider \u00e9galement dans les probl\u00e8mes d\u2019apprentissage et de dispersion mentale.<\/p>\n","protected":false},"excerpt":{"rendered":"<div>\n<table cellspacing=\"0\" cellpadding=\"0\" align=\"left\">\n<tbody>\n<tr>\n<td align=\"left\" valign=\"top\">\n<p><strong>JACARAND\u00c1 <\/strong>\u00a0<em>Jacaranda mimosifolia<\/em><\/p>\n<\/td>\n<\/tr>\n<\/tbody>\n<\/table>\n<\/div>\n<div>\u00a0<\/div>\n<div>\u00a0<\/div>\n<p>Nous \u00e9l\u00e8ve vers le ciel, afin de nous inonder de nos talents et ensuite, en s\u2019inclinant vers la Terre noua aide \u00e0 pouvoir exprimer les qualit\u00e9s que nous avons re\u00e7ues,<\/p>\n","protected":false},"featured_media":5551,"template":"","meta":[],"product_brand":[],"product_cat":[139],"product_tag":[],"class_list":{"0":"post-5550","1":"product","2":"type-product","3":"status-publish","4":"has-post-thumbnail","6":"product_cat-les-fleurs-andiness-upplementaires-compose","8":"first","9":"instock","10":"taxable","11":"shipping-taxable","12":"purchasable","13":"product-type-simple"},"etheme_brands":{"errors":{"invalid_taxonomy":["Taxonomie non valide."]},"error_data":[]},"jetpack_sharing_enabled":true,"jetpack-related-posts":[{"id":5974,"url":"https:\/\/artstella-elixirs-floraux.com\/fr_fr\/produit\/living-star-ligth-bloesem-10ml\/","url_meta":{"origin":5550,"position":0},"title":"LIVING STAR LIGTH BLOESEM 10ML","author":"eveapprill","date":"9 mars 2025","format":false,"excerpt":"LIVING STAR LIGHT Cet \u00e9lixir n\u2019est ni un compos\u00e9 ni une essence florale, mais une essence cosmique. Elle nous met en contact avec notre \u00eatre naturel terrien et avec les \u00e9toiles. Elle a \u00e9t\u00e9 pr\u00e9par\u00e9e \u00e0 partir d\u2019une \u00e9toile \u00e0 cinq branches, avec trois sur le plan horizontal, une autre\u2026","rel":"","context":"Article similaire","block_context":{"text":"Article similaire","link":""},"img":{"alt_text":"","src":"","width":0,"height":0},"classes":[]},{"id":5396,"url":"https:\/\/artstella-elixirs-floraux.com\/fr_fr\/produit\/ojo-de-macho-sylfos-15ml-pap\/","url_meta":{"origin":5550,"position":1},"title":"OJO DE MACHO SYLFOS 15ML PAP","author":"eveapprill","date":"9 mars 2025","format":false,"excerpt":"34 - OJO DE MACHO\/ PAPILLON OCELL\u00c9 Junonia coenia\u00a0\u00a0 Vision - Conscience- Evolution Cet \u00e9lixir nous permet de transformer la n\u00e9gativit\u00e9 afin de pouvoir voire la v\u00e9rit\u00e9. Il nous permet de voire plus clairement la situation afin de nous aider \u00e0 voire et \u00e0 aller directement au centre du probl\u00e8me","rel":"","context":"Article similaire","block_context":{"text":"Article similaire","link":""},"img":{"alt_text":"","src":"https:\/\/i0.wp.com\/artstella-elixirs-floraux.com\/wp-content\/uploads\/2025\/03\/599dbec6-a0ba-4dd0-b4c6-380b343e864f.jpg?resize=350%2C200&ssl=1","width":350,"height":200,"srcset":"https:\/\/i0.wp.com\/artstella-elixirs-floraux.com\/wp-content\/uploads\/2025\/03\/599dbec6-a0ba-4dd0-b4c6-380b343e864f.jpg?resize=350%2C200&ssl=1 1x, https:\/\/i0.wp.com\/artstella-elixirs-floraux.com\/wp-content\/uploads\/2025\/03\/599dbec6-a0ba-4dd0-b4c6-380b343e864f.jpg?resize=525%2C300&ssl=1 1.5x, https:\/\/i0.wp.com\/artstella-elixirs-floraux.com\/wp-content\/uploads\/2025\/03\/599dbec6-a0ba-4dd0-b4c6-380b343e864f.jpg?resize=700%2C400&ssl=1 2x"},"classes":[]},{"id":2777,"url":"https:\/\/artstella-elixirs-floraux.com\/fr_fr\/produit\/mt-pinatubo-10ml-bush-lf\/","url_meta":{"origin":5550,"position":2},"title":"MT PINATUBO 10ML BUSH LF","author":"eveapprill","date":"9 mars 2025","format":false,"excerpt":"Mont Pinatubo Essence\u00a0 - Elixir du Mt Pinatubo\u00a0 Renforce l\u2019intuition pour avoir conscience de la pulsation profonde de la Terre et des \u00e9v\u00e9nements futurs qui se pr\u00e9parent, pour savoir o\u00f9 se trouver pour \u00eatre en s\u00e9curit\u00e9. Nous permet d\u2019\u00eatre ancr\u00e9 et centr\u00e9 dans notre pouvoir.","rel":"","context":"Article similaire","block_context":{"text":"Article similaire","link":""},"img":{"alt_text":"","src":"https:\/\/i0.wp.com\/artstella-elixirs-floraux.com\/wp-content\/uploads\/2025\/03\/fa9b96e1-bbc9-4978-a4f5-37c8f01b6d10.jpg?resize=350%2C200&ssl=1","width":350,"height":200,"srcset":"https:\/\/i0.wp.com\/artstella-elixirs-floraux.com\/wp-content\/uploads\/2025\/03\/fa9b96e1-bbc9-4978-a4f5-37c8f01b6d10.jpg?resize=350%2C200&ssl=1 1x, https:\/\/i0.wp.com\/artstella-elixirs-floraux.com\/wp-content\/uploads\/2025\/03\/fa9b96e1-bbc9-4978-a4f5-37c8f01b6d10.jpg?resize=525%2C300&ssl=1 1.5x, https:\/\/i0.wp.com\/artstella-elixirs-floraux.com\/wp-content\/uploads\/2025\/03\/fa9b96e1-bbc9-4978-a4f5-37c8f01b6d10.jpg?resize=700%2C400&ssl=1 2x"},"classes":[]},{"id":5516,"url":"https:\/\/artstella-elixirs-floraux.com\/fr_fr\/produit\/ver-de-feu-barbu\/","url_meta":{"origin":5550,"position":3},"title":"VER DE FEU BARBU","author":"eveapprill","date":"9 mars 2025","format":false,"excerpt":"VER DE FEU BARBU Feuerwurm (Hermodice carunculata) Aide les personnes qui se sentent bless\u00e9es \u00e0 se lib\u00e9rer d\u2019anciennes charges et informations de douleur. Sur un plan physique l\u2019\u00e9lixir favorise le nettoyage et la d\u00e9toxification. Au niveau \u00e9motionnel elle aide les personnes qui se sont \u00e9loign\u00e9es ou qui s\u2019opposent \u00e0 pouvoir\u2026","rel":"","context":"Article similaire","block_context":{"text":"Article similaire","link":""},"img":{"alt_text":"","src":"https:\/\/i0.wp.com\/artstella-elixirs-floraux.com\/wp-content\/uploads\/2025\/03\/wp-image1753.png?resize=350%2C200&ssl=1","width":350,"height":200},"classes":[]},{"id":4921,"url":"https:\/\/artstella-elixirs-floraux.com\/fr_fr\/produit\/fairy-slipper-alaskan-f-sup\/","url_meta":{"origin":5550,"position":4},"title":"FAIRY SLIPPER ALASKAN F SUP","author":"eveapprill","date":"9 mars 2025","format":false,"excerpt":"Fairy Slipper \u00a0Calypso bulbeuse Aide \u00e0 incarner notre pouvoir et notre beaut\u00e9 ; soutien afin de donner une direction claire \u00e0 notre individualit\u00e9 ; aide \u00e0 manifester notre sagesse par notre corps physique ; renforce le principe masculin tant chez l\u2019homme que chez la femme ; facilite une communication claire\u2026","rel":"","context":"Article similaire","block_context":{"text":"Article similaire","link":""},"img":{"alt_text":"","src":"https:\/\/i0.wp.com\/artstella-elixirs-floraux.com\/wp-content\/uploads\/2025\/03\/wp-image1386.png?resize=350%2C200&ssl=1","width":350,"height":200},"classes":[]},{"id":5416,"url":"https:\/\/artstella-elixirs-floraux.com\/fr_fr\/produit\/alternanthere-pagegaaieblad\/","url_meta":{"origin":5550,"position":5},"title":"Alternanth\u00e8re PAGEGAAIEBLAD","author":"eveapprill","date":"9 mars 2025","format":false,"excerpt":"Althernathera \/ Alternanthera dentata\u00a0\u00a0Permet de rester centr\u00e9 et d\u2019exprimer ses sentiments sans se laisser perturber par autrui ou par des circonstances.\u00a0","rel":"","context":"Article similaire","block_context":{"text":"Article similaire","link":""},"img":{"alt_text":"","src":"","width":0,"height":0},"classes":[]}],"_links":{"self":[{"href":"https:\/\/artstella-elixirs-floraux.com\/fr_fr\/wp-json\/wp\/v2\/product\/5550","targetHints":{"allow":["GET"]}}],"collection":[{"href":"https:\/\/artstella-elixirs-floraux.com\/fr_fr\/wp-json\/wp\/v2\/product"}],"about":[{"href":"https:\/\/artstella-elixirs-floraux.com\/fr_fr\/wp-json\/wp\/v2\/types\/product"}],"version-history":[{"count":0,"href":"https:\/\/artstella-elixirs-floraux.com\/fr_fr\/wp-json\/wp\/v2\/product\/5550\/revisions"}],"wp:featuredmedia":[{"embeddable":true,"href":"https:\/\/artstella-elixirs-floraux.com\/fr_fr\/wp-json\/wp\/v2\/media\/5551"}],"wp:attachment":[{"href":"https:\/\/artstella-elixirs-floraux.com\/fr_fr\/wp-json\/wp\/v2\/media?parent=5550"}],"wp:term":[{"taxonomy":"product_brand","embeddable":true,"href":"https:\/\/artstella-elixirs-floraux.com\/fr_fr\/wp-json\/wp\/v2\/product_brand?post=5550"},{"taxonomy":"product_cat","embeddable":true,"href":"https:\/\/artstella-elixirs-floraux.com\/fr_fr\/wp-json\/wp\/v2\/product_cat?post=5550"},{"taxonomy":"product_tag","embeddable":true,"href":"https:\/\/artstella-elixirs-floraux.com\/fr_fr\/wp-json\/wp\/v2\/product_tag?post=5550"}],"curies":[{"name":"wp","href":"https:\/\/api.w.org\/{rel}","templated":true}]}}