{"id":5552,"date":"2025-03-09T13:44:58","date_gmt":"2025-03-09T13:44:58","guid":{"rendered":"https:\/\/artstella-elixirs-floraux.com\/product\/madia-15-ml-sylfos\/"},"modified":"2025-06-08T12:49:58","modified_gmt":"2025-06-08T12:49:58","slug":"madia-15-ml-sylfos","status":"publish","type":"product","link":"https:\/\/artstella-elixirs-floraux.com\/fr_fr\/produit\/madia-15-ml-sylfos\/","title":{"rendered":"MADIA 15 ML SYLFOS"},"content":{"rendered":"<p><strong>MADIA\u00a0 <\/strong><em>Madia elegans<\/em><strong>\u00a0\u00a0 <em>Concentration, pens\u00e9e pr\u00e9cise<\/em> \u00a0<\/strong>L\u2019\u00e2me \u00e0 besoin d\u2019apprendre \u00e0 s\u2019\u00e9tendre mais aussi \u00e0 se contracter; de limiter l\u2019exp\u00e9rience. La personne qui peut le faire est capable de focaliser et de diriger l\u2019\u00e9nergie de fa\u00e7on claire et tr\u00e8s productive. Si l\u2019\u00e2me n\u2019\u00e0 pas cette capacit\u00e9, elle se distrait facilement ou se <em>\u201cdisperse dans l\u2019espace\u201d. <\/em>C\u2019est justement l\u2019image qui d\u00e9crit le mieux la personne qui a besoin de MADIA, une personne qui vit trop dans l\u2019espace et pas suffisamment dans le temps pr\u00e9sent; ses forces psychiques se dispersent facilement.<\/p>\n","protected":false},"excerpt":{"rendered":"<p><strong>MADIA\u00a0 <\/strong><em>Madia elegans<\/em><strong>\u00a0\u00a0 <em>Concentration, pens\u00e9e pr\u00e9cise<\/em> \u00a0<\/strong>L\u2019\u00e2me \u00e0 besoin d\u2019apprendre \u00e0 s\u2019\u00e9tendre mais aussi \u00e0 se contracter; de limiter l\u2019exp\u00e9rience.<\/p>\n","protected":false},"featured_media":5553,"template":"","meta":[],"product_brand":[],"product_cat":[139],"product_tag":[],"class_list":{"0":"post-5552","1":"product","2":"type-product","3":"status-publish","4":"has-post-thumbnail","6":"product_cat-les-fleurs-andiness-upplementaires-compose","8":"first","9":"instock","10":"taxable","11":"shipping-taxable","12":"purchasable","13":"product-type-simple"},"etheme_brands":{"errors":{"invalid_taxonomy":["Taxonomie non valide."]},"error_data":[]},"jetpack_sharing_enabled":true,"jetpack-related-posts":[{"id":2363,"url":"https:\/\/artstella-elixirs-floraux.com\/fr_fr\/produit\/yellow-dryas-alaskan\/","url_meta":{"origin":5552,"position":0},"title":"Yellow Dryas Alaskan","author":"eveapprill","date":"9 mars 2025","format":false,"excerpt":"Yellow Dryas. Dryas drummondii Se sent \u00e9tranger \u00e0 sa famille d'\u00e2me. Incapacit\u00e9 \u00e0 sentir le fil conducteur qui fait de nos exp\u00e9riences un tout coh\u00e9rent et compr\u00e9hensible.","rel":"","context":"Article similaire","block_context":{"text":"Article similaire","link":""},"img":{"alt_text":"wp-image604","src":"https:\/\/i0.wp.com\/artstella-elixirs-floraux.com\/wp-content\/uploads\/2025\/03\/wp-image604.png?resize=350%2C200&ssl=1","width":350,"height":200},"classes":[]},{"id":11338,"url":"https:\/\/artstella-elixirs-floraux.com\/fr_fr\/produit\/easy-learning-apprendre-facilement-spray-alaska\/","url_meta":{"origin":5552,"position":1},"title":"EASY LEARNING &#8211; Apprendre Facilement SPRAY ALASKA","author":"eveapprill","date":"31 ao\u00fbt 2025","format":false,"excerpt":"Easy Learning (Apprendre facilement) - \u00a0 Blue Topaz\u009f Bunchberry \u009f Lapis Lazuli \u009f Star Ruby Stinging Nettle \u009f White Spruce Easy Learning est un spray destin\u00e9 \u00e0 faciliter tous les aspects du processus d'apprentissage, tant pour les enfants que les adultes. Il am\u00e9liore la concentration, la capacit\u00e9 \u00e0 ne pas\u2026","rel":"","context":"Article similaire","block_context":{"text":"Article similaire","link":""},"img":{"alt_text":"","src":"https:\/\/i0.wp.com\/artstella-elixirs-floraux.com\/wp-content\/uploads\/2025\/08\/easy-learning.jpg?resize=350%2C200&ssl=1","width":350,"height":200},"classes":[]},{"id":5191,"url":"https:\/\/artstella-elixirs-floraux.com\/fr_fr\/produit\/soul-shield-spray\/","url_meta":{"origin":5552,"position":2},"title":"SOUL SHIELD SPRAY LTOE","author":"eveapprill","date":"9 mars 2025","format":false,"excerpt":"Soul Shield + (Bouclier de l\u2019\u00e2me) Protection psychique Pour les moments o\u00f9 l\u2019on a besoin de protection. Prot\u00e8ge l\u2019aura corporelle ou les espaces de vie de l\u2019incursion d\u2019\u00e9nergies psychiques n\u00e9gatives. Les personnes travaillant avec la lumi\u00e8re peuvent facilement s\u2019attirer des d\u00e9fis divers et parfois des \u00e9nergies \u00ab\u00a0sombres\u00a0\u00bb. \u00ab\u00a0bleu\u00a0\u00bb avec les\u2026","rel":"","context":"Article similaire","block_context":{"text":"Article similaire","link":""},"img":{"alt_text":"","src":"https:\/\/i0.wp.com\/artstella-elixirs-floraux.com\/wp-content\/uploads\/2025\/03\/wp-image1737.png?resize=350%2C200&ssl=1","width":350,"height":200},"classes":[]},{"id":5446,"url":"https:\/\/artstella-elixirs-floraux.com\/fr_fr\/produit\/sensitive-mimosa-pudica-10-ml-bl\/","url_meta":{"origin":5552,"position":3},"title":"Sensitive &#8211; Mimosa pudica 10 ML BL","author":"eveapprill","date":"9 mars 2025","format":false,"excerpt":"Mimosa \/ Mimosa pudica (sensitive weed)\u00a0\u00a0\u00a0\u00a0\u00a0\u00a0\u00a0\u00a0\u00a0 Stimule l\u2019\u00e2me et apporte stabilit\u00e9, clart\u00e9 et force du mental. Pour choisir son chemin avec certitude et ne pas se laisser d\u00e9vier. Quand on se sent \u00e9touff\u00e9 par l\u2019autre ou pris dans un espace trop \u00e9troit.","rel":"","context":"Article similaire","block_context":{"text":"Article similaire","link":""},"img":{"alt_text":"","src":"","width":0,"height":0},"classes":[]},{"id":6189,"url":"https:\/\/artstella-elixirs-floraux.com\/fr_fr\/produit\/cheval-15ml-phi\/","url_meta":{"origin":5552,"position":4},"title":"Cheval 15ml PHI","author":"eveapprill","date":"9 mars 2025","format":false,"excerpt":"Cheval (Equidae) L\u2019\u00e9lixir apporte une sensation de libert\u00e9 et d\u2019ampleur. Il am\u00e9liore la souplesse et l\u2019adresse.","rel":"","context":"Article similaire","block_context":{"text":"Article similaire","link":""},"img":{"alt_text":"","src":"https:\/\/i0.wp.com\/artstella-elixirs-floraux.com\/wp-content\/uploads\/2025\/03\/wp-image2189.png?resize=350%2C200&ssl=1","width":350,"height":200},"classes":[]},{"id":11331,"url":"https:\/\/artstella-elixirs-floraux.com\/fr_fr\/produit\/travel-ease-voyage-facile-spray\/","url_meta":{"origin":5552,"position":5},"title":"Travel Ease (Voyage facile) &#8211; Spray","author":"eveapprill","date":"31 ao\u00fbt 2025","format":false,"excerpt":"La combinaison Travel Ease est sp\u00e9cialement con\u00e7ue pour att\u00e9nuer les effets n\u00e9gatifs du transport a\u00e9rien, y compris ce qui est commun\u00e9ment appel\u00e9 le d\u00e9calage horaire. Cette formule renforce et maintien des limites \u00e9nerg\u00e9tiques fonctionnelles. Si vous \u00eates sensible \u00e0 l'environnement et avez de la difficult\u00e9 \u00e0 rester confin\u00e9 dans de\u2026","rel":"","context":"Article similaire","block_context":{"text":"Article similaire","link":""},"img":{"alt_text":"","src":"https:\/\/i0.wp.com\/artstella-elixirs-floraux.com\/wp-content\/uploads\/2025\/08\/travel-ease.jpg?resize=350%2C200&ssl=1","width":350,"height":200},"classes":[]}],"_links":{"self":[{"href":"https:\/\/artstella-elixirs-floraux.com\/fr_fr\/wp-json\/wp\/v2\/product\/5552","targetHints":{"allow":["GET"]}}],"collection":[{"href":"https:\/\/artstella-elixirs-floraux.com\/fr_fr\/wp-json\/wp\/v2\/product"}],"about":[{"href":"https:\/\/artstella-elixirs-floraux.com\/fr_fr\/wp-json\/wp\/v2\/types\/product"}],"version-history":[{"count":0,"href":"https:\/\/artstella-elixirs-floraux.com\/fr_fr\/wp-json\/wp\/v2\/product\/5552\/revisions"}],"wp:featuredmedia":[{"embeddable":true,"href":"https:\/\/artstella-elixirs-floraux.com\/fr_fr\/wp-json\/wp\/v2\/media\/5553"}],"wp:attachment":[{"href":"https:\/\/artstella-elixirs-floraux.com\/fr_fr\/wp-json\/wp\/v2\/media?parent=5552"}],"wp:term":[{"taxonomy":"product_brand","embeddable":true,"href":"https:\/\/artstella-elixirs-floraux.com\/fr_fr\/wp-json\/wp\/v2\/product_brand?post=5552"},{"taxonomy":"product_cat","embeddable":true,"href":"https:\/\/artstella-elixirs-floraux.com\/fr_fr\/wp-json\/wp\/v2\/product_cat?post=5552"},{"taxonomy":"product_tag","embeddable":true,"href":"https:\/\/artstella-elixirs-floraux.com\/fr_fr\/wp-json\/wp\/v2\/product_tag?post=5552"}],"curies":[{"name":"wp","href":"https:\/\/api.w.org\/{rel}","templated":true}]}}